{"id":376202,"date":"2022-10-11T13:02:07","date_gmt":"2022-10-11T12:02:07","guid":{"rendered":"https:\/\/positiveprints.com\/product\/el-hogar-es-donde-esta-el-corazon\/"},"modified":"2026-04-28T14:32:40","modified_gmt":"2026-04-28T13:32:40","slug":"el-hogar-es-donde-esta-el-corazon","status":"publish","type":"product","link":"https:\/\/positiveprints.com\/es\/producto\/el-hogar-es-donde-esta-el-corazon\/","title":{"rendered":"El Hogar Es Donde Est\u00e1 El Coraz\u00f3n"},"content":{"rendered":"<p>\u00bfEst\u00e1s buscando un regalo \u00fanico y personal? \u00a1No busques m\u00e1s! Elige nuestra impresi\u00f3n personalizada para que siempre sepas que el hogar es donde est\u00e1 el coraz\u00f3n.<\/p>","protected":false},"excerpt":{"rendered":"<ul class=\"check-list\">\n<li>Demuestra tu amor por la ciudad que te vio crecer, tu destino favorito o cualquier otro lugar que haga latir a tu coraz\u00f3n<\/li>\n<li>Marca un lugar especial con el s\u00edmbolo de tu elecci\u00f3n<\/li>\n<li>Personal\u00edzalo en tres sencillos pasos<\/li>\n<li>Incluye un texto personalizado<\/li>\n<li>Ve el resultado de inmediato: la vista previa interactiva te permite perfeccionar cada detalle<\/li>\n<\/ul>\n","protected":false},"featured_media":1470413,"template":"","meta":[],"product_brand":[],"product_cat":[7195],"product_tag":[],"class_list":{"0":"post-376202","1":"product","2":"type-product","3":"status-publish","4":"has-post-thumbnail","6":"product_cat-map-es","8":"first","9":"instock","10":"sale","11":"taxable","12":"shipping-taxable","13":"purchasable","14":"product-type-variable"},"yoast_head":"<!-- This site is optimized with the Yoast SEO Premium plugin v27.2 (Yoast SEO v27.2) - https:\/\/yoast.com\/product\/yoast-seo-premium-wordpress\/ -->\n<title>El Hogar Es Donde Est\u00e1 El Coraz\u00f3n - Positive Prints<\/title>\n<meta name=\"description\" content=\"\u00bfEst\u00e1s buscando un regalo \u00fanico y personal? \u00a1No busques m\u00e1s! Elige nuestra impresi\u00f3n personalizada para que siempre sepas que el hogar es donde est\u00e1 el coraz\u00f3n.\" \/>\n<meta name=\"robots\" content=\"index, follow, max-snippet:-1, max-image-preview:large, max-video-preview:-1\" \/>\n<link rel=\"canonical\" href=\"https:\/\/positiveprints.com\/es\/producto\/el-hogar-es-donde-esta-el-corazon\/\" \/>\n<meta property=\"og:locale\" content=\"es_ES\" \/>\n<meta property=\"og:type\" content=\"article\" \/>\n<meta property=\"og:title\" content=\"El Hogar Es Donde Est\u00e1 El Coraz\u00f3n\" \/>\n<meta property=\"og:description\" content=\"Demuestra tu amor por la ciudad que te vio crecer, tu destino favorito o cualquier otro lugar que haga latir a tu coraz\u00f3n Marca un lugar especial con el s\u00edmbolo de tu elecci\u00f3n Personal\u00edzalo en tres sencillos pasos Incluye un texto personalizado Ve el resultado de inmediato: la vista previa interactiva te permite perfeccionar cada detalle\" \/>\n<meta property=\"og:url\" content=\"https:\/\/positiveprints.com\/es\/producto\/el-hogar-es-donde-esta-el-corazon\/\" \/>\n<meta property=\"og:site_name\" content=\"Positive Prints\" \/>\n<meta property=\"article:publisher\" content=\"https:\/\/www.facebook.com\/positiveprintscom\" \/>\n<meta property=\"article:modified_time\" content=\"2026-04-28T13:32:40+00:00\" \/>\n<meta property=\"og:image\" content=\"https:\/\/positiveprints.com\/wp-content\/uploads\/2023\/08\/El-Hogar-Es-Donde-Esta-El-Corazon-1.jpg\" \/>\n\t<meta property=\"og:image:width\" content=\"1080\" \/>\n\t<meta property=\"og:image:height\" content=\"1080\" \/>\n\t<meta property=\"og:image:type\" content=\"image\/jpeg\" \/>\n<meta name=\"twitter:card\" content=\"summary_large_image\" \/>\n<!-- \/ Yoast SEO Premium plugin. -->","yoast_head_json":{"title":"El Hogar Es Donde Est\u00e1 El Coraz\u00f3n - Positive Prints","description":"\u00bfEst\u00e1s buscando un regalo \u00fanico y personal? \u00a1No busques m\u00e1s! Elige nuestra impresi\u00f3n personalizada para que siempre sepas que el hogar es donde est\u00e1 el coraz\u00f3n.","robots":{"index":"index","follow":"follow","max-snippet":"max-snippet:-1","max-image-preview":"max-image-preview:large","max-video-preview":"max-video-preview:-1"},"canonical":"https:\/\/positiveprints.com\/es\/producto\/el-hogar-es-donde-esta-el-corazon\/","og_locale":"es_ES","og_type":"article","og_title":"El Hogar Es Donde Est\u00e1 El Coraz\u00f3n","og_description":"Demuestra tu amor por la ciudad que te vio crecer, tu destino favorito o cualquier otro lugar que haga latir a tu coraz\u00f3n Marca un lugar especial con el s\u00edmbolo de tu elecci\u00f3n Personal\u00edzalo en tres sencillos pasos Incluye un texto personalizado Ve el resultado de inmediato: la vista previa interactiva te permite perfeccionar cada detalle","og_url":"https:\/\/positiveprints.com\/es\/producto\/el-hogar-es-donde-esta-el-corazon\/","og_site_name":"Positive Prints","article_publisher":"https:\/\/www.facebook.com\/positiveprintscom","article_modified_time":"2026-04-28T13:32:40+00:00","og_image":[{"width":1080,"height":1080,"url":"https:\/\/positiveprints.com\/wp-content\/uploads\/2023\/08\/El-Hogar-Es-Donde-Esta-El-Corazon-1.jpg","type":"image\/jpeg"}],"twitter_card":"summary_large_image","schema":{"@context":"https:\/\/schema.org","@graph":[{"@type":["WebPage","ItemPage"],"@id":"https:\/\/positiveprints.com\/es\/producto\/el-hogar-es-donde-esta-el-corazon\/","url":"https:\/\/positiveprints.com\/es\/producto\/el-hogar-es-donde-esta-el-corazon\/","name":"El Hogar Es Donde Est\u00e1 El Coraz\u00f3n - Positive Prints","isPartOf":{"@id":"https:\/\/positiveprints.com\/es\/#website"},"primaryImageOfPage":{"@id":"https:\/\/positiveprints.com\/es\/producto\/el-hogar-es-donde-esta-el-corazon\/#primaryimage"},"image":{"@id":"https:\/\/positiveprints.com\/es\/producto\/el-hogar-es-donde-esta-el-corazon\/#primaryimage"},"thumbnailUrl":"https:\/\/positiveprints.com\/wp-content\/uploads\/2025\/07\/Packshot_ES_El-Hogar-Es-Donde-Esta\u0301-El-Corazo\u0301n.webp","datePublished":"2022-10-11T12:02:07+00:00","dateModified":"2026-04-28T13:32:40+00:00","description":"\u00bfEst\u00e1s buscando un regalo \u00fanico y personal? \u00a1No busques m\u00e1s! Elige nuestra impresi\u00f3n personalizada para que siempre sepas que el hogar es donde est\u00e1 el coraz\u00f3n.","breadcrumb":{"@id":"https:\/\/positiveprints.com\/es\/producto\/el-hogar-es-donde-esta-el-corazon\/#breadcrumb"},"inLanguage":"es","potentialAction":[{"@type":"ReadAction","target":["https:\/\/positiveprints.com\/es\/producto\/el-hogar-es-donde-esta-el-corazon\/"]}]},{"@type":"ImageObject","inLanguage":"es","@id":"https:\/\/positiveprints.com\/es\/producto\/el-hogar-es-donde-esta-el-corazon\/#primaryimage","url":"https:\/\/positiveprints.com\/wp-content\/uploads\/2025\/07\/Packshot_ES_El-Hogar-Es-Donde-Esta\u0301-El-Corazo\u0301n.webp","contentUrl":"https:\/\/positiveprints.com\/wp-content\/uploads\/2025\/07\/Packshot_ES_El-Hogar-Es-Donde-Esta\u0301-El-Corazo\u0301n.webp","width":1450,"height":1450},{"@type":"BreadcrumbList","@id":"https:\/\/positiveprints.com\/es\/producto\/el-hogar-es-donde-esta-el-corazon\/#breadcrumb","itemListElement":[{"@type":"ListItem","position":1,"name":"CASA","item":"https:\/\/positiveprints.com\/es\/"},{"@type":"ListItem","position":2,"name":"Productos","item":"https:\/\/positiveprints.com\/es\/shop\/"},{"@type":"ListItem","position":3,"name":"El Hogar Es Donde Est\u00e1 El Coraz\u00f3n"}]},{"@type":"WebSite","@id":"https:\/\/positiveprints.com\/es\/#website","url":"https:\/\/positiveprints.com\/es\/","name":"Positive Prints","description":"Custom Gifts for Special Occasions","publisher":{"@id":"https:\/\/positiveprints.com\/es\/#organization"},"potentialAction":[{"@type":"SearchAction","target":{"@type":"EntryPoint","urlTemplate":"https:\/\/positiveprints.com\/es\/?s={search_term_string}"},"query-input":{"@type":"PropertyValueSpecification","valueRequired":true,"valueName":"search_term_string"}}],"inLanguage":"es"},{"@type":"Organization","@id":"https:\/\/positiveprints.com\/es\/#organization","name":"Positive Prints","alternateName":"Positive Prints ","url":"https:\/\/positiveprints.com\/es\/","logo":{"@type":"ImageObject","inLanguage":"es","@id":"https:\/\/positiveprints.com\/es\/#\/schema\/logo\/image\/","url":"https:\/\/positiveprints.com\/wp-content\/uploads\/2026\/03\/245815646_1337939713319158_5671353136411139666_n.png","contentUrl":"https:\/\/positiveprints.com\/wp-content\/uploads\/2026\/03\/245815646_1337939713319158_5671353136411139666_n.png","width":800,"height":800,"caption":"Positive Prints"},"image":{"@id":"https:\/\/positiveprints.com\/es\/#\/schema\/logo\/image\/"},"sameAs":["https:\/\/www.facebook.com\/positiveprintscom","https:\/\/www.instagram.com\/positiveprintscom\/","https:\/\/www.tiktok.com\/@positiveprintscom","https:\/\/www.pinterest.com\/positiveprintscom\/"]}]}},"jetpack_sharing_enabled":true,"_links":{"self":[{"href":"https:\/\/positiveprints.com\/es\/wp-json\/wp\/v2\/product\/376202","targetHints":{"allow":["GET"]}}],"collection":[{"href":"https:\/\/positiveprints.com\/es\/wp-json\/wp\/v2\/product"}],"about":[{"href":"https:\/\/positiveprints.com\/es\/wp-json\/wp\/v2\/types\/product"}],"wp:featuredmedia":[{"embeddable":true,"href":"https:\/\/positiveprints.com\/es\/wp-json\/wp\/v2\/media\/1470413"}],"wp:attachment":[{"href":"https:\/\/positiveprints.com\/es\/wp-json\/wp\/v2\/media?parent=376202"}],"wp:term":[{"taxonomy":"product_brand","embeddable":true,"href":"https:\/\/positiveprints.com\/es\/wp-json\/wp\/v2\/product_brand?post=376202"},{"taxonomy":"product_cat","embeddable":true,"href":"https:\/\/positiveprints.com\/es\/wp-json\/wp\/v2\/product_cat?post=376202"},{"taxonomy":"product_tag","embeddable":true,"href":"https:\/\/positiveprints.com\/es\/wp-json\/wp\/v2\/product_tag?post=376202"}],"curies":[{"name":"wp","href":"https:\/\/api.w.org\/{rel}","templated":true}]}}