{"id":375851,"date":"2022-10-11T14:55:34","date_gmt":"2022-10-11T13:55:34","guid":{"rendered":"https:\/\/positiveprints.com\/product\/regalo-fotografico-de-amor\/"},"modified":"2026-04-18T06:26:41","modified_gmt":"2026-04-18T05:26:41","slug":"regalo-fotografico-de-amor","status":"publish","type":"product","link":"https:\/\/positiveprints.com\/es\/producto\/regalo-fotografico-de-amor\/","title":{"rendered":"Regalo fotogr\u00e1fico de amor"},"content":{"rendered":"<p>Experimenta el profundo v\u00ednculo de afecto y admiraci\u00f3n por una persona. Cuando el amor abraza tu coraz\u00f3n, enciende una cascada de emociones edificantes. Te obliga a priorizar el bienestar de tu amado, superando incluso el tuyo. El amor, una fuerza atemporal, trasciende la mera descripci\u00f3n como sustantivo, evolucionando hacia un verbo extraordinario, que exige dedicaci\u00f3n y la inversi\u00f3n de momentos preciosos.<\/p>\r\n\r\n<h2 class=\"grenB f24 cblue\" style=\"margin-top: 3rem\">\u00bfC\u00f3mo puedo mostrar mi amor?<\/h2>\r\n\r\n<p style=\"margin-top: 1rem\">Hay muchas maneras de demostrar tu amor por alguien. Puedes expresarlo verbalmente dici\u00e9ndole c\u00f3mo te sientes, o incluso tus acciones les pueden demostrar que est\u00e1s haciendo algo especial por ellos. A veces, los gestos m\u00e1s simples pueden significar m\u00e1s, como cocinar su comida favorita o darle un abrazo cuando lo necesite. No importa c\u00f3mo elijas demostrar tu amor, lo importante es que venga del coraz\u00f3n.<\/p>\r\n\r\n<h2 class=\"grenB f24 cblue\" style=\"margin-top: 3rem\">\u00bfPor qu\u00e9 un regalo personalizado es la forma perfecta de demostrar mi amor?<\/h2>\r\n\r\n<p style=\"margin-top: 1rem\">Un regalo fotogr\u00e1fico personalizado es una excelente manera de mostrarle a tu ser querido cu\u00e1nto te importa. Le demuestra que te has tomado el tiempo de pensar en ellos y encontrar un regalo que sea \u00fanico en el mundo. Es un gesto considerado que sin duda ser\u00e1 apreciado por la eternidad. Nuestro regalo fotogr\u00e1fico personalizado de amor tambi\u00e9n es una excelente manera de celebrar ocasiones especiales como aniversarios, cumplea\u00f1os o el d\u00eda de San Valent\u00edn.<\/p>\r\n\r\n<h2 class=\"grenB f24 cblue\" style=\"margin-top: 3rem\">El mejor regalo fotogr\u00e1fico de amor<\/h2>\r\n\r\n<p style=\"margin-top: 1rem\">\u00bfBuscas un regalo \u00fanico que puedas personalizar? \u00a1No busques m\u00e1s y elige nuestro regalo fotogr\u00e1fico de amor, hecho por [nombre de la empresa]! Este regalo te permite subir tu propia fotograf\u00eda y agregar textos para hacerlo realmente personalizado. \u00a1Es perfecto para el d\u00eda de San Valent\u00edn, un aniversario o cualquier ocasi\u00f3n especial! Este regalo fotogr\u00e1fico de amor est\u00e1 disponible en diversos formatos, como p\u00f3ster impreso o enmarcado, o como impresi\u00f3n sobre lienzo. Con tantas opciones donde elegir, \u00a1encontrar\u00e1s la manera perfecta de decir &#8220;te amo&#8221;!<\/p>","protected":false},"excerpt":{"rendered":"<ul class=\"check-list\">\n<li>Ponle un toque de amor a tu hogar: muestra tus recuerdos favoritos con tu ser querido y haz que los d\u00edas sean especiales<\/li>\n<li>Agrega textos superpuestos para hacer tu regalo a\u00fan m\u00e1s especial y significativo<\/li>\n<li>Personal\u00edzalo en tres sencillos pasos<\/li>\n<li>Ve el resultado de inmediato: la vista previa interactiva te permite perfeccionar cada detalle<\/li>\n<\/ul>\n","protected":false},"featured_media":355659,"template":"","meta":[],"product_brand":[],"product_cat":[8189,8215,7501,7933,5270,11455,11456,11452,11448,11462,11457,8012,7678,7646,7693,7789,7757,7805],"product_tag":[9093,11826,11821,11757,11825,11820,11771],"class_list":{"0":"post-375851","1":"product","2":"type-product","3":"status-publish","4":"has-post-thumbnail","6":"product_cat-para-ella","7":"product_cat-para-el","8":"product_cat-foto-es","9":"product_cat-regalos-para-despedidas-de-soltera","10":"product_cat-regalos-de-navidad","11":"product_cat-regalos-de-navidad-para-mujer","12":"product_cat-regalos-de-navidad-para-hombre","13":"product_cat-regalos-de-navidad-para-la-novia","14":"product_cat-regalos-de-navidad-para-el-novio","15":"product_cat-regalos-de-navidad-para-la-esposa","16":"product_cat-regalos-de-navidad-para-el-marido","17":"product_cat-regalos-para-hombres","18":"product_cat-regalos-para-mi-novio","19":"product_cat-regalos-para-mi-esposo","20":"product_cat-regalos-para-mujeres","21":"product_cat-regalos-para-mi-novia","22":"product_cat-regalos-para-mi-esposa","23":"product_cat-regalos-para-parejas","24":"product_tag-couples-es-2","25":"product_tag-regalos-de-navidad-para-el","26":"product_tag-regalos-de-navidad-para-el-marido","27":"product_tag-regalos-de-navidad-para-el-novio","28":"product_tag-regalos-de-navidad-para-ella","29":"product_tag-regalos-de-navidad-para-la-esposa","30":"product_tag-regalos-de-navidad-para-la-novia","32":"first","33":"instock","34":"sale","35":"taxable","36":"shipping-taxable","37":"purchasable","38":"product-type-variable"},"yoast_head":"<!-- This site is optimized with the Yoast SEO Premium plugin v27.2 (Yoast SEO v27.2) - https:\/\/yoast.com\/product\/yoast-seo-premium-wordpress\/ -->\n<title>Regalo fotogr\u00e1fico de amor - Positive Prints<\/title>\n<meta name=\"description\" content=\"El regalo fotogr\u00e1fico de amor es una gran forma de celebrar momentos especiales, como aniversarios, cumplea\u00f1os o el d\u00eda de San Valent\u00edn.\" \/>\n<meta name=\"robots\" content=\"index, follow, max-snippet:-1, max-image-preview:large, max-video-preview:-1\" \/>\n<link rel=\"canonical\" href=\"https:\/\/positiveprints.com\/es\/producto\/regalo-fotografico-de-amor\/\" \/>\n<meta property=\"og:locale\" content=\"es_ES\" \/>\n<meta property=\"og:type\" content=\"article\" \/>\n<meta property=\"og:title\" content=\"Regalo fotogr\u00e1fico de amor\" \/>\n<meta property=\"og:description\" content=\"Ponle un toque de amor a tu hogar: muestra tus recuerdos favoritos con tu ser querido y haz que los d\u00edas sean especiales Agrega textos superpuestos para hacer tu regalo a\u00fan m\u00e1s especial y significativo Personal\u00edzalo en tres sencillos pasos Ve el resultado de inmediato: la vista previa interactiva te permite perfeccionar cada detalle\" \/>\n<meta property=\"og:url\" content=\"https:\/\/positiveprints.com\/es\/producto\/regalo-fotografico-de-amor\/\" \/>\n<meta property=\"og:site_name\" content=\"Positive Prints\" \/>\n<meta property=\"article:publisher\" content=\"https:\/\/www.facebook.com\/positiveprintscom\" \/>\n<meta property=\"article:modified_time\" content=\"2026-04-18T05:26:41+00:00\" \/>\n<meta property=\"og:image\" content=\"https:\/\/positiveprints.com\/wp-content\/uploads\/2022\/10\/love-photo-art.jpg\" \/>\n\t<meta property=\"og:image:width\" content=\"1080\" \/>\n\t<meta property=\"og:image:height\" content=\"1080\" \/>\n\t<meta property=\"og:image:type\" content=\"image\/jpeg\" \/>\n<meta name=\"twitter:card\" content=\"summary_large_image\" \/>\n<meta name=\"twitter:label1\" content=\"Tiempo de lectura\" \/>\n\t<meta name=\"twitter:data1\" content=\"1 minuto\" \/>\n<!-- \/ Yoast SEO Premium plugin. -->","yoast_head_json":{"title":"Regalo fotogr\u00e1fico de amor - Positive Prints","description":"El regalo fotogr\u00e1fico de amor es una gran forma de celebrar momentos especiales, como aniversarios, cumplea\u00f1os o el d\u00eda de San Valent\u00edn.","robots":{"index":"index","follow":"follow","max-snippet":"max-snippet:-1","max-image-preview":"max-image-preview:large","max-video-preview":"max-video-preview:-1"},"canonical":"https:\/\/positiveprints.com\/es\/producto\/regalo-fotografico-de-amor\/","og_locale":"es_ES","og_type":"article","og_title":"Regalo fotogr\u00e1fico de amor","og_description":"Ponle un toque de amor a tu hogar: muestra tus recuerdos favoritos con tu ser querido y haz que los d\u00edas sean especiales Agrega textos superpuestos para hacer tu regalo a\u00fan m\u00e1s especial y significativo Personal\u00edzalo en tres sencillos pasos Ve el resultado de inmediato: la vista previa interactiva te permite perfeccionar cada detalle","og_url":"https:\/\/positiveprints.com\/es\/producto\/regalo-fotografico-de-amor\/","og_site_name":"Positive Prints","article_publisher":"https:\/\/www.facebook.com\/positiveprintscom","article_modified_time":"2026-04-18T05:26:41+00:00","og_image":[{"width":1080,"height":1080,"url":"https:\/\/positiveprints.com\/wp-content\/uploads\/2022\/10\/love-photo-art.jpg","type":"image\/jpeg"}],"twitter_card":"summary_large_image","twitter_misc":{"Tiempo de lectura":"1 minuto"},"schema":{"@context":"https:\/\/schema.org","@graph":[{"@type":["WebPage","ItemPage"],"@id":"https:\/\/positiveprints.com\/es\/producto\/regalo-fotografico-de-amor\/","url":"https:\/\/positiveprints.com\/es\/producto\/regalo-fotografico-de-amor\/","name":"Regalo fotogr\u00e1fico de amor - Positive Prints","isPartOf":{"@id":"https:\/\/positiveprints.com\/es\/#website"},"primaryImageOfPage":{"@id":"https:\/\/positiveprints.com\/es\/producto\/regalo-fotografico-de-amor\/#primaryimage"},"image":{"@id":"https:\/\/positiveprints.com\/es\/producto\/regalo-fotografico-de-amor\/#primaryimage"},"thumbnailUrl":"https:\/\/positiveprints.com\/wp-content\/uploads\/2022\/10\/love-photo-art.jpg","datePublished":"2022-10-11T13:55:34+00:00","dateModified":"2026-04-18T05:26:41+00:00","description":"El regalo fotogr\u00e1fico de amor es una gran forma de celebrar momentos especiales, como aniversarios, cumplea\u00f1os o el d\u00eda de San Valent\u00edn.","breadcrumb":{"@id":"https:\/\/positiveprints.com\/es\/producto\/regalo-fotografico-de-amor\/#breadcrumb"},"inLanguage":"es","potentialAction":[{"@type":"ReadAction","target":["https:\/\/positiveprints.com\/es\/producto\/regalo-fotografico-de-amor\/"]}]},{"@type":"ImageObject","inLanguage":"es","@id":"https:\/\/positiveprints.com\/es\/producto\/regalo-fotografico-de-amor\/#primaryimage","url":"https:\/\/positiveprints.com\/wp-content\/uploads\/2022\/10\/love-photo-art.jpg","contentUrl":"https:\/\/positiveprints.com\/wp-content\/uploads\/2022\/10\/love-photo-art.jpg","width":1080,"height":1080,"caption":"This unique gift allows you to upload your own photo and add text for a truly custom gift."},{"@type":"BreadcrumbList","@id":"https:\/\/positiveprints.com\/es\/producto\/regalo-fotografico-de-amor\/#breadcrumb","itemListElement":[{"@type":"ListItem","position":1,"name":"CASA","item":"https:\/\/positiveprints.com\/es\/"},{"@type":"ListItem","position":2,"name":"Productos","item":"https:\/\/positiveprints.com\/es\/shop\/"},{"@type":"ListItem","position":3,"name":"Regalo fotogr\u00e1fico de amor"}]},{"@type":"WebSite","@id":"https:\/\/positiveprints.com\/es\/#website","url":"https:\/\/positiveprints.com\/es\/","name":"Positive Prints","description":"Custom Gifts for Special Occasions","publisher":{"@id":"https:\/\/positiveprints.com\/es\/#organization"},"potentialAction":[{"@type":"SearchAction","target":{"@type":"EntryPoint","urlTemplate":"https:\/\/positiveprints.com\/es\/?s={search_term_string}"},"query-input":{"@type":"PropertyValueSpecification","valueRequired":true,"valueName":"search_term_string"}}],"inLanguage":"es"},{"@type":"Organization","@id":"https:\/\/positiveprints.com\/es\/#organization","name":"Positive Prints","alternateName":"Positive Prints","url":"https:\/\/positiveprints.com\/es\/","logo":{"@type":"ImageObject","inLanguage":"es","@id":"https:\/\/positiveprints.com\/es\/#\/schema\/logo\/image\/","url":"https:\/\/positiveprints.com\/wp-content\/uploads\/2026\/03\/245815646_1337939713319158_5671353136411139666_n.png","contentUrl":"https:\/\/positiveprints.com\/wp-content\/uploads\/2026\/03\/245815646_1337939713319158_5671353136411139666_n.png","width":800,"height":800,"caption":"Positive Prints"},"image":{"@id":"https:\/\/positiveprints.com\/es\/#\/schema\/logo\/image\/"},"sameAs":["https:\/\/www.facebook.com\/positiveprintscom","https:\/\/www.instagram.com\/positiveprintscom\/","https:\/\/www.tiktok.com\/@positiveprintscom","https:\/\/www.pinterest.com\/positiveprintscom\/"]}]}},"jetpack_sharing_enabled":true,"_links":{"self":[{"href":"https:\/\/positiveprints.com\/es\/wp-json\/wp\/v2\/product\/375851","targetHints":{"allow":["GET"]}}],"collection":[{"href":"https:\/\/positiveprints.com\/es\/wp-json\/wp\/v2\/product"}],"about":[{"href":"https:\/\/positiveprints.com\/es\/wp-json\/wp\/v2\/types\/product"}],"wp:featuredmedia":[{"embeddable":true,"href":"https:\/\/positiveprints.com\/es\/wp-json\/wp\/v2\/media\/355659"}],"wp:attachment":[{"href":"https:\/\/positiveprints.com\/es\/wp-json\/wp\/v2\/media?parent=375851"}],"wp:term":[{"taxonomy":"product_brand","embeddable":true,"href":"https:\/\/positiveprints.com\/es\/wp-json\/wp\/v2\/product_brand?post=375851"},{"taxonomy":"product_cat","embeddable":true,"href":"https:\/\/positiveprints.com\/es\/wp-json\/wp\/v2\/product_cat?post=375851"},{"taxonomy":"product_tag","embeddable":true,"href":"https:\/\/positiveprints.com\/es\/wp-json\/wp\/v2\/product_tag?post=375851"}],"curies":[{"name":"wp","href":"https:\/\/api.w.org\/{rel}","templated":true}]}}