{"id":369126,"date":"2022-11-15T12:54:27","date_gmt":"2022-11-15T11:54:27","guid":{"rendered":"https:\/\/positiveprints.com\/product\/el-amor-no-conoce-distancias\/"},"modified":"2026-04-18T06:21:57","modified_gmt":"2026-04-18T05:21:57","slug":"el-amor-no-conoce-distancias","status":"publish","type":"product","link":"https:\/\/positiveprints.com\/es\/producto\/el-amor-no-conoce-distancias\/","title":{"rendered":"El Amor No Conoce Distancias"},"content":{"rendered":"<p><\/p>","protected":false},"excerpt":{"rendered":"<ul class=\"check-list\">\n<li>Crea un mapa que celebra vuestro amor, sin importar cu\u00e1n lejos est\u00e9is<\/li>\n<li>Marca los dos lugares con los s\u00edmbolos de tu elecci\u00f3n<\/li>\n<li>Usa nuestro editor para personalizar tu dise\u00f1o en apenas tres pasos<\/li>\n<li>A\u00f1ade un mensaje personalizado para que\u00a0tu dise\u00f1o sea \u00fanico y especial<\/li>\n<li>Visualiza tu dise\u00f1o de forma r\u00e1pida usando la vista previa interactiva<\/li>\n<\/ul>\n","protected":false},"featured_media":1465353,"template":"","meta":[],"product_brand":[],"product_cat":[9117,8189,8215,106,8997,5270,11455,11456,11453,11454,11452,11448,11460,8012,7678,7629,7613,7661,7693,7773,7789,7726,7742,7805,7853,7837,3119,11249,11250],"product_tag":[9093,13351,13350,11826,11757,11825,11771,14948,14942],"class_list":{"0":"post-369126","1":"product","2":"type-product","3":"status-publish","4":"has-post-thumbnail","6":"product_cat-double-maps-es","7":"product_cat-para-ella","8":"product_cat-para-el","9":"product_cat-todos-los-productos","10":"product_cat-dia-de-los-abuelos","11":"product_cat-regalos-de-navidad","12":"product_cat-regalos-de-navidad-para-mujer","13":"product_cat-regalos-de-navidad-para-hombre","14":"product_cat-regalos-de-navidad-para-abuela","15":"product_cat-regalos-de-navidad-para-abuelo","16":"product_cat-regalos-de-navidad-para-la-novia","17":"product_cat-regalos-de-navidad-para-el-novio","18":"product_cat-regalos-de-navidad-para-los-padres","19":"product_cat-regalos-para-hombres","20":"product_cat-regalos-para-mi-novio","21":"product_cat-regalos-para-mi-hermano","22":"product_cat-regalos-para-el-abuelo","23":"product_cat-regalos-para-mi-hijo","24":"product_cat-regalos-para-mujeres","25":"product_cat-regalos-para-mi-hija","26":"product_cat-regalos-para-mi-novia","27":"product_cat-regalos-para-la-abuela","28":"product_cat-regalos-para-mi-hermana","29":"product_cat-regalos-para-parejas","30":"product_cat-regalos-para-la-familia","31":"product_cat-regalos-para-amigos","32":"product_cat-regalos-de-san-valentin","33":"product_cat-regalos-de-san-valentin-mujeres","34":"product_cat-regalos-de-san-valentin-hombres","35":"product_tag-couples-es-2","36":"product_tag-regalo-de-navidad-para-un-abuelo","37":"product_tag-regalo-de-navidad-para-una-abuela","38":"product_tag-regalos-de-navidad-para-el","39":"product_tag-regalos-de-navidad-para-el-novio","40":"product_tag-regalos-de-navidad-para-ella","41":"product_tag-regalos-de-navidad-para-la-novia","42":"product_tag-valentines-day-es","43":"product_tag-valentines-day-gift-es","45":"first","46":"instock","47":"sale","48":"taxable","49":"shipping-taxable","50":"purchasable","51":"product-type-variable"},"yoast_head":"<!-- This site is optimized with the Yoast SEO Premium plugin v27.2 (Yoast SEO v27.2) - https:\/\/yoast.com\/product\/yoast-seo-premium-wordpress\/ -->\n<title>El Amor No Conoce Distancias - Positive Prints<\/title>\n<meta name=\"description\" content=\"Los mapas personalizados de Positive Prints se crean como una imagen, pero representan dos per\u00edodos importantes de tu historia.\" \/>\n<meta name=\"robots\" content=\"index, follow, max-snippet:-1, max-image-preview:large, max-video-preview:-1\" \/>\n<link rel=\"canonical\" href=\"https:\/\/positiveprints.com\/es\/producto\/el-amor-no-conoce-distancias\/\" \/>\n<meta property=\"og:locale\" content=\"es_ES\" \/>\n<meta property=\"og:type\" content=\"article\" \/>\n<meta property=\"og:title\" content=\"El Amor No Conoce Distancias\" \/>\n<meta property=\"og:description\" content=\"Crea un mapa que celebra vuestro amor, sin importar cu\u00e1n lejos est\u00e9is Marca los dos lugares con los s\u00edmbolos de tu elecci\u00f3n Usa nuestro editor para personalizar tu dise\u00f1o en apenas tres pasos A\u00f1ade un mensaje personalizado para que\u00a0tu dise\u00f1o sea \u00fanico y especial Visualiza tu dise\u00f1o de forma r\u00e1pida usando la vista previa interactiva\" \/>\n<meta property=\"og:url\" content=\"https:\/\/positiveprints.com\/es\/producto\/el-amor-no-conoce-distancias\/\" \/>\n<meta property=\"og:site_name\" content=\"Positive Prints\" \/>\n<meta property=\"article:publisher\" content=\"https:\/\/www.facebook.com\/positiveprintscom\" \/>\n<meta property=\"article:modified_time\" content=\"2026-04-18T05:21:57+00:00\" \/>\n<meta property=\"og:image\" content=\"https:\/\/positiveprints.com\/wp-content\/uploads\/2022\/11\/El-Amor-No-Conoce-Distancias.jpg\" \/>\n\t<meta property=\"og:image:width\" content=\"1080\" \/>\n\t<meta property=\"og:image:height\" content=\"1080\" \/>\n\t<meta property=\"og:image:type\" content=\"image\/jpeg\" \/>\n<meta name=\"twitter:card\" content=\"summary_large_image\" \/>\n<!-- \/ Yoast SEO Premium plugin. -->","yoast_head_json":{"title":"El Amor No Conoce Distancias - Positive Prints","description":"Los mapas personalizados de Positive Prints se crean como una imagen, pero representan dos per\u00edodos importantes de tu historia.","robots":{"index":"index","follow":"follow","max-snippet":"max-snippet:-1","max-image-preview":"max-image-preview:large","max-video-preview":"max-video-preview:-1"},"canonical":"https:\/\/positiveprints.com\/es\/producto\/el-amor-no-conoce-distancias\/","og_locale":"es_ES","og_type":"article","og_title":"El Amor No Conoce Distancias","og_description":"Crea un mapa que celebra vuestro amor, sin importar cu\u00e1n lejos est\u00e9is Marca los dos lugares con los s\u00edmbolos de tu elecci\u00f3n Usa nuestro editor para personalizar tu dise\u00f1o en apenas tres pasos A\u00f1ade un mensaje personalizado para que\u00a0tu dise\u00f1o sea \u00fanico y especial Visualiza tu dise\u00f1o de forma r\u00e1pida usando la vista previa interactiva","og_url":"https:\/\/positiveprints.com\/es\/producto\/el-amor-no-conoce-distancias\/","og_site_name":"Positive Prints","article_publisher":"https:\/\/www.facebook.com\/positiveprintscom","article_modified_time":"2026-04-18T05:21:57+00:00","og_image":[{"width":1080,"height":1080,"url":"https:\/\/positiveprints.com\/wp-content\/uploads\/2022\/11\/El-Amor-No-Conoce-Distancias.jpg","type":"image\/jpeg"}],"twitter_card":"summary_large_image","schema":{"@context":"https:\/\/schema.org","@graph":[{"@type":["WebPage","ItemPage"],"@id":"https:\/\/positiveprints.com\/es\/producto\/el-amor-no-conoce-distancias\/","url":"https:\/\/positiveprints.com\/es\/producto\/el-amor-no-conoce-distancias\/","name":"El Amor No Conoce Distancias - Positive Prints","isPartOf":{"@id":"https:\/\/positiveprints.com\/es\/#website"},"primaryImageOfPage":{"@id":"https:\/\/positiveprints.com\/es\/producto\/el-amor-no-conoce-distancias\/#primaryimage"},"image":{"@id":"https:\/\/positiveprints.com\/es\/producto\/el-amor-no-conoce-distancias\/#primaryimage"},"thumbnailUrl":"https:\/\/positiveprints.com\/wp-content\/uploads\/2025\/06\/Packshot_ES_El-Amor-No-Conoce-Distancias.webp","datePublished":"2022-11-15T11:54:27+00:00","dateModified":"2026-04-18T05:21:57+00:00","description":"Los mapas personalizados de Positive Prints se crean como una imagen, pero representan dos per\u00edodos importantes de tu historia.","breadcrumb":{"@id":"https:\/\/positiveprints.com\/es\/producto\/el-amor-no-conoce-distancias\/#breadcrumb"},"inLanguage":"es","potentialAction":[{"@type":"ReadAction","target":["https:\/\/positiveprints.com\/es\/producto\/el-amor-no-conoce-distancias\/"]}]},{"@type":"ImageObject","inLanguage":"es","@id":"https:\/\/positiveprints.com\/es\/producto\/el-amor-no-conoce-distancias\/#primaryimage","url":"https:\/\/positiveprints.com\/wp-content\/uploads\/2025\/06\/Packshot_ES_El-Amor-No-Conoce-Distancias.webp","contentUrl":"https:\/\/positiveprints.com\/wp-content\/uploads\/2025\/06\/Packshot_ES_El-Amor-No-Conoce-Distancias.webp","width":1450,"height":1450},{"@type":"BreadcrumbList","@id":"https:\/\/positiveprints.com\/es\/producto\/el-amor-no-conoce-distancias\/#breadcrumb","itemListElement":[{"@type":"ListItem","position":1,"name":"CASA","item":"https:\/\/positiveprints.com\/es\/"},{"@type":"ListItem","position":2,"name":"Productos","item":"https:\/\/positiveprints.com\/es\/shop\/"},{"@type":"ListItem","position":3,"name":"El Amor No Conoce Distancias"}]},{"@type":"WebSite","@id":"https:\/\/positiveprints.com\/es\/#website","url":"https:\/\/positiveprints.com\/es\/","name":"Positive Prints","description":"Custom Gifts for Special Occasions","publisher":{"@id":"https:\/\/positiveprints.com\/es\/#organization"},"potentialAction":[{"@type":"SearchAction","target":{"@type":"EntryPoint","urlTemplate":"https:\/\/positiveprints.com\/es\/?s={search_term_string}"},"query-input":{"@type":"PropertyValueSpecification","valueRequired":true,"valueName":"search_term_string"}}],"inLanguage":"es"},{"@type":"Organization","@id":"https:\/\/positiveprints.com\/es\/#organization","name":"Positive Prints","alternateName":"Positive Prints","url":"https:\/\/positiveprints.com\/es\/","logo":{"@type":"ImageObject","inLanguage":"es","@id":"https:\/\/positiveprints.com\/es\/#\/schema\/logo\/image\/","url":"https:\/\/positiveprints.com\/wp-content\/uploads\/2026\/03\/245815646_1337939713319158_5671353136411139666_n.png","contentUrl":"https:\/\/positiveprints.com\/wp-content\/uploads\/2026\/03\/245815646_1337939713319158_5671353136411139666_n.png","width":800,"height":800,"caption":"Positive Prints"},"image":{"@id":"https:\/\/positiveprints.com\/es\/#\/schema\/logo\/image\/"},"sameAs":["https:\/\/www.facebook.com\/positiveprintscom","https:\/\/www.instagram.com\/positiveprintscom\/","https:\/\/www.tiktok.com\/@positiveprintscom","https:\/\/www.pinterest.com\/positiveprintscom\/"]}]}},"jetpack_sharing_enabled":true,"_links":{"self":[{"href":"https:\/\/positiveprints.com\/es\/wp-json\/wp\/v2\/product\/369126","targetHints":{"allow":["GET"]}}],"collection":[{"href":"https:\/\/positiveprints.com\/es\/wp-json\/wp\/v2\/product"}],"about":[{"href":"https:\/\/positiveprints.com\/es\/wp-json\/wp\/v2\/types\/product"}],"wp:featuredmedia":[{"embeddable":true,"href":"https:\/\/positiveprints.com\/es\/wp-json\/wp\/v2\/media\/1465353"}],"wp:attachment":[{"href":"https:\/\/positiveprints.com\/es\/wp-json\/wp\/v2\/media?parent=369126"}],"wp:term":[{"taxonomy":"product_brand","embeddable":true,"href":"https:\/\/positiveprints.com\/es\/wp-json\/wp\/v2\/product_brand?post=369126"},{"taxonomy":"product_cat","embeddable":true,"href":"https:\/\/positiveprints.com\/es\/wp-json\/wp\/v2\/product_cat?post=369126"},{"taxonomy":"product_tag","embeddable":true,"href":"https:\/\/positiveprints.com\/es\/wp-json\/wp\/v2\/product_tag?post=369126"}],"curies":[{"name":"wp","href":"https:\/\/api.w.org\/{rel}","templated":true}]}}