{"id":368265,"date":"2022-11-07T15:10:47","date_gmt":"2022-11-07T14:10:47","guid":{"rendered":"https:\/\/positiveprints.com\/?post_type=product&#038;p=368265"},"modified":"2026-04-12T22:48:07","modified_gmt":"2026-04-12T21:48:07","slug":"mapa-doble","status":"publish","type":"product","link":"https:\/\/positiveprints.com\/es\/producto\/mapa-doble\/","title":{"rendered":"Mapa Doble"},"content":{"rendered":"<p style=\"margin-top: 1rem\">Mirar un mapa es como hacer un viaje en el tiempo. Un mapa personalizado que muestre aquellos lugares importantes para ti y tu ser querido permite contar una historia personal a trav\u00e9s de una obra de arte. Solo imagina lo emocionada que estar\u00e1 esa persona a la hora de recibir un regalo tan personal y considerado. \u00a1Elige nuestro mapa doble y d\u00e9janos contar tu historia!<\/p>\r\n\r\n<h2 class=\"grenB f24 cblue\" style=\"margin-top: 3rem\">\u00bfQu\u00e9 es un mapa doble?<\/h2>\r\n<p style=\"margin-top: 1rem\">Poder visualizar los lugares importantes en un mapa es algo que nos da ilusi\u00f3n. Nuestro mapa doble te permite hacerlo de forma \u00fanica: a trav\u00e9s de una mapa de dos piezas que muestre dos lugares importantes para ambos. Ya sea su primera o segunda cita, los lugares que han visitado en pareja u otros lugares que cuenten su historia, nuestro doble mapa podr\u00e1 capturar aquellos momentos tan especiales y hermosos de forma personalizada.<\/p>\r\n\r\n<h2 class=\"grenB f24 cblue\" style=\"margin-top: 3rem\">\u00bfQu\u00e9 hace que un mapa doble sea el detalle rom\u00e1ntico perfecto para tu pareja?<\/h2>\r\n<p style=\"margin-top: 1rem\">\u00bfQu\u00e9 podr\u00eda ser m\u00e1s rom\u00e1ntico que un mapa personalizado que cuente la historia de su relaci\u00f3n? Ya sea que est\u00e9n celebrando su boda, aniversario o compromiso, el mapa doble es el regalo perfecto para cualquier tipo de pareja. Este precioso mapa est\u00e1 compuesto de dos piezas que encajan como un rompecabezas, y representan cada uno de los pasos que han vivido como pareja. El mapa puede personalizarse con ubicaciones y descripciones especiales, haci\u00e9ndolo un regalo verdaderamente \u00fanico. Ya sea que est\u00e9s buscando una forma de conmemorar tu relaci\u00f3n o conoces a alguna pareja que le gustar\u00eda recibir un regalo como este, el mapa doble es un regalo que podr\u00e1n atesorar de por vida.<\/p>\r\n\r\n<h2 class=\"grenB f24 cblue\" style=\"margin-top: 3rem\">\u00bfPor qu\u00e9 un mapa doble es un detalle \u00fanico para tus familiares?<\/h2>\r\n<p style=\"margin-top: 1rem\">Si tienes familiares que viven del otro lado del pa\u00eds, es posible que no puedas demostrarles lo mucho que te importan con tanta frecuencia. Sin embargo, con este mapa personalizado de dos piezas, podr\u00e1s darles un detalle que muestre cu\u00e1nto los amas. Este mapa est\u00e1 hecho de dos piezas: uno para ellos y uno para ti. Cada pieza es personalizable, y cuenta con la descripci\u00f3n y la ubicaci\u00f3n de tu ser querido. De esta forma, siempre sentir\u00e1n que est\u00e1n cerca de ti, aunque sea en esp\u00edritu. Cada vez que miren al mapa, recordar\u00e1n cu\u00e1nto los atesoras. Si est\u00e1s buscando una forma de mostrarle a tu familia lo mucho que significa para ti, \u00a1deja de buscar! Este es el regalo perfecto.<\/p>\r\n\r\n<h2 class=\"grenB f24 cblue\" style=\"margin-top: 3rem\">\u00bfQu\u00e9 hace que los regalos personalizados sean tan especiales?<\/h2>\r\n<p style=\"margin-top: 1rem\">Acept\u00e9moslo: no se necesita ser un genio para comprar un regalo, envolverlo y d\u00e1rselo a un ser querido. Sin embargo, el regalo que m\u00e1s destaca en sus recuerdos es aquel que es \u00fanico, personal y requiere un poco m\u00e1s de esfuerzo y consideraci\u00f3n. El significado simb\u00f3lico de un regalo es igual de importante que el regalo en s\u00ed. Y si ese regalo es nuestro mapa doble, entonces ganar\u00e1s m\u00e1s puntos con tu pareja.<p\/>\r\n\r\n<h2 class=\"grenB f24 cblue\" style=\"margin-top: 3rem\">C\u00f3mo crear un mapa doble<\/h2>\r\n<p style=\"margin-top: 1rem\">Los mapas personalizados de Positive Prints se crean como una imagen, pero representan dos per\u00edodos importantes de tu historia. Ubicamos cada lugar de manera precisa con tecnolog\u00eda GPS de vanguardia para darte la m\u00e1s exacta representaci\u00f3n de esos lugares.<\/p>\r\n\r\n<p style=\"margin-top: 1rem\">Para asumir el papel del artista y hacer tu propio mapa doble, sigue los siguientes pasos:<\/p>\r\n\r\n<h3 class=\"grenB f18 cblue\" style=\"margin-top: 3rem\">Paso 1: Elige tu dise\u00f1o<\/h3>\r\n<p style=\"margin-top: 1rem\">Si quieres dar un regalo \u00fanico, entonces los regalos gen\u00e9ricos no son para ti. Por este motivo, te daremos una variedad de dise\u00f1os de d\u00f3nde elegir para tu mapa doble. Puedes elegir entre una variedad de plantillas creadas profesionalmente, o si quieres darle un toque m\u00e1s personal, haz clic en la opci\u00f3n Personalizar para seleccionar tu propia paleta de colores. Tambi\u00e9n puedes elegir las formas de ambos mapas: \u00a1hazlo circular, cuadrado o en forma de coraz\u00f3n!<\/p>\r\n<p style=\"margin-top: 1rem\">Toda la informaci\u00f3n se actualiza en tiempo real a medida que vas haciendo cambios, lo que te permite ver c\u00f3mo tu mapa cobra vida.<\/p>\r\n\r\n<h3 class=\"grenB f18 cblue\" style=\"margin-top: 3rem\">Paso 2: Ingresa tu informaci\u00f3n<\/h3>\r\n<p style=\"margin-top: 1rem\">Tu mapa doble tiene m\u00e1s que solo im\u00e1genes: tambi\u00e9n tiene l\u00edneas de texto para que puedas escribir una descripci\u00f3n de cada lugar. Incluye fechas o nombres que tengan que ver con los lugares que elegiste o escribe frases o citas que puedan expresar cada momento de manera precisa. O si lo deseas, puedes profundizar m\u00e1s sobre el entorno y lo que lo hizo tan \u00fanico. \u00a1Hay miles de opciones de d\u00f3nde elegir!<\/p>\r\n\r\n<h3 class=\"grenB f18 cblue\" style=\"margin-top: 3rem\">Paso 3: Selecciona un formato<\/h3>\r\n<p style=\"margin-top: 1rem\">Al igual que otras obras impresas de Positive Prints, puedes elegir entre distintas opciones de formato y entrega. Cada mapa se imprime en papel de alta calidad, lo que permite que tus colores y tu impresi\u00f3n se vea fant\u00e1stica en tu pared. Si lo deseas, podemos imprimir tu foto sobre lienzo o podemos enmarcarlo para que se lo puedas regalar inmediatamente a tu ser querido.<\/p>\r\n<p style=\"margin-top: 1rem\">Si est\u00e1s buscando regalar algo de \u00faltimo momento, te recomendamos utilizar la opci\u00f3n de descarga digital. Te enviaremos, por correo electr\u00f3nico, un mapa doble como archivo digital. As\u00ed, podr\u00e1s imprimirlo de forma local para que puedas tenerlo en menos de lo que canta un gallo.<\/p>\r\n\r\n<h2 class=\"grenB f24 cblue\" style=\"margin-top: 3rem\">Sorprende a tu ser querido con un mapa doble<\/h2>\r\n<p style=\"margin-top: 1rem\">Regala algo que deje huella. Nuestros mapas dobles son el regalo perfecto para cualquier ocasi\u00f3n, como cumplea\u00f1os, bodas y aniversarios, y puedes personalizarlos por completo, incluso agregarle un mensaje especial. Incre\u00edble, \u00bfno?<\/p>","protected":false},"excerpt":{"rendered":"<ul class=\"check-list\">\n<li>Captura la esencia de dos lugares especiales con nuestro mapa personalizado<\/li>\n<li>Marca los dos lugares con los s\u00edmbolos de tu elecci\u00f3n<\/li>\n<li>Usa nuestro editor para personalizar tu dise\u00f1o en apenas tres pasos<\/li>\n<li>A\u00f1ade un mensaje personalizado para que\u00a0tu dise\u00f1o sea \u00fanico y especial<\/li>\n<li>Visualiza tu dise\u00f1o de forma r\u00e1pida usando la vista previa interactiva<\/li>\n<\/ul>\n","protected":false},"featured_media":1363272,"template":"","meta":[],"product_brand":[],"product_cat":[8250,9117,106,265,8012,7693],"product_tag":[14920,13672],"class_list":{"0":"post-368265","1":"product","2":"type-product","3":"status-publish","4":"has-post-thumbnail","6":"product_cat-digital-products-es","7":"product_cat-double-maps-es","8":"product_cat-todos-los-productos","9":"product_cat-creators-es-2","10":"product_cat-regalos-para-hombres","11":"product_cat-regalos-para-mujeres","12":"product_tag-creators-es-2","13":"product_tag-mapa-con-2-ubicaciones","15":"first","16":"instock","17":"sale","18":"taxable","19":"shipping-taxable","20":"purchasable","21":"product-type-variable"},"yoast_head":"<!-- This site is optimized with the Yoast SEO Premium plugin v27.2 (Yoast SEO v27.2) - https:\/\/yoast.com\/product\/yoast-seo-premium-wordpress\/ -->\n<title>Mapa Doble - Positive Prints<\/title>\n<meta name=\"robots\" content=\"index, follow, max-snippet:-1, max-image-preview:large, max-video-preview:-1\" \/>\n<link rel=\"canonical\" href=\"https:\/\/positiveprints.com\/es\/producto\/mapa-doble\/\" \/>\n<meta property=\"og:locale\" content=\"es_ES\" \/>\n<meta property=\"og:type\" content=\"article\" \/>\n<meta property=\"og:title\" content=\"Mapa Doble\" \/>\n<meta property=\"og:description\" content=\"Captura la esencia de dos lugares especiales con nuestro mapa personalizado Marca los dos lugares con los s\u00edmbolos de tu elecci\u00f3n Usa nuestro editor para personalizar tu dise\u00f1o en apenas tres pasos A\u00f1ade un mensaje personalizado para que\u00a0tu dise\u00f1o sea \u00fanico y especial Visualiza tu dise\u00f1o de forma r\u00e1pida usando la vista previa interactiva\" \/>\n<meta property=\"og:url\" content=\"https:\/\/positiveprints.com\/es\/producto\/mapa-doble\/\" \/>\n<meta property=\"og:site_name\" content=\"Positive Prints\" \/>\n<meta property=\"article:publisher\" content=\"https:\/\/www.facebook.com\/positiveprintscom\" \/>\n<meta property=\"article:modified_time\" content=\"2026-04-12T21:48:07+00:00\" \/>\n<meta property=\"og:image\" content=\"https:\/\/positiveprints.com\/wp-content\/uploads\/2025\/02\/Mapa-Doble-1.webp\" \/>\n\t<meta property=\"og:image:width\" content=\"1450\" \/>\n\t<meta property=\"og:image:height\" content=\"1450\" \/>\n\t<meta property=\"og:image:type\" content=\"image\/webp\" \/>\n<meta name=\"twitter:card\" content=\"summary_large_image\" \/>\n<meta name=\"twitter:label1\" content=\"Tiempo de lectura\" \/>\n\t<meta name=\"twitter:data1\" content=\"5 minutos\" \/>\n<!-- \/ Yoast SEO Premium plugin. -->","yoast_head_json":{"title":"Mapa Doble - Positive Prints","robots":{"index":"index","follow":"follow","max-snippet":"max-snippet:-1","max-image-preview":"max-image-preview:large","max-video-preview":"max-video-preview:-1"},"canonical":"https:\/\/positiveprints.com\/es\/producto\/mapa-doble\/","og_locale":"es_ES","og_type":"article","og_title":"Mapa Doble","og_description":"Captura la esencia de dos lugares especiales con nuestro mapa personalizado Marca los dos lugares con los s\u00edmbolos de tu elecci\u00f3n Usa nuestro editor para personalizar tu dise\u00f1o en apenas tres pasos A\u00f1ade un mensaje personalizado para que\u00a0tu dise\u00f1o sea \u00fanico y especial Visualiza tu dise\u00f1o de forma r\u00e1pida usando la vista previa interactiva","og_url":"https:\/\/positiveprints.com\/es\/producto\/mapa-doble\/","og_site_name":"Positive Prints","article_publisher":"https:\/\/www.facebook.com\/positiveprintscom","article_modified_time":"2026-04-12T21:48:07+00:00","og_image":[{"width":1450,"height":1450,"url":"https:\/\/positiveprints.com\/wp-content\/uploads\/2025\/02\/Mapa-Doble-1.webp","type":"image\/webp"}],"twitter_card":"summary_large_image","twitter_misc":{"Tiempo de lectura":"5 minutos"},"schema":{"@context":"https:\/\/schema.org","@graph":[{"@type":["WebPage","ItemPage"],"@id":"https:\/\/positiveprints.com\/es\/producto\/mapa-doble\/","url":"https:\/\/positiveprints.com\/es\/producto\/mapa-doble\/","name":"Mapa Doble - Positive Prints","isPartOf":{"@id":"https:\/\/positiveprints.com\/es\/#website"},"primaryImageOfPage":{"@id":"https:\/\/positiveprints.com\/es\/producto\/mapa-doble\/#primaryimage"},"image":{"@id":"https:\/\/positiveprints.com\/es\/producto\/mapa-doble\/#primaryimage"},"thumbnailUrl":"https:\/\/positiveprints.com\/wp-content\/uploads\/2025\/02\/Mapa-Doble-1.webp","datePublished":"2022-11-07T14:10:47+00:00","dateModified":"2026-04-12T21:48:07+00:00","breadcrumb":{"@id":"https:\/\/positiveprints.com\/es\/producto\/mapa-doble\/#breadcrumb"},"inLanguage":"es","potentialAction":[{"@type":"ReadAction","target":["https:\/\/positiveprints.com\/es\/producto\/mapa-doble\/"]}]},{"@type":"ImageObject","inLanguage":"es","@id":"https:\/\/positiveprints.com\/es\/producto\/mapa-doble\/#primaryimage","url":"https:\/\/positiveprints.com\/wp-content\/uploads\/2025\/02\/Mapa-Doble-1.webp","contentUrl":"https:\/\/positiveprints.com\/wp-content\/uploads\/2025\/02\/Mapa-Doble-1.webp","width":1450,"height":1450},{"@type":"BreadcrumbList","@id":"https:\/\/positiveprints.com\/es\/producto\/mapa-doble\/#breadcrumb","itemListElement":[{"@type":"ListItem","position":1,"name":"CASA","item":"https:\/\/positiveprints.com\/es\/"},{"@type":"ListItem","position":2,"name":"Productos","item":"https:\/\/positiveprints.com\/es\/shop\/"},{"@type":"ListItem","position":3,"name":"Mapa Doble"}]},{"@type":"WebSite","@id":"https:\/\/positiveprints.com\/es\/#website","url":"https:\/\/positiveprints.com\/es\/","name":"Positive Prints","description":"Custom Gifts for Special Occasions","publisher":{"@id":"https:\/\/positiveprints.com\/es\/#organization"},"potentialAction":[{"@type":"SearchAction","target":{"@type":"EntryPoint","urlTemplate":"https:\/\/positiveprints.com\/es\/?s={search_term_string}"},"query-input":{"@type":"PropertyValueSpecification","valueRequired":true,"valueName":"search_term_string"}}],"inLanguage":"es"},{"@type":"Organization","@id":"https:\/\/positiveprints.com\/es\/#organization","name":"Positive Prints","alternateName":"Positive Prints","url":"https:\/\/positiveprints.com\/es\/","logo":{"@type":"ImageObject","inLanguage":"es","@id":"https:\/\/positiveprints.com\/es\/#\/schema\/logo\/image\/","url":"https:\/\/positiveprints.com\/wp-content\/uploads\/2026\/03\/245815646_1337939713319158_5671353136411139666_n.png","contentUrl":"https:\/\/positiveprints.com\/wp-content\/uploads\/2026\/03\/245815646_1337939713319158_5671353136411139666_n.png","width":800,"height":800,"caption":"Positive Prints"},"image":{"@id":"https:\/\/positiveprints.com\/es\/#\/schema\/logo\/image\/"},"sameAs":["https:\/\/www.facebook.com\/positiveprintscom","https:\/\/www.instagram.com\/positiveprintscom\/","https:\/\/www.tiktok.com\/@positiveprintscom","https:\/\/www.pinterest.com\/positiveprintscom\/"]}]}},"jetpack_sharing_enabled":true,"_links":{"self":[{"href":"https:\/\/positiveprints.com\/es\/wp-json\/wp\/v2\/product\/368265","targetHints":{"allow":["GET"]}}],"collection":[{"href":"https:\/\/positiveprints.com\/es\/wp-json\/wp\/v2\/product"}],"about":[{"href":"https:\/\/positiveprints.com\/es\/wp-json\/wp\/v2\/types\/product"}],"wp:featuredmedia":[{"embeddable":true,"href":"https:\/\/positiveprints.com\/es\/wp-json\/wp\/v2\/media\/1363272"}],"wp:attachment":[{"href":"https:\/\/positiveprints.com\/es\/wp-json\/wp\/v2\/media?parent=368265"}],"wp:term":[{"taxonomy":"product_brand","embeddable":true,"href":"https:\/\/positiveprints.com\/es\/wp-json\/wp\/v2\/product_brand?post=368265"},{"taxonomy":"product_cat","embeddable":true,"href":"https:\/\/positiveprints.com\/es\/wp-json\/wp\/v2\/product_cat?post=368265"},{"taxonomy":"product_tag","embeddable":true,"href":"https:\/\/positiveprints.com\/es\/wp-json\/wp\/v2\/product_tag?post=368265"}],"curies":[{"name":"wp","href":"https:\/\/api.w.org\/{rel}","templated":true}]}}