{"id":363324,"date":"2022-07-20T10:55:52","date_gmt":"2022-07-20T09:55:52","guid":{"rendered":"https:\/\/positiveprints.com\/?post_type=product&#038;p=363324"},"modified":"2026-04-18T06:55:39","modified_gmt":"2026-04-18T05:55:39","slug":"onda-sonora-de-nuestro-primer-baile","status":"publish","type":"product","link":"https:\/\/positiveprints.com\/es\/producto\/onda-sonora-de-nuestro-primer-baile\/","title":{"rendered":"Onda sonora de nuestro primer baile"},"content":{"rendered":"<p>La primera canci\u00f3n que ustedes bailar\u00e1n como pareja no es una decisi\u00f3n que se debe tomar a la ligera. Aunque pongan m\u00fasica toda la noche, ustedes recordar\u00e1n esta canci\u00f3n para siempre. Captura este momento por la eternidad con nuestra onda sonora de nuestro primer baile, creado por Positive Prints.<\/p>\n\n\n\n\n\n<h2 class=\"grenB f24 cblue\" style=\"margin-top: 3rem\">Revive su primer baile una y otra vez<\/h2>\n\n\n\n<p style=\"margin-top: 1rem\">Es posible que estuvieran planeando su boda por meses o incluso a\u00f1os, pero deben recordar que ese d\u00eda especial se acaba en menos de lo que canta un gallo. Disfrutar cada momento es m\u00e1s f\u00e1cil cuando tienes alg\u00fan detalle que puedes recordar y aferrarte, como nuestro regalo personalizado de bodas.<\/p>\n\n\n\n<p style=\"margin-top: 1rem\">Estas maravillosas ondas sonoras convierten la primera canci\u00f3n que bailaron como pareja en arte que se puede reproducir una y otra vez. Mira c\u00f3mo tu canci\u00f3n cobra vida al escanear el c\u00f3digo QR, que te permite reproducir tu canci\u00f3n y revivir el momento m\u00e1s m\u00e1gico de sus vidas. Incluso pueden agregarle detalles personalizados a su onda sonora de pared para que sea a\u00fan m\u00e1s personal.<\/p>\n\n\n\n<h2 class=\"grenB f24 cblue\" style=\"margin-top: 3rem\">Convierte su primera canci\u00f3n como pareja en una obra de arte<\/h2>\n\n\n\n<p style=\"margin-top: 1rem\">Ya sea que hayan pasado a\u00f1os desde el d\u00eda de su boda o que apenas hayan decidido comprometerse de por vida, podemos convertir su primera canci\u00f3n como pareja en una obra de arte que sin duda adornar\u00e1 las paredes de su hogar. Para hacerlo, solo necesitas subir el archivo de audio de tu canci\u00f3n y elegir una de nuestras maravillosas plantillas para comenzar a crear la obra perfecta. Explora nuestras paletas de colores y dise\u00f1os, y mira c\u00f3mo tu dise\u00f1o va cobrando vida en tiempo real. Agrega detalles, como el nombre de la canci\u00f3n, una frase especial, la fecha de su boda o cualquier cosa que te ayude a contar su historia.<\/p>\n\n\n\n<p style=\"margin-top: 1rem\">Podemos hacer que la onda sonora de su primer baile se convierta en un p\u00f3ster premium, imprimirlo sobre lienzo o d\u00e1rtelo como un archivo digital para que puedas imprimirlo de forma local. Todas nuestras impresiones se env\u00edan de forma gratuita a cualquier parte del mundo. \u00a1Preserva el momento m\u00e1s ic\u00f3nico de sus vidas!<\/p>\n\n\n\n<h2 class=\"grenB f24 cblue\" style=\"margin-top: 3rem\">Ya sea boda o aniversario, \u00a1es el regalo perfecto!<\/h2>\n\n\n\n<p style=\"margin-top: 1rem\">Nuestro regalo del primer baile es perfecto para bodas y aniversarios, o cualquier momento en que quieras dar un regalo personal que verdaderamente haga un gran impacto. Es una forma sencilla y r\u00e1pida de darle un regalo desde el coraz\u00f3n.<\/p>","protected":false},"excerpt":{"rendered":"<ul class=\"check-list\">\n<li>Atesora el momento en que bailaron como pareja casada por primera vez y convi\u00e9rtelo en una pieza importante de su hogar<\/li>\n<li>Simplemente sube un archivo de audio<\/li>\n<li>Agrega un c\u00f3digo QR y escan\u00e9alo para agregar tu canci\u00f3n favorita<\/li>\n<li>Personal\u00edzala en tres sencillos pasos<\/li>\n<li>Elige una plantilla o pon manos a la obra<\/li>\n<\/ul>\n","protected":false},"featured_media":1700573,"template":"","meta":[],"product_brand":[],"product_cat":[3124,7486],"product_tag":[14923],"class_list":{"0":"post-363324","1":"product","2":"type-product","3":"status-publish","4":"has-post-thumbnail","6":"product_cat-regalos-de-boda","7":"product_cat-onda-sonora-es","8":"product_tag-anniversary-es","10":"first","11":"instock","12":"sale","13":"taxable","14":"shipping-taxable","15":"purchasable","16":"product-type-variable"},"yoast_head":"<!-- This site is optimized with the Yoast SEO Premium plugin v27.2 (Yoast SEO v27.2) - https:\/\/yoast.com\/product\/yoast-seo-premium-wordpress\/ -->\n<title>Onda sonora de nuestro primer baile - Positive Prints<\/title>\n<meta name=\"description\" content=\"Siempre recordar\u00e1s su primer baile como marido y mujer. Atesora ese momento para siempre con las ondas sonoras de su primera canci\u00f3n como esposos.\" \/>\n<meta name=\"robots\" content=\"index, follow, max-snippet:-1, max-image-preview:large, max-video-preview:-1\" \/>\n<link rel=\"canonical\" href=\"https:\/\/positiveprints.com\/es\/producto\/onda-sonora-de-nuestro-primer-baile\/\" \/>\n<meta property=\"og:locale\" content=\"es_ES\" \/>\n<meta property=\"og:type\" content=\"article\" \/>\n<meta property=\"og:title\" content=\"Onda sonora de nuestro primer baile\" \/>\n<meta property=\"og:description\" content=\"Atesora el momento en que bailaron como pareja casada por primera vez y convi\u00e9rtelo en una pieza importante de su hogar  Simplemente sube un archivo de audio  Agrega un c\u00f3digo QR y escan\u00e9alo para agregar tu canci\u00f3n favorita  Personal\u00edzala en tres sencillos pasos  Elige una plantilla o pon manos a la obra\" \/>\n<meta property=\"og:url\" content=\"https:\/\/positiveprints.com\/es\/producto\/onda-sonora-de-nuestro-primer-baile\/\" \/>\n<meta property=\"og:site_name\" content=\"Positive Prints\" \/>\n<meta property=\"article:publisher\" content=\"https:\/\/www.facebook.com\/positiveprintscom\" \/>\n<meta property=\"article:modified_time\" content=\"2026-04-18T05:55:39+00:00\" \/>\n<meta property=\"og:image\" content=\"https:\/\/positiveprints.com\/wp-content\/uploads\/2023\/07\/Onda-sonora-de-nuestro-primer-baile.jpg\" \/>\n\t<meta property=\"og:image:width\" content=\"1080\" \/>\n\t<meta property=\"og:image:height\" content=\"1080\" \/>\n\t<meta property=\"og:image:type\" content=\"image\/jpeg\" \/>\n<meta name=\"twitter:card\" content=\"summary_large_image\" \/>\n<!-- \/ Yoast SEO Premium plugin. -->","yoast_head_json":{"title":"Onda sonora de nuestro primer baile - Positive Prints","description":"Siempre recordar\u00e1s su primer baile como marido y mujer. Atesora ese momento para siempre con las ondas sonoras de su primera canci\u00f3n como esposos.","robots":{"index":"index","follow":"follow","max-snippet":"max-snippet:-1","max-image-preview":"max-image-preview:large","max-video-preview":"max-video-preview:-1"},"canonical":"https:\/\/positiveprints.com\/es\/producto\/onda-sonora-de-nuestro-primer-baile\/","og_locale":"es_ES","og_type":"article","og_title":"Onda sonora de nuestro primer baile","og_description":"Atesora el momento en que bailaron como pareja casada por primera vez y convi\u00e9rtelo en una pieza importante de su hogar  Simplemente sube un archivo de audio  Agrega un c\u00f3digo QR y escan\u00e9alo para agregar tu canci\u00f3n favorita  Personal\u00edzala en tres sencillos pasos  Elige una plantilla o pon manos a la obra","og_url":"https:\/\/positiveprints.com\/es\/producto\/onda-sonora-de-nuestro-primer-baile\/","og_site_name":"Positive Prints","article_publisher":"https:\/\/www.facebook.com\/positiveprintscom","article_modified_time":"2026-04-18T05:55:39+00:00","og_image":[{"width":1080,"height":1080,"url":"https:\/\/positiveprints.com\/wp-content\/uploads\/2023\/07\/Onda-sonora-de-nuestro-primer-baile.jpg","type":"image\/jpeg"}],"twitter_card":"summary_large_image","schema":{"@context":"https:\/\/schema.org","@graph":[{"@type":["WebPage","ItemPage"],"@id":"https:\/\/positiveprints.com\/es\/producto\/onda-sonora-de-nuestro-primer-baile\/","url":"https:\/\/positiveprints.com\/es\/producto\/onda-sonora-de-nuestro-primer-baile\/","name":"Onda sonora de nuestro primer baile - Positive Prints","isPartOf":{"@id":"https:\/\/positiveprints.com\/es\/#website"},"primaryImageOfPage":{"@id":"https:\/\/positiveprints.com\/es\/producto\/onda-sonora-de-nuestro-primer-baile\/#primaryimage"},"image":{"@id":"https:\/\/positiveprints.com\/es\/producto\/onda-sonora-de-nuestro-primer-baile\/#primaryimage"},"thumbnailUrl":"https:\/\/positiveprints.com\/wp-content\/uploads\/2026\/04\/Packshot_ES_XX-Arte-de-onda-sonora-de-la-cancion-del-primer-baile.webp","datePublished":"2022-07-20T09:55:52+00:00","dateModified":"2026-04-18T05:55:39+00:00","description":"Siempre recordar\u00e1s su primer baile como marido y mujer. Atesora ese momento para siempre con las ondas sonoras de su primera canci\u00f3n como esposos.","breadcrumb":{"@id":"https:\/\/positiveprints.com\/es\/producto\/onda-sonora-de-nuestro-primer-baile\/#breadcrumb"},"inLanguage":"es","potentialAction":[{"@type":"ReadAction","target":["https:\/\/positiveprints.com\/es\/producto\/onda-sonora-de-nuestro-primer-baile\/"]}]},{"@type":"ImageObject","inLanguage":"es","@id":"https:\/\/positiveprints.com\/es\/producto\/onda-sonora-de-nuestro-primer-baile\/#primaryimage","url":"https:\/\/positiveprints.com\/wp-content\/uploads\/2026\/04\/Packshot_ES_XX-Arte-de-onda-sonora-de-la-cancion-del-primer-baile.webp","contentUrl":"https:\/\/positiveprints.com\/wp-content\/uploads\/2026\/04\/Packshot_ES_XX-Arte-de-onda-sonora-de-la-cancion-del-primer-baile.webp","width":1450,"height":1450},{"@type":"BreadcrumbList","@id":"https:\/\/positiveprints.com\/es\/producto\/onda-sonora-de-nuestro-primer-baile\/#breadcrumb","itemListElement":[{"@type":"ListItem","position":1,"name":"CASA","item":"https:\/\/positiveprints.com\/es\/"},{"@type":"ListItem","position":2,"name":"Productos","item":"https:\/\/positiveprints.com\/es\/shop\/"},{"@type":"ListItem","position":3,"name":"Onda sonora de nuestro primer baile"}]},{"@type":"WebSite","@id":"https:\/\/positiveprints.com\/es\/#website","url":"https:\/\/positiveprints.com\/es\/","name":"Positive Prints","description":"Custom Gifts for Special Occasions","publisher":{"@id":"https:\/\/positiveprints.com\/es\/#organization"},"potentialAction":[{"@type":"SearchAction","target":{"@type":"EntryPoint","urlTemplate":"https:\/\/positiveprints.com\/es\/?s={search_term_string}"},"query-input":{"@type":"PropertyValueSpecification","valueRequired":true,"valueName":"search_term_string"}}],"inLanguage":"es"},{"@type":"Organization","@id":"https:\/\/positiveprints.com\/es\/#organization","name":"Positive Prints","alternateName":"Positive Prints","url":"https:\/\/positiveprints.com\/es\/","logo":{"@type":"ImageObject","inLanguage":"es","@id":"https:\/\/positiveprints.com\/es\/#\/schema\/logo\/image\/","url":"https:\/\/positiveprints.com\/wp-content\/uploads\/2026\/03\/245815646_1337939713319158_5671353136411139666_n.png","contentUrl":"https:\/\/positiveprints.com\/wp-content\/uploads\/2026\/03\/245815646_1337939713319158_5671353136411139666_n.png","width":800,"height":800,"caption":"Positive Prints"},"image":{"@id":"https:\/\/positiveprints.com\/es\/#\/schema\/logo\/image\/"},"sameAs":["https:\/\/www.facebook.com\/positiveprintscom","https:\/\/www.instagram.com\/positiveprintscom\/","https:\/\/www.tiktok.com\/@positiveprintscom","https:\/\/www.pinterest.com\/positiveprintscom\/"]}]}},"jetpack_sharing_enabled":true,"_links":{"self":[{"href":"https:\/\/positiveprints.com\/es\/wp-json\/wp\/v2\/product\/363324","targetHints":{"allow":["GET"]}}],"collection":[{"href":"https:\/\/positiveprints.com\/es\/wp-json\/wp\/v2\/product"}],"about":[{"href":"https:\/\/positiveprints.com\/es\/wp-json\/wp\/v2\/types\/product"}],"wp:featuredmedia":[{"embeddable":true,"href":"https:\/\/positiveprints.com\/es\/wp-json\/wp\/v2\/media\/1700573"}],"wp:attachment":[{"href":"https:\/\/positiveprints.com\/es\/wp-json\/wp\/v2\/media?parent=363324"}],"wp:term":[{"taxonomy":"product_brand","embeddable":true,"href":"https:\/\/positiveprints.com\/es\/wp-json\/wp\/v2\/product_brand?post=363324"},{"taxonomy":"product_cat","embeddable":true,"href":"https:\/\/positiveprints.com\/es\/wp-json\/wp\/v2\/product_cat?post=363324"},{"taxonomy":"product_tag","embeddable":true,"href":"https:\/\/positiveprints.com\/es\/wp-json\/wp\/v2\/product_tag?post=363324"}],"curies":[{"name":"wp","href":"https:\/\/api.w.org\/{rel}","templated":true}]}}