{"id":363267,"date":"2022-07-21T12:51:35","date_gmt":"2022-07-21T11:51:35","guid":{"rendered":"https:\/\/positiveprints.com\/?post_type=product&#038;p=363267"},"modified":"2026-04-28T14:31:20","modified_gmt":"2026-04-28T13:31:20","slug":"onda-sonora-de-te-casarias-conmigo","status":"publish","type":"product","link":"https:\/\/positiveprints.com\/es\/producto\/onda-sonora-de-te-casarias-conmigo\/","title":{"rendered":"Onda sonora de &#8220;\u00bfte casar\u00edas conmigo?&#8221;"},"content":{"rendered":"<p>\u00bfTe casar\u00edas conmigo? Es una pregunta que muchas personas anhelan escuchar o decir toda su vida. Y cuando ese momento finalmente llegue, puedes escucharlo una y otra vez con una onda sonora de \u201c\u00bfte casar\u00edas conmigo?\u201d<\/p>\n\n\n\n\n\n<h2 class=\"grenB f24 cblue\" style=\"margin-top: 3rem\">Primero el amor, despu\u00e9s el matrimonio<\/h2>\n\n\n\n<p style=\"margin-top: 1rem\">Tomar la decisi\u00f3n de casarte con el amor de tu vida es una de las cosas m\u00e1s importantes que puedes hacer en la vida, por muy preparado que te sientas. Es uno de los momentos m\u00e1s felices de tu vida y por ello merece ser celebrado con mucho amor. Por ello creamos la onda sonora de \u201c\u00bfte casar\u00edas conmigo?\u201d. Creamos una onda sonora que puedes admirar de manera visual de las palabras que tu pareja o t\u00fa dijeron antes de decir \u201cs\u00ed\u201d.<\/p>\n\n\n\n<p style=\"margin-top: 1rem\">Regalar arte en el primer aniversario es el detalle m\u00e1s perfecto que puede existir. Muchos lo llaman \u201cel aniversario de papel\u201d. Incluso puedes colocar tu obra de arte en la decoraci\u00f3n de tu boda para que tus invitados puedan ver y revivir el momento en que ustedes iniciaron un nuevo cap\u00edtulo de sus vidas.<\/p>\n\n\n\n\n\n<h2 class=\"grenB f24 cblue\" style=\"margin-top: 3rem\">C\u00f3mo funciona<\/h2>\n\n\n\n<p style=\"margin-top: 1rem\">Hemos dise\u00f1ado un generador art\u00edstico f\u00e1cil de usar para que puedas crear obras de arte en cuesti\u00f3n de minutos. Solo necesitas cargar tu archivo de audio de ti o de tu verdadero amor diciendo \u201c\u00bfte casar\u00edas conmigo?\u201d. Puede ser la grabaci\u00f3n real (si pensabas capturar ese momento con mucha antelaci\u00f3n) o una grabaci\u00f3n nueva con tu voz y tono. \u00a1Y listo! Nuestra tecnolog\u00eda se encargar\u00e1 de transformar el sonido en algo que puedes visualizar. Usa una de nuestras plantillas predise\u00f1adas para agregar color y detalles a tu onda sonora. Tambi\u00e9n puedes incluir un texto, como sus nombres y la fecha de su compromiso o boda. \u00a1Las opciones son ilimitadas!<\/p>\n\n\n\n<p style=\"margin-top: 1rem\">Como recomendaci\u00f3n, puedes pedir un p\u00f3ster impreso o una impresi\u00f3n sobre lienzo. Ambas opciones son perfectas para colocarlas en tu hogar. Contamos con diferentes tama\u00f1os para que puedas combinar tu impresi\u00f3n con el marco que quieras utilizar en tu hogar. Sin embargo, si lo deseas, puedes elegir la opci\u00f3n de descarga digital para que puedas imprimirla de manera local.<\/p>\n\n\n\n<h2 class=\"grenB f24 cblue\" style=\"margin-top: 3rem\">Crea una onda sonora de \u201c\u00bfte casar\u00edas conmigo?\u201d en minutos<\/h2>\n\n\n\n<p style=\"margin-top: 1rem\">Tu compromiso es \u00fanico y merece celebrarse toda la vida. Nuestros regalos personalizados, como la onda sonora de \u201c\u00bfte casar\u00edas conmigo?\u201d, son una excelente forma de compartir su historia de amor con amigos y familiares.<\/p>","protected":false},"excerpt":{"rendered":"<ul class=\"check-list\">\n<li>Haz que tu propuesta matrimonial sea creativa e inolvidable con una obra de arte que puedan atesorar de por vida<\/li>\n<li>Simplemente sube un archivo de audio<\/li>\n<li>Agrega un c\u00f3digo QR y escan\u00e9alo para agregar tu canci\u00f3n favorita<\/li>\n<li>Personal\u00edzala en tres sencillos pasos<\/li>\n<li>Elige una plantilla o pon manos a la obra<\/li>\n<\/ul>\n","protected":false},"featured_media":320936,"template":"","meta":[],"product_brand":[],"product_cat":[5277,7486],"product_tag":[8440],"class_list":{"0":"post-363267","1":"product","2":"type-product","3":"status-publish","4":"has-post-thumbnail","6":"product_cat-regalos-de-compromiso","7":"product_cat-onda-sonora-es","8":"product_tag-compromiso","10":"first","11":"instock","12":"sale","13":"taxable","14":"shipping-taxable","15":"purchasable","16":"product-type-variable"},"yoast_head":"<!-- This site is optimized with the Yoast SEO Premium plugin v27.2 (Yoast SEO v27.2) - https:\/\/yoast.com\/product\/yoast-seo-premium-wordpress\/ -->\n<title>Onda sonora de &quot;\u00bfte casar\u00edas conmigo?&quot; - Positive Prints<\/title>\n<meta name=\"description\" content=\"\u00bfTe casar\u00edas conmigo? es una pregunta que anhelabas escuchar alg\u00fan d\u00eda. Revive ese momento una y otra vez con nuestra obra de arte personalizada.\" \/>\n<meta name=\"robots\" content=\"index, follow, max-snippet:-1, max-image-preview:large, max-video-preview:-1\" \/>\n<link rel=\"canonical\" href=\"https:\/\/positiveprints.com\/es\/producto\/onda-sonora-de-te-casarias-conmigo\/\" \/>\n<meta property=\"og:locale\" content=\"es_ES\" \/>\n<meta property=\"og:type\" content=\"article\" \/>\n<meta property=\"og:title\" content=\"Onda sonora de &quot;\u00bfte casar\u00edas conmigo?&quot;\" \/>\n<meta property=\"og:description\" content=\"Haz que tu propuesta matrimonial sea creativa e inolvidable con una obra de arte que puedan atesorar de por vida  Simplemente sube un archivo de audio  Agrega un c\u00f3digo QR y escan\u00e9alo para agregar tu canci\u00f3n favorita  Personal\u00edzala en tres sencillos pasos  Elige una plantilla o pon manos a la obra\" \/>\n<meta property=\"og:url\" content=\"https:\/\/positiveprints.com\/es\/producto\/onda-sonora-de-te-casarias-conmigo\/\" \/>\n<meta property=\"og:site_name\" content=\"Positive Prints\" \/>\n<meta property=\"article:publisher\" content=\"https:\/\/www.facebook.com\/positiveprintscom\" \/>\n<meta property=\"article:modified_time\" content=\"2026-04-28T13:31:20+00:00\" \/>\n<meta property=\"og:image\" content=\"https:\/\/positiveprints.com\/wp-content\/uploads\/2022\/07\/will-you-marry-me-soundwave-art.jpg\" \/>\n\t<meta property=\"og:image:width\" content=\"1080\" \/>\n\t<meta property=\"og:image:height\" content=\"1080\" \/>\n\t<meta property=\"og:image:type\" content=\"image\/jpeg\" \/>\n<meta name=\"twitter:card\" content=\"summary_large_image\" \/>\n<!-- \/ Yoast SEO Premium plugin. -->","yoast_head_json":{"title":"Onda sonora de \"\u00bfte casar\u00edas conmigo?\" - Positive Prints","description":"\u00bfTe casar\u00edas conmigo? es una pregunta que anhelabas escuchar alg\u00fan d\u00eda. Revive ese momento una y otra vez con nuestra obra de arte personalizada.","robots":{"index":"index","follow":"follow","max-snippet":"max-snippet:-1","max-image-preview":"max-image-preview:large","max-video-preview":"max-video-preview:-1"},"canonical":"https:\/\/positiveprints.com\/es\/producto\/onda-sonora-de-te-casarias-conmigo\/","og_locale":"es_ES","og_type":"article","og_title":"Onda sonora de \"\u00bfte casar\u00edas conmigo?\"","og_description":"Haz que tu propuesta matrimonial sea creativa e inolvidable con una obra de arte que puedan atesorar de por vida  Simplemente sube un archivo de audio  Agrega un c\u00f3digo QR y escan\u00e9alo para agregar tu canci\u00f3n favorita  Personal\u00edzala en tres sencillos pasos  Elige una plantilla o pon manos a la obra","og_url":"https:\/\/positiveprints.com\/es\/producto\/onda-sonora-de-te-casarias-conmigo\/","og_site_name":"Positive Prints","article_publisher":"https:\/\/www.facebook.com\/positiveprintscom","article_modified_time":"2026-04-28T13:31:20+00:00","og_image":[{"width":1080,"height":1080,"url":"https:\/\/positiveprints.com\/wp-content\/uploads\/2022\/07\/will-you-marry-me-soundwave-art.jpg","type":"image\/jpeg"}],"twitter_card":"summary_large_image","schema":{"@context":"https:\/\/schema.org","@graph":[{"@type":["WebPage","ItemPage"],"@id":"https:\/\/positiveprints.com\/es\/producto\/onda-sonora-de-te-casarias-conmigo\/","url":"https:\/\/positiveprints.com\/es\/producto\/onda-sonora-de-te-casarias-conmigo\/","name":"Onda sonora de \"\u00bfte casar\u00edas conmigo?\" - Positive Prints","isPartOf":{"@id":"https:\/\/positiveprints.com\/es\/#website"},"primaryImageOfPage":{"@id":"https:\/\/positiveprints.com\/es\/producto\/onda-sonora-de-te-casarias-conmigo\/#primaryimage"},"image":{"@id":"https:\/\/positiveprints.com\/es\/producto\/onda-sonora-de-te-casarias-conmigo\/#primaryimage"},"thumbnailUrl":"https:\/\/positiveprints.com\/wp-content\/uploads\/2022\/07\/will-you-marry-me-soundwave-art.jpg","datePublished":"2022-07-21T11:51:35+00:00","dateModified":"2026-04-28T13:31:20+00:00","description":"\u00bfTe casar\u00edas conmigo? es una pregunta que anhelabas escuchar alg\u00fan d\u00eda. Revive ese momento una y otra vez con nuestra obra de arte personalizada.","breadcrumb":{"@id":"https:\/\/positiveprints.com\/es\/producto\/onda-sonora-de-te-casarias-conmigo\/#breadcrumb"},"inLanguage":"es","potentialAction":[{"@type":"ReadAction","target":["https:\/\/positiveprints.com\/es\/producto\/onda-sonora-de-te-casarias-conmigo\/"]}]},{"@type":"ImageObject","inLanguage":"es","@id":"https:\/\/positiveprints.com\/es\/producto\/onda-sonora-de-te-casarias-conmigo\/#primaryimage","url":"https:\/\/positiveprints.com\/wp-content\/uploads\/2022\/07\/will-you-marry-me-soundwave-art.jpg","contentUrl":"https:\/\/positiveprints.com\/wp-content\/uploads\/2022\/07\/will-you-marry-me-soundwave-art.jpg","width":1080,"height":1080,"caption":"Art makes the perfect gift for a first anniversary, which is also known as the Paper anniversary."},{"@type":"BreadcrumbList","@id":"https:\/\/positiveprints.com\/es\/producto\/onda-sonora-de-te-casarias-conmigo\/#breadcrumb","itemListElement":[{"@type":"ListItem","position":1,"name":"CASA","item":"https:\/\/positiveprints.com\/es\/"},{"@type":"ListItem","position":2,"name":"Productos","item":"https:\/\/positiveprints.com\/es\/shop\/"},{"@type":"ListItem","position":3,"name":"Onda sonora de &#8220;\u00bfte casar\u00edas conmigo?&#8221;"}]},{"@type":"WebSite","@id":"https:\/\/positiveprints.com\/es\/#website","url":"https:\/\/positiveprints.com\/es\/","name":"Positive Prints","description":"Custom Gifts for Special Occasions","publisher":{"@id":"https:\/\/positiveprints.com\/es\/#organization"},"potentialAction":[{"@type":"SearchAction","target":{"@type":"EntryPoint","urlTemplate":"https:\/\/positiveprints.com\/es\/?s={search_term_string}"},"query-input":{"@type":"PropertyValueSpecification","valueRequired":true,"valueName":"search_term_string"}}],"inLanguage":"es"},{"@type":"Organization","@id":"https:\/\/positiveprints.com\/es\/#organization","name":"Positive Prints","alternateName":"Positive Prints ","url":"https:\/\/positiveprints.com\/es\/","logo":{"@type":"ImageObject","inLanguage":"es","@id":"https:\/\/positiveprints.com\/es\/#\/schema\/logo\/image\/","url":"https:\/\/positiveprints.com\/wp-content\/uploads\/2026\/03\/245815646_1337939713319158_5671353136411139666_n.png","contentUrl":"https:\/\/positiveprints.com\/wp-content\/uploads\/2026\/03\/245815646_1337939713319158_5671353136411139666_n.png","width":800,"height":800,"caption":"Positive Prints"},"image":{"@id":"https:\/\/positiveprints.com\/es\/#\/schema\/logo\/image\/"},"sameAs":["https:\/\/www.facebook.com\/positiveprintscom","https:\/\/www.instagram.com\/positiveprintscom\/","https:\/\/www.tiktok.com\/@positiveprintscom","https:\/\/www.pinterest.com\/positiveprintscom\/"]}]}},"jetpack_sharing_enabled":true,"_links":{"self":[{"href":"https:\/\/positiveprints.com\/es\/wp-json\/wp\/v2\/product\/363267","targetHints":{"allow":["GET"]}}],"collection":[{"href":"https:\/\/positiveprints.com\/es\/wp-json\/wp\/v2\/product"}],"about":[{"href":"https:\/\/positiveprints.com\/es\/wp-json\/wp\/v2\/types\/product"}],"wp:featuredmedia":[{"embeddable":true,"href":"https:\/\/positiveprints.com\/es\/wp-json\/wp\/v2\/media\/320936"}],"wp:attachment":[{"href":"https:\/\/positiveprints.com\/es\/wp-json\/wp\/v2\/media?parent=363267"}],"wp:term":[{"taxonomy":"product_brand","embeddable":true,"href":"https:\/\/positiveprints.com\/es\/wp-json\/wp\/v2\/product_brand?post=363267"},{"taxonomy":"product_cat","embeddable":true,"href":"https:\/\/positiveprints.com\/es\/wp-json\/wp\/v2\/product_cat?post=363267"},{"taxonomy":"product_tag","embeddable":true,"href":"https:\/\/positiveprints.com\/es\/wp-json\/wp\/v2\/product_tag?post=363267"}],"curies":[{"name":"wp","href":"https:\/\/api.w.org\/{rel}","templated":true}]}}