{"id":363207,"date":"2025-06-27T15:31:35","date_gmt":"2025-06-27T13:31:35","guid":{"rendered":"https:\/\/positiveprints.com\/?post_type=product&#038;p=363207"},"modified":"2026-04-18T02:35:41","modified_gmt":"2026-04-18T01:35:41","slug":"onda-sonora-conmemorativa","status":"publish","type":"product","link":"https:\/\/positiveprints.com\/es\/producto\/onda-sonora-conmemorativa\/","title":{"rendered":"Onda sonora conmemorativa"},"content":{"rendered":"","protected":false},"excerpt":{"rendered":"<ul class=\"check-list\">\n<li>Convierte la voz de tu ser querido en una emotiva obra de arte y mant\u00e9n viva su memoria<\/li>\n<li>Simplemente sube un archivo de audio<\/li>\n<li>Agrega un c\u00f3digo QR y escan\u00e9alo para agregar tu canci\u00f3n favorita<\/li>\n<li>Personal\u00edzala en tres sencillos pasos<\/li>\n<li>Elige una plantilla o pon manos a la obra<\/li>\n<\/ul>\n","protected":false},"featured_media":1469992,"template":"","meta":[],"product_brand":[],"product_cat":[7486,7997],"product_tag":[15409,15378,15379,15380,15382,15383,15384,15263,15385,15386],"class_list":{"0":"post-363207","1":"product","2":"type-product","3":"status-publish","4":"has-post-thumbnail","6":"product_cat-onda-sonora-es","7":"product_cat-regalos-para-dar-el-pesame","8":"product_tag-audio-es","9":"product_tag-condolence-gift-es","10":"product_tag-condolence-gifts-es","11":"product_tag-grief-support-gift-es","12":"product_tag-memorial-es","13":"product_tag-memorial-gift-es","14":"product_tag-remembrance-gift-es","15":"product_tag-sympathy-es-2","16":"product_tag-sympathy-gift-es","17":"product_tag-sympathy-gifts-es","19":"first","20":"instock","21":"sale","22":"taxable","23":"shipping-taxable","24":"purchasable","25":"product-type-variable"},"yoast_head":"<!-- This site is optimized with the Yoast SEO Premium plugin v27.2 (Yoast SEO v27.2) - https:\/\/yoast.com\/product\/yoast-seo-premium-wordpress\/ -->\n<title>Onda sonora conmemorativa - Positive Prints<\/title>\n<meta name=\"description\" content=\"Aterosa las palabras de un \u00e1ngel para toda la vida. Nuestra obra de arte mantendr\u00e1 viva la memoria a trav\u00e9s de una onda sonora conmemorativa.\" \/>\n<meta name=\"robots\" content=\"index, follow, max-snippet:-1, max-image-preview:large, max-video-preview:-1\" \/>\n<link rel=\"canonical\" href=\"https:\/\/positiveprints.com\/es\/producto\/onda-sonora-conmemorativa\/\" \/>\n<meta property=\"og:locale\" content=\"es_ES\" \/>\n<meta property=\"og:type\" content=\"article\" \/>\n<meta property=\"og:title\" content=\"Onda sonora conmemorativa\" \/>\n<meta property=\"og:description\" content=\"Convierte la voz de tu ser querido en una emotiva obra de arte y mant\u00e9n viva su memoria  Simplemente sube un archivo de audio  Agrega un c\u00f3digo QR y escan\u00e9alo para agregar tu canci\u00f3n favorita  Personal\u00edzala en tres sencillos pasos  Elige una plantilla o pon manos a la obra\" \/>\n<meta property=\"og:url\" content=\"https:\/\/positiveprints.com\/es\/producto\/onda-sonora-conmemorativa\/\" \/>\n<meta property=\"og:site_name\" content=\"Positive Prints\" \/>\n<meta property=\"article:publisher\" content=\"https:\/\/www.facebook.com\/positiveprintscom\" \/>\n<meta property=\"article:modified_time\" content=\"2026-04-18T01:35:41+00:00\" \/>\n<meta property=\"og:image\" content=\"https:\/\/positiveprints.com\/wp-content\/uploads\/2025\/07\/Packshot_ES_Onda-sonora-conmemorativa.webp\" \/>\n\t<meta property=\"og:image:width\" content=\"1450\" \/>\n\t<meta property=\"og:image:height\" content=\"1450\" \/>\n\t<meta property=\"og:image:type\" content=\"image\/webp\" \/>\n<meta name=\"twitter:card\" content=\"summary_large_image\" \/>\n<meta name=\"twitter:label1\" content=\"Tiempo de lectura\" \/>\n\t<meta name=\"twitter:data1\" content=\"1 minuto\" \/>\n<!-- \/ Yoast SEO Premium plugin. -->","yoast_head_json":{"title":"Onda sonora conmemorativa - Positive Prints","description":"Aterosa las palabras de un \u00e1ngel para toda la vida. Nuestra obra de arte mantendr\u00e1 viva la memoria a trav\u00e9s de una onda sonora conmemorativa.","robots":{"index":"index","follow":"follow","max-snippet":"max-snippet:-1","max-image-preview":"max-image-preview:large","max-video-preview":"max-video-preview:-1"},"canonical":"https:\/\/positiveprints.com\/es\/producto\/onda-sonora-conmemorativa\/","og_locale":"es_ES","og_type":"article","og_title":"Onda sonora conmemorativa","og_description":"Convierte la voz de tu ser querido en una emotiva obra de arte y mant\u00e9n viva su memoria  Simplemente sube un archivo de audio  Agrega un c\u00f3digo QR y escan\u00e9alo para agregar tu canci\u00f3n favorita  Personal\u00edzala en tres sencillos pasos  Elige una plantilla o pon manos a la obra","og_url":"https:\/\/positiveprints.com\/es\/producto\/onda-sonora-conmemorativa\/","og_site_name":"Positive Prints","article_publisher":"https:\/\/www.facebook.com\/positiveprintscom","article_modified_time":"2026-04-18T01:35:41+00:00","og_image":[{"width":1450,"height":1450,"url":"https:\/\/positiveprints.com\/wp-content\/uploads\/2025\/07\/Packshot_ES_Onda-sonora-conmemorativa.webp","type":"image\/webp"}],"twitter_card":"summary_large_image","twitter_misc":{"Tiempo de lectura":"1 minuto"},"schema":{"@context":"https:\/\/schema.org","@graph":[{"@type":["WebPage","ItemPage"],"@id":"https:\/\/positiveprints.com\/es\/producto\/onda-sonora-conmemorativa\/","url":"https:\/\/positiveprints.com\/es\/producto\/onda-sonora-conmemorativa\/","name":"Onda sonora conmemorativa - Positive Prints","isPartOf":{"@id":"https:\/\/positiveprints.com\/es\/#website"},"primaryImageOfPage":{"@id":"https:\/\/positiveprints.com\/es\/producto\/onda-sonora-conmemorativa\/#primaryimage"},"image":{"@id":"https:\/\/positiveprints.com\/es\/producto\/onda-sonora-conmemorativa\/#primaryimage"},"thumbnailUrl":"https:\/\/positiveprints.com\/wp-content\/uploads\/2025\/07\/Packshot_ES_Onda-sonora-conmemorativa.webp","datePublished":"2025-06-27T13:31:35+00:00","dateModified":"2026-04-18T01:35:41+00:00","description":"Aterosa las palabras de un \u00e1ngel para toda la vida. Nuestra obra de arte mantendr\u00e1 viva la memoria a trav\u00e9s de una onda sonora conmemorativa.","breadcrumb":{"@id":"https:\/\/positiveprints.com\/es\/producto\/onda-sonora-conmemorativa\/#breadcrumb"},"inLanguage":"es","potentialAction":[{"@type":"ReadAction","target":["https:\/\/positiveprints.com\/es\/producto\/onda-sonora-conmemorativa\/"]}]},{"@type":"ImageObject","inLanguage":"es","@id":"https:\/\/positiveprints.com\/es\/producto\/onda-sonora-conmemorativa\/#primaryimage","url":"https:\/\/positiveprints.com\/wp-content\/uploads\/2025\/07\/Packshot_ES_Onda-sonora-conmemorativa.webp","contentUrl":"https:\/\/positiveprints.com\/wp-content\/uploads\/2025\/07\/Packshot_ES_Onda-sonora-conmemorativa.webp","width":1450,"height":1450},{"@type":"BreadcrumbList","@id":"https:\/\/positiveprints.com\/es\/producto\/onda-sonora-conmemorativa\/#breadcrumb","itemListElement":[{"@type":"ListItem","position":1,"name":"CASA","item":"https:\/\/positiveprints.com\/es\/"},{"@type":"ListItem","position":2,"name":"Productos","item":"https:\/\/positiveprints.com\/es\/shop\/"},{"@type":"ListItem","position":3,"name":"Onda sonora conmemorativa"}]},{"@type":"WebSite","@id":"https:\/\/positiveprints.com\/es\/#website","url":"https:\/\/positiveprints.com\/es\/","name":"Positive Prints","description":"Custom Gifts for Special Occasions","publisher":{"@id":"https:\/\/positiveprints.com\/es\/#organization"},"potentialAction":[{"@type":"SearchAction","target":{"@type":"EntryPoint","urlTemplate":"https:\/\/positiveprints.com\/es\/?s={search_term_string}"},"query-input":{"@type":"PropertyValueSpecification","valueRequired":true,"valueName":"search_term_string"}}],"inLanguage":"es"},{"@type":"Organization","@id":"https:\/\/positiveprints.com\/es\/#organization","name":"Positive Prints","alternateName":"Positive Prints","url":"https:\/\/positiveprints.com\/es\/","logo":{"@type":"ImageObject","inLanguage":"es","@id":"https:\/\/positiveprints.com\/es\/#\/schema\/logo\/image\/","url":"https:\/\/positiveprints.com\/wp-content\/uploads\/2026\/03\/245815646_1337939713319158_5671353136411139666_n.png","contentUrl":"https:\/\/positiveprints.com\/wp-content\/uploads\/2026\/03\/245815646_1337939713319158_5671353136411139666_n.png","width":800,"height":800,"caption":"Positive Prints"},"image":{"@id":"https:\/\/positiveprints.com\/es\/#\/schema\/logo\/image\/"},"sameAs":["https:\/\/www.facebook.com\/positiveprintscom","https:\/\/www.instagram.com\/positiveprintscom\/","https:\/\/www.tiktok.com\/@positiveprintscom","https:\/\/www.pinterest.com\/positiveprintscom\/"]}]}},"jetpack_sharing_enabled":true,"_links":{"self":[{"href":"https:\/\/positiveprints.com\/es\/wp-json\/wp\/v2\/product\/363207","targetHints":{"allow":["GET"]}}],"collection":[{"href":"https:\/\/positiveprints.com\/es\/wp-json\/wp\/v2\/product"}],"about":[{"href":"https:\/\/positiveprints.com\/es\/wp-json\/wp\/v2\/types\/product"}],"wp:featuredmedia":[{"embeddable":true,"href":"https:\/\/positiveprints.com\/es\/wp-json\/wp\/v2\/media\/1469992"}],"wp:attachment":[{"href":"https:\/\/positiveprints.com\/es\/wp-json\/wp\/v2\/media?parent=363207"}],"wp:term":[{"taxonomy":"product_brand","embeddable":true,"href":"https:\/\/positiveprints.com\/es\/wp-json\/wp\/v2\/product_brand?post=363207"},{"taxonomy":"product_cat","embeddable":true,"href":"https:\/\/positiveprints.com\/es\/wp-json\/wp\/v2\/product_cat?post=363207"},{"taxonomy":"product_tag","embeddable":true,"href":"https:\/\/positiveprints.com\/es\/wp-json\/wp\/v2\/product_tag?post=363207"}],"curies":[{"name":"wp","href":"https:\/\/api.w.org\/{rel}","templated":true}]}}