{"id":362876,"date":"2022-07-22T20:53:04","date_gmt":"2022-07-22T19:53:04","guid":{"rendered":"https:\/\/positiveprints.com\/?post_type=product&#038;p=362876"},"modified":"2026-04-18T06:50:48","modified_gmt":"2026-04-18T05:50:48","slug":"onda-sonora-para-el-abuelo","status":"publish","type":"product","link":"https:\/\/positiveprints.com\/es\/producto\/onda-sonora-para-el-abuelo\/","title":{"rendered":"Onda sonora para el abuelo"},"content":{"rendered":"","protected":false},"excerpt":{"rendered":"<ul class=\"check-list\">\n<li>Expr\u00e9sale a tu abuelo todo tu amor y escr\u00edbele un mensaje especial para mostrarle cu\u00e1nto lo quieres<\/li>\n<li>Simplemente sube un archivo de audio<\/li>\n<li>Agrega un c\u00f3digo QR y escan\u00e9alo para agregar tu canci\u00f3n favorita<\/li>\n<li>Personal\u00edzala en tres sencillos pasos<\/li>\n<li>Elige una plantilla o pon manos a la obra<\/li>\n<\/ul>\n","protected":false},"featured_media":322013,"template":"","meta":[],"product_brand":[],"product_cat":[5270,11454,7613,7486],"product_tag":[8672,13351],"class_list":{"0":"post-362876","1":"product","2":"type-product","3":"status-publish","4":"has-post-thumbnail","6":"product_cat-regalos-de-navidad","7":"product_cat-regalos-de-navidad-para-abuelo","8":"product_cat-regalos-para-el-abuelo","9":"product_cat-onda-sonora-es","10":"product_tag-grandpa-es","11":"product_tag-regalo-de-navidad-para-un-abuelo","13":"first","14":"instock","15":"sale","16":"taxable","17":"shipping-taxable","18":"purchasable","19":"product-type-variable"},"yoast_head":"<!-- This site is optimized with the Yoast SEO Premium plugin v27.2 (Yoast SEO v27.2) - https:\/\/yoast.com\/product\/yoast-seo-premium-wordpress\/ -->\n<title>Onda sonora para el abuelo - Positive Prints<\/title>\n<meta name=\"description\" content=\"\u00bfQuieres darle a tu abuelo un regalo que disfrutar\u00e1 por la eternidad? Nuestra obra de arte es \u00fanica y creativa. \u00a1Crea la tuya hoy mismo!\" \/>\n<meta name=\"robots\" content=\"index, follow, max-snippet:-1, max-image-preview:large, max-video-preview:-1\" \/>\n<link rel=\"canonical\" href=\"https:\/\/positiveprints.com\/es\/producto\/onda-sonora-para-el-abuelo\/\" \/>\n<meta property=\"og:locale\" content=\"es_ES\" \/>\n<meta property=\"og:type\" content=\"article\" \/>\n<meta property=\"og:title\" content=\"Onda sonora para el abuelo\" \/>\n<meta property=\"og:description\" content=\"Expr\u00e9sale a tu abuelo todo tu amor y escr\u00edbele un mensaje especial para mostrarle cu\u00e1nto lo quieres Simplemente sube un archivo de audio Agrega un c\u00f3digo QR y escan\u00e9alo para agregar tu canci\u00f3n favorita Personal\u00edzala en tres sencillos pasos Elige una plantilla o pon manos a la obra\" \/>\n<meta property=\"og:url\" content=\"https:\/\/positiveprints.com\/es\/producto\/onda-sonora-para-el-abuelo\/\" \/>\n<meta property=\"og:site_name\" content=\"Positive Prints\" \/>\n<meta property=\"article:publisher\" content=\"https:\/\/www.facebook.com\/positiveprintscom\" \/>\n<meta property=\"article:modified_time\" content=\"2026-04-18T05:50:48+00:00\" \/>\n<meta property=\"og:image\" content=\"https:\/\/positiveprints.com\/wp-content\/uploads\/2022\/07\/i-love-you-papa-soundwave-art.jpg\" \/>\n\t<meta property=\"og:image:width\" content=\"1080\" \/>\n\t<meta property=\"og:image:height\" content=\"1080\" \/>\n\t<meta property=\"og:image:type\" content=\"image\/jpeg\" \/>\n<meta name=\"twitter:card\" content=\"summary_large_image\" \/>\n<!-- \/ Yoast SEO Premium plugin. -->","yoast_head_json":{"title":"Onda sonora para el abuelo - Positive Prints","description":"\u00bfQuieres darle a tu abuelo un regalo que disfrutar\u00e1 por la eternidad? Nuestra obra de arte es \u00fanica y creativa. \u00a1Crea la tuya hoy mismo!","robots":{"index":"index","follow":"follow","max-snippet":"max-snippet:-1","max-image-preview":"max-image-preview:large","max-video-preview":"max-video-preview:-1"},"canonical":"https:\/\/positiveprints.com\/es\/producto\/onda-sonora-para-el-abuelo\/","og_locale":"es_ES","og_type":"article","og_title":"Onda sonora para el abuelo","og_description":"Expr\u00e9sale a tu abuelo todo tu amor y escr\u00edbele un mensaje especial para mostrarle cu\u00e1nto lo quieres Simplemente sube un archivo de audio Agrega un c\u00f3digo QR y escan\u00e9alo para agregar tu canci\u00f3n favorita Personal\u00edzala en tres sencillos pasos Elige una plantilla o pon manos a la obra","og_url":"https:\/\/positiveprints.com\/es\/producto\/onda-sonora-para-el-abuelo\/","og_site_name":"Positive Prints","article_publisher":"https:\/\/www.facebook.com\/positiveprintscom","article_modified_time":"2026-04-18T05:50:48+00:00","og_image":[{"width":1080,"height":1080,"url":"https:\/\/positiveprints.com\/wp-content\/uploads\/2022\/07\/i-love-you-papa-soundwave-art.jpg","type":"image\/jpeg"}],"twitter_card":"summary_large_image","schema":{"@context":"https:\/\/schema.org","@graph":[{"@type":["WebPage","ItemPage"],"@id":"https:\/\/positiveprints.com\/es\/producto\/onda-sonora-para-el-abuelo\/","url":"https:\/\/positiveprints.com\/es\/producto\/onda-sonora-para-el-abuelo\/","name":"Onda sonora para el abuelo - Positive Prints","isPartOf":{"@id":"https:\/\/positiveprints.com\/es\/#website"},"primaryImageOfPage":{"@id":"https:\/\/positiveprints.com\/es\/producto\/onda-sonora-para-el-abuelo\/#primaryimage"},"image":{"@id":"https:\/\/positiveprints.com\/es\/producto\/onda-sonora-para-el-abuelo\/#primaryimage"},"thumbnailUrl":"https:\/\/positiveprints.com\/wp-content\/uploads\/2022\/07\/i-love-you-papa-soundwave-art.jpg","datePublished":"2022-07-22T19:53:04+00:00","dateModified":"2026-04-18T05:50:48+00:00","description":"\u00bfQuieres darle a tu abuelo un regalo que disfrutar\u00e1 por la eternidad? Nuestra obra de arte es \u00fanica y creativa. \u00a1Crea la tuya hoy mismo!","breadcrumb":{"@id":"https:\/\/positiveprints.com\/es\/producto\/onda-sonora-para-el-abuelo\/#breadcrumb"},"inLanguage":"es","potentialAction":[{"@type":"ReadAction","target":["https:\/\/positiveprints.com\/es\/producto\/onda-sonora-para-el-abuelo\/"]}]},{"@type":"ImageObject","inLanguage":"es","@id":"https:\/\/positiveprints.com\/es\/producto\/onda-sonora-para-el-abuelo\/#primaryimage","url":"https:\/\/positiveprints.com\/wp-content\/uploads\/2022\/07\/i-love-you-papa-soundwave-art.jpg","contentUrl":"https:\/\/positiveprints.com\/wp-content\/uploads\/2022\/07\/i-love-you-papa-soundwave-art.jpg","width":1080,"height":1080,"caption":"Capture the voice of a child or grandchild in a recording"},{"@type":"BreadcrumbList","@id":"https:\/\/positiveprints.com\/es\/producto\/onda-sonora-para-el-abuelo\/#breadcrumb","itemListElement":[{"@type":"ListItem","position":1,"name":"CASA","item":"https:\/\/positiveprints.com\/es\/"},{"@type":"ListItem","position":2,"name":"Productos","item":"https:\/\/positiveprints.com\/es\/shop\/"},{"@type":"ListItem","position":3,"name":"Onda sonora para el abuelo"}]},{"@type":"WebSite","@id":"https:\/\/positiveprints.com\/es\/#website","url":"https:\/\/positiveprints.com\/es\/","name":"Positive Prints","description":"Custom Gifts for Special Occasions","publisher":{"@id":"https:\/\/positiveprints.com\/es\/#organization"},"potentialAction":[{"@type":"SearchAction","target":{"@type":"EntryPoint","urlTemplate":"https:\/\/positiveprints.com\/es\/?s={search_term_string}"},"query-input":{"@type":"PropertyValueSpecification","valueRequired":true,"valueName":"search_term_string"}}],"inLanguage":"es"},{"@type":"Organization","@id":"https:\/\/positiveprints.com\/es\/#organization","name":"Positive Prints","alternateName":"Positive Prints","url":"https:\/\/positiveprints.com\/es\/","logo":{"@type":"ImageObject","inLanguage":"es","@id":"https:\/\/positiveprints.com\/es\/#\/schema\/logo\/image\/","url":"https:\/\/positiveprints.com\/wp-content\/uploads\/2026\/03\/245815646_1337939713319158_5671353136411139666_n.png","contentUrl":"https:\/\/positiveprints.com\/wp-content\/uploads\/2026\/03\/245815646_1337939713319158_5671353136411139666_n.png","width":800,"height":800,"caption":"Positive Prints"},"image":{"@id":"https:\/\/positiveprints.com\/es\/#\/schema\/logo\/image\/"},"sameAs":["https:\/\/www.facebook.com\/positiveprintscom","https:\/\/www.instagram.com\/positiveprintscom\/","https:\/\/www.tiktok.com\/@positiveprintscom","https:\/\/www.pinterest.com\/positiveprintscom\/"]}]}},"jetpack_sharing_enabled":true,"_links":{"self":[{"href":"https:\/\/positiveprints.com\/es\/wp-json\/wp\/v2\/product\/362876","targetHints":{"allow":["GET"]}}],"collection":[{"href":"https:\/\/positiveprints.com\/es\/wp-json\/wp\/v2\/product"}],"about":[{"href":"https:\/\/positiveprints.com\/es\/wp-json\/wp\/v2\/types\/product"}],"wp:featuredmedia":[{"embeddable":true,"href":"https:\/\/positiveprints.com\/es\/wp-json\/wp\/v2\/media\/322013"}],"wp:attachment":[{"href":"https:\/\/positiveprints.com\/es\/wp-json\/wp\/v2\/media?parent=362876"}],"wp:term":[{"taxonomy":"product_brand","embeddable":true,"href":"https:\/\/positiveprints.com\/es\/wp-json\/wp\/v2\/product_brand?post=362876"},{"taxonomy":"product_cat","embeddable":true,"href":"https:\/\/positiveprints.com\/es\/wp-json\/wp\/v2\/product_cat?post=362876"},{"taxonomy":"product_tag","embeddable":true,"href":"https:\/\/positiveprints.com\/es\/wp-json\/wp\/v2\/product_tag?post=362876"}],"curies":[{"name":"wp","href":"https:\/\/api.w.org\/{rel}","templated":true}]}}