{"id":362843,"date":"2022-07-22T21:10:07","date_gmt":"2022-07-22T20:10:07","guid":{"rendered":"https:\/\/positiveprints.com\/?post_type=product&#038;p=362843"},"modified":"2026-04-03T03:30:59","modified_gmt":"2026-04-03T02:30:59","slug":"onda-sonora-para-mama","status":"publish","type":"product","link":"https:\/\/positiveprints.com\/es\/producto\/onda-sonora-para-mama\/","title":{"rendered":"Onda sonora para mam\u00e1"},"content":{"rendered":"","protected":false},"excerpt":{"rendered":"<ul class=\"check-list\">\n<li>Conmemora la presencia de tu madre en tu vida y crea un homenaje eterno sobre su relaci\u00f3n<\/li>\n<li>Simplemente sube un archivo de audio<\/li>\n<li>Agrega un c\u00f3digo QR y escan\u00e9alo para agregar tu canci\u00f3n favorita<\/li>\n<li>Personal\u00edzala en tres sencillos pasos<\/li>\n<li>Elige una plantilla o pon manos a la obra<\/li>\n<\/ul>\n","protected":false},"featured_media":322112,"template":"","meta":[],"product_brand":[],"product_cat":[7279,5270,7486,11459,7709],"product_tag":[8408,11822],"class_list":{"0":"post-362843","1":"product","2":"type-product","3":"status-publish","4":"has-post-thumbnail","6":"product_cat-regalos-del-dia-de-las-madres","7":"product_cat-regalos-de-navidad","8":"product_cat-onda-sonora-es","9":"product_cat-regalos-de-navidad-para-mama","10":"product_cat-regalos-para-mama","11":"product_tag-mother-es","12":"product_tag-regalos-de-navidad-para-mama","14":"first","15":"instock","16":"sale","17":"taxable","18":"shipping-taxable","19":"purchasable","20":"product-type-variable"},"yoast_head":"<!-- This site is optimized with the Yoast SEO Premium plugin v27.2 (Yoast SEO v27.2) - https:\/\/yoast.com\/product\/yoast-seo-premium-wordpress\/ -->\n<title>Onda sonora para mam\u00e1 - Positive Prints<\/title>\n<meta name=\"description\" content=\"&quot;Te amo&quot; puede ser el sonido m\u00e1s lindo del mundo, especialmente cuando viene de alguien a quien amas. Convierte tus palabras en una onda sonora que diga &quot;te amo, mam\u00e1&quot;.\" \/>\n<meta name=\"robots\" content=\"index, follow, max-snippet:-1, max-image-preview:large, max-video-preview:-1\" \/>\n<link rel=\"canonical\" href=\"https:\/\/positiveprints.com\/es\/producto\/onda-sonora-para-mama\/\" \/>\n<meta property=\"og:locale\" content=\"es_ES\" \/>\n<meta property=\"og:type\" content=\"article\" \/>\n<meta property=\"og:title\" content=\"Onda sonora para mam\u00e1\" \/>\n<meta property=\"og:description\" content=\"Conmemora la presencia de tu madre en tu vida y crea un homenaje eterno sobre su relaci\u00f3n Simplemente sube un archivo de audio Agrega un c\u00f3digo QR y escan\u00e9alo para agregar tu canci\u00f3n favorita Personal\u00edzala en tres sencillos pasos Elige una plantilla o pon manos a la obra\" \/>\n<meta property=\"og:url\" content=\"https:\/\/positiveprints.com\/es\/producto\/onda-sonora-para-mama\/\" \/>\n<meta property=\"og:site_name\" content=\"Positive Prints\" \/>\n<meta property=\"article:publisher\" content=\"https:\/\/www.facebook.com\/positiveprintscom\" \/>\n<meta property=\"article:modified_time\" content=\"2026-04-03T02:30:59+00:00\" \/>\n<meta property=\"og:image\" content=\"https:\/\/positiveprints.com\/wp-content\/uploads\/2022\/07\/i-love-you-mommy-soundwave-art.jpg\" \/>\n\t<meta property=\"og:image:width\" content=\"1080\" \/>\n\t<meta property=\"og:image:height\" content=\"1080\" \/>\n\t<meta property=\"og:image:type\" content=\"image\/jpeg\" \/>\n<meta name=\"twitter:card\" content=\"summary_large_image\" \/>\n<!-- \/ Yoast SEO Premium plugin. -->","yoast_head_json":{"title":"Onda sonora para mam\u00e1 - Positive Prints","description":"\"Te amo\" puede ser el sonido m\u00e1s lindo del mundo, especialmente cuando viene de alguien a quien amas. Convierte tus palabras en una onda sonora que diga \"te amo, mam\u00e1\".","robots":{"index":"index","follow":"follow","max-snippet":"max-snippet:-1","max-image-preview":"max-image-preview:large","max-video-preview":"max-video-preview:-1"},"canonical":"https:\/\/positiveprints.com\/es\/producto\/onda-sonora-para-mama\/","og_locale":"es_ES","og_type":"article","og_title":"Onda sonora para mam\u00e1","og_description":"Conmemora la presencia de tu madre en tu vida y crea un homenaje eterno sobre su relaci\u00f3n Simplemente sube un archivo de audio Agrega un c\u00f3digo QR y escan\u00e9alo para agregar tu canci\u00f3n favorita Personal\u00edzala en tres sencillos pasos Elige una plantilla o pon manos a la obra","og_url":"https:\/\/positiveprints.com\/es\/producto\/onda-sonora-para-mama\/","og_site_name":"Positive Prints","article_publisher":"https:\/\/www.facebook.com\/positiveprintscom","article_modified_time":"2026-04-03T02:30:59+00:00","og_image":[{"width":1080,"height":1080,"url":"https:\/\/positiveprints.com\/wp-content\/uploads\/2022\/07\/i-love-you-mommy-soundwave-art.jpg","type":"image\/jpeg"}],"twitter_card":"summary_large_image","schema":{"@context":"https:\/\/schema.org","@graph":[{"@type":["WebPage","ItemPage"],"@id":"https:\/\/positiveprints.com\/es\/producto\/onda-sonora-para-mama\/","url":"https:\/\/positiveprints.com\/es\/producto\/onda-sonora-para-mama\/","name":"Onda sonora para mam\u00e1 - Positive Prints","isPartOf":{"@id":"https:\/\/positiveprints.com\/es\/#website"},"primaryImageOfPage":{"@id":"https:\/\/positiveprints.com\/es\/producto\/onda-sonora-para-mama\/#primaryimage"},"image":{"@id":"https:\/\/positiveprints.com\/es\/producto\/onda-sonora-para-mama\/#primaryimage"},"thumbnailUrl":"https:\/\/positiveprints.com\/wp-content\/uploads\/2022\/07\/i-love-you-mommy-soundwave-art.jpg","datePublished":"2022-07-22T20:10:07+00:00","dateModified":"2026-04-03T02:30:59+00:00","description":"\"Te amo\" puede ser el sonido m\u00e1s lindo del mundo, especialmente cuando viene de alguien a quien amas. Convierte tus palabras en una onda sonora que diga \"te amo, mam\u00e1\".","breadcrumb":{"@id":"https:\/\/positiveprints.com\/es\/producto\/onda-sonora-para-mama\/#breadcrumb"},"inLanguage":"es","potentialAction":[{"@type":"ReadAction","target":["https:\/\/positiveprints.com\/es\/producto\/onda-sonora-para-mama\/"]}]},{"@type":"ImageObject","inLanguage":"es","@id":"https:\/\/positiveprints.com\/es\/producto\/onda-sonora-para-mama\/#primaryimage","url":"https:\/\/positiveprints.com\/wp-content\/uploads\/2022\/07\/i-love-you-mommy-soundwave-art.jpg","contentUrl":"https:\/\/positiveprints.com\/wp-content\/uploads\/2022\/07\/i-love-you-mommy-soundwave-art.jpg","width":1080,"height":1080,"caption":"Turn your \u201cI Love You Mom\u201d into custom soundwave art"},{"@type":"BreadcrumbList","@id":"https:\/\/positiveprints.com\/es\/producto\/onda-sonora-para-mama\/#breadcrumb","itemListElement":[{"@type":"ListItem","position":1,"name":"CASA","item":"https:\/\/positiveprints.com\/es\/"},{"@type":"ListItem","position":2,"name":"Productos","item":"https:\/\/positiveprints.com\/es\/shop\/"},{"@type":"ListItem","position":3,"name":"Onda sonora para mam\u00e1"}]},{"@type":"WebSite","@id":"https:\/\/positiveprints.com\/es\/#website","url":"https:\/\/positiveprints.com\/es\/","name":"Positive Prints","description":"Custom Gifts for Special Occasions","publisher":{"@id":"https:\/\/positiveprints.com\/es\/#organization"},"potentialAction":[{"@type":"SearchAction","target":{"@type":"EntryPoint","urlTemplate":"https:\/\/positiveprints.com\/es\/?s={search_term_string}"},"query-input":{"@type":"PropertyValueSpecification","valueRequired":true,"valueName":"search_term_string"}}],"inLanguage":"es"},{"@type":"Organization","@id":"https:\/\/positiveprints.com\/es\/#organization","name":"Positive Prints","alternateName":"Positive Prints","url":"https:\/\/positiveprints.com\/es\/","logo":{"@type":"ImageObject","inLanguage":"es","@id":"https:\/\/positiveprints.com\/es\/#\/schema\/logo\/image\/","url":"https:\/\/positiveprints.com\/wp-content\/uploads\/2026\/03\/245815646_1337939713319158_5671353136411139666_n.png","contentUrl":"https:\/\/positiveprints.com\/wp-content\/uploads\/2026\/03\/245815646_1337939713319158_5671353136411139666_n.png","width":800,"height":800,"caption":"Positive Prints"},"image":{"@id":"https:\/\/positiveprints.com\/es\/#\/schema\/logo\/image\/"},"sameAs":["https:\/\/www.facebook.com\/positiveprintscom","https:\/\/www.instagram.com\/positiveprintscom\/","https:\/\/www.tiktok.com\/@positiveprintscom","https:\/\/www.pinterest.com\/positiveprintscom\/"]}]}},"jetpack_sharing_enabled":true,"_links":{"self":[{"href":"https:\/\/positiveprints.com\/es\/wp-json\/wp\/v2\/product\/362843","targetHints":{"allow":["GET"]}}],"collection":[{"href":"https:\/\/positiveprints.com\/es\/wp-json\/wp\/v2\/product"}],"about":[{"href":"https:\/\/positiveprints.com\/es\/wp-json\/wp\/v2\/types\/product"}],"wp:featuredmedia":[{"embeddable":true,"href":"https:\/\/positiveprints.com\/es\/wp-json\/wp\/v2\/media\/322112"}],"wp:attachment":[{"href":"https:\/\/positiveprints.com\/es\/wp-json\/wp\/v2\/media?parent=362843"}],"wp:term":[{"taxonomy":"product_brand","embeddable":true,"href":"https:\/\/positiveprints.com\/es\/wp-json\/wp\/v2\/product_brand?post=362843"},{"taxonomy":"product_cat","embeddable":true,"href":"https:\/\/positiveprints.com\/es\/wp-json\/wp\/v2\/product_cat?post=362843"},{"taxonomy":"product_tag","embeddable":true,"href":"https:\/\/positiveprints.com\/es\/wp-json\/wp\/v2\/product_tag?post=362843"}],"curies":[{"name":"wp","href":"https:\/\/api.w.org\/{rel}","templated":true}]}}