{"id":362716,"date":"2022-10-31T13:46:47","date_gmt":"2022-10-31T12:46:47","guid":{"rendered":"https:\/\/positiveprints.com\/?post_type=product&#038;p=362716"},"modified":"2026-04-12T22:49:26","modified_gmt":"2026-04-12T21:49:26","slug":"regalo-fotografico-de-cumpleanos","status":"publish","type":"product","link":"https:\/\/positiveprints.com\/es\/producto\/regalo-fotografico-de-cumpleanos\/","title":{"rendered":"Regalo fotogr\u00e1fico de cumplea\u00f1os"},"content":{"rendered":"Cada cumplea\u00f1os marca un momento, un d\u00eda para celebrar otro viaje alrededor del radiante sol. Infunde encanto a esta ocasi\u00f3n con un regalo fotogr\u00e1fico de cumplea\u00f1os que conmemore tu existencia en este mundo.\r\n\r\n<h2 class=\"grenB f24 cblue\" style=\"margin-top: 3rem;\">Celebra tu cumplea\u00f1os con mucho estilo<\/h2>\r\n\r\n<p style=\"margin-top: 1rem;\">\u00bfQu\u00e9 le regalas a alguien que aparentemente lo tiene todo y no desea nada? Puede que un regalo personalizado de cumplea\u00f1os no est\u00e9 en su lista de deseos, pero es algo que desea y no lo sabe. Tiene un toque personal y una singularidad inigualable, y le demuestra el esfuerzo que has puesto en su regalo. Despu\u00e9s de todo, un cumplea\u00f1os es el momento oportuno para honrar a esa persona extraordinaria en tu vida, y nada supera un regalo de cumplea\u00f1os que gira a su alrededor.<\/p>\r\n\r\n<p style=\"margin-top: 1rem;\">Positive Prints te ayuda a celebrar a tus seres queridos con incre\u00edbles impresiones personalizadas dise\u00f1adas especialmente para ellos. Elige las fotos que m\u00e1s te gusten de esa persona especial, ya sea un familiar o un amigo (\u00a1o de ustedes dos), y agr\u00e9gale un texto personalizado, como una cita, una palabra, la letra de una canci\u00f3n o algo que ustedes digan en confianza. \u00a1Todo esto har\u00e1 tu regalo a\u00fan m\u00e1s significativo! Es un regalo inesperado que sin duda ser\u00e1 atesorado por la eternidad.<\/p>\r\n\r\n<h2 class=\"grenB f24 cblue\" style=\"margin-top: 3rem;\">C\u00f3mo funciona<\/h2>\r\n\r\n<p style=\"margin-top: 1rem;\">\u00a1Positive Prints te convierte en un dise\u00f1ador de regalos fotogr\u00e1ficos en tres sencillos pasos!<\/p>\r\n\r\n<p style=\"margin-top: 1rem;\">Primero, selecciona una foto y s\u00fabela a nuestro editor en l\u00ednea. Revisa el rollo fotogr\u00e1fico de tu c\u00e1mara, extrae una foto del Internet o escanea una fotograf\u00eda f\u00edsica y s\u00fabela a tu computadora.<\/p>\r\n\r\n<p style=\"margin-top: 1rem;\">\u00a1Ahora es momento de personalizarla con textos! Juega con los colores y las fuentes, y haz que tu regalo fotogr\u00e1fico realmente brille. \u00a1No necesitas ser dise\u00f1ador o tener habilidades de dise\u00f1o para usar Positive Prints!<\/p>\r\n\r\n<p style=\"margin-top: 1rem;\">Por \u00faltimo, tendr\u00e1s varios tama\u00f1os y opciones de impresi\u00f3n de d\u00f3nde elegir para poder terminar tu regalo. Puedes elegir entre un p\u00f3ster o un lienzo fotogr\u00e1fico de cumplea\u00f1os, o seleccionar la opci\u00f3n de descarga digital para imprimirlo de manera local. Todas nuestras copias impresas se env\u00edan de manera gratuita a cualquier parte del mundo y llegan listas para solo llegar y entreg\u00e1rsela a esa persona especial.<\/p>\r\n\r\n<h2 class=\"grenB f24 cblue\" style=\"margin-top: 3rem;\">Crea tu regalo fotogr\u00e1fico de cumplea\u00f1os con Positive Prints<\/h2>\r\n\r\n<p style=\"margin-top: 1rem;\">\u00bfQuieres celebrar a tus seres queridos con mucho estilo? Lleva un regalo fotogr\u00e1fico a la fiesta y haz que ese d\u00eda sea el m\u00e1s especial de sus vidas.<\/p>","protected":false},"excerpt":{"rendered":"<ul class=\"check-list\">\n<li>Convierte el cumplea\u00f1os de tus amigos en un momento inolvidable: celebra su vida con un precioso regalo fotogr\u00e1fico<\/li>\n<li>Agrega textos superpuestos para hacer tu regalo a\u00fan m\u00e1s especial y significativo<\/li>\n<li>Personal\u00edzalo en tres sencillos pasos<\/li>\n<li>Ve el resultado de inmediato: la vista previa interactiva te permite perfeccionar cada detalle<\/li>\n<\/ul>\n","protected":false},"featured_media":332948,"template":"","meta":[],"product_brand":[],"product_cat":[7501,3128,11219,11220,8012,7693],"product_tag":[8471,15095],"class_list":{"0":"post-362716","1":"product","2":"type-product","3":"status-publish","4":"has-post-thumbnail","6":"product_cat-foto-es","7":"product_cat-regalos-de-cumpleanos","8":"product_cat-regalos-de-cumpleanos-para-mujeres","9":"product_cat-regalos-de-cumpleanos-para-hombres","10":"product_cat-regalos-para-hombres","11":"product_cat-regalos-para-mujeres","12":"product_tag-birthday-es","13":"product_tag-birthday-pl-es","15":"first","16":"instock","17":"sale","18":"taxable","19":"shipping-taxable","20":"purchasable","21":"product-type-variable"},"yoast_head":"<!-- This site is optimized with the Yoast SEO Premium plugin v27.2 (Yoast SEO v27.2) - https:\/\/yoast.com\/product\/yoast-seo-premium-wordpress\/ -->\n<title>Regalo fotogr\u00e1fico de cumplea\u00f1os - Positive Prints<\/title>\n<meta name=\"description\" content=\"Celebra cada cumplea\u00f1os con un regalo personalizado de cumplea\u00f1os. Agrega la foto y el texto de tu elecci\u00f3n.\" \/>\n<meta name=\"robots\" content=\"index, follow, max-snippet:-1, max-image-preview:large, max-video-preview:-1\" \/>\n<link rel=\"canonical\" href=\"https:\/\/positiveprints.com\/es\/producto\/regalo-fotografico-de-cumpleanos\/\" \/>\n<meta property=\"og:locale\" content=\"es_ES\" \/>\n<meta property=\"og:type\" content=\"article\" \/>\n<meta property=\"og:title\" content=\"Regalo fotogr\u00e1fico de cumplea\u00f1os\" \/>\n<meta property=\"og:description\" content=\"Convierte el cumplea\u00f1os de tus amigos en un momento inolvidable: celebra su vida con un precioso regalo fotogr\u00e1fico Agrega textos superpuestos para hacer tu regalo a\u00fan m\u00e1s especial y significativo Personal\u00edzalo en tres sencillos pasos Ve el resultado de inmediato: la vista previa interactiva te permite perfeccionar cada detalle\" \/>\n<meta property=\"og:url\" content=\"https:\/\/positiveprints.com\/es\/producto\/regalo-fotografico-de-cumpleanos\/\" \/>\n<meta property=\"og:site_name\" content=\"Positive Prints\" \/>\n<meta property=\"article:publisher\" content=\"https:\/\/www.facebook.com\/positiveprintscom\" \/>\n<meta property=\"article:modified_time\" content=\"2026-04-12T21:49:26+00:00\" \/>\n<meta property=\"og:image\" content=\"https:\/\/positiveprints.com\/wp-content\/uploads\/2022\/08\/birthday-photo-gift.jpg\" \/>\n\t<meta property=\"og:image:width\" content=\"1080\" \/>\n\t<meta property=\"og:image:height\" content=\"1080\" \/>\n\t<meta property=\"og:image:type\" content=\"image\/jpeg\" \/>\n<meta name=\"twitter:card\" content=\"summary_large_image\" \/>\n<!-- \/ Yoast SEO Premium plugin. -->","yoast_head_json":{"title":"Regalo fotogr\u00e1fico de cumplea\u00f1os - Positive Prints","description":"Celebra cada cumplea\u00f1os con un regalo personalizado de cumplea\u00f1os. Agrega la foto y el texto de tu elecci\u00f3n.","robots":{"index":"index","follow":"follow","max-snippet":"max-snippet:-1","max-image-preview":"max-image-preview:large","max-video-preview":"max-video-preview:-1"},"canonical":"https:\/\/positiveprints.com\/es\/producto\/regalo-fotografico-de-cumpleanos\/","og_locale":"es_ES","og_type":"article","og_title":"Regalo fotogr\u00e1fico de cumplea\u00f1os","og_description":"Convierte el cumplea\u00f1os de tus amigos en un momento inolvidable: celebra su vida con un precioso regalo fotogr\u00e1fico Agrega textos superpuestos para hacer tu regalo a\u00fan m\u00e1s especial y significativo Personal\u00edzalo en tres sencillos pasos Ve el resultado de inmediato: la vista previa interactiva te permite perfeccionar cada detalle","og_url":"https:\/\/positiveprints.com\/es\/producto\/regalo-fotografico-de-cumpleanos\/","og_site_name":"Positive Prints","article_publisher":"https:\/\/www.facebook.com\/positiveprintscom","article_modified_time":"2026-04-12T21:49:26+00:00","og_image":[{"width":1080,"height":1080,"url":"https:\/\/positiveprints.com\/wp-content\/uploads\/2022\/08\/birthday-photo-gift.jpg","type":"image\/jpeg"}],"twitter_card":"summary_large_image","schema":{"@context":"https:\/\/schema.org","@graph":[{"@type":["WebPage","ItemPage"],"@id":"https:\/\/positiveprints.com\/es\/producto\/regalo-fotografico-de-cumpleanos\/","url":"https:\/\/positiveprints.com\/es\/producto\/regalo-fotografico-de-cumpleanos\/","name":"Regalo fotogr\u00e1fico de cumplea\u00f1os - Positive Prints","isPartOf":{"@id":"https:\/\/positiveprints.com\/es\/#website"},"primaryImageOfPage":{"@id":"https:\/\/positiveprints.com\/es\/producto\/regalo-fotografico-de-cumpleanos\/#primaryimage"},"image":{"@id":"https:\/\/positiveprints.com\/es\/producto\/regalo-fotografico-de-cumpleanos\/#primaryimage"},"thumbnailUrl":"https:\/\/positiveprints.com\/wp-content\/uploads\/2022\/08\/birthday-photo-gift.jpg","datePublished":"2022-10-31T12:46:47+00:00","dateModified":"2026-04-12T21:49:26+00:00","description":"Celebra cada cumplea\u00f1os con un regalo personalizado de cumplea\u00f1os. Agrega la foto y el texto de tu elecci\u00f3n.","breadcrumb":{"@id":"https:\/\/positiveprints.com\/es\/producto\/regalo-fotografico-de-cumpleanos\/#breadcrumb"},"inLanguage":"es","potentialAction":[{"@type":"ReadAction","target":["https:\/\/positiveprints.com\/es\/producto\/regalo-fotografico-de-cumpleanos\/"]}]},{"@type":"ImageObject","inLanguage":"es","@id":"https:\/\/positiveprints.com\/es\/producto\/regalo-fotografico-de-cumpleanos\/#primaryimage","url":"https:\/\/positiveprints.com\/wp-content\/uploads\/2022\/08\/birthday-photo-gift.jpg","contentUrl":"https:\/\/positiveprints.com\/wp-content\/uploads\/2022\/08\/birthday-photo-gift.jpg","width":1080,"height":1080,"caption":"Bring a birthday photo gift to the party and help them enjoy their special day."},{"@type":"BreadcrumbList","@id":"https:\/\/positiveprints.com\/es\/producto\/regalo-fotografico-de-cumpleanos\/#breadcrumb","itemListElement":[{"@type":"ListItem","position":1,"name":"CASA","item":"https:\/\/positiveprints.com\/es\/"},{"@type":"ListItem","position":2,"name":"Productos","item":"https:\/\/positiveprints.com\/es\/shop\/"},{"@type":"ListItem","position":3,"name":"Regalo fotogr\u00e1fico de cumplea\u00f1os"}]},{"@type":"WebSite","@id":"https:\/\/positiveprints.com\/es\/#website","url":"https:\/\/positiveprints.com\/es\/","name":"Positive Prints","description":"Custom Gifts for Special Occasions","publisher":{"@id":"https:\/\/positiveprints.com\/es\/#organization"},"potentialAction":[{"@type":"SearchAction","target":{"@type":"EntryPoint","urlTemplate":"https:\/\/positiveprints.com\/es\/?s={search_term_string}"},"query-input":{"@type":"PropertyValueSpecification","valueRequired":true,"valueName":"search_term_string"}}],"inLanguage":"es"},{"@type":"Organization","@id":"https:\/\/positiveprints.com\/es\/#organization","name":"Positive Prints","alternateName":"Positive Prints","url":"https:\/\/positiveprints.com\/es\/","logo":{"@type":"ImageObject","inLanguage":"es","@id":"https:\/\/positiveprints.com\/es\/#\/schema\/logo\/image\/","url":"https:\/\/positiveprints.com\/wp-content\/uploads\/2026\/03\/245815646_1337939713319158_5671353136411139666_n.png","contentUrl":"https:\/\/positiveprints.com\/wp-content\/uploads\/2026\/03\/245815646_1337939713319158_5671353136411139666_n.png","width":800,"height":800,"caption":"Positive Prints"},"image":{"@id":"https:\/\/positiveprints.com\/es\/#\/schema\/logo\/image\/"},"sameAs":["https:\/\/www.facebook.com\/positiveprintscom","https:\/\/www.instagram.com\/positiveprintscom\/","https:\/\/www.tiktok.com\/@positiveprintscom","https:\/\/www.pinterest.com\/positiveprintscom\/"]}]}},"jetpack_sharing_enabled":true,"_links":{"self":[{"href":"https:\/\/positiveprints.com\/es\/wp-json\/wp\/v2\/product\/362716","targetHints":{"allow":["GET"]}}],"collection":[{"href":"https:\/\/positiveprints.com\/es\/wp-json\/wp\/v2\/product"}],"about":[{"href":"https:\/\/positiveprints.com\/es\/wp-json\/wp\/v2\/types\/product"}],"wp:featuredmedia":[{"embeddable":true,"href":"https:\/\/positiveprints.com\/es\/wp-json\/wp\/v2\/media\/332948"}],"wp:attachment":[{"href":"https:\/\/positiveprints.com\/es\/wp-json\/wp\/v2\/media?parent=362716"}],"wp:term":[{"taxonomy":"product_brand","embeddable":true,"href":"https:\/\/positiveprints.com\/es\/wp-json\/wp\/v2\/product_brand?post=362716"},{"taxonomy":"product_cat","embeddable":true,"href":"https:\/\/positiveprints.com\/es\/wp-json\/wp\/v2\/product_cat?post=362716"},{"taxonomy":"product_tag","embeddable":true,"href":"https:\/\/positiveprints.com\/es\/wp-json\/wp\/v2\/product_tag?post=362716"}],"curies":[{"name":"wp","href":"https:\/\/api.w.org\/{rel}","templated":true}]}}