{"id":362713,"date":"2022-10-31T13:39:36","date_gmt":"2022-10-31T12:39:36","guid":{"rendered":"https:\/\/positiveprints.com\/?post_type=product&#038;p=362713"},"modified":"2026-04-12T22:49:27","modified_gmt":"2026-04-12T21:49:27","slug":"onda-sonora-del-si-acepto","status":"publish","type":"product","link":"https:\/\/positiveprints.com\/es\/producto\/onda-sonora-del-si-acepto\/","title":{"rendered":"Onda sonora del &#8220;s\u00ed, acepto&#8221;"},"content":{"rendered":"<p>El \u201cs\u00ed, acepto\u201d de tu pareja fue m\u00fasica m\u00e1gica para tus o\u00eddos. Atesora ese momento atemporal con una obra de arte con ondas sonoras del \u201cs\u00ed, acepto\u201d.<\/p>\n\n\n\n\n\n<h2 class=\"grenB f24 cblue\" style=\"margin-top: 3rem\">Un \u201cs\u00ed, acepto\u201d personalizado<\/h2>\n\n\n\n<p style=\"margin-top: 1rem\">El d\u00eda de tu boda ocupa un lugar especial entre tus recuerdos m\u00e1s preciados; un d\u00eda que se repite continuamente en los pasillos de tu mente. Para revivir esos momentos, puedes transformar tus votos matrimoniales en una impresionante obra de arte para tu hogar. Nuestras impresiones de ondas sonoras personalizadas convierten la esencia de tus votos en una obra maestra visual. S\u00e9 testigo de la representaci\u00f3n visual de tus votos y disfruta del placer de reproducirlos una y otra vez con tan solo escanear el c\u00f3digo integrado.<\/p>\n\n\n\n<p style=\"margin-top: 1rem\">Cada obra de arte es una creaci\u00f3n verdaderamente \u00fanica porque cuenta con una voz distintiva. Es el regalo de aniversario m\u00e1s personal e inolvidable que puedes dar. Tu ser amado nunca dejar\u00e1 de sentir deleite al escuchar sus \u201cs\u00ed, acepto\u201d.<\/p>\n\n\n\n\n\n<h2 class=\"grenB f24 cblue\" style=\"margin-top: 3rem\">C\u00f3mo funciona<\/h2>\n\n\n\n<p style=\"margin-top: 1rem\">Hemos dise\u00f1ado herramientas de creaci\u00f3n fotogr\u00e1fica para que cualquiera puede utilizarlas. Solo necesitas cargar tu archivo de audio a nuestro editor y combinarlo con una plantilla predise\u00f1ada. Mira c\u00f3mo tu onda sonora va cobrando vida con cada cambio que haces. Agrega un texto personalizado, destaca los detalles del d\u00eda de tu boda, como la fecha, el lugar de la iglesia o recepci\u00f3n, y mucho m\u00e1s.<\/p>\n\n\n\n<p style=\"margin-top: 1rem\">Todas nuestras obras con ondas sonoras se imprimen poco despu\u00e9s de realizar tu pedido y se env\u00edan de forma gratuita a cualquier parte del mundo. Sin embargo, si tienes un poco de prisa, puedes elegir un archivo de descarga instant\u00e1neo para que puedas imprimir tu dise\u00f1o de forma local.<\/p>\n\n\n\n<h2 class=\"grenB f24 cblue\" style=\"margin-top: 3rem\">Sorprende con un regalo personalizado de aniversario<\/h2>\n\n\n\n<p style=\"margin-top: 1rem\">Un regalo personalizado emana de lo m\u00e1s profundo de tu coraz\u00f3n. Significa tiempo y esfuerzo que dedicaste a encontrar algo realmente especial. Una onda sonora encapsula en el tiempo un momento que seguir\u00e1 brindando alegr\u00eda al que la vea. \u00a1Comienza hoy mismo!<\/p>","protected":false},"excerpt":{"rendered":"<ul class=\"check-list\">\n<li>Captura la onda sonora del momento que dijiste &#8220;s\u00ed, acepto&#8221;, y atesora tus votos matrimoniales para la eternidad<\/li>\n<li>Simplemente sube un archivo de audio<\/li>\n<li>Agrega un c\u00f3digo QR y escan\u00e9alo para agregar tu canci\u00f3n favorita<\/li>\n<li>Personal\u00edzala en tres sencillos pasos<\/li>\n<li>Elige una plantilla o pon manos a la obra<\/li>\n<\/ul>\n","protected":false},"featured_media":631449,"template":"","meta":[],"product_brand":[],"product_cat":[7486],"product_tag":[9092,14923],"class_list":{"0":"post-362713","1":"product","2":"type-product","3":"status-publish","4":"has-post-thumbnail","6":"product_cat-onda-sonora-es","7":"product_tag-aniversario","8":"product_tag-anniversary-es","10":"first","11":"instock","12":"sale","13":"taxable","14":"shipping-taxable","15":"purchasable","16":"product-type-variable"},"yoast_head":"<!-- This site is optimized with the Yoast SEO Premium plugin v27.2 (Yoast SEO v27.2) - https:\/\/yoast.com\/product\/yoast-seo-premium-wordpress\/ -->\n<title>Onda sonora del &quot;s\u00ed, acepto&quot; - Positive Prints<\/title>\n<meta name=\"description\" content=\"Ning\u00fan d\u00eda destaca m\u00e1s como el d\u00eda que dijiste s\u00ed, acepto. Convierte estas palabras llenas de amor en un recuerdo a trav\u00e9s de una onda sonora personalizada.\" \/>\n<meta name=\"robots\" content=\"index, follow, max-snippet:-1, max-image-preview:large, max-video-preview:-1\" \/>\n<link rel=\"canonical\" href=\"https:\/\/positiveprints.com\/es\/producto\/onda-sonora-del-si-acepto\/\" \/>\n<meta property=\"og:locale\" content=\"es_ES\" \/>\n<meta property=\"og:type\" content=\"article\" \/>\n<meta property=\"og:title\" content=\"Onda sonora del &quot;s\u00ed, acepto&quot;\" \/>\n<meta property=\"og:description\" content=\"Captura la onda sonora del momento que dijiste &quot;s\u00ed, acepto&quot;, y atesora tus votos matrimoniales para la eternidad  Simplemente sube un archivo de audio  Agrega un c\u00f3digo QR y escan\u00e9alo para agregar tu canci\u00f3n favorita  Personal\u00edzala en tres sencillos pasos  Elige una plantilla o pon manos a la obra\" \/>\n<meta property=\"og:url\" content=\"https:\/\/positiveprints.com\/es\/producto\/onda-sonora-del-si-acepto\/\" \/>\n<meta property=\"og:site_name\" content=\"Positive Prints\" \/>\n<meta property=\"article:publisher\" content=\"https:\/\/www.facebook.com\/positiveprintscom\" \/>\n<meta property=\"article:modified_time\" content=\"2026-04-12T21:49:27+00:00\" \/>\n<meta property=\"og:image\" content=\"https:\/\/positiveprints.com\/wp-content\/uploads\/2023\/07\/Onda-sonora-del-si-acepto.jpg\" \/>\n\t<meta property=\"og:image:width\" content=\"1080\" \/>\n\t<meta property=\"og:image:height\" content=\"1080\" \/>\n\t<meta property=\"og:image:type\" content=\"image\/jpeg\" \/>\n<meta name=\"twitter:card\" content=\"summary_large_image\" \/>\n<!-- \/ Yoast SEO Premium plugin. -->","yoast_head_json":{"title":"Onda sonora del \"s\u00ed, acepto\" - Positive Prints","description":"Ning\u00fan d\u00eda destaca m\u00e1s como el d\u00eda que dijiste s\u00ed, acepto. Convierte estas palabras llenas de amor en un recuerdo a trav\u00e9s de una onda sonora personalizada.","robots":{"index":"index","follow":"follow","max-snippet":"max-snippet:-1","max-image-preview":"max-image-preview:large","max-video-preview":"max-video-preview:-1"},"canonical":"https:\/\/positiveprints.com\/es\/producto\/onda-sonora-del-si-acepto\/","og_locale":"es_ES","og_type":"article","og_title":"Onda sonora del \"s\u00ed, acepto\"","og_description":"Captura la onda sonora del momento que dijiste \"s\u00ed, acepto\", y atesora tus votos matrimoniales para la eternidad  Simplemente sube un archivo de audio  Agrega un c\u00f3digo QR y escan\u00e9alo para agregar tu canci\u00f3n favorita  Personal\u00edzala en tres sencillos pasos  Elige una plantilla o pon manos a la obra","og_url":"https:\/\/positiveprints.com\/es\/producto\/onda-sonora-del-si-acepto\/","og_site_name":"Positive Prints","article_publisher":"https:\/\/www.facebook.com\/positiveprintscom","article_modified_time":"2026-04-12T21:49:27+00:00","og_image":[{"width":1080,"height":1080,"url":"https:\/\/positiveprints.com\/wp-content\/uploads\/2023\/07\/Onda-sonora-del-si-acepto.jpg","type":"image\/jpeg"}],"twitter_card":"summary_large_image","schema":{"@context":"https:\/\/schema.org","@graph":[{"@type":["WebPage","ItemPage"],"@id":"https:\/\/positiveprints.com\/es\/producto\/onda-sonora-del-si-acepto\/","url":"https:\/\/positiveprints.com\/es\/producto\/onda-sonora-del-si-acepto\/","name":"Onda sonora del \"s\u00ed, acepto\" - Positive Prints","isPartOf":{"@id":"https:\/\/positiveprints.com\/es\/#website"},"primaryImageOfPage":{"@id":"https:\/\/positiveprints.com\/es\/producto\/onda-sonora-del-si-acepto\/#primaryimage"},"image":{"@id":"https:\/\/positiveprints.com\/es\/producto\/onda-sonora-del-si-acepto\/#primaryimage"},"thumbnailUrl":"https:\/\/positiveprints.com\/wp-content\/uploads\/2023\/07\/Onda-sonora-del-si-acepto.jpg","datePublished":"2022-10-31T12:39:36+00:00","dateModified":"2026-04-12T21:49:27+00:00","description":"Ning\u00fan d\u00eda destaca m\u00e1s como el d\u00eda que dijiste s\u00ed, acepto. Convierte estas palabras llenas de amor en un recuerdo a trav\u00e9s de una onda sonora personalizada.","breadcrumb":{"@id":"https:\/\/positiveprints.com\/es\/producto\/onda-sonora-del-si-acepto\/#breadcrumb"},"inLanguage":"es","potentialAction":[{"@type":"ReadAction","target":["https:\/\/positiveprints.com\/es\/producto\/onda-sonora-del-si-acepto\/"]}]},{"@type":"ImageObject","inLanguage":"es","@id":"https:\/\/positiveprints.com\/es\/producto\/onda-sonora-del-si-acepto\/#primaryimage","url":"https:\/\/positiveprints.com\/wp-content\/uploads\/2023\/07\/Onda-sonora-del-si-acepto.jpg","contentUrl":"https:\/\/positiveprints.com\/wp-content\/uploads\/2023\/07\/Onda-sonora-del-si-acepto.jpg","width":1080,"height":1080,"caption":"Onda sonora del s\u00ed acepto"},{"@type":"BreadcrumbList","@id":"https:\/\/positiveprints.com\/es\/producto\/onda-sonora-del-si-acepto\/#breadcrumb","itemListElement":[{"@type":"ListItem","position":1,"name":"CASA","item":"https:\/\/positiveprints.com\/es\/"},{"@type":"ListItem","position":2,"name":"Productos","item":"https:\/\/positiveprints.com\/es\/shop\/"},{"@type":"ListItem","position":3,"name":"Onda sonora del &#8220;s\u00ed, acepto&#8221;"}]},{"@type":"WebSite","@id":"https:\/\/positiveprints.com\/es\/#website","url":"https:\/\/positiveprints.com\/es\/","name":"Positive Prints","description":"Custom Gifts for Special Occasions","publisher":{"@id":"https:\/\/positiveprints.com\/es\/#organization"},"potentialAction":[{"@type":"SearchAction","target":{"@type":"EntryPoint","urlTemplate":"https:\/\/positiveprints.com\/es\/?s={search_term_string}"},"query-input":{"@type":"PropertyValueSpecification","valueRequired":true,"valueName":"search_term_string"}}],"inLanguage":"es"},{"@type":"Organization","@id":"https:\/\/positiveprints.com\/es\/#organization","name":"Positive Prints","alternateName":"Positive Prints","url":"https:\/\/positiveprints.com\/es\/","logo":{"@type":"ImageObject","inLanguage":"es","@id":"https:\/\/positiveprints.com\/es\/#\/schema\/logo\/image\/","url":"https:\/\/positiveprints.com\/wp-content\/uploads\/2026\/03\/245815646_1337939713319158_5671353136411139666_n.png","contentUrl":"https:\/\/positiveprints.com\/wp-content\/uploads\/2026\/03\/245815646_1337939713319158_5671353136411139666_n.png","width":800,"height":800,"caption":"Positive Prints"},"image":{"@id":"https:\/\/positiveprints.com\/es\/#\/schema\/logo\/image\/"},"sameAs":["https:\/\/www.facebook.com\/positiveprintscom","https:\/\/www.instagram.com\/positiveprintscom\/","https:\/\/www.tiktok.com\/@positiveprintscom","https:\/\/www.pinterest.com\/positiveprintscom\/"]}]}},"jetpack_sharing_enabled":true,"_links":{"self":[{"href":"https:\/\/positiveprints.com\/es\/wp-json\/wp\/v2\/product\/362713","targetHints":{"allow":["GET"]}}],"collection":[{"href":"https:\/\/positiveprints.com\/es\/wp-json\/wp\/v2\/product"}],"about":[{"href":"https:\/\/positiveprints.com\/es\/wp-json\/wp\/v2\/types\/product"}],"wp:featuredmedia":[{"embeddable":true,"href":"https:\/\/positiveprints.com\/es\/wp-json\/wp\/v2\/media\/631449"}],"wp:attachment":[{"href":"https:\/\/positiveprints.com\/es\/wp-json\/wp\/v2\/media?parent=362713"}],"wp:term":[{"taxonomy":"product_brand","embeddable":true,"href":"https:\/\/positiveprints.com\/es\/wp-json\/wp\/v2\/product_brand?post=362713"},{"taxonomy":"product_cat","embeddable":true,"href":"https:\/\/positiveprints.com\/es\/wp-json\/wp\/v2\/product_cat?post=362713"},{"taxonomy":"product_tag","embeddable":true,"href":"https:\/\/positiveprints.com\/es\/wp-json\/wp\/v2\/product_tag?post=362713"}],"curies":[{"name":"wp","href":"https:\/\/api.w.org\/{rel}","templated":true}]}}