{"id":362232,"date":"2022-08-23T10:05:36","date_gmt":"2022-08-23T09:05:36","guid":{"rendered":"https:\/\/positiveprints.com\/?post_type=product&#038;p=362232"},"modified":"2026-04-23T11:46:35","modified_gmt":"2026-04-23T10:46:35","slug":"bienvenidos-a-mi-fiesta-de-compromiso","status":"publish","type":"product","link":"https:\/\/positiveprints.com\/es\/producto\/bienvenidos-a-mi-fiesta-de-compromiso\/","title":{"rendered":"Bienvenidos a mi fiesta de compromiso"},"content":{"rendered":"\u00a1Inicia la fiesta con un letrero de bienvenida para tu fiesta de compromiso! Este hermoso detalle fotogr\u00e1fico puede mostrarse en la entrada del lugar de tu fiesta de compromiso para establecer el ambiente. Estos recuerdos ocupar\u00e1n su lugar en la entrada y dejar\u00e1n una impresi\u00f3n duradera en los invitados.\r\n\r\n<h2 class=\"grenB f24 cblue\" style=\"margin-top: 3rem;\">\u00bfQu\u00e9 es \u201cbienvenidos a mi fiesta de compromiso\u201d?<\/h2>\r\n\r\n<p style=\"margin-top: 1rem;\">Los letreros juegan un papel importante para guiar a los invitados, establecer el ambiente y fomentar una atm\u00f3sfera agradable durante el evento. En el caso de las fiestas de compromiso, la atenci\u00f3n se centra en la felicidad de la pareja que se casar\u00e1 dentro de poco.<\/p>\r\n\r\n<p style=\"margin-top: 1rem;\">Nuestros letreros de bienvenida para fiestas de compromiso cuentan con una fotograf\u00eda de la pareja, acompa\u00f1ada de un texto personalizado que acent\u00faa los detalles del evento. Ya sea que se coloquen en la entrada de la recepci\u00f3n o cerca de la mesa de regalos, estos letreros crean una oportunidad para que los invitados se re\u00fanan a hablar del nuevo lazo que la pareja compartir\u00e1. \u00a1Incluso puedes adornar tu nuevo hogar con este dise\u00f1o mucho despu\u00e9s del d\u00eda de la boda!<\/p>\r\n\r\n<h2 class=\"grenB f24 cblue\" style=\"margin-top: 3rem;\">C\u00f3mo funciona<\/h2>\r\n\r\n<p style=\"margin-top: 1rem;\">Positive Prints te permite convertirte en un artista con su editor en l\u00ednea. Solo debes subir la foto que m\u00e1s te guste, incluir detalles personalizados y seleccionar el tama\u00f1o y el m\u00e9todo de env\u00edo que desees. En cuesti\u00f3n de minutos, tendr\u00e1s un maravilloso letrero para dar la bienvenida a tu fiesta de compromiso o un regalo personalizado de compromiso para deslumbrar a la pareja que se casar\u00e1. Es un detalle destinado a convertirse en un recuerdo de su uni\u00f3n.<\/p>\r\n\r\n<p style=\"margin-top: 1rem;\">Comienza con una fotograf\u00eda. Podr\u00eda ser una foto profesional o una foto espont\u00e1nea que muestre a la pareja disfrutando de alg\u00fan momento juntos. Luego, dec\u00f3ralo con un texto que conmemore la ocasi\u00f3n, como la fecha de la fiesta, la fecha estimada de la boda, los nombres de los novios o cualquier detalle que haga \u00fanico tu regalo. Por \u00faltimo, deber\u00e1s elegir c\u00f3mo recibir tu creaci\u00f3n: como un p\u00f3ster de alta calidad, un lienzo o un archivo de descarga. Nos hemos encargado de simplificar el proceso para que puedas entregar tu regalo fotogr\u00e1fico r\u00e1pidamente.<\/p>\r\n\r\n<h2 class=\"grenB f24 cblue\" style=\"margin-top: 3rem;\">\u00a1Celebra tu compromiso y recu\u00e9rdalo para siempre!<\/h2>\r\n\r\n<p style=\"margin-top: 1rem;\">Un compromiso marca el comienzo de una historia de amor eterna, destinada a ser atesorada por generaciones. Celebra esta ocasi\u00f3n con un letrero de bienvenida personalizado. \u00a1Emprende tu viaje creativo hoy mismo!<\/p>","protected":false},"excerpt":{"rendered":"<ul class=\"check-list\">\n<li>Haz que tu fiesta de compromiso sea inolvidable: impresiona a tus invitados con un cartel de bienvenida personalizado<\/li>\n<li>Agrega textos superpuestos para hacer tu regalo a\u00fan m\u00e1s especial y significativo<\/li>\n<li>Personal\u00edzalo en tres sencillos pasos<\/li>\n<li>Ve el resultado de inmediato: la vista previa interactiva te permite perfeccionar cada detalle<\/li>\n<\/ul>\n","protected":false},"featured_media":620575,"template":"","meta":[],"product_brand":[],"product_cat":[7501],"product_tag":[8440],"class_list":{"0":"post-362232","1":"product","2":"type-product","3":"status-publish","4":"has-post-thumbnail","6":"product_cat-foto-es","7":"product_tag-compromiso","9":"first","10":"instock","11":"sale","12":"taxable","13":"shipping-taxable","14":"purchasable","15":"product-type-variable"},"yoast_head":"<!-- This site is optimized with the Yoast SEO Premium plugin v27.2 (Yoast SEO v27.2) - https:\/\/yoast.com\/product\/yoast-seo-premium-wordpress\/ -->\n<title>Bienvenidos a mi fiesta de compromiso - Positive Prints<\/title>\n<meta name=\"description\" content=\"Un letrero de bienvenida para tu fiesta de compromiso te permite dar inicio a uno de los eventos m\u00e1s felices de tu vida.\" \/>\n<meta name=\"robots\" content=\"index, follow, max-snippet:-1, max-image-preview:large, max-video-preview:-1\" \/>\n<link rel=\"canonical\" href=\"https:\/\/positiveprints.com\/es\/producto\/bienvenidos-a-mi-fiesta-de-compromiso\/\" \/>\n<meta property=\"og:locale\" content=\"es_ES\" \/>\n<meta property=\"og:type\" content=\"article\" \/>\n<meta property=\"og:title\" content=\"Bienvenidos a mi fiesta de compromiso\" \/>\n<meta property=\"og:description\" content=\"Haz que tu fiesta de compromiso sea inolvidable: impresiona a tus invitados con un cartel de bienvenida personalizado Agrega textos superpuestos para hacer tu regalo a\u00fan m\u00e1s especial y significativo Personal\u00edzalo en tres sencillos pasos Ve el resultado de inmediato: la vista previa interactiva te permite perfeccionar cada detalle\" \/>\n<meta property=\"og:url\" content=\"https:\/\/positiveprints.com\/es\/producto\/bienvenidos-a-mi-fiesta-de-compromiso\/\" \/>\n<meta property=\"og:site_name\" content=\"Positive Prints\" \/>\n<meta property=\"article:publisher\" content=\"https:\/\/www.facebook.com\/positiveprintscom\" \/>\n<meta property=\"article:modified_time\" content=\"2026-04-23T10:46:35+00:00\" \/>\n<meta property=\"og:image\" content=\"https:\/\/positiveprints.com\/wp-content\/uploads\/2022\/08\/engagement-party-welcome-sign-1.jpg\" \/>\n\t<meta property=\"og:image:width\" content=\"1080\" \/>\n\t<meta property=\"og:image:height\" content=\"1080\" \/>\n\t<meta property=\"og:image:type\" content=\"image\/jpeg\" \/>\n<meta name=\"twitter:card\" content=\"summary_large_image\" \/>\n<!-- \/ Yoast SEO Premium plugin. -->","yoast_head_json":{"title":"Bienvenidos a mi fiesta de compromiso - Positive Prints","description":"Un letrero de bienvenida para tu fiesta de compromiso te permite dar inicio a uno de los eventos m\u00e1s felices de tu vida.","robots":{"index":"index","follow":"follow","max-snippet":"max-snippet:-1","max-image-preview":"max-image-preview:large","max-video-preview":"max-video-preview:-1"},"canonical":"https:\/\/positiveprints.com\/es\/producto\/bienvenidos-a-mi-fiesta-de-compromiso\/","og_locale":"es_ES","og_type":"article","og_title":"Bienvenidos a mi fiesta de compromiso","og_description":"Haz que tu fiesta de compromiso sea inolvidable: impresiona a tus invitados con un cartel de bienvenida personalizado Agrega textos superpuestos para hacer tu regalo a\u00fan m\u00e1s especial y significativo Personal\u00edzalo en tres sencillos pasos Ve el resultado de inmediato: la vista previa interactiva te permite perfeccionar cada detalle","og_url":"https:\/\/positiveprints.com\/es\/producto\/bienvenidos-a-mi-fiesta-de-compromiso\/","og_site_name":"Positive Prints","article_publisher":"https:\/\/www.facebook.com\/positiveprintscom","article_modified_time":"2026-04-23T10:46:35+00:00","og_image":[{"width":1080,"height":1080,"url":"https:\/\/positiveprints.com\/wp-content\/uploads\/2022\/08\/engagement-party-welcome-sign-1.jpg","type":"image\/jpeg"}],"twitter_card":"summary_large_image","schema":{"@context":"https:\/\/schema.org","@graph":[{"@type":["WebPage","ItemPage"],"@id":"https:\/\/positiveprints.com\/es\/producto\/bienvenidos-a-mi-fiesta-de-compromiso\/","url":"https:\/\/positiveprints.com\/es\/producto\/bienvenidos-a-mi-fiesta-de-compromiso\/","name":"Bienvenidos a mi fiesta de compromiso - Positive Prints","isPartOf":{"@id":"https:\/\/positiveprints.com\/es\/#website"},"primaryImageOfPage":{"@id":"https:\/\/positiveprints.com\/es\/producto\/bienvenidos-a-mi-fiesta-de-compromiso\/#primaryimage"},"image":{"@id":"https:\/\/positiveprints.com\/es\/producto\/bienvenidos-a-mi-fiesta-de-compromiso\/#primaryimage"},"thumbnailUrl":"https:\/\/positiveprints.com\/wp-content\/uploads\/2022\/08\/engagement-party-welcome-sign-1.jpg","datePublished":"2022-08-23T09:05:36+00:00","dateModified":"2026-04-23T10:46:35+00:00","description":"Un letrero de bienvenida para tu fiesta de compromiso te permite dar inicio a uno de los eventos m\u00e1s felices de tu vida.","breadcrumb":{"@id":"https:\/\/positiveprints.com\/es\/producto\/bienvenidos-a-mi-fiesta-de-compromiso\/#breadcrumb"},"inLanguage":"es","potentialAction":[{"@type":"ReadAction","target":["https:\/\/positiveprints.com\/es\/producto\/bienvenidos-a-mi-fiesta-de-compromiso\/"]}]},{"@type":"ImageObject","inLanguage":"es","@id":"https:\/\/positiveprints.com\/es\/producto\/bienvenidos-a-mi-fiesta-de-compromiso\/#primaryimage","url":"https:\/\/positiveprints.com\/wp-content\/uploads\/2022\/08\/engagement-party-welcome-sign-1.jpg","contentUrl":"https:\/\/positiveprints.com\/wp-content\/uploads\/2022\/08\/engagement-party-welcome-sign-1.jpg","width":1080,"height":1080,"caption":"engagement party welcome sign"},{"@type":"BreadcrumbList","@id":"https:\/\/positiveprints.com\/es\/producto\/bienvenidos-a-mi-fiesta-de-compromiso\/#breadcrumb","itemListElement":[{"@type":"ListItem","position":1,"name":"CASA","item":"https:\/\/positiveprints.com\/es\/"},{"@type":"ListItem","position":2,"name":"Productos","item":"https:\/\/positiveprints.com\/es\/shop\/"},{"@type":"ListItem","position":3,"name":"Bienvenidos a mi fiesta de compromiso"}]},{"@type":"WebSite","@id":"https:\/\/positiveprints.com\/es\/#website","url":"https:\/\/positiveprints.com\/es\/","name":"Positive Prints","description":"Custom Gifts for Special Occasions","publisher":{"@id":"https:\/\/positiveprints.com\/es\/#organization"},"potentialAction":[{"@type":"SearchAction","target":{"@type":"EntryPoint","urlTemplate":"https:\/\/positiveprints.com\/es\/?s={search_term_string}"},"query-input":{"@type":"PropertyValueSpecification","valueRequired":true,"valueName":"search_term_string"}}],"inLanguage":"es"},{"@type":"Organization","@id":"https:\/\/positiveprints.com\/es\/#organization","name":"Positive Prints","alternateName":"Positive Prints ","url":"https:\/\/positiveprints.com\/es\/","logo":{"@type":"ImageObject","inLanguage":"es","@id":"https:\/\/positiveprints.com\/es\/#\/schema\/logo\/image\/","url":"https:\/\/positiveprints.com\/wp-content\/uploads\/2026\/03\/245815646_1337939713319158_5671353136411139666_n.png","contentUrl":"https:\/\/positiveprints.com\/wp-content\/uploads\/2026\/03\/245815646_1337939713319158_5671353136411139666_n.png","width":800,"height":800,"caption":"Positive Prints"},"image":{"@id":"https:\/\/positiveprints.com\/es\/#\/schema\/logo\/image\/"},"sameAs":["https:\/\/www.facebook.com\/positiveprintscom","https:\/\/www.instagram.com\/positiveprintscom\/","https:\/\/www.tiktok.com\/@positiveprintscom","https:\/\/www.pinterest.com\/positiveprintscom\/"]}]}},"jetpack_sharing_enabled":true,"_links":{"self":[{"href":"https:\/\/positiveprints.com\/es\/wp-json\/wp\/v2\/product\/362232","targetHints":{"allow":["GET"]}}],"collection":[{"href":"https:\/\/positiveprints.com\/es\/wp-json\/wp\/v2\/product"}],"about":[{"href":"https:\/\/positiveprints.com\/es\/wp-json\/wp\/v2\/types\/product"}],"wp:featuredmedia":[{"embeddable":true,"href":"https:\/\/positiveprints.com\/es\/wp-json\/wp\/v2\/media\/620575"}],"wp:attachment":[{"href":"https:\/\/positiveprints.com\/es\/wp-json\/wp\/v2\/media?parent=362232"}],"wp:term":[{"taxonomy":"product_brand","embeddable":true,"href":"https:\/\/positiveprints.com\/es\/wp-json\/wp\/v2\/product_brand?post=362232"},{"taxonomy":"product_cat","embeddable":true,"href":"https:\/\/positiveprints.com\/es\/wp-json\/wp\/v2\/product_cat?post=362232"},{"taxonomy":"product_tag","embeddable":true,"href":"https:\/\/positiveprints.com\/es\/wp-json\/wp\/v2\/product_tag?post=362232"}],"curies":[{"name":"wp","href":"https:\/\/api.w.org\/{rel}","templated":true}]}}