{"id":362196,"date":"2022-08-23T13:10:06","date_gmt":"2022-08-23T12:10:06","guid":{"rendered":"https:\/\/positiveprints.com\/?post_type=product&#038;p=362196"},"modified":"2026-04-12T23:09:49","modified_gmt":"2026-04-12T22:09:49","slug":"obra-fotografica-familiar","status":"publish","type":"product","link":"https:\/\/positiveprints.com\/es\/producto\/obra-fotografica-familiar\/","title":{"rendered":"Obra fotogr\u00e1fica familiar"},"content":{"rendered":"","protected":false},"excerpt":{"rendered":"<ul class=\"check-list\">\n<li>Dale vida a los momentos m\u00e1s especiales de la familia y muestra tu foto familiar favorita de manera \u00fanica y elegante<\/li>\n<li>Agrega textos superpuestos para hacer tu regalo a\u00fan m\u00e1s especial y significativo<\/li>\n<li>Personal\u00edzalo en tres sencillos pasos<\/li>\n<li>Ve el resultado de inmediato: la vista previa interactiva te permite perfeccionar cada detalle<\/li>\n<\/ul>\n","protected":false},"featured_media":333505,"template":"","meta":[],"product_brand":[],"product_cat":[7501,8997,5254,5293,5270,15060,11460,11458,7661,7773,7853,7821],"product_tag":[8541,13469],"class_list":{"0":"post-362196","1":"product","2":"type-product","3":"status-publish","4":"has-post-thumbnail","6":"product_cat-foto-es","7":"product_cat-dia-de-los-abuelos","8":"product_cat-regalos-de-nacimiento-de-bebe","9":"product_cat-regalos-para-mudanzas","10":"product_cat-regalos-de-navidad","11":"product_cat-regalos-de-navidad-para-la-familia","12":"product_cat-regalos-de-navidad-para-los-padres","13":"product_cat-regalos-de-navidad-para-los-ninos","14":"product_cat-regalos-para-mi-hijo","15":"product_cat-regalos-para-mi-hija","16":"product_cat-regalos-para-la-familia","17":"product_cat-regalos-para-padres-primerizos","18":"product_tag-family-es","19":"product_tag-regalos-de-navidad-para-la-familia","21":"first","22":"instock","23":"sale","24":"taxable","25":"shipping-taxable","26":"purchasable","27":"product-type-variable"},"yoast_head":"<!-- This site is optimized with the Yoast SEO Premium plugin v27.2 (Yoast SEO v27.2) - https:\/\/yoast.com\/product\/yoast-seo-premium-wordpress\/ -->\n<title>Obra fotogr\u00e1fica familiar - Positive Prints<\/title>\n<meta name=\"description\" content=\"Si\u00e9ntete orgulloso de tu familia que va en aumento. Captura los momentos m\u00e1s hermosos con nuestro arte de pared para fotos familiares.\" \/>\n<meta name=\"robots\" content=\"index, follow, max-snippet:-1, max-image-preview:large, max-video-preview:-1\" \/>\n<link rel=\"canonical\" href=\"https:\/\/positiveprints.com\/es\/producto\/obra-fotografica-familiar\/\" \/>\n<meta property=\"og:locale\" content=\"es_ES\" \/>\n<meta property=\"og:type\" content=\"article\" \/>\n<meta property=\"og:title\" content=\"Obra fotogr\u00e1fica familiar\" \/>\n<meta property=\"og:description\" content=\"Dale vida a los momentos m\u00e1s especiales de la familia y muestra tu foto familiar favorita de manera \u00fanica y elegante Agrega textos superpuestos para hacer tu regalo a\u00fan m\u00e1s especial y significativo Personal\u00edzalo en tres sencillos pasos Ve el resultado de inmediato: la vista previa interactiva te permite perfeccionar cada detalle\" \/>\n<meta property=\"og:url\" content=\"https:\/\/positiveprints.com\/es\/producto\/obra-fotografica-familiar\/\" \/>\n<meta property=\"og:site_name\" content=\"Positive Prints\" \/>\n<meta property=\"article:publisher\" content=\"https:\/\/www.facebook.com\/positiveprintscom\" \/>\n<meta property=\"article:modified_time\" content=\"2026-04-12T22:09:49+00:00\" \/>\n<meta property=\"og:image\" content=\"https:\/\/positiveprints.com\/wp-content\/uploads\/2022\/08\/family-photo-wall-art.jpg\" \/>\n\t<meta property=\"og:image:width\" content=\"1080\" \/>\n\t<meta property=\"og:image:height\" content=\"1080\" \/>\n\t<meta property=\"og:image:type\" content=\"image\/jpeg\" \/>\n<meta name=\"twitter:card\" content=\"summary_large_image\" \/>\n<!-- \/ Yoast SEO Premium plugin. -->","yoast_head_json":{"title":"Obra fotogr\u00e1fica familiar - Positive Prints","description":"Si\u00e9ntete orgulloso de tu familia que va en aumento. Captura los momentos m\u00e1s hermosos con nuestro arte de pared para fotos familiares.","robots":{"index":"index","follow":"follow","max-snippet":"max-snippet:-1","max-image-preview":"max-image-preview:large","max-video-preview":"max-video-preview:-1"},"canonical":"https:\/\/positiveprints.com\/es\/producto\/obra-fotografica-familiar\/","og_locale":"es_ES","og_type":"article","og_title":"Obra fotogr\u00e1fica familiar","og_description":"Dale vida a los momentos m\u00e1s especiales de la familia y muestra tu foto familiar favorita de manera \u00fanica y elegante Agrega textos superpuestos para hacer tu regalo a\u00fan m\u00e1s especial y significativo Personal\u00edzalo en tres sencillos pasos Ve el resultado de inmediato: la vista previa interactiva te permite perfeccionar cada detalle","og_url":"https:\/\/positiveprints.com\/es\/producto\/obra-fotografica-familiar\/","og_site_name":"Positive Prints","article_publisher":"https:\/\/www.facebook.com\/positiveprintscom","article_modified_time":"2026-04-12T22:09:49+00:00","og_image":[{"width":1080,"height":1080,"url":"https:\/\/positiveprints.com\/wp-content\/uploads\/2022\/08\/family-photo-wall-art.jpg","type":"image\/jpeg"}],"twitter_card":"summary_large_image","schema":{"@context":"https:\/\/schema.org","@graph":[{"@type":["WebPage","ItemPage"],"@id":"https:\/\/positiveprints.com\/es\/producto\/obra-fotografica-familiar\/","url":"https:\/\/positiveprints.com\/es\/producto\/obra-fotografica-familiar\/","name":"Obra fotogr\u00e1fica familiar - Positive Prints","isPartOf":{"@id":"https:\/\/positiveprints.com\/es\/#website"},"primaryImageOfPage":{"@id":"https:\/\/positiveprints.com\/es\/producto\/obra-fotografica-familiar\/#primaryimage"},"image":{"@id":"https:\/\/positiveprints.com\/es\/producto\/obra-fotografica-familiar\/#primaryimage"},"thumbnailUrl":"https:\/\/positiveprints.com\/wp-content\/uploads\/2022\/08\/family-photo-wall-art.jpg","datePublished":"2022-08-23T12:10:06+00:00","dateModified":"2026-04-12T22:09:49+00:00","description":"Si\u00e9ntete orgulloso de tu familia que va en aumento. Captura los momentos m\u00e1s hermosos con nuestro arte de pared para fotos familiares.","breadcrumb":{"@id":"https:\/\/positiveprints.com\/es\/producto\/obra-fotografica-familiar\/#breadcrumb"},"inLanguage":"es","potentialAction":[{"@type":"ReadAction","target":["https:\/\/positiveprints.com\/es\/producto\/obra-fotografica-familiar\/"]}]},{"@type":"ImageObject","inLanguage":"es","@id":"https:\/\/positiveprints.com\/es\/producto\/obra-fotografica-familiar\/#primaryimage","url":"https:\/\/positiveprints.com\/wp-content\/uploads\/2022\/08\/family-photo-wall-art.jpg","contentUrl":"https:\/\/positiveprints.com\/wp-content\/uploads\/2022\/08\/family-photo-wall-art.jpg","width":1080,"height":1080,"caption":"High-quality family photo prints that are perfect for framing and hanging"},{"@type":"BreadcrumbList","@id":"https:\/\/positiveprints.com\/es\/producto\/obra-fotografica-familiar\/#breadcrumb","itemListElement":[{"@type":"ListItem","position":1,"name":"CASA","item":"https:\/\/positiveprints.com\/es\/"},{"@type":"ListItem","position":2,"name":"Productos","item":"https:\/\/positiveprints.com\/es\/shop\/"},{"@type":"ListItem","position":3,"name":"Obra fotogr\u00e1fica familiar"}]},{"@type":"WebSite","@id":"https:\/\/positiveprints.com\/es\/#website","url":"https:\/\/positiveprints.com\/es\/","name":"Positive Prints","description":"Custom Gifts for Special Occasions","publisher":{"@id":"https:\/\/positiveprints.com\/es\/#organization"},"potentialAction":[{"@type":"SearchAction","target":{"@type":"EntryPoint","urlTemplate":"https:\/\/positiveprints.com\/es\/?s={search_term_string}"},"query-input":{"@type":"PropertyValueSpecification","valueRequired":true,"valueName":"search_term_string"}}],"inLanguage":"es"},{"@type":"Organization","@id":"https:\/\/positiveprints.com\/es\/#organization","name":"Positive Prints","alternateName":"Positive Prints","url":"https:\/\/positiveprints.com\/es\/","logo":{"@type":"ImageObject","inLanguage":"es","@id":"https:\/\/positiveprints.com\/es\/#\/schema\/logo\/image\/","url":"https:\/\/positiveprints.com\/wp-content\/uploads\/2026\/03\/245815646_1337939713319158_5671353136411139666_n.png","contentUrl":"https:\/\/positiveprints.com\/wp-content\/uploads\/2026\/03\/245815646_1337939713319158_5671353136411139666_n.png","width":800,"height":800,"caption":"Positive Prints"},"image":{"@id":"https:\/\/positiveprints.com\/es\/#\/schema\/logo\/image\/"},"sameAs":["https:\/\/www.facebook.com\/positiveprintscom","https:\/\/www.instagram.com\/positiveprintscom\/","https:\/\/www.tiktok.com\/@positiveprintscom","https:\/\/www.pinterest.com\/positiveprintscom\/"]}]}},"jetpack_sharing_enabled":true,"_links":{"self":[{"href":"https:\/\/positiveprints.com\/es\/wp-json\/wp\/v2\/product\/362196","targetHints":{"allow":["GET"]}}],"collection":[{"href":"https:\/\/positiveprints.com\/es\/wp-json\/wp\/v2\/product"}],"about":[{"href":"https:\/\/positiveprints.com\/es\/wp-json\/wp\/v2\/types\/product"}],"wp:featuredmedia":[{"embeddable":true,"href":"https:\/\/positiveprints.com\/es\/wp-json\/wp\/v2\/media\/333505"}],"wp:attachment":[{"href":"https:\/\/positiveprints.com\/es\/wp-json\/wp\/v2\/media?parent=362196"}],"wp:term":[{"taxonomy":"product_brand","embeddable":true,"href":"https:\/\/positiveprints.com\/es\/wp-json\/wp\/v2\/product_brand?post=362196"},{"taxonomy":"product_cat","embeddable":true,"href":"https:\/\/positiveprints.com\/es\/wp-json\/wp\/v2\/product_cat?post=362196"},{"taxonomy":"product_tag","embeddable":true,"href":"https:\/\/positiveprints.com\/es\/wp-json\/wp\/v2\/product_tag?post=362196"}],"curies":[{"name":"wp","href":"https:\/\/api.w.org\/{rel}","templated":true}]}}