{"id":362168,"date":"2022-10-28T14:57:05","date_gmt":"2022-10-28T13:57:05","guid":{"rendered":"https:\/\/positiveprints.com\/?post_type=product&#038;p=362168"},"modified":"2026-04-12T22:50:37","modified_gmt":"2026-04-12T21:50:37","slug":"onda-sonora-para-decir-feliz-cumpleanos","status":"publish","type":"product","link":"https:\/\/positiveprints.com\/es\/producto\/onda-sonora-para-decir-feliz-cumpleanos\/","title":{"rendered":"Onda sonora para decir &#8220;feliz cumplea\u00f1os&#8221;"},"content":{"rendered":"<p>\u201cFeliz cumplea\u00f1os\u201d es una frase que ha adornado tus o\u00eddos innumerables veces a lo largo de tu vida. Sin embargo, su significado se profundiza cuando la pronuncian aquellos que ocupan un lugar importante en tu coraz\u00f3n. Transforma sus voces en tesoros eternos a trav\u00e9s de nuestra obra maestra: la onda sonora para decir \u201cfeliz cumplea\u00f1os\u201d.<\/p>\n\n\n\n\n\n<h2 class=\"grenB f24 cblue\" style=\"margin-top: 3rem\">Los deseos de cumplea\u00f1os que atesorar\u00e1s por siempre<\/h2>\n\n\n\n<p style=\"margin-top: 1rem\">Cada cumplea\u00f1os tiene una esencia especial, pero no es porque hayas dado otra vuelta alrededor del sol. Es la alegr\u00eda de conmemorar la ocasi\u00f3n con tus seres queridos. Por eso, nuestro arte con ondas sonoras de cumplea\u00f1os es el regalo m\u00e1s especial que puedes dar y recibir.<\/p>\n\n\n\n<p style=\"margin-top: 1rem\">Tomamos la grabaci\u00f3n de un ser querido expresando sus m\u00e1s sinceros deseos de cumplea\u00f1os o incluso cantando la melod\u00eda completa y la transformamos en una impresionante obra de arte personalizada. Solo necesitas escanear tu c\u00f3digo QR para disfrutar de la voz de tu ser querido cuando quieras. Aunque nuestros seres queridos ya no puedan celebrar sus cumplea\u00f1os, nuestros p\u00f3steres de ondas sonoras ayudan a conservar sus voces y guardar los sentimientos que alguna vez compartieron, como un simple \u201cfeliz cumplea\u00f1os\u201d.<\/p>\n\n\n\n\n\n<h2 class=\"grenB f24 cblue\" style=\"margin-top: 3rem\">Una forma creativa de decir \u201cfeliz cumplea\u00f1os\u201d<\/h2>\n\n\n\n<p style=\"margin-top: 1rem\">Con Positive Prints, crear arte visual a partir de un sonido es muy f\u00e1cil. Nuestra tecnolog\u00eda est\u00e1 dise\u00f1ada para transformar cualquier audio en una obra maestra atemporal que las pr\u00f3ximas generaciones pueden apreciar. Al cargar un archivo de audio, podr\u00e1s ser testigo de c\u00f3mo tu arte sonoro va cobrando vida.<\/p>\n\n\n\n<p style=\"margin-top: 1rem\">Selecciona una de nuestras plantillas predise\u00f1adas para agregarle color y contexto a tu onda sonora. Agrega subt\u00edtulos o un texto que te ayude a representar tu historia. Luego elige el formato que mejor se adapte a tus necesidades: un p\u00f3ster impreso, un lienzo o una descarga digital instant\u00e1nea. Nada supera la personalidad de un regalo hecho a la medida que te permita permanecer cerca de tus seres queridos, incluso cuando ya no est\u00e1n presentes para celebrar a tu lado.<\/p>\n\n\n\n<h2 class=\"grenB f24 cblue\" style=\"margin-top: 3rem\">Los mejores regalos de \u201cfeliz cumplea\u00f1os\u201d<\/h2>\n\n\n\n<p style=\"margin-top: 1rem\">Captura la esencia de tus seres queridos con nuestra onda sonora para decir feliz cumplea\u00f1os. Es el regalo que nunca deja de dar. Ad\u00e1ptalo al contenido de tu coraz\u00f3n y entrega un detalle que nunca dejar\u00e1 de ser apreciado. Comienza a dise\u00f1ar hoy mismo.<\/p>","protected":false},"excerpt":{"rendered":"<ul class=\"check-list\">\n<li>Sorprende a tus amigos y familiares con un regalo \u00fanico que viene del coraz\u00f3n que captura la esencia de tus buenos deseos<\/li>\n<li>Simplemente sube un archivo de audio<\/li>\n<li>Agrega un c\u00f3digo QR y escan\u00e9alo para agregar tu canci\u00f3n favorita<\/li>\n<li>Personal\u00edzala en tres sencillos pasos<\/li>\n<li>Elige una plantilla o pon manos a la obra<\/li>\n<\/ul>\n","protected":false},"featured_media":982455,"template":"","meta":[],"product_brand":[],"product_cat":[3128,11219,11220,7486],"product_tag":[8471,15095],"class_list":{"0":"post-362168","1":"product","2":"type-product","3":"status-publish","4":"has-post-thumbnail","6":"product_cat-regalos-de-cumpleanos","7":"product_cat-regalos-de-cumpleanos-para-mujeres","8":"product_cat-regalos-de-cumpleanos-para-hombres","9":"product_cat-onda-sonora-es","10":"product_tag-birthday-es","11":"product_tag-birthday-pl-es","13":"first","14":"instock","15":"sale","16":"taxable","17":"shipping-taxable","18":"purchasable","19":"product-type-variable"},"yoast_head":"<!-- This site is optimized with the Yoast SEO Premium plugin v27.2 (Yoast SEO v27.2) - https:\/\/yoast.com\/product\/yoast-seo-premium-wordpress\/ -->\n<title>Onda sonora para decir &quot;feliz cumplea\u00f1os&quot; - Positive Prints<\/title>\n<meta name=\"description\" content=\"Aunque es posible que tu ser querido no est\u00e9 cerca para celebrar su cumplea\u00f1os, nuestra obra de arte te permitir\u00e1 mantenerlos cerca cada cumplea\u00f1os. M\u00e1s informaci\u00f3n.\" \/>\n<meta name=\"robots\" content=\"index, follow, max-snippet:-1, max-image-preview:large, max-video-preview:-1\" \/>\n<link rel=\"canonical\" href=\"https:\/\/positiveprints.com\/es\/producto\/onda-sonora-para-decir-feliz-cumpleanos\/\" \/>\n<meta property=\"og:locale\" content=\"es_ES\" \/>\n<meta property=\"og:type\" content=\"article\" \/>\n<meta property=\"og:title\" content=\"Onda sonora para decir &quot;feliz cumplea\u00f1os&quot;\" \/>\n<meta property=\"og:description\" content=\"Sorprende a tus amigos y familiares con un regalo \u00fanico que viene del coraz\u00f3n que captura la esencia de tus buenos deseos  Simplemente sube un archivo de audio  Agrega un c\u00f3digo QR y escan\u00e9alo para agregar tu canci\u00f3n favorita  Personal\u00edzala en tres sencillos pasos  Elige una plantilla o pon manos a la obra\" \/>\n<meta property=\"og:url\" content=\"https:\/\/positiveprints.com\/es\/producto\/onda-sonora-para-decir-feliz-cumpleanos\/\" \/>\n<meta property=\"og:site_name\" content=\"Positive Prints\" \/>\n<meta property=\"article:publisher\" content=\"https:\/\/www.facebook.com\/positiveprintscom\" \/>\n<meta property=\"article:modified_time\" content=\"2026-04-12T21:50:37+00:00\" \/>\n<meta property=\"og:image\" content=\"https:\/\/positiveprints.com\/wp-content\/uploads\/2023\/10\/Onda-sonora-para-decir-feliz-cumpleanos.jpg\" \/>\n\t<meta property=\"og:image:width\" content=\"1080\" \/>\n\t<meta property=\"og:image:height\" content=\"1080\" \/>\n\t<meta property=\"og:image:type\" content=\"image\/jpeg\" \/>\n<meta name=\"twitter:card\" content=\"summary_large_image\" \/>\n<!-- \/ Yoast SEO Premium plugin. -->","yoast_head_json":{"title":"Onda sonora para decir \"feliz cumplea\u00f1os\" - Positive Prints","description":"Aunque es posible que tu ser querido no est\u00e9 cerca para celebrar su cumplea\u00f1os, nuestra obra de arte te permitir\u00e1 mantenerlos cerca cada cumplea\u00f1os. M\u00e1s informaci\u00f3n.","robots":{"index":"index","follow":"follow","max-snippet":"max-snippet:-1","max-image-preview":"max-image-preview:large","max-video-preview":"max-video-preview:-1"},"canonical":"https:\/\/positiveprints.com\/es\/producto\/onda-sonora-para-decir-feliz-cumpleanos\/","og_locale":"es_ES","og_type":"article","og_title":"Onda sonora para decir \"feliz cumplea\u00f1os\"","og_description":"Sorprende a tus amigos y familiares con un regalo \u00fanico que viene del coraz\u00f3n que captura la esencia de tus buenos deseos  Simplemente sube un archivo de audio  Agrega un c\u00f3digo QR y escan\u00e9alo para agregar tu canci\u00f3n favorita  Personal\u00edzala en tres sencillos pasos  Elige una plantilla o pon manos a la obra","og_url":"https:\/\/positiveprints.com\/es\/producto\/onda-sonora-para-decir-feliz-cumpleanos\/","og_site_name":"Positive Prints","article_publisher":"https:\/\/www.facebook.com\/positiveprintscom","article_modified_time":"2026-04-12T21:50:37+00:00","og_image":[{"width":1080,"height":1080,"url":"https:\/\/positiveprints.com\/wp-content\/uploads\/2023\/10\/Onda-sonora-para-decir-feliz-cumpleanos.jpg","type":"image\/jpeg"}],"twitter_card":"summary_large_image","schema":{"@context":"https:\/\/schema.org","@graph":[{"@type":["WebPage","ItemPage"],"@id":"https:\/\/positiveprints.com\/es\/producto\/onda-sonora-para-decir-feliz-cumpleanos\/","url":"https:\/\/positiveprints.com\/es\/producto\/onda-sonora-para-decir-feliz-cumpleanos\/","name":"Onda sonora para decir \"feliz cumplea\u00f1os\" - Positive Prints","isPartOf":{"@id":"https:\/\/positiveprints.com\/es\/#website"},"primaryImageOfPage":{"@id":"https:\/\/positiveprints.com\/es\/producto\/onda-sonora-para-decir-feliz-cumpleanos\/#primaryimage"},"image":{"@id":"https:\/\/positiveprints.com\/es\/producto\/onda-sonora-para-decir-feliz-cumpleanos\/#primaryimage"},"thumbnailUrl":"https:\/\/positiveprints.com\/wp-content\/uploads\/2023\/10\/Onda-sonora-para-decir-feliz-cumpleanos.jpg","datePublished":"2022-10-28T13:57:05+00:00","dateModified":"2026-04-12T21:50:37+00:00","description":"Aunque es posible que tu ser querido no est\u00e9 cerca para celebrar su cumplea\u00f1os, nuestra obra de arte te permitir\u00e1 mantenerlos cerca cada cumplea\u00f1os. M\u00e1s informaci\u00f3n.","breadcrumb":{"@id":"https:\/\/positiveprints.com\/es\/producto\/onda-sonora-para-decir-feliz-cumpleanos\/#breadcrumb"},"inLanguage":"es","potentialAction":[{"@type":"ReadAction","target":["https:\/\/positiveprints.com\/es\/producto\/onda-sonora-para-decir-feliz-cumpleanos\/"]}]},{"@type":"ImageObject","inLanguage":"es","@id":"https:\/\/positiveprints.com\/es\/producto\/onda-sonora-para-decir-feliz-cumpleanos\/#primaryimage","url":"https:\/\/positiveprints.com\/wp-content\/uploads\/2023\/10\/Onda-sonora-para-decir-feliz-cumpleanos.jpg","contentUrl":"https:\/\/positiveprints.com\/wp-content\/uploads\/2023\/10\/Onda-sonora-para-decir-feliz-cumpleanos.jpg","width":1080,"height":1080,"caption":"Onda sonora para decir feliz cumplea\u00f1os"},{"@type":"BreadcrumbList","@id":"https:\/\/positiveprints.com\/es\/producto\/onda-sonora-para-decir-feliz-cumpleanos\/#breadcrumb","itemListElement":[{"@type":"ListItem","position":1,"name":"CASA","item":"https:\/\/positiveprints.com\/es\/"},{"@type":"ListItem","position":2,"name":"Productos","item":"https:\/\/positiveprints.com\/es\/shop\/"},{"@type":"ListItem","position":3,"name":"Onda sonora para decir &#8220;feliz cumplea\u00f1os&#8221;"}]},{"@type":"WebSite","@id":"https:\/\/positiveprints.com\/es\/#website","url":"https:\/\/positiveprints.com\/es\/","name":"Positive Prints","description":"Custom Gifts for Special Occasions","publisher":{"@id":"https:\/\/positiveprints.com\/es\/#organization"},"potentialAction":[{"@type":"SearchAction","target":{"@type":"EntryPoint","urlTemplate":"https:\/\/positiveprints.com\/es\/?s={search_term_string}"},"query-input":{"@type":"PropertyValueSpecification","valueRequired":true,"valueName":"search_term_string"}}],"inLanguage":"es"},{"@type":"Organization","@id":"https:\/\/positiveprints.com\/es\/#organization","name":"Positive Prints","alternateName":"Positive Prints","url":"https:\/\/positiveprints.com\/es\/","logo":{"@type":"ImageObject","inLanguage":"es","@id":"https:\/\/positiveprints.com\/es\/#\/schema\/logo\/image\/","url":"https:\/\/positiveprints.com\/wp-content\/uploads\/2026\/03\/245815646_1337939713319158_5671353136411139666_n.png","contentUrl":"https:\/\/positiveprints.com\/wp-content\/uploads\/2026\/03\/245815646_1337939713319158_5671353136411139666_n.png","width":800,"height":800,"caption":"Positive Prints"},"image":{"@id":"https:\/\/positiveprints.com\/es\/#\/schema\/logo\/image\/"},"sameAs":["https:\/\/www.facebook.com\/positiveprintscom","https:\/\/www.instagram.com\/positiveprintscom\/","https:\/\/www.tiktok.com\/@positiveprintscom","https:\/\/www.pinterest.com\/positiveprintscom\/"]}]}},"jetpack_sharing_enabled":true,"_links":{"self":[{"href":"https:\/\/positiveprints.com\/es\/wp-json\/wp\/v2\/product\/362168","targetHints":{"allow":["GET"]}}],"collection":[{"href":"https:\/\/positiveprints.com\/es\/wp-json\/wp\/v2\/product"}],"about":[{"href":"https:\/\/positiveprints.com\/es\/wp-json\/wp\/v2\/types\/product"}],"wp:featuredmedia":[{"embeddable":true,"href":"https:\/\/positiveprints.com\/es\/wp-json\/wp\/v2\/media\/982455"}],"wp:attachment":[{"href":"https:\/\/positiveprints.com\/es\/wp-json\/wp\/v2\/media?parent=362168"}],"wp:term":[{"taxonomy":"product_brand","embeddable":true,"href":"https:\/\/positiveprints.com\/es\/wp-json\/wp\/v2\/product_brand?post=362168"},{"taxonomy":"product_cat","embeddable":true,"href":"https:\/\/positiveprints.com\/es\/wp-json\/wp\/v2\/product_cat?post=362168"},{"taxonomy":"product_tag","embeddable":true,"href":"https:\/\/positiveprints.com\/es\/wp-json\/wp\/v2\/product_tag?post=362168"}],"curies":[{"name":"wp","href":"https:\/\/api.w.org\/{rel}","templated":true}]}}