{"id":362125,"date":"2022-10-28T13:56:48","date_gmt":"2022-10-28T12:56:48","guid":{"rendered":"https:\/\/positiveprints.com\/?post_type=product&#038;p=362125"},"modified":"2026-04-18T06:25:08","modified_gmt":"2026-04-18T05:25:08","slug":"el-pregunto-ella-acepto","status":"publish","type":"product","link":"https:\/\/positiveprints.com\/es\/producto\/el-pregunto-ella-acepto\/","title":{"rendered":"\u00c9l pregunt\u00f3, ella acept\u00f3"},"content":{"rendered":"No hay honor m\u00e1s grande que ser invitado a convertirse en el compa\u00f1ero de vida de alguien. Descubrir que esa alma anhela tu coraz\u00f3n no es poca cosa. Cuando \u00e9l pregunta y ella acepta, es el momento perfecto para regocijarse y anunciar este momento trascendental. Con Positive Prints, podr\u00e1s crear tu propio p\u00f3ster personalizado del momento en que \u201c\u00e9l pregunt\u00f3, ella acept\u00f3\u201d.\r\n\r\n<h2 class=\"grenB f24 cblue\" style=\"margin-top: 3rem;\">Imprime tu p\u00f3ster \u201c\u00e9l pregunt\u00f3, ella acept\u00f3\u201d<\/h2>\r\n\r\n<p style=\"margin-top: 1rem;\">Cuando se hace la pregunta y la respuesta es afirmativa, anhelas compartir esta noticia con el mundo; quiz\u00e1s no con todo el mundo, pero s\u00ed con tu c\u00edrculo m\u00e1s cercano de amigos y familiares. Hemos dise\u00f1ado estas impresiones para que celebres que \u201c\u00e9l pregunt\u00f3, ella acept\u00f3\u201d, y resumas unos de los momentos m\u00e1s emocionantes de la vida.<\/p>\r\n\r\n<p style=\"margin-top: 1rem;\">Nuestros p\u00f3steres y lienzos son de la m\u00e1s alta calidad y agregan un toque personalizado y elegante a cualquier hogar. \u00a1Inspira a otros con tu historia de amor! Del\u00e9itate con las noticias de tu compromiso y espera ansiosamente los pr\u00f3ximos cap\u00edtulos de tu vida.<\/p>\r\n\r\n<h2 class=\"grenB f24 cblue\" style=\"margin-top: 3rem;\">Escribe un texto personalizado o cualquier cosa que haga tu impresi\u00f3n a\u00fan m\u00e1s especial<\/h2>\r\n\r\n<p style=\"margin-top: 1rem;\">Nuestras impresiones personalizadas te permiten subir la foto que m\u00e1s te guste. Agrega la fecha en la que se plante\u00f3 la pregunta, la fecha de boda o el nombre que compartir\u00e1n como familia: cualquier cosa que haga que tu regalo fotogr\u00e1fico sea a\u00fan m\u00e1s especial.<\/p>\r\n\r\n<p style=\"margin-top: 1rem;\">Estas impresiones son el adorno ideal para fiestas de compromiso o despedidas de soltera, o incluso sirven como regalos de compromiso para los futuros reci\u00e9n casados. Tambi\u00e9n pueden reclamar la distinci\u00f3n de ser la obra inaugural que adorna las paredes de su nuevo hogar, estableciendo una base de amor duradero que resistir\u00e1 la prueba del tiempo.<\/p>\r\n\r\n<h2 class=\"grenB f24 cblue\" style=\"margin-top: 3rem;\">Un nuevo cap\u00edtulo de vida con un preciado recuerdo impreso<\/h2>\r\n\r\n<p style=\"margin-top: 1rem;\">Su compromiso como pareja significa el comienzo de una vida llena de amor, risas y felicidad que trasciende cualquier barrera del tiempo. Aseg\u00farate de que estos preciados momentos se capturen para siempre mientras se embarcan en el siguiente cap\u00edtulo. \u00a1Crea tu propio \u201c\u00e9l pregunt\u00f3, ella acept\u00f3\u201d con Positive Prints hoy mismo!<\/p>","protected":false},"excerpt":{"rendered":"<ul class=\"check-list\">\n<li>Conmemora tu amor y compromiso y cuenta la historia de c\u00f3mo se enamoraron a trav\u00e9s de un dise\u00f1o enmarcable<\/li>\n<li>Agrega textos superpuestos para hacer tu regalo a\u00fan m\u00e1s especial y significativo<\/li>\n<li>Personal\u00edzalo en tres sencillos pasos<\/li>\n<li>Ve el resultado de inmediato: la vista previa interactiva te permite perfeccionar cada detalle<\/li>\n<\/ul>\n","protected":false},"featured_media":338953,"template":"","meta":[],"product_brand":[],"product_cat":[7501,5277,7933],"product_tag":[8440],"class_list":{"0":"post-362125","1":"product","2":"type-product","3":"status-publish","4":"has-post-thumbnail","6":"product_cat-foto-es","7":"product_cat-regalos-de-compromiso","8":"product_cat-regalos-para-despedidas-de-soltera","9":"product_tag-compromiso","11":"first","12":"instock","13":"sale","14":"taxable","15":"shipping-taxable","16":"purchasable","17":"product-type-variable"},"yoast_head":"<!-- This site is optimized with the Yoast SEO Premium plugin v27.2 (Yoast SEO v27.2) - https:\/\/yoast.com\/product\/yoast-seo-premium-wordpress\/ -->\n<title>\u00c9l pregunt\u00f3, ella acept\u00f3 - Positive Prints<\/title>\n<meta name=\"description\" content=\"\u00a1\u00c9l pregunt\u00f3 y ella acept\u00f3! \u00a1Celebra el comienzo de un cap\u00edtulo nuevo en su vida con una impresi\u00f3n personalizada de Positive Prints!\" \/>\n<meta name=\"robots\" content=\"index, follow, max-snippet:-1, max-image-preview:large, max-video-preview:-1\" \/>\n<link rel=\"canonical\" href=\"https:\/\/positiveprints.com\/es\/producto\/el-pregunto-ella-acepto\/\" \/>\n<meta property=\"og:locale\" content=\"es_ES\" \/>\n<meta property=\"og:type\" content=\"article\" \/>\n<meta property=\"og:title\" content=\"\u00c9l pregunt\u00f3, ella acept\u00f3\" \/>\n<meta property=\"og:description\" content=\"Conmemora tu amor y compromiso y cuenta la historia de c\u00f3mo se enamoraron a trav\u00e9s de un dise\u00f1o enmarcable Agrega textos superpuestos para hacer tu regalo a\u00fan m\u00e1s especial y significativo Personal\u00edzalo en tres sencillos pasos Ve el resultado de inmediato: la vista previa interactiva te permite perfeccionar cada detalle\" \/>\n<meta property=\"og:url\" content=\"https:\/\/positiveprints.com\/es\/producto\/el-pregunto-ella-acepto\/\" \/>\n<meta property=\"og:site_name\" content=\"Positive Prints\" \/>\n<meta property=\"article:publisher\" content=\"https:\/\/www.facebook.com\/positiveprintscom\" \/>\n<meta property=\"article:modified_time\" content=\"2026-04-18T05:25:08+00:00\" \/>\n<meta property=\"og:image\" content=\"https:\/\/positiveprints.com\/wp-content\/uploads\/2022\/08\/he-asked-she-said.jpg\" \/>\n\t<meta property=\"og:image:width\" content=\"1080\" \/>\n\t<meta property=\"og:image:height\" content=\"1080\" \/>\n\t<meta property=\"og:image:type\" content=\"image\/jpeg\" \/>\n<meta name=\"twitter:card\" content=\"summary_large_image\" \/>\n<!-- \/ Yoast SEO Premium plugin. -->","yoast_head_json":{"title":"\u00c9l pregunt\u00f3, ella acept\u00f3 - Positive Prints","description":"\u00a1\u00c9l pregunt\u00f3 y ella acept\u00f3! \u00a1Celebra el comienzo de un cap\u00edtulo nuevo en su vida con una impresi\u00f3n personalizada de Positive Prints!","robots":{"index":"index","follow":"follow","max-snippet":"max-snippet:-1","max-image-preview":"max-image-preview:large","max-video-preview":"max-video-preview:-1"},"canonical":"https:\/\/positiveprints.com\/es\/producto\/el-pregunto-ella-acepto\/","og_locale":"es_ES","og_type":"article","og_title":"\u00c9l pregunt\u00f3, ella acept\u00f3","og_description":"Conmemora tu amor y compromiso y cuenta la historia de c\u00f3mo se enamoraron a trav\u00e9s de un dise\u00f1o enmarcable Agrega textos superpuestos para hacer tu regalo a\u00fan m\u00e1s especial y significativo Personal\u00edzalo en tres sencillos pasos Ve el resultado de inmediato: la vista previa interactiva te permite perfeccionar cada detalle","og_url":"https:\/\/positiveprints.com\/es\/producto\/el-pregunto-ella-acepto\/","og_site_name":"Positive Prints","article_publisher":"https:\/\/www.facebook.com\/positiveprintscom","article_modified_time":"2026-04-18T05:25:08+00:00","og_image":[{"width":1080,"height":1080,"url":"https:\/\/positiveprints.com\/wp-content\/uploads\/2022\/08\/he-asked-she-said.jpg","type":"image\/jpeg"}],"twitter_card":"summary_large_image","schema":{"@context":"https:\/\/schema.org","@graph":[{"@type":["WebPage","ItemPage"],"@id":"https:\/\/positiveprints.com\/es\/producto\/el-pregunto-ella-acepto\/","url":"https:\/\/positiveprints.com\/es\/producto\/el-pregunto-ella-acepto\/","name":"\u00c9l pregunt\u00f3, ella acept\u00f3 - Positive Prints","isPartOf":{"@id":"https:\/\/positiveprints.com\/es\/#website"},"primaryImageOfPage":{"@id":"https:\/\/positiveprints.com\/es\/producto\/el-pregunto-ella-acepto\/#primaryimage"},"image":{"@id":"https:\/\/positiveprints.com\/es\/producto\/el-pregunto-ella-acepto\/#primaryimage"},"thumbnailUrl":"https:\/\/positiveprints.com\/wp-content\/uploads\/2022\/08\/he-asked-she-said.jpg","datePublished":"2022-10-28T12:56:48+00:00","dateModified":"2026-04-18T05:25:08+00:00","description":"\u00a1\u00c9l pregunt\u00f3 y ella acept\u00f3! \u00a1Celebra el comienzo de un cap\u00edtulo nuevo en su vida con una impresi\u00f3n personalizada de Positive Prints!","breadcrumb":{"@id":"https:\/\/positiveprints.com\/es\/producto\/el-pregunto-ella-acepto\/#breadcrumb"},"inLanguage":"es","potentialAction":[{"@type":"ReadAction","target":["https:\/\/positiveprints.com\/es\/producto\/el-pregunto-ella-acepto\/"]}]},{"@type":"ImageObject","inLanguage":"es","@id":"https:\/\/positiveprints.com\/es\/producto\/el-pregunto-ella-acepto\/#primaryimage","url":"https:\/\/positiveprints.com\/wp-content\/uploads\/2022\/08\/he-asked-she-said.jpg","contentUrl":"https:\/\/positiveprints.com\/wp-content\/uploads\/2022\/08\/he-asked-she-said.jpg","width":1080,"height":1080,"caption":"He asked, and she said yes!"},{"@type":"BreadcrumbList","@id":"https:\/\/positiveprints.com\/es\/producto\/el-pregunto-ella-acepto\/#breadcrumb","itemListElement":[{"@type":"ListItem","position":1,"name":"CASA","item":"https:\/\/positiveprints.com\/es\/"},{"@type":"ListItem","position":2,"name":"Productos","item":"https:\/\/positiveprints.com\/es\/shop\/"},{"@type":"ListItem","position":3,"name":"\u00c9l pregunt\u00f3, ella acept\u00f3"}]},{"@type":"WebSite","@id":"https:\/\/positiveprints.com\/es\/#website","url":"https:\/\/positiveprints.com\/es\/","name":"Positive Prints","description":"Custom Gifts for Special Occasions","publisher":{"@id":"https:\/\/positiveprints.com\/es\/#organization"},"potentialAction":[{"@type":"SearchAction","target":{"@type":"EntryPoint","urlTemplate":"https:\/\/positiveprints.com\/es\/?s={search_term_string}"},"query-input":{"@type":"PropertyValueSpecification","valueRequired":true,"valueName":"search_term_string"}}],"inLanguage":"es"},{"@type":"Organization","@id":"https:\/\/positiveprints.com\/es\/#organization","name":"Positive Prints","alternateName":"Positive Prints","url":"https:\/\/positiveprints.com\/es\/","logo":{"@type":"ImageObject","inLanguage":"es","@id":"https:\/\/positiveprints.com\/es\/#\/schema\/logo\/image\/","url":"https:\/\/positiveprints.com\/wp-content\/uploads\/2026\/03\/245815646_1337939713319158_5671353136411139666_n.png","contentUrl":"https:\/\/positiveprints.com\/wp-content\/uploads\/2026\/03\/245815646_1337939713319158_5671353136411139666_n.png","width":800,"height":800,"caption":"Positive Prints"},"image":{"@id":"https:\/\/positiveprints.com\/es\/#\/schema\/logo\/image\/"},"sameAs":["https:\/\/www.facebook.com\/positiveprintscom","https:\/\/www.instagram.com\/positiveprintscom\/","https:\/\/www.tiktok.com\/@positiveprintscom","https:\/\/www.pinterest.com\/positiveprintscom\/"]}]}},"jetpack_sharing_enabled":true,"_links":{"self":[{"href":"https:\/\/positiveprints.com\/es\/wp-json\/wp\/v2\/product\/362125","targetHints":{"allow":["GET"]}}],"collection":[{"href":"https:\/\/positiveprints.com\/es\/wp-json\/wp\/v2\/product"}],"about":[{"href":"https:\/\/positiveprints.com\/es\/wp-json\/wp\/v2\/types\/product"}],"wp:featuredmedia":[{"embeddable":true,"href":"https:\/\/positiveprints.com\/es\/wp-json\/wp\/v2\/media\/338953"}],"wp:attachment":[{"href":"https:\/\/positiveprints.com\/es\/wp-json\/wp\/v2\/media?parent=362125"}],"wp:term":[{"taxonomy":"product_brand","embeddable":true,"href":"https:\/\/positiveprints.com\/es\/wp-json\/wp\/v2\/product_brand?post=362125"},{"taxonomy":"product_cat","embeddable":true,"href":"https:\/\/positiveprints.com\/es\/wp-json\/wp\/v2\/product_cat?post=362125"},{"taxonomy":"product_tag","embeddable":true,"href":"https:\/\/positiveprints.com\/es\/wp-json\/wp\/v2\/product_tag?post=362125"}],"curies":[{"name":"wp","href":"https:\/\/api.w.org\/{rel}","templated":true}]}}