{"id":362099,"date":"2022-10-28T13:31:48","date_gmt":"2022-10-28T12:31:48","guid":{"rendered":"https:\/\/positiveprints.com\/?post_type=product&#038;p=362099"},"modified":"2026-04-03T03:25:14","modified_gmt":"2026-04-03T02:25:14","slug":"onda-sonora-de-votos-matrimoniales","status":"publish","type":"product","link":"https:\/\/positiveprints.com\/es\/producto\/onda-sonora-de-votos-matrimoniales\/","title":{"rendered":"Onda sonora de votos matrimoniales"},"content":{"rendered":"<p>\u00bfDeseas disfrutar del et\u00e9reo esplendor del d\u00eda de tu boda una vez m\u00e1s? Positive Prints te permite resucitar esos preciados momentos con una onda sonora de votos matrimoniales.<\/p>\r\n\r\n\r\n<h2 class=\"grenB f24 cblue\" style=\"margin-top: 3rem\">Regala un detalle que nunca deja de sorprender<\/h2>\r\n\r\n<p style=\"margin-top: 1rem\">Sin duda, el d\u00eda de tu boda fue uno de los mejores d\u00edas de tu vida. Ahora tienes el poder de inmortalizar un fragmento importante de ese d\u00eda: el intercambio de votos. Nuestra onda sonora personalizada transforma tu archivo de audio en una fascinante representaci\u00f3n visual meticulosamente dise\u00f1ada para reproducirse en tiempo real. Comparte tus votos en tu hogar, adornados de una de las maneras m\u00e1s distintivas que puedas imaginar.<\/p>\r\n\r\n\r\n<h2 class=\"grenB f24 cblue\" style=\"margin-top: 3rem\">C\u00f3mo funciona<\/h2>\r\n\r\n<p style=\"margin-top: 1rem\">En Positive Prints otorgamos el don de la destreza art\u00edstica a trav\u00e9s de nuestro generador de ondas sonoras. Solo carga tu archivo de audio y nuestra tecnolog\u00eda se encargar\u00e1 de hacer la magia. Selecciona la plantilla y paleta de colores que m\u00e1s te gusten para moldear la apariencia de tu onda sonora en la impresi\u00f3n. Mejora tu narrativa con un texto personalizado, que resume tu historia de amor a la perfecci\u00f3n, desde la fecha de su uni\u00f3n hasta el lugar que fue testigo de sus votos y mucho m\u00e1s.<\/p>\r\n\r\n<p style=\"margin-top: 1rem\">Podemos inmortalizar las ondas sonoras en un p\u00f3ster de la m\u00e1s alta calidad o en un elegante lienzo. Sin embargo, si deseas recibirlo lo m\u00e1s r\u00e1pido posible, puedes elegir la descarga digital de tu dise\u00f1o, que te permite imprimir tu obra maestra de forma local.<\/p>\r\n\r\n<h2 class=\"grenB f24 cblue\" style=\"margin-top: 3rem\">Los mejores regalos de aniversario de votos matrimoniales<\/h2>\r\n\r\n<p style=\"margin-top: 1rem\">Revive los preciados momentos del d\u00eda de tu boda una vez m\u00e1s. Nuestros regalos personalizados para conmemorar los votos matrimoniales prometen asombrar y cautivar a tu c\u00f3nyuge o a la pareja de reci\u00e9n casados que quieres sorprender. Comparte esos votos matrimoniales a lo largo de sus vidas, y permite transformar un instante en un ejemplo que debe encarnar en una dichosa uni\u00f3n matrimonial. Comienza hoy mismo.<\/p>","protected":false},"excerpt":{"rendered":"<ul class=\"check-list\">\n<li>Convierte tus votos en una onda sonora que puedas reproducir una y otra vez<\/li>\n<li>Sube un archivo de audio o pega un enlace de YouTube<\/li>\n<li>Agrega un c\u00f3digo QR y escan\u00e9alo para agregar tu canci\u00f3n favorita<\/li>\n<li>Personal\u00edzala en tres sencillos pasos<\/li>\n<li>Elige una plantilla o pon manos a la obra<\/li>\n<\/ul>\n","protected":false},"featured_media":633115,"template":"","meta":[],"product_brand":[],"product_cat":[106],"product_tag":[9092,14923],"class_list":{"0":"post-362099","1":"product","2":"type-product","3":"status-publish","4":"has-post-thumbnail","6":"product_cat-todos-los-productos","7":"product_tag-aniversario","8":"product_tag-anniversary-es","10":"first","11":"instock","12":"sale","13":"taxable","14":"shipping-taxable","15":"purchasable","16":"product-type-variable"},"yoast_head":"<!-- This site is optimized with the Yoast SEO Premium plugin v27.2 (Yoast SEO v27.2) - https:\/\/yoast.com\/product\/yoast-seo-premium-wordpress\/ -->\n<title>Onda sonora de votos matrimoniales - Positive Prints<\/title>\n<meta name=\"description\" content=\"Quer\u00edas que tus votos fueran perfectos y atemporales. Recuerda esos momentos una y otra vez con nuestras ondas sonoras personalizadas.\" \/>\n<meta name=\"robots\" content=\"index, follow, max-snippet:-1, max-image-preview:large, max-video-preview:-1\" \/>\n<link rel=\"canonical\" href=\"https:\/\/positiveprints.com\/es\/producto\/onda-sonora-de-votos-matrimoniales\/\" \/>\n<meta property=\"og:locale\" content=\"es_ES\" \/>\n<meta property=\"og:type\" content=\"article\" \/>\n<meta property=\"og:title\" content=\"Onda sonora de votos matrimoniales\" \/>\n<meta property=\"og:description\" content=\"Convierte tus votos en una onda sonora que puedas reproducir una y otra vez  Sube un archivo de audio o pega un enlace de YouTube  Agrega un c\u00f3digo QR y escan\u00e9alo para agregar tu canci\u00f3n favorita  Personal\u00edzala en tres sencillos pasos  Elige una plantilla o pon manos a la obra\" \/>\n<meta property=\"og:url\" content=\"https:\/\/positiveprints.com\/es\/producto\/onda-sonora-de-votos-matrimoniales\/\" \/>\n<meta property=\"og:site_name\" content=\"Positive Prints\" \/>\n<meta property=\"article:publisher\" content=\"https:\/\/www.facebook.com\/positiveprintscom\" \/>\n<meta property=\"article:modified_time\" content=\"2026-04-03T02:25:14+00:00\" \/>\n<meta property=\"og:image\" content=\"https:\/\/positiveprints.com\/wp-content\/uploads\/2023\/07\/Onda-sonora-de-votos-matrimoniales.jpg\" \/>\n\t<meta property=\"og:image:width\" content=\"1080\" \/>\n\t<meta property=\"og:image:height\" content=\"1080\" \/>\n\t<meta property=\"og:image:type\" content=\"image\/jpeg\" \/>\n<meta name=\"twitter:card\" content=\"summary_large_image\" \/>\n<!-- \/ Yoast SEO Premium plugin. -->","yoast_head_json":{"title":"Onda sonora de votos matrimoniales - Positive Prints","description":"Quer\u00edas que tus votos fueran perfectos y atemporales. Recuerda esos momentos una y otra vez con nuestras ondas sonoras personalizadas.","robots":{"index":"index","follow":"follow","max-snippet":"max-snippet:-1","max-image-preview":"max-image-preview:large","max-video-preview":"max-video-preview:-1"},"canonical":"https:\/\/positiveprints.com\/es\/producto\/onda-sonora-de-votos-matrimoniales\/","og_locale":"es_ES","og_type":"article","og_title":"Onda sonora de votos matrimoniales","og_description":"Convierte tus votos en una onda sonora que puedas reproducir una y otra vez  Sube un archivo de audio o pega un enlace de YouTube  Agrega un c\u00f3digo QR y escan\u00e9alo para agregar tu canci\u00f3n favorita  Personal\u00edzala en tres sencillos pasos  Elige una plantilla o pon manos a la obra","og_url":"https:\/\/positiveprints.com\/es\/producto\/onda-sonora-de-votos-matrimoniales\/","og_site_name":"Positive Prints","article_publisher":"https:\/\/www.facebook.com\/positiveprintscom","article_modified_time":"2026-04-03T02:25:14+00:00","og_image":[{"width":1080,"height":1080,"url":"https:\/\/positiveprints.com\/wp-content\/uploads\/2023\/07\/Onda-sonora-de-votos-matrimoniales.jpg","type":"image\/jpeg"}],"twitter_card":"summary_large_image","schema":{"@context":"https:\/\/schema.org","@graph":[{"@type":["WebPage","ItemPage"],"@id":"https:\/\/positiveprints.com\/es\/producto\/onda-sonora-de-votos-matrimoniales\/","url":"https:\/\/positiveprints.com\/es\/producto\/onda-sonora-de-votos-matrimoniales\/","name":"Onda sonora de votos matrimoniales - Positive Prints","isPartOf":{"@id":"https:\/\/positiveprints.com\/es\/#website"},"primaryImageOfPage":{"@id":"https:\/\/positiveprints.com\/es\/producto\/onda-sonora-de-votos-matrimoniales\/#primaryimage"},"image":{"@id":"https:\/\/positiveprints.com\/es\/producto\/onda-sonora-de-votos-matrimoniales\/#primaryimage"},"thumbnailUrl":"https:\/\/positiveprints.com\/wp-content\/uploads\/2023\/07\/Onda-sonora-de-votos-matrimoniales.jpg","datePublished":"2022-10-28T12:31:48+00:00","dateModified":"2026-04-03T02:25:14+00:00","description":"Quer\u00edas que tus votos fueran perfectos y atemporales. Recuerda esos momentos una y otra vez con nuestras ondas sonoras personalizadas.","breadcrumb":{"@id":"https:\/\/positiveprints.com\/es\/producto\/onda-sonora-de-votos-matrimoniales\/#breadcrumb"},"inLanguage":"es","potentialAction":[{"@type":"ReadAction","target":["https:\/\/positiveprints.com\/es\/producto\/onda-sonora-de-votos-matrimoniales\/"]}]},{"@type":"ImageObject","inLanguage":"es","@id":"https:\/\/positiveprints.com\/es\/producto\/onda-sonora-de-votos-matrimoniales\/#primaryimage","url":"https:\/\/positiveprints.com\/wp-content\/uploads\/2023\/07\/Onda-sonora-de-votos-matrimoniales.jpg","contentUrl":"https:\/\/positiveprints.com\/wp-content\/uploads\/2023\/07\/Onda-sonora-de-votos-matrimoniales.jpg","width":1080,"height":1080,"caption":"Onda sonora de votos matrimoniales"},{"@type":"BreadcrumbList","@id":"https:\/\/positiveprints.com\/es\/producto\/onda-sonora-de-votos-matrimoniales\/#breadcrumb","itemListElement":[{"@type":"ListItem","position":1,"name":"CASA","item":"https:\/\/positiveprints.com\/es\/"},{"@type":"ListItem","position":2,"name":"Productos","item":"https:\/\/positiveprints.com\/es\/shop\/"},{"@type":"ListItem","position":3,"name":"Onda sonora de votos matrimoniales"}]},{"@type":"WebSite","@id":"https:\/\/positiveprints.com\/es\/#website","url":"https:\/\/positiveprints.com\/es\/","name":"Positive Prints","description":"Custom Gifts for Special Occasions","publisher":{"@id":"https:\/\/positiveprints.com\/es\/#organization"},"potentialAction":[{"@type":"SearchAction","target":{"@type":"EntryPoint","urlTemplate":"https:\/\/positiveprints.com\/es\/?s={search_term_string}"},"query-input":{"@type":"PropertyValueSpecification","valueRequired":true,"valueName":"search_term_string"}}],"inLanguage":"es"},{"@type":"Organization","@id":"https:\/\/positiveprints.com\/es\/#organization","name":"Positive Prints","alternateName":"Positive Prints","url":"https:\/\/positiveprints.com\/es\/","logo":{"@type":"ImageObject","inLanguage":"es","@id":"https:\/\/positiveprints.com\/es\/#\/schema\/logo\/image\/","url":"https:\/\/positiveprints.com\/wp-content\/uploads\/2026\/03\/245815646_1337939713319158_5671353136411139666_n.png","contentUrl":"https:\/\/positiveprints.com\/wp-content\/uploads\/2026\/03\/245815646_1337939713319158_5671353136411139666_n.png","width":800,"height":800,"caption":"Positive Prints"},"image":{"@id":"https:\/\/positiveprints.com\/es\/#\/schema\/logo\/image\/"},"sameAs":["https:\/\/www.facebook.com\/positiveprintscom","https:\/\/www.instagram.com\/positiveprintscom\/","https:\/\/www.tiktok.com\/@positiveprintscom","https:\/\/www.pinterest.com\/positiveprintscom\/"]}]}},"jetpack_sharing_enabled":true,"_links":{"self":[{"href":"https:\/\/positiveprints.com\/es\/wp-json\/wp\/v2\/product\/362099","targetHints":{"allow":["GET"]}}],"collection":[{"href":"https:\/\/positiveprints.com\/es\/wp-json\/wp\/v2\/product"}],"about":[{"href":"https:\/\/positiveprints.com\/es\/wp-json\/wp\/v2\/types\/product"}],"wp:featuredmedia":[{"embeddable":true,"href":"https:\/\/positiveprints.com\/es\/wp-json\/wp\/v2\/media\/633115"}],"wp:attachment":[{"href":"https:\/\/positiveprints.com\/es\/wp-json\/wp\/v2\/media?parent=362099"}],"wp:term":[{"taxonomy":"product_brand","embeddable":true,"href":"https:\/\/positiveprints.com\/es\/wp-json\/wp\/v2\/product_brand?post=362099"},{"taxonomy":"product_cat","embeddable":true,"href":"https:\/\/positiveprints.com\/es\/wp-json\/wp\/v2\/product_cat?post=362099"},{"taxonomy":"product_tag","embeddable":true,"href":"https:\/\/positiveprints.com\/es\/wp-json\/wp\/v2\/product_tag?post=362099"}],"curies":[{"name":"wp","href":"https:\/\/api.w.org\/{rel}","templated":true}]}}