{"id":362095,"date":"2022-08-24T11:03:10","date_gmt":"2022-08-24T10:03:10","guid":{"rendered":"https:\/\/positiveprints.com\/?post_type=product&#038;p=362095"},"modified":"2026-04-18T06:46:02","modified_gmt":"2026-04-18T05:46:02","slug":"regalo-fotografico-conmemorativo","status":"publish","type":"product","link":"https:\/\/positiveprints.com\/es\/producto\/regalo-fotografico-conmemorativo\/","title":{"rendered":"Regalo fotogr\u00e1fico conmemorativo"},"content":{"rendered":"","protected":false},"excerpt":{"rendered":"<ul class=\"check-list\">\n<li>Inmortaliza a tus seres queridos con un detalle que revive sus m\u00e1s preciados recuerdos en vida<\/li>\n<li>Agrega textos superpuestos para hacer tu regalo a\u00fan m\u00e1s especial y significativo<\/li>\n<li>Personal\u00edzalo en tres sencillos pasos<\/li>\n<li>Ve el resultado de inmediato: la vista previa interactiva te permite perfeccionar cada detalle<\/li>\n<\/ul>\n","protected":false},"featured_media":334022,"template":"","meta":[],"product_brand":[],"product_cat":[7501,7997],"product_tag":[15378,15379,15380,15382,15383,15384,15263,15385,15386],"class_list":{"0":"post-362095","1":"product","2":"type-product","3":"status-publish","4":"has-post-thumbnail","6":"product_cat-foto-es","7":"product_cat-regalos-para-dar-el-pesame","8":"product_tag-condolence-gift-es","9":"product_tag-condolence-gifts-es","10":"product_tag-grief-support-gift-es","11":"product_tag-memorial-es","12":"product_tag-memorial-gift-es","13":"product_tag-remembrance-gift-es","14":"product_tag-sympathy-es-2","15":"product_tag-sympathy-gift-es","16":"product_tag-sympathy-gifts-es","18":"first","19":"instock","20":"sale","21":"taxable","22":"shipping-taxable","23":"purchasable","24":"product-type-variable"},"yoast_head":"<!-- This site is optimized with the Yoast SEO Premium plugin v27.2 (Yoast SEO v27.2) - https:\/\/yoast.com\/product\/yoast-seo-premium-wordpress\/ -->\n<title>Regalo fotogr\u00e1fico conmemorativo - Positive Prints<\/title>\n<meta name=\"description\" content=\"Una vida bien vivida merece ser recordada. Nuestro detalle fotogr\u00e1fico te permitir\u00e1 mantener su memoria viva, tanto en el funeral como en el cielo.\" \/>\n<meta name=\"robots\" content=\"index, follow, max-snippet:-1, max-image-preview:large, max-video-preview:-1\" \/>\n<link rel=\"canonical\" href=\"https:\/\/positiveprints.com\/es\/producto\/regalo-fotografico-conmemorativo\/\" \/>\n<meta property=\"og:locale\" content=\"es_ES\" \/>\n<meta property=\"og:type\" content=\"article\" \/>\n<meta property=\"og:title\" content=\"Regalo fotogr\u00e1fico conmemorativo\" \/>\n<meta property=\"og:description\" content=\"Inmortaliza a tus seres queridos con un detalle que revive sus m\u00e1s preciados recuerdos en vida Agrega textos superpuestos para hacer tu regalo a\u00fan m\u00e1s especial y significativo Personal\u00edzalo en tres sencillos pasos Ve el resultado de inmediato: la vista previa interactiva te permite perfeccionar cada detalle\" \/>\n<meta property=\"og:url\" content=\"https:\/\/positiveprints.com\/es\/producto\/regalo-fotografico-conmemorativo\/\" \/>\n<meta property=\"og:site_name\" content=\"Positive Prints\" \/>\n<meta property=\"article:publisher\" content=\"https:\/\/www.facebook.com\/positiveprintscom\" \/>\n<meta property=\"article:modified_time\" content=\"2026-04-18T05:46:02+00:00\" \/>\n<meta property=\"og:image\" content=\"https:\/\/positiveprints.com\/wp-content\/uploads\/2022\/08\/memorial-photo-gifts.jpg\" \/>\n\t<meta property=\"og:image:width\" content=\"1080\" \/>\n\t<meta property=\"og:image:height\" content=\"1080\" \/>\n\t<meta property=\"og:image:type\" content=\"image\/jpeg\" \/>\n<meta name=\"twitter:card\" content=\"summary_large_image\" \/>\n<!-- \/ Yoast SEO Premium plugin. -->","yoast_head_json":{"title":"Regalo fotogr\u00e1fico conmemorativo - Positive Prints","description":"Una vida bien vivida merece ser recordada. Nuestro detalle fotogr\u00e1fico te permitir\u00e1 mantener su memoria viva, tanto en el funeral como en el cielo.","robots":{"index":"index","follow":"follow","max-snippet":"max-snippet:-1","max-image-preview":"max-image-preview:large","max-video-preview":"max-video-preview:-1"},"canonical":"https:\/\/positiveprints.com\/es\/producto\/regalo-fotografico-conmemorativo\/","og_locale":"es_ES","og_type":"article","og_title":"Regalo fotogr\u00e1fico conmemorativo","og_description":"Inmortaliza a tus seres queridos con un detalle que revive sus m\u00e1s preciados recuerdos en vida Agrega textos superpuestos para hacer tu regalo a\u00fan m\u00e1s especial y significativo Personal\u00edzalo en tres sencillos pasos Ve el resultado de inmediato: la vista previa interactiva te permite perfeccionar cada detalle","og_url":"https:\/\/positiveprints.com\/es\/producto\/regalo-fotografico-conmemorativo\/","og_site_name":"Positive Prints","article_publisher":"https:\/\/www.facebook.com\/positiveprintscom","article_modified_time":"2026-04-18T05:46:02+00:00","og_image":[{"width":1080,"height":1080,"url":"https:\/\/positiveprints.com\/wp-content\/uploads\/2022\/08\/memorial-photo-gifts.jpg","type":"image\/jpeg"}],"twitter_card":"summary_large_image","schema":{"@context":"https:\/\/schema.org","@graph":[{"@type":["WebPage","ItemPage"],"@id":"https:\/\/positiveprints.com\/es\/producto\/regalo-fotografico-conmemorativo\/","url":"https:\/\/positiveprints.com\/es\/producto\/regalo-fotografico-conmemorativo\/","name":"Regalo fotogr\u00e1fico conmemorativo - Positive Prints","isPartOf":{"@id":"https:\/\/positiveprints.com\/es\/#website"},"primaryImageOfPage":{"@id":"https:\/\/positiveprints.com\/es\/producto\/regalo-fotografico-conmemorativo\/#primaryimage"},"image":{"@id":"https:\/\/positiveprints.com\/es\/producto\/regalo-fotografico-conmemorativo\/#primaryimage"},"thumbnailUrl":"https:\/\/positiveprints.com\/wp-content\/uploads\/2022\/08\/memorial-photo-gifts.jpg","datePublished":"2022-08-24T10:03:10+00:00","dateModified":"2026-04-18T05:46:02+00:00","description":"Una vida bien vivida merece ser recordada. Nuestro detalle fotogr\u00e1fico te permitir\u00e1 mantener su memoria viva, tanto en el funeral como en el cielo.","breadcrumb":{"@id":"https:\/\/positiveprints.com\/es\/producto\/regalo-fotografico-conmemorativo\/#breadcrumb"},"inLanguage":"es","potentialAction":[{"@type":"ReadAction","target":["https:\/\/positiveprints.com\/es\/producto\/regalo-fotografico-conmemorativo\/"]}]},{"@type":"ImageObject","inLanguage":"es","@id":"https:\/\/positiveprints.com\/es\/producto\/regalo-fotografico-conmemorativo\/#primaryimage","url":"https:\/\/positiveprints.com\/wp-content\/uploads\/2022\/08\/memorial-photo-gifts.jpg","contentUrl":"https:\/\/positiveprints.com\/wp-content\/uploads\/2022\/08\/memorial-photo-gifts.jpg","width":1080,"height":1080,"caption":"Do something special to remember a life well lived, like creating in loving memory photo gifts that keep them close to your heart."},{"@type":"BreadcrumbList","@id":"https:\/\/positiveprints.com\/es\/producto\/regalo-fotografico-conmemorativo\/#breadcrumb","itemListElement":[{"@type":"ListItem","position":1,"name":"CASA","item":"https:\/\/positiveprints.com\/es\/"},{"@type":"ListItem","position":2,"name":"Productos","item":"https:\/\/positiveprints.com\/es\/shop\/"},{"@type":"ListItem","position":3,"name":"Regalo fotogr\u00e1fico conmemorativo"}]},{"@type":"WebSite","@id":"https:\/\/positiveprints.com\/es\/#website","url":"https:\/\/positiveprints.com\/es\/","name":"Positive Prints","description":"Custom Gifts for Special Occasions","publisher":{"@id":"https:\/\/positiveprints.com\/es\/#organization"},"potentialAction":[{"@type":"SearchAction","target":{"@type":"EntryPoint","urlTemplate":"https:\/\/positiveprints.com\/es\/?s={search_term_string}"},"query-input":{"@type":"PropertyValueSpecification","valueRequired":true,"valueName":"search_term_string"}}],"inLanguage":"es"},{"@type":"Organization","@id":"https:\/\/positiveprints.com\/es\/#organization","name":"Positive Prints","alternateName":"Positive Prints","url":"https:\/\/positiveprints.com\/es\/","logo":{"@type":"ImageObject","inLanguage":"es","@id":"https:\/\/positiveprints.com\/es\/#\/schema\/logo\/image\/","url":"https:\/\/positiveprints.com\/wp-content\/uploads\/2026\/03\/245815646_1337939713319158_5671353136411139666_n.png","contentUrl":"https:\/\/positiveprints.com\/wp-content\/uploads\/2026\/03\/245815646_1337939713319158_5671353136411139666_n.png","width":800,"height":800,"caption":"Positive Prints"},"image":{"@id":"https:\/\/positiveprints.com\/es\/#\/schema\/logo\/image\/"},"sameAs":["https:\/\/www.facebook.com\/positiveprintscom","https:\/\/www.instagram.com\/positiveprintscom\/","https:\/\/www.tiktok.com\/@positiveprintscom","https:\/\/www.pinterest.com\/positiveprintscom\/"]}]}},"jetpack_sharing_enabled":true,"_links":{"self":[{"href":"https:\/\/positiveprints.com\/es\/wp-json\/wp\/v2\/product\/362095","targetHints":{"allow":["GET"]}}],"collection":[{"href":"https:\/\/positiveprints.com\/es\/wp-json\/wp\/v2\/product"}],"about":[{"href":"https:\/\/positiveprints.com\/es\/wp-json\/wp\/v2\/types\/product"}],"wp:featuredmedia":[{"embeddable":true,"href":"https:\/\/positiveprints.com\/es\/wp-json\/wp\/v2\/media\/334022"}],"wp:attachment":[{"href":"https:\/\/positiveprints.com\/es\/wp-json\/wp\/v2\/media?parent=362095"}],"wp:term":[{"taxonomy":"product_brand","embeddable":true,"href":"https:\/\/positiveprints.com\/es\/wp-json\/wp\/v2\/product_brand?post=362095"},{"taxonomy":"product_cat","embeddable":true,"href":"https:\/\/positiveprints.com\/es\/wp-json\/wp\/v2\/product_cat?post=362095"},{"taxonomy":"product_tag","embeddable":true,"href":"https:\/\/positiveprints.com\/es\/wp-json\/wp\/v2\/product_tag?post=362095"}],"curies":[{"name":"wp","href":"https:\/\/api.w.org\/{rel}","templated":true}]}}