{"id":362056,"date":"2022-08-24T12:03:33","date_gmt":"2022-10-28T11:28:17","guid":{"rendered":"https:\/\/positiveprints.com\/?post_type=product&#038;p=362056"},"modified":"2026-04-23T11:45:50","modified_gmt":"2026-04-23T10:45:50","slug":"arte-fotografico-para-recordar-a-tu-mascota","status":"publish","type":"product","link":"https:\/\/positiveprints.com\/es\/producto\/arte-fotografico-para-recordar-a-tu-mascota\/","title":{"rendered":"Arte fotogr\u00e1fico para recordar a tu mascota"},"content":{"rendered":"","protected":false},"excerpt":{"rendered":"<ul class=\"check-list\">\n<li>No dejes que la memoria de tu mascota desaparezca: crea un homenaje eterno y mant\u00e9n viva su memoria<\/li>\n<li>Agrega textos superpuestos para hacer tu regalo a\u00fan m\u00e1s especial y significativo<\/li>\n<li>Personal\u00edzalo en tres sencillos pasos<\/li>\n<li>Ve el resultado de inmediato: la vista previa interactiva te permite perfeccionar cada detalle<\/li>\n<\/ul>\n","protected":false},"featured_media":334132,"template":"","meta":[],"product_brand":[],"product_cat":[7501,7997],"product_tag":[14117,14068],"class_list":{"0":"post-362056","1":"product","2":"type-product","3":"status-publish","4":"has-post-thumbnail","6":"product_cat-foto-es","7":"product_cat-regalos-para-dar-el-pesame","8":"product_tag-memorial-para-mascota","9":"product_tag-memorial-para-perro","11":"first","12":"instock","13":"sale","14":"taxable","15":"shipping-taxable","16":"purchasable","17":"product-type-variable"},"yoast_head":"<!-- This site is optimized with the Yoast SEO Premium plugin v27.2 (Yoast SEO v27.2) - https:\/\/yoast.com\/product\/yoast-seo-premium-wordpress\/ -->\n<title>Arte fotogr\u00e1fico recordar a tu mascota - Positive Prints<\/title>\n<meta name=\"description\" content=\"Perder una mascota es muy dif\u00edcil. Mant\u00e9n la memoria viva de tu mascota con un detalle fotogr\u00e1fico de Positive Prints.\" \/>\n<meta name=\"robots\" content=\"index, follow, max-snippet:-1, max-image-preview:large, max-video-preview:-1\" \/>\n<link rel=\"canonical\" href=\"https:\/\/positiveprints.com\/es\/producto\/arte-fotografico-para-recordar-a-tu-mascota\/\" \/>\n<meta property=\"og:locale\" content=\"es_ES\" \/>\n<meta property=\"og:type\" content=\"article\" \/>\n<meta property=\"og:title\" content=\"Arte fotogr\u00e1fico para recordar a tu mascota\" \/>\n<meta property=\"og:description\" content=\"No dejes que la memoria de tu mascota desaparezca: crea un homenaje eterno y mant\u00e9n viva su memoria Agrega textos superpuestos para hacer tu regalo a\u00fan m\u00e1s especial y significativo Personal\u00edzalo en tres sencillos pasos Ve el resultado de inmediato: la vista previa interactiva te permite perfeccionar cada detalle\" \/>\n<meta property=\"og:url\" content=\"https:\/\/positiveprints.com\/es\/producto\/arte-fotografico-para-recordar-a-tu-mascota\/\" \/>\n<meta property=\"og:site_name\" content=\"Positive Prints\" \/>\n<meta property=\"article:publisher\" content=\"https:\/\/www.facebook.com\/positiveprintscom\" \/>\n<meta property=\"article:modified_time\" content=\"2026-04-23T10:45:50+00:00\" \/>\n<meta property=\"og:image\" content=\"https:\/\/positiveprints.com\/wp-content\/uploads\/2022\/08\/pet-memorial-photo.jpg\" \/>\n\t<meta property=\"og:image:width\" content=\"1080\" \/>\n\t<meta property=\"og:image:height\" content=\"1080\" \/>\n\t<meta property=\"og:image:type\" content=\"image\/jpeg\" \/>\n<meta name=\"twitter:card\" content=\"summary_large_image\" \/>\n<!-- \/ Yoast SEO Premium plugin. -->","yoast_head_json":{"title":"Arte fotogr\u00e1fico recordar a tu mascota - Positive Prints","description":"Perder una mascota es muy dif\u00edcil. Mant\u00e9n la memoria viva de tu mascota con un detalle fotogr\u00e1fico de Positive Prints.","robots":{"index":"index","follow":"follow","max-snippet":"max-snippet:-1","max-image-preview":"max-image-preview:large","max-video-preview":"max-video-preview:-1"},"canonical":"https:\/\/positiveprints.com\/es\/producto\/arte-fotografico-para-recordar-a-tu-mascota\/","og_locale":"es_ES","og_type":"article","og_title":"Arte fotogr\u00e1fico para recordar a tu mascota","og_description":"No dejes que la memoria de tu mascota desaparezca: crea un homenaje eterno y mant\u00e9n viva su memoria Agrega textos superpuestos para hacer tu regalo a\u00fan m\u00e1s especial y significativo Personal\u00edzalo en tres sencillos pasos Ve el resultado de inmediato: la vista previa interactiva te permite perfeccionar cada detalle","og_url":"https:\/\/positiveprints.com\/es\/producto\/arte-fotografico-para-recordar-a-tu-mascota\/","og_site_name":"Positive Prints","article_publisher":"https:\/\/www.facebook.com\/positiveprintscom","article_modified_time":"2026-04-23T10:45:50+00:00","og_image":[{"width":1080,"height":1080,"url":"https:\/\/positiveprints.com\/wp-content\/uploads\/2022\/08\/pet-memorial-photo.jpg","type":"image\/jpeg"}],"twitter_card":"summary_large_image","schema":{"@context":"https:\/\/schema.org","@graph":[{"@type":["WebPage","ItemPage"],"@id":"https:\/\/positiveprints.com\/es\/producto\/arte-fotografico-para-recordar-a-tu-mascota\/","url":"https:\/\/positiveprints.com\/es\/producto\/arte-fotografico-para-recordar-a-tu-mascota\/","name":"Arte fotogr\u00e1fico recordar a tu mascota - Positive Prints","isPartOf":{"@id":"https:\/\/positiveprints.com\/es\/#website"},"primaryImageOfPage":{"@id":"https:\/\/positiveprints.com\/es\/producto\/arte-fotografico-para-recordar-a-tu-mascota\/#primaryimage"},"image":{"@id":"https:\/\/positiveprints.com\/es\/producto\/arte-fotografico-para-recordar-a-tu-mascota\/#primaryimage"},"thumbnailUrl":"https:\/\/positiveprints.com\/wp-content\/uploads\/2022\/08\/pet-memorial-photo.jpg","datePublished":"2022-10-28T11:28:17+00:00","dateModified":"2026-04-23T10:45:50+00:00","description":"Perder una mascota es muy dif\u00edcil. Mant\u00e9n la memoria viva de tu mascota con un detalle fotogr\u00e1fico de Positive Prints.","breadcrumb":{"@id":"https:\/\/positiveprints.com\/es\/producto\/arte-fotografico-para-recordar-a-tu-mascota\/#breadcrumb"},"inLanguage":"es","potentialAction":[{"@type":"ReadAction","target":["https:\/\/positiveprints.com\/es\/producto\/arte-fotografico-para-recordar-a-tu-mascota\/"]}]},{"@type":"ImageObject","inLanguage":"es","@id":"https:\/\/positiveprints.com\/es\/producto\/arte-fotografico-para-recordar-a-tu-mascota\/#primaryimage","url":"https:\/\/positiveprints.com\/wp-content\/uploads\/2022\/08\/pet-memorial-photo.jpg","contentUrl":"https:\/\/positiveprints.com\/wp-content\/uploads\/2022\/08\/pet-memorial-photo.jpg","width":1080,"height":1080,"caption":"A pet memorial photo gift is a beautiful way to pay tribute to the pet that meant so much to you."},{"@type":"BreadcrumbList","@id":"https:\/\/positiveprints.com\/es\/producto\/arte-fotografico-para-recordar-a-tu-mascota\/#breadcrumb","itemListElement":[{"@type":"ListItem","position":1,"name":"CASA","item":"https:\/\/positiveprints.com\/es\/"},{"@type":"ListItem","position":2,"name":"Productos","item":"https:\/\/positiveprints.com\/es\/shop\/"},{"@type":"ListItem","position":3,"name":"Arte fotogr\u00e1fico para recordar a tu mascota"}]},{"@type":"WebSite","@id":"https:\/\/positiveprints.com\/es\/#website","url":"https:\/\/positiveprints.com\/es\/","name":"Positive Prints","description":"Custom Gifts for Special Occasions","publisher":{"@id":"https:\/\/positiveprints.com\/es\/#organization"},"potentialAction":[{"@type":"SearchAction","target":{"@type":"EntryPoint","urlTemplate":"https:\/\/positiveprints.com\/es\/?s={search_term_string}"},"query-input":{"@type":"PropertyValueSpecification","valueRequired":true,"valueName":"search_term_string"}}],"inLanguage":"es"},{"@type":"Organization","@id":"https:\/\/positiveprints.com\/es\/#organization","name":"Positive Prints","alternateName":"Positive Prints ","url":"https:\/\/positiveprints.com\/es\/","logo":{"@type":"ImageObject","inLanguage":"es","@id":"https:\/\/positiveprints.com\/es\/#\/schema\/logo\/image\/","url":"https:\/\/positiveprints.com\/wp-content\/uploads\/2026\/03\/245815646_1337939713319158_5671353136411139666_n.png","contentUrl":"https:\/\/positiveprints.com\/wp-content\/uploads\/2026\/03\/245815646_1337939713319158_5671353136411139666_n.png","width":800,"height":800,"caption":"Positive Prints"},"image":{"@id":"https:\/\/positiveprints.com\/es\/#\/schema\/logo\/image\/"},"sameAs":["https:\/\/www.facebook.com\/positiveprintscom","https:\/\/www.instagram.com\/positiveprintscom\/","https:\/\/www.tiktok.com\/@positiveprintscom","https:\/\/www.pinterest.com\/positiveprintscom\/"]}]}},"jetpack_sharing_enabled":true,"_links":{"self":[{"href":"https:\/\/positiveprints.com\/es\/wp-json\/wp\/v2\/product\/362056","targetHints":{"allow":["GET"]}}],"collection":[{"href":"https:\/\/positiveprints.com\/es\/wp-json\/wp\/v2\/product"}],"about":[{"href":"https:\/\/positiveprints.com\/es\/wp-json\/wp\/v2\/types\/product"}],"wp:featuredmedia":[{"embeddable":true,"href":"https:\/\/positiveprints.com\/es\/wp-json\/wp\/v2\/media\/334132"}],"wp:attachment":[{"href":"https:\/\/positiveprints.com\/es\/wp-json\/wp\/v2\/media?parent=362056"}],"wp:term":[{"taxonomy":"product_brand","embeddable":true,"href":"https:\/\/positiveprints.com\/es\/wp-json\/wp\/v2\/product_brand?post=362056"},{"taxonomy":"product_cat","embeddable":true,"href":"https:\/\/positiveprints.com\/es\/wp-json\/wp\/v2\/product_cat?post=362056"},{"taxonomy":"product_tag","embeddable":true,"href":"https:\/\/positiveprints.com\/es\/wp-json\/wp\/v2\/product_tag?post=362056"}],"curies":[{"name":"wp","href":"https:\/\/api.w.org\/{rel}","templated":true}]}}