{"id":362026,"date":"2022-08-24T13:08:44","date_gmt":"2022-08-24T12:08:44","guid":{"rendered":"https:\/\/positiveprints.com\/?post_type=product&#038;p=362026"},"modified":"2026-04-03T03:29:29","modified_gmt":"2026-04-03T02:29:29","slug":"arte-fotografico-de-mascotas","status":"publish","type":"product","link":"https:\/\/positiveprints.com\/es\/producto\/arte-fotografico-de-mascotas\/","title":{"rendered":"Arte fotogr\u00e1fico de mascotas"},"content":{"rendered":"","protected":false},"excerpt":{"rendered":"<ul class=\"check-list\">\n<li>Demu\u00e9strale al mundo cu\u00e1n importante es tu mascota: crea un hermoso dise\u00f1o que llene cualquier habitaci\u00f3n de alegr\u00eda<\/li>\n<li>Agrega textos superpuestos para hacer tu regalo a\u00fan m\u00e1s especial y significativo<\/li>\n<li>Personal\u00edzalo en tres sencillos pasos<\/li>\n<li>Ve el resultado de inmediato: la vista previa interactiva te permite perfeccionar cada detalle<\/li>\n<\/ul>\n","protected":false},"featured_media":334244,"template":"","meta":[],"product_brand":[],"product_cat":[7501,7901],"product_tag":[15399,15624,8697],"class_list":{"0":"post-362026","1":"product","2":"type-product","3":"status-publish","4":"has-post-thumbnail","6":"product_cat-foto-es","7":"product_cat-regalos-para-amantes-de-los-perros","8":"product_tag-animales","9":"product_tag-animals-es","10":"product_tag-dog-lovers-es","12":"first","13":"instock","14":"sale","15":"taxable","16":"shipping-taxable","17":"purchasable","18":"product-type-variable"},"yoast_head":"<!-- This site is optimized with the Yoast SEO Premium plugin v27.2 (Yoast SEO v27.2) - https:\/\/yoast.com\/product\/yoast-seo-premium-wordpress\/ -->\n<title>Arte fotogr\u00e1fico de mascotas - Positive Prints<\/title>\n<meta name=\"description\" content=\"Tu mascota tiene un lugar especial en tu vida. Nuestro arte fotogr\u00e1fico de mascotas te permitir\u00e1 mostrarlo como parte oficial de la familia. Personaliza tu obra fotogr\u00e1fica.\" \/>\n<meta name=\"robots\" content=\"index, follow, max-snippet:-1, max-image-preview:large, max-video-preview:-1\" \/>\n<link rel=\"canonical\" href=\"https:\/\/positiveprints.com\/es\/producto\/arte-fotografico-de-mascotas\/\" \/>\n<meta property=\"og:locale\" content=\"es_ES\" \/>\n<meta property=\"og:type\" content=\"article\" \/>\n<meta property=\"og:title\" content=\"Arte fotogr\u00e1fico de mascotas\" \/>\n<meta property=\"og:description\" content=\"Demu\u00e9strale al mundo cu\u00e1n importante es tu mascota: crea un hermoso dise\u00f1o que llene cualquier habitaci\u00f3n de alegr\u00eda Agrega textos superpuestos para hacer tu regalo a\u00fan m\u00e1s especial y significativo Personal\u00edzalo en tres sencillos pasos Ve el resultado de inmediato: la vista previa interactiva te permite perfeccionar cada detalle\" \/>\n<meta property=\"og:url\" content=\"https:\/\/positiveprints.com\/es\/producto\/arte-fotografico-de-mascotas\/\" \/>\n<meta property=\"og:site_name\" content=\"Positive Prints\" \/>\n<meta property=\"article:publisher\" content=\"https:\/\/www.facebook.com\/positiveprintscom\" \/>\n<meta property=\"article:modified_time\" content=\"2026-04-03T02:29:29+00:00\" \/>\n<meta property=\"og:image\" content=\"https:\/\/positiveprints.com\/wp-content\/uploads\/2022\/08\/pet-photo-wall-art.jpg\" \/>\n\t<meta property=\"og:image:width\" content=\"1080\" \/>\n\t<meta property=\"og:image:height\" content=\"1080\" \/>\n\t<meta property=\"og:image:type\" content=\"image\/jpeg\" \/>\n<meta name=\"twitter:card\" content=\"summary_large_image\" \/>\n<!-- \/ Yoast SEO Premium plugin. -->","yoast_head_json":{"title":"Arte fotogr\u00e1fico de mascotas - Positive Prints","description":"Tu mascota tiene un lugar especial en tu vida. Nuestro arte fotogr\u00e1fico de mascotas te permitir\u00e1 mostrarlo como parte oficial de la familia. Personaliza tu obra fotogr\u00e1fica.","robots":{"index":"index","follow":"follow","max-snippet":"max-snippet:-1","max-image-preview":"max-image-preview:large","max-video-preview":"max-video-preview:-1"},"canonical":"https:\/\/positiveprints.com\/es\/producto\/arte-fotografico-de-mascotas\/","og_locale":"es_ES","og_type":"article","og_title":"Arte fotogr\u00e1fico de mascotas","og_description":"Demu\u00e9strale al mundo cu\u00e1n importante es tu mascota: crea un hermoso dise\u00f1o que llene cualquier habitaci\u00f3n de alegr\u00eda Agrega textos superpuestos para hacer tu regalo a\u00fan m\u00e1s especial y significativo Personal\u00edzalo en tres sencillos pasos Ve el resultado de inmediato: la vista previa interactiva te permite perfeccionar cada detalle","og_url":"https:\/\/positiveprints.com\/es\/producto\/arte-fotografico-de-mascotas\/","og_site_name":"Positive Prints","article_publisher":"https:\/\/www.facebook.com\/positiveprintscom","article_modified_time":"2026-04-03T02:29:29+00:00","og_image":[{"width":1080,"height":1080,"url":"https:\/\/positiveprints.com\/wp-content\/uploads\/2022\/08\/pet-photo-wall-art.jpg","type":"image\/jpeg"}],"twitter_card":"summary_large_image","schema":{"@context":"https:\/\/schema.org","@graph":[{"@type":["WebPage","ItemPage"],"@id":"https:\/\/positiveprints.com\/es\/producto\/arte-fotografico-de-mascotas\/","url":"https:\/\/positiveprints.com\/es\/producto\/arte-fotografico-de-mascotas\/","name":"Arte fotogr\u00e1fico de mascotas - Positive Prints","isPartOf":{"@id":"https:\/\/positiveprints.com\/es\/#website"},"primaryImageOfPage":{"@id":"https:\/\/positiveprints.com\/es\/producto\/arte-fotografico-de-mascotas\/#primaryimage"},"image":{"@id":"https:\/\/positiveprints.com\/es\/producto\/arte-fotografico-de-mascotas\/#primaryimage"},"thumbnailUrl":"https:\/\/positiveprints.com\/wp-content\/uploads\/2022\/08\/pet-photo-wall-art.jpg","datePublished":"2022-08-24T12:08:44+00:00","dateModified":"2026-04-03T02:29:29+00:00","description":"Tu mascota tiene un lugar especial en tu vida. Nuestro arte fotogr\u00e1fico de mascotas te permitir\u00e1 mostrarlo como parte oficial de la familia. Personaliza tu obra fotogr\u00e1fica.","breadcrumb":{"@id":"https:\/\/positiveprints.com\/es\/producto\/arte-fotografico-de-mascotas\/#breadcrumb"},"inLanguage":"es","potentialAction":[{"@type":"ReadAction","target":["https:\/\/positiveprints.com\/es\/producto\/arte-fotografico-de-mascotas\/"]}]},{"@type":"ImageObject","inLanguage":"es","@id":"https:\/\/positiveprints.com\/es\/producto\/arte-fotografico-de-mascotas\/#primaryimage","url":"https:\/\/positiveprints.com\/wp-content\/uploads\/2022\/08\/pet-photo-wall-art.jpg","contentUrl":"https:\/\/positiveprints.com\/wp-content\/uploads\/2022\/08\/pet-photo-wall-art.jpg","width":1080,"height":1080,"caption":"Customize photos of your pets and turn them into works of art"},{"@type":"BreadcrumbList","@id":"https:\/\/positiveprints.com\/es\/producto\/arte-fotografico-de-mascotas\/#breadcrumb","itemListElement":[{"@type":"ListItem","position":1,"name":"CASA","item":"https:\/\/positiveprints.com\/es\/"},{"@type":"ListItem","position":2,"name":"Productos","item":"https:\/\/positiveprints.com\/es\/shop\/"},{"@type":"ListItem","position":3,"name":"Arte fotogr\u00e1fico de mascotas"}]},{"@type":"WebSite","@id":"https:\/\/positiveprints.com\/es\/#website","url":"https:\/\/positiveprints.com\/es\/","name":"Positive Prints","description":"Custom Gifts for Special Occasions","publisher":{"@id":"https:\/\/positiveprints.com\/es\/#organization"},"potentialAction":[{"@type":"SearchAction","target":{"@type":"EntryPoint","urlTemplate":"https:\/\/positiveprints.com\/es\/?s={search_term_string}"},"query-input":{"@type":"PropertyValueSpecification","valueRequired":true,"valueName":"search_term_string"}}],"inLanguage":"es"},{"@type":"Organization","@id":"https:\/\/positiveprints.com\/es\/#organization","name":"Positive Prints","alternateName":"Positive Prints","url":"https:\/\/positiveprints.com\/es\/","logo":{"@type":"ImageObject","inLanguage":"es","@id":"https:\/\/positiveprints.com\/es\/#\/schema\/logo\/image\/","url":"https:\/\/positiveprints.com\/wp-content\/uploads\/2026\/03\/245815646_1337939713319158_5671353136411139666_n.png","contentUrl":"https:\/\/positiveprints.com\/wp-content\/uploads\/2026\/03\/245815646_1337939713319158_5671353136411139666_n.png","width":800,"height":800,"caption":"Positive Prints"},"image":{"@id":"https:\/\/positiveprints.com\/es\/#\/schema\/logo\/image\/"},"sameAs":["https:\/\/www.facebook.com\/positiveprintscom","https:\/\/www.instagram.com\/positiveprintscom\/","https:\/\/www.tiktok.com\/@positiveprintscom","https:\/\/www.pinterest.com\/positiveprintscom\/"]}]}},"jetpack_sharing_enabled":true,"_links":{"self":[{"href":"https:\/\/positiveprints.com\/es\/wp-json\/wp\/v2\/product\/362026","targetHints":{"allow":["GET"]}}],"collection":[{"href":"https:\/\/positiveprints.com\/es\/wp-json\/wp\/v2\/product"}],"about":[{"href":"https:\/\/positiveprints.com\/es\/wp-json\/wp\/v2\/types\/product"}],"wp:featuredmedia":[{"embeddable":true,"href":"https:\/\/positiveprints.com\/es\/wp-json\/wp\/v2\/media\/334244"}],"wp:attachment":[{"href":"https:\/\/positiveprints.com\/es\/wp-json\/wp\/v2\/media?parent=362026"}],"wp:term":[{"taxonomy":"product_brand","embeddable":true,"href":"https:\/\/positiveprints.com\/es\/wp-json\/wp\/v2\/product_brand?post=362026"},{"taxonomy":"product_cat","embeddable":true,"href":"https:\/\/positiveprints.com\/es\/wp-json\/wp\/v2\/product_cat?post=362026"},{"taxonomy":"product_tag","embeddable":true,"href":"https:\/\/positiveprints.com\/es\/wp-json\/wp\/v2\/product_tag?post=362026"}],"curies":[{"name":"wp","href":"https:\/\/api.w.org\/{rel}","templated":true}]}}