{"id":361665,"date":"2022-08-24T19:31:09","date_gmt":"2022-08-24T18:31:09","guid":{"rendered":"https:\/\/positiveprints.com\/?post_type=product&#038;p=361665"},"modified":"2026-04-23T11:45:26","modified_gmt":"2026-04-23T10:45:26","slug":"regalo-fotografico-para-amigos","status":"publish","type":"product","link":"https:\/\/positiveprints.com\/es\/producto\/regalo-fotografico-para-amigos\/","title":{"rendered":"Regalo fotogr\u00e1fico para amigos"},"content":{"rendered":"","protected":false},"excerpt":{"rendered":"<ul class=\"check-list\">\n<li>Celebra el v\u00ednculo especial que tienes con tus amigos y reg\u00e1lales algo que podr\u00e1n recordar todos los d\u00edas<\/li>\n<li>Agrega textos superpuestos para hacer tu regalo a\u00fan m\u00e1s especial y significativo<\/li>\n<li>Personal\u00edzalo en tres sencillos pasos<\/li>\n<li>Ve el resultado de inmediato: la vista previa interactiva te permite perfeccionar cada detalle<\/li>\n<\/ul>\n","protected":false},"featured_media":334485,"template":"","meta":[],"product_brand":[],"product_cat":[7501,5270,15045,7837],"product_tag":[8634,11000,11872,15192,15193,9389,15194,15235,13493,9372,13479],"class_list":{"0":"post-361665","1":"product","2":"type-product","3":"status-publish","4":"has-post-thumbnail","6":"product_cat-foto-es","7":"product_cat-regalos-de-navidad","8":"product_cat-regalos-de-navidad-para-amigos","9":"product_cat-regalos-para-amigos","10":"product_tag-amigas","11":"product_tag-amigo","12":"product_tag-amistad","13":"product_tag-best-friend-es","14":"product_tag-best-friends-forever-es","15":"product_tag-besties-es","16":"product_tag-bff-es","17":"product_tag-galentines-day-es-2","18":"product_tag-galentines-day-es","19":"product_tag-mejores-amigos","20":"product_tag-regalos-de-navidad-para-amigos","22":"first","23":"instock","24":"sale","25":"taxable","26":"shipping-taxable","27":"purchasable","28":"product-type-variable"},"yoast_head":"<!-- This site is optimized with the Yoast SEO Premium plugin v27.2 (Yoast SEO v27.2) - https:\/\/yoast.com\/product\/yoast-seo-premium-wordpress\/ -->\n<title>Regalo fotogr\u00e1fico para amigos - Positive Prints<\/title>\n<meta name=\"description\" content=\"Demu\u00e9strale a tus amigos lo mucho que te importan con un regalo fotogr\u00e1fico personalizado. \u00a1Plasma todos sus momentos especiales y llenos de amor!\" \/>\n<meta name=\"robots\" content=\"index, follow, max-snippet:-1, max-image-preview:large, max-video-preview:-1\" \/>\n<link rel=\"canonical\" href=\"https:\/\/positiveprints.com\/es\/producto\/regalo-fotografico-para-amigos\/\" \/>\n<meta property=\"og:locale\" content=\"es_ES\" \/>\n<meta property=\"og:type\" content=\"article\" \/>\n<meta property=\"og:title\" content=\"Regalo fotogr\u00e1fico para amigos\" \/>\n<meta property=\"og:description\" content=\"Celebra el v\u00ednculo especial que tienes con tus amigos y reg\u00e1lales algo que podr\u00e1n recordar todos los d\u00edas Agrega textos superpuestos para hacer tu regalo a\u00fan m\u00e1s especial y significativo Personal\u00edzalo en tres sencillos pasos Ve el resultado de inmediato: la vista previa interactiva te permite perfeccionar cada detalle\" \/>\n<meta property=\"og:url\" content=\"https:\/\/positiveprints.com\/es\/producto\/regalo-fotografico-para-amigos\/\" \/>\n<meta property=\"og:site_name\" content=\"Positive Prints\" \/>\n<meta property=\"article:publisher\" content=\"https:\/\/www.facebook.com\/positiveprintscom\" \/>\n<meta property=\"article:modified_time\" content=\"2026-04-23T10:45:26+00:00\" \/>\n<meta property=\"og:image\" content=\"https:\/\/positiveprints.com\/wp-content\/uploads\/2022\/08\/photo-gifts-for-friends.jpg\" \/>\n\t<meta property=\"og:image:width\" content=\"1080\" \/>\n\t<meta property=\"og:image:height\" content=\"1080\" \/>\n\t<meta property=\"og:image:type\" content=\"image\/jpeg\" \/>\n<meta name=\"twitter:card\" content=\"summary_large_image\" \/>\n<!-- \/ Yoast SEO Premium plugin. -->","yoast_head_json":{"title":"Regalo fotogr\u00e1fico para amigos - Positive Prints","description":"Demu\u00e9strale a tus amigos lo mucho que te importan con un regalo fotogr\u00e1fico personalizado. \u00a1Plasma todos sus momentos especiales y llenos de amor!","robots":{"index":"index","follow":"follow","max-snippet":"max-snippet:-1","max-image-preview":"max-image-preview:large","max-video-preview":"max-video-preview:-1"},"canonical":"https:\/\/positiveprints.com\/es\/producto\/regalo-fotografico-para-amigos\/","og_locale":"es_ES","og_type":"article","og_title":"Regalo fotogr\u00e1fico para amigos","og_description":"Celebra el v\u00ednculo especial que tienes con tus amigos y reg\u00e1lales algo que podr\u00e1n recordar todos los d\u00edas Agrega textos superpuestos para hacer tu regalo a\u00fan m\u00e1s especial y significativo Personal\u00edzalo en tres sencillos pasos Ve el resultado de inmediato: la vista previa interactiva te permite perfeccionar cada detalle","og_url":"https:\/\/positiveprints.com\/es\/producto\/regalo-fotografico-para-amigos\/","og_site_name":"Positive Prints","article_publisher":"https:\/\/www.facebook.com\/positiveprintscom","article_modified_time":"2026-04-23T10:45:26+00:00","og_image":[{"width":1080,"height":1080,"url":"https:\/\/positiveprints.com\/wp-content\/uploads\/2022\/08\/photo-gifts-for-friends.jpg","type":"image\/jpeg"}],"twitter_card":"summary_large_image","schema":{"@context":"https:\/\/schema.org","@graph":[{"@type":["WebPage","ItemPage"],"@id":"https:\/\/positiveprints.com\/es\/producto\/regalo-fotografico-para-amigos\/","url":"https:\/\/positiveprints.com\/es\/producto\/regalo-fotografico-para-amigos\/","name":"Regalo fotogr\u00e1fico para amigos - Positive Prints","isPartOf":{"@id":"https:\/\/positiveprints.com\/es\/#website"},"primaryImageOfPage":{"@id":"https:\/\/positiveprints.com\/es\/producto\/regalo-fotografico-para-amigos\/#primaryimage"},"image":{"@id":"https:\/\/positiveprints.com\/es\/producto\/regalo-fotografico-para-amigos\/#primaryimage"},"thumbnailUrl":"https:\/\/positiveprints.com\/wp-content\/uploads\/2022\/08\/photo-gifts-for-friends.jpg","datePublished":"2022-08-24T18:31:09+00:00","dateModified":"2026-04-23T10:45:26+00:00","description":"Demu\u00e9strale a tus amigos lo mucho que te importan con un regalo fotogr\u00e1fico personalizado. \u00a1Plasma todos sus momentos especiales y llenos de amor!","breadcrumb":{"@id":"https:\/\/positiveprints.com\/es\/producto\/regalo-fotografico-para-amigos\/#breadcrumb"},"inLanguage":"es","potentialAction":[{"@type":"ReadAction","target":["https:\/\/positiveprints.com\/es\/producto\/regalo-fotografico-para-amigos\/"]}]},{"@type":"ImageObject","inLanguage":"es","@id":"https:\/\/positiveprints.com\/es\/producto\/regalo-fotografico-para-amigos\/#primaryimage","url":"https:\/\/positiveprints.com\/wp-content\/uploads\/2022\/08\/photo-gifts-for-friends.jpg","contentUrl":"https:\/\/positiveprints.com\/wp-content\/uploads\/2022\/08\/photo-gifts-for-friends.jpg","width":1080,"height":1080,"caption":"Show your friends how much they mean to you with a custom photo gift for friends."},{"@type":"BreadcrumbList","@id":"https:\/\/positiveprints.com\/es\/producto\/regalo-fotografico-para-amigos\/#breadcrumb","itemListElement":[{"@type":"ListItem","position":1,"name":"CASA","item":"https:\/\/positiveprints.com\/es\/"},{"@type":"ListItem","position":2,"name":"Productos","item":"https:\/\/positiveprints.com\/es\/shop\/"},{"@type":"ListItem","position":3,"name":"Regalo fotogr\u00e1fico para amigos"}]},{"@type":"WebSite","@id":"https:\/\/positiveprints.com\/es\/#website","url":"https:\/\/positiveprints.com\/es\/","name":"Positive Prints","description":"Custom Gifts for Special Occasions","publisher":{"@id":"https:\/\/positiveprints.com\/es\/#organization"},"potentialAction":[{"@type":"SearchAction","target":{"@type":"EntryPoint","urlTemplate":"https:\/\/positiveprints.com\/es\/?s={search_term_string}"},"query-input":{"@type":"PropertyValueSpecification","valueRequired":true,"valueName":"search_term_string"}}],"inLanguage":"es"},{"@type":"Organization","@id":"https:\/\/positiveprints.com\/es\/#organization","name":"Positive Prints","alternateName":"Positive Prints ","url":"https:\/\/positiveprints.com\/es\/","logo":{"@type":"ImageObject","inLanguage":"es","@id":"https:\/\/positiveprints.com\/es\/#\/schema\/logo\/image\/","url":"https:\/\/positiveprints.com\/wp-content\/uploads\/2026\/03\/245815646_1337939713319158_5671353136411139666_n.png","contentUrl":"https:\/\/positiveprints.com\/wp-content\/uploads\/2026\/03\/245815646_1337939713319158_5671353136411139666_n.png","width":800,"height":800,"caption":"Positive Prints"},"image":{"@id":"https:\/\/positiveprints.com\/es\/#\/schema\/logo\/image\/"},"sameAs":["https:\/\/www.facebook.com\/positiveprintscom","https:\/\/www.instagram.com\/positiveprintscom\/","https:\/\/www.tiktok.com\/@positiveprintscom","https:\/\/www.pinterest.com\/positiveprintscom\/"]}]}},"jetpack_sharing_enabled":true,"_links":{"self":[{"href":"https:\/\/positiveprints.com\/es\/wp-json\/wp\/v2\/product\/361665","targetHints":{"allow":["GET"]}}],"collection":[{"href":"https:\/\/positiveprints.com\/es\/wp-json\/wp\/v2\/product"}],"about":[{"href":"https:\/\/positiveprints.com\/es\/wp-json\/wp\/v2\/types\/product"}],"wp:featuredmedia":[{"embeddable":true,"href":"https:\/\/positiveprints.com\/es\/wp-json\/wp\/v2\/media\/334485"}],"wp:attachment":[{"href":"https:\/\/positiveprints.com\/es\/wp-json\/wp\/v2\/media?parent=361665"}],"wp:term":[{"taxonomy":"product_brand","embeddable":true,"href":"https:\/\/positiveprints.com\/es\/wp-json\/wp\/v2\/product_brand?post=361665"},{"taxonomy":"product_cat","embeddable":true,"href":"https:\/\/positiveprints.com\/es\/wp-json\/wp\/v2\/product_cat?post=361665"},{"taxonomy":"product_tag","embeddable":true,"href":"https:\/\/positiveprints.com\/es\/wp-json\/wp\/v2\/product_tag?post=361665"}],"curies":[{"name":"wp","href":"https:\/\/api.w.org\/{rel}","templated":true}]}}