{"id":361559,"date":"2022-08-25T15:26:41","date_gmt":"2022-08-25T14:26:41","guid":{"rendered":"https:\/\/positiveprints.com\/?post_type=product&#038;p=361559"},"modified":"2026-04-18T06:40:23","modified_gmt":"2026-04-18T05:40:23","slug":"bienvenidos-a-mi-boda","status":"publish","type":"product","link":"https:\/\/positiveprints.com\/es\/producto\/bienvenidos-a-mi-boda\/","title":{"rendered":"Bienvenidos a mi boda"},"content":{"rendered":"Cada detalle del d\u00eda de tu boda debe ser perfecto. Para elevar el ambiente y extender un c\u00e1lido abrazo a todos tus invitados, un p\u00f3ster que diga \u201cbienvenidos a mi boda\u201d les refleja el tipo de experiencia que van a poder presenciar.\n\n\n\n<h2 class=\"grenB f24 cblue\" style=\"margin-top: 3rem;\">\u00bfPor qu\u00e9 crear un p\u00f3ster de bienvenida para tu boda?<\/h2>\n\n\n\n<p style=\"margin-top: 1rem;\">Planear una boda requiere cumplir una multitud de tareas complejas, cada una de las cuales contribuye a expresar su exquisito encanto y singularidad. Entre estos indispensables elementos, se encuentra \u201cbienvenidos a mi boda\u201d: un complemento primordial para celebrar el d\u00eda m\u00e1s importante de sus vidas.<\/p>\n\n\n\n<p style=\"margin-top: 1rem;\">Dado que no es pr\u00e1ctico saludar personalmente a cada invitado, nuestro p\u00f3ster \u201cbienvenidos a mi boda\u201d asumir\u00e1 esta maravillosa tarea en tu nombre. Col\u00f3calo en un elegante caballete en la entrada del lugar para que cada invitado sepa que ha llegado al lugar correcto. Luego, ll\u00e9valo a la recepci\u00f3n para que se mezcle armoniosamente con la tem\u00e1tica de tu boda. Este peque\u00f1o pero significativo gesto deja una huella indeleble en el coraz\u00f3n de los invitados, al mismo tiempo que realza el encanto de las fotograf\u00edas de tu boda.<\/p>\n\n\n\n<h2 class=\"grenB f24 cblue\" style=\"margin-top: 3rem;\">C\u00f3mo funciona<\/h2>\n\n\n\n<p style=\"margin-top: 1rem;\">\u00bfNo crees tener buen ojo para los dise\u00f1os? \u00bfTe cuesta crear tu propio p\u00f3ster de boda desde cero? \u00a1No te preocupes! En Positive Prints hemos simplificado el proceso de creaci\u00f3n de impresiones fotogr\u00e1ficas personalizadas para que puedas crear un p\u00f3ster de la m\u00e1s alta calidad en cuesti\u00f3n de minutos. Elige entre una gran variedad de plantillas predise\u00f1adas, selecciona las fotos que quieras incluir y personaliza tu dise\u00f1o con un texto. Puedes incluir sus nombres, la fecha y la hora de la boda, el lugar de la recepci\u00f3n u otros detalles que te ayudar\u00e1n a evocar recuerdos preciados en los a\u00f1os venideros.<\/p>\n\n\n\n<p style=\"margin-top: 1rem;\">Por \u00faltimo, solo tendr\u00e1s que determinar c\u00f3mo quieres recibir tu impresi\u00f3n de boda personalizada. Contamos con env\u00edo a todo el mundo para que puedas recibir nuestros p\u00f3steres e impresiones sobre lienzo de la forma m\u00e1s f\u00e1cil posible, o si lo deseas, selecciona la opci\u00f3n de descarga instant\u00e1nea, que te permite imprimir tu dise\u00f1o de forma local.<\/p>\n\n\n\n<h2 class=\"grenB f24 cblue\" style=\"margin-top: 3rem;\">Conserva la esencia del d\u00eda de tu boda<\/h2>\n\n\n\n<p style=\"margin-top: 1rem;\">Aunque parezca un momento fugaz, el d\u00eda de su boda quedar\u00e1 grabado en sus corazones. Los recuerdos, las fotograf\u00edas y los videos ayudar\u00e1n a inmortalizar esos maravillosos momentos, y m\u00e1s con la ayuda de nuestro p\u00f3ster \u201cbienvenidos a mi boda\u201d, para que el recuerdo sea a\u00fan m\u00e1s duradero y pueda hacer un cierre elegante al evento. \u00a1Crea tu p\u00f3ster hoy mismo y graba este preciado recuerdo en el tiempo!<\/p>","protected":false},"excerpt":{"rendered":"<ul class=\"check-list\">\n<li>Haz que el d\u00eda de tu boda sea a\u00fan m\u00e1s especial: eleva la decoraci\u00f3n de tu boda y recibe a tus invitados con estilo<\/li>\n<li>Agrega textos superpuestos para hacer tu regalo a\u00fan m\u00e1s especial y significativo<\/li>\n<li>Personal\u00edzalo en tres sencillos pasos<\/li>\n<li>Ve el resultado de inmediato: la vista previa interactiva te permite perfeccionar cada detalle<\/li>\n<\/ul>\n","protected":false},"featured_media":335194,"template":"","meta":[],"product_brand":[],"product_cat":[7501,7933],"product_tag":[15081],"class_list":{"0":"post-361559","1":"product","2":"type-product","3":"status-publish","4":"has-post-thumbnail","6":"product_cat-foto-es","7":"product_cat-regalos-para-despedidas-de-soltera","8":"product_tag-wedding-es-2","10":"first","11":"instock","12":"sale","13":"taxable","14":"shipping-taxable","15":"purchasable","16":"product-type-variable"},"yoast_head":"<!-- This site is optimized with the Yoast SEO Premium plugin v27.2 (Yoast SEO v27.2) - https:\/\/yoast.com\/product\/yoast-seo-premium-wordpress\/ -->\n<title>Bienvenidos a mi boda - Positive Prints<\/title>\n<meta name=\"description\" content=\"Dale la bienvenida a tus invitados con mucho estilo. Un letrero de bienvenida personalizado con la fotograf\u00eda de los reci\u00e9n casados sin duda ser\u00e1 recordado por los invitados.\" \/>\n<meta name=\"robots\" content=\"index, follow, max-snippet:-1, max-image-preview:large, max-video-preview:-1\" \/>\n<link rel=\"canonical\" href=\"https:\/\/positiveprints.com\/es\/producto\/bienvenidos-a-mi-boda\/\" \/>\n<meta property=\"og:locale\" content=\"es_ES\" \/>\n<meta property=\"og:type\" content=\"article\" \/>\n<meta property=\"og:title\" content=\"Bienvenidos a mi boda\" \/>\n<meta property=\"og:description\" content=\"Haz que el d\u00eda de tu boda sea a\u00fan m\u00e1s especial: eleva la decoraci\u00f3n de tu boda y recibe a tus invitados con estilo Agrega textos superpuestos para hacer tu regalo a\u00fan m\u00e1s especial y significativo Personal\u00edzalo en tres sencillos pasos Ve el resultado de inmediato: la vista previa interactiva te permite perfeccionar cada detalle\" \/>\n<meta property=\"og:url\" content=\"https:\/\/positiveprints.com\/es\/producto\/bienvenidos-a-mi-boda\/\" \/>\n<meta property=\"og:site_name\" content=\"Positive Prints\" \/>\n<meta property=\"article:publisher\" content=\"https:\/\/www.facebook.com\/positiveprintscom\" \/>\n<meta property=\"article:modified_time\" content=\"2026-04-18T05:40:23+00:00\" \/>\n<meta property=\"og:image\" content=\"https:\/\/positiveprints.com\/wp-content\/uploads\/2022\/08\/wedding-welcome-sign.jpg\" \/>\n\t<meta property=\"og:image:width\" content=\"1080\" \/>\n\t<meta property=\"og:image:height\" content=\"1080\" \/>\n\t<meta property=\"og:image:type\" content=\"image\/jpeg\" \/>\n<meta name=\"twitter:card\" content=\"summary_large_image\" \/>\n<!-- \/ Yoast SEO Premium plugin. -->","yoast_head_json":{"title":"Bienvenidos a mi boda - Positive Prints","description":"Dale la bienvenida a tus invitados con mucho estilo. Un letrero de bienvenida personalizado con la fotograf\u00eda de los reci\u00e9n casados sin duda ser\u00e1 recordado por los invitados.","robots":{"index":"index","follow":"follow","max-snippet":"max-snippet:-1","max-image-preview":"max-image-preview:large","max-video-preview":"max-video-preview:-1"},"canonical":"https:\/\/positiveprints.com\/es\/producto\/bienvenidos-a-mi-boda\/","og_locale":"es_ES","og_type":"article","og_title":"Bienvenidos a mi boda","og_description":"Haz que el d\u00eda de tu boda sea a\u00fan m\u00e1s especial: eleva la decoraci\u00f3n de tu boda y recibe a tus invitados con estilo Agrega textos superpuestos para hacer tu regalo a\u00fan m\u00e1s especial y significativo Personal\u00edzalo en tres sencillos pasos Ve el resultado de inmediato: la vista previa interactiva te permite perfeccionar cada detalle","og_url":"https:\/\/positiveprints.com\/es\/producto\/bienvenidos-a-mi-boda\/","og_site_name":"Positive Prints","article_publisher":"https:\/\/www.facebook.com\/positiveprintscom","article_modified_time":"2026-04-18T05:40:23+00:00","og_image":[{"width":1080,"height":1080,"url":"https:\/\/positiveprints.com\/wp-content\/uploads\/2022\/08\/wedding-welcome-sign.jpg","type":"image\/jpeg"}],"twitter_card":"summary_large_image","schema":{"@context":"https:\/\/schema.org","@graph":[{"@type":["WebPage","ItemPage"],"@id":"https:\/\/positiveprints.com\/es\/producto\/bienvenidos-a-mi-boda\/","url":"https:\/\/positiveprints.com\/es\/producto\/bienvenidos-a-mi-boda\/","name":"Bienvenidos a mi boda - Positive Prints","isPartOf":{"@id":"https:\/\/positiveprints.com\/es\/#website"},"primaryImageOfPage":{"@id":"https:\/\/positiveprints.com\/es\/producto\/bienvenidos-a-mi-boda\/#primaryimage"},"image":{"@id":"https:\/\/positiveprints.com\/es\/producto\/bienvenidos-a-mi-boda\/#primaryimage"},"thumbnailUrl":"https:\/\/positiveprints.com\/wp-content\/uploads\/2022\/08\/wedding-welcome-sign.jpg","datePublished":"2022-08-25T14:26:41+00:00","dateModified":"2026-04-18T05:40:23+00:00","description":"Dale la bienvenida a tus invitados con mucho estilo. Un letrero de bienvenida personalizado con la fotograf\u00eda de los reci\u00e9n casados sin duda ser\u00e1 recordado por los invitados.","breadcrumb":{"@id":"https:\/\/positiveprints.com\/es\/producto\/bienvenidos-a-mi-boda\/#breadcrumb"},"inLanguage":"es","potentialAction":[{"@type":"ReadAction","target":["https:\/\/positiveprints.com\/es\/producto\/bienvenidos-a-mi-boda\/"]}]},{"@type":"ImageObject","inLanguage":"es","@id":"https:\/\/positiveprints.com\/es\/producto\/bienvenidos-a-mi-boda\/#primaryimage","url":"https:\/\/positiveprints.com\/wp-content\/uploads\/2022\/08\/wedding-welcome-sign.jpg","contentUrl":"https:\/\/positiveprints.com\/wp-content\/uploads\/2022\/08\/wedding-welcome-sign.jpg","width":1080,"height":1080,"caption":"Customize your wedding welcome sign with fonts, dates, and details"},{"@type":"BreadcrumbList","@id":"https:\/\/positiveprints.com\/es\/producto\/bienvenidos-a-mi-boda\/#breadcrumb","itemListElement":[{"@type":"ListItem","position":1,"name":"CASA","item":"https:\/\/positiveprints.com\/es\/"},{"@type":"ListItem","position":2,"name":"Productos","item":"https:\/\/positiveprints.com\/es\/shop\/"},{"@type":"ListItem","position":3,"name":"Bienvenidos a mi boda"}]},{"@type":"WebSite","@id":"https:\/\/positiveprints.com\/es\/#website","url":"https:\/\/positiveprints.com\/es\/","name":"Positive Prints","description":"Custom Gifts for Special Occasions","publisher":{"@id":"https:\/\/positiveprints.com\/es\/#organization"},"potentialAction":[{"@type":"SearchAction","target":{"@type":"EntryPoint","urlTemplate":"https:\/\/positiveprints.com\/es\/?s={search_term_string}"},"query-input":{"@type":"PropertyValueSpecification","valueRequired":true,"valueName":"search_term_string"}}],"inLanguage":"es"},{"@type":"Organization","@id":"https:\/\/positiveprints.com\/es\/#organization","name":"Positive Prints","alternateName":"Positive Prints","url":"https:\/\/positiveprints.com\/es\/","logo":{"@type":"ImageObject","inLanguage":"es","@id":"https:\/\/positiveprints.com\/es\/#\/schema\/logo\/image\/","url":"https:\/\/positiveprints.com\/wp-content\/uploads\/2026\/03\/245815646_1337939713319158_5671353136411139666_n.png","contentUrl":"https:\/\/positiveprints.com\/wp-content\/uploads\/2026\/03\/245815646_1337939713319158_5671353136411139666_n.png","width":800,"height":800,"caption":"Positive Prints"},"image":{"@id":"https:\/\/positiveprints.com\/es\/#\/schema\/logo\/image\/"},"sameAs":["https:\/\/www.facebook.com\/positiveprintscom","https:\/\/www.instagram.com\/positiveprintscom\/","https:\/\/www.tiktok.com\/@positiveprintscom","https:\/\/www.pinterest.com\/positiveprintscom\/"]}]}},"jetpack_sharing_enabled":true,"_links":{"self":[{"href":"https:\/\/positiveprints.com\/es\/wp-json\/wp\/v2\/product\/361559","targetHints":{"allow":["GET"]}}],"collection":[{"href":"https:\/\/positiveprints.com\/es\/wp-json\/wp\/v2\/product"}],"about":[{"href":"https:\/\/positiveprints.com\/es\/wp-json\/wp\/v2\/types\/product"}],"wp:featuredmedia":[{"embeddable":true,"href":"https:\/\/positiveprints.com\/es\/wp-json\/wp\/v2\/media\/335194"}],"wp:attachment":[{"href":"https:\/\/positiveprints.com\/es\/wp-json\/wp\/v2\/media?parent=361559"}],"wp:term":[{"taxonomy":"product_brand","embeddable":true,"href":"https:\/\/positiveprints.com\/es\/wp-json\/wp\/v2\/product_brand?post=361559"},{"taxonomy":"product_cat","embeddable":true,"href":"https:\/\/positiveprints.com\/es\/wp-json\/wp\/v2\/product_cat?post=361559"},{"taxonomy":"product_tag","embeddable":true,"href":"https:\/\/positiveprints.com\/es\/wp-json\/wp\/v2\/product_tag?post=361559"}],"curies":[{"name":"wp","href":"https:\/\/api.w.org\/{rel}","templated":true}]}}