{"id":361335,"date":"2022-02-21T22:18:26","date_gmt":"2022-02-21T21:18:26","guid":{"rendered":"https:\/\/positiveprints.com\/?post_type=product&#038;p=361335"},"modified":"2026-04-18T07:02:03","modified_gmt":"2026-04-18T06:02:03","slug":"mapa-para-bodas","status":"publish","type":"product","link":"https:\/\/positiveprints.com\/es\/producto\/mapa-para-bodas\/","title":{"rendered":"Mapa para bodas"},"content":{"rendered":"<p>El d\u00eda de tu boda es un logro monumental; una celebraci\u00f3n que comenz\u00f3 mucho antes de elegir los zapatos, el vestido, la recepci\u00f3n o las flores. Honra este d\u00eda por el resto de sus vidas con un regalo personalizado: \u00a1nuestro mapa para bodas!<\/p>\r\n\r\n\r\n<h2 class=\"grenB f24 cblue\" style=\"margin-top: 3rem\">\u00bfQu\u00e9 es un mapa para bodas?<\/h2>\r\n\r\n<p style=\"margin-top: 1rem\">Un mapa para bodas es una representaci\u00f3n exquisita y art\u00edstica que resume la esencia misma de tu historia de amor. Puedes mostrar el lugar donde el destino los uni\u00f3 por primera vez, el terreno sagrado donde dijeron sus votos o donde dijeron \u201cs\u00ed, acepto\u201d. Nuestros mapas se encargan de mostrar un s\u00edmbolo en forma de coraz\u00f3n que marca la ubicaci\u00f3n exacta donde ocurri\u00f3 la magia, inst\u00e1ndote a volver a visitar y revivir la esencia de ese lugar una y otra vez.<\/p>\r\n\r\n<h2 class=\"grenB f24 cblue\" style=\"margin-top: 3rem\">Ideas para un mapa para bodas<\/h2>\r\n\r\n<p style=\"margin-top: 1rem\">Un mapa para bodas es una manera maravillosa de ilustrar una parte de tu historia de amor. Es una obra de arte \u00fanica para cada pareja, que puede transmitirse de generaci\u00f3n en generaci\u00f3n y permitir mostrar lo fuerte que era su conexi\u00f3n.<\/p>\r\n\r\n<p style=\"margin-top: 1rem\">Para infundir tu regalo con el m\u00e1ximo sentimentalismo, personaliza tu impresi\u00f3n con un texto, la letra de una canci\u00f3n, una cita conmovedora, una fecha importante o cualquier cosa que haga de tu regalo un detalle m\u00e1s personal. Puedes escribir algo como:<\/p>\r\n\r\n<p style=\"margin-top: 1rem\">\r\n\u2022 \u201cNuestro para siempre comienza hoy mismo\u201d.<br>\r\n\u2022 \u201cAcepto\u2026 para siempre\u201d.<br>\r\n\u2022 \u201cEres mi presente y todos mis futuros\u201d.<br>\r\n\u2022 \u201cY los dos se unir\u00e1n y se convertir\u00e1n en uno mismo\u201d.<br>\r\n\u2022 \u201cJuntos construimos una vida llena de amor\u201d.<\/p>\r\n\r\n<p style=\"margin-top: 1rem\">Muchos de nuestros clientes eligen un mapa para bodas para sorprender a sus seres queridos en d\u00edas especiales, como aniversarios, el d\u00eda de San Valent\u00edn, cumplea\u00f1os o cualquier ocasi\u00f3n especial. Si deseas celebrar la uni\u00f3n de una pareja que estimas mucho, Positive Prints te puede ayudar a sorprenderlos con un mapa para bodas: una obra de arte que adornar\u00e1 las paredes de su nuevo hogar, un detalle que representar\u00e1 el comienzo de su nuevo viaje compartido.<\/p>\r\n\r\n<p style=\"margin-top: 1rem\">La forma en que elijas revelar la narrativa est\u00e1 en tus manos. Deja que tu historia de amor se desarrolle e inmortalice a trav\u00e9s de nuestro maravilloso mapa para bodas.<\/p>\r\n\r\n<h2 class=\"grenB f24 cblue\" style=\"margin-top: 3rem\">Personaliza tu mapa para bodas con Positive Prints<\/h2>\r\n\r\n<p style=\"margin-top: 1rem\">El proceso de creaci\u00f3n de mapas en Positive Prints incorpora tecnolog\u00eda GPS de \u00faltima generaci\u00f3n, que te permite tomar el control de tus dise\u00f1os. Con nuestro editor en l\u00ednea, personalizar la impresi\u00f3n de tu mapa personalizado nunca antes hab\u00eda sido tan f\u00e1cil.<\/p>\r\n\r\n<p style=\"margin-top: 1rem\">Todo regalo de bodas comienza siendo un lienzo en blanco. Selecciona la forma de tu mapa y la paleta de colores. Tenemos opciones personalizadas como colores vintage o estilo playero, o puedes crear tu propia paleta de colores que complemente la decoraci\u00f3n de tu hogar a la perfecci\u00f3n.<\/p>\r\n\r\n<p style=\"margin-top: 1rem\">\u00a1Ahora viene la parte divertida! Selecciona la ubicaci\u00f3n que tenga un significado especial para ti, como el lugar de tu boda, el lugar exacto donde fue su primera cita o el lugar donde decidieron pasar el resto de sus vidas juntos. Puedes agregar un toque m\u00e1s especial con un texto personalizado, como el significado de ese lugar, la fecha de esa ocasi\u00f3n, una cita favorita o incluso una l\u00ednea de poes\u00eda. \u00a1Las posibilidades de personalizaci\u00f3n son infinitas!<\/p>\r\n\r\n<p style=\"margin-top: 1rem\">Por \u00faltimo, pero no menos importante, elige c\u00f3mo deseas recibir tu mapa: como descarga digital, como un p\u00f3ster impreso o incluso como una reproducci\u00f3n en lienzo.<\/p>\r\n\r\n<h2 class=\"grenB f24 cblue\" style=\"margin-top: 3rem\">\u00a1Crea tu mapa personalizado para boda hoy mismo!<\/h2>\r\n\r\n<p style=\"margin-top: 1rem\">Crea un mapa para boda verdaderamente \u00fanico. Tu historia de amor es excepcional y merece ser compartida con todo el mundo. Dise\u00f1a tu propio mapa para bodas y relata tu historia de amor con todos los que puedan entrar en tu morada.<\/p>","protected":false},"excerpt":{"rendered":"<ul class=\"check-list\">\n<li>Marca un lugar especial con el s\u00edmbolo de tu elecci\u00f3n<\/li>\n<li>Personal\u00edzalo en tres sencillos pasos<\/li>\n<li>Incluye un texto personalizado<\/li>\n<li>Ve el resultado de inmediato: la vista previa interactiva te permite perfeccionar cada detalle<\/li>\n<\/ul>\n","protected":false},"featured_media":1213981,"template":"","meta":[],"product_brand":[],"product_cat":[9280,9766,7195,3124,7933],"product_tag":[15606,13792,15081],"class_list":{"0":"post-361335","1":"product","2":"type-product","3":"status-publish","4":"has-post-thumbnail","6":"product_cat-bestsellers-label-es","7":"product_cat-trending-label-es","8":"product_cat-map-es","9":"product_cat-regalos-de-boda","10":"product_cat-regalos-para-despedidas-de-soltera","11":"product_tag-donde-nos-casamos","12":"product_tag-mapa-del-lugar-de-la-boda","13":"product_tag-wedding-es-2","15":"first","16":"instock","17":"sale","18":"taxable","19":"shipping-taxable","20":"purchasable","21":"product-type-variable"},"yoast_head":"<!-- This site is optimized with the Yoast SEO Premium plugin v27.2 (Yoast SEO v27.2) - https:\/\/yoast.com\/product\/yoast-seo-premium-wordpress\/ -->\n<title>Mapa para bodas - Positive Prints<\/title>\n<meta name=\"description\" content=\"Un mapa personalizado es una gran forma de ilustrar una parte de tu historia de amor. Env\u00edo internacional.\" \/>\n<meta name=\"robots\" content=\"index, follow, max-snippet:-1, max-image-preview:large, max-video-preview:-1\" \/>\n<link rel=\"canonical\" href=\"https:\/\/positiveprints.com\/es\/producto\/mapa-para-bodas\/\" \/>\n<meta property=\"og:locale\" content=\"es_ES\" \/>\n<meta property=\"og:type\" content=\"article\" \/>\n<meta property=\"og:title\" content=\"Mapa para bodas\" \/>\n<meta property=\"og:description\" content=\"Marca un lugar especial con el s\u00edmbolo de tu elecci\u00f3n Personal\u00edzalo en tres sencillos pasos Incluye un texto personalizado Ve el resultado de inmediato: la vista previa interactiva te permite perfeccionar cada detalle\" \/>\n<meta property=\"og:url\" content=\"https:\/\/positiveprints.com\/es\/producto\/mapa-para-bodas\/\" \/>\n<meta property=\"og:site_name\" content=\"Positive Prints\" \/>\n<meta property=\"article:publisher\" content=\"https:\/\/www.facebook.com\/positiveprintscom\" \/>\n<meta property=\"article:modified_time\" content=\"2026-04-18T06:02:03+00:00\" \/>\n<meta property=\"og:image\" content=\"https:\/\/positiveprints.com\/wp-content\/uploads\/2024\/10\/Packshot_ES_wedding-map-product-image.webp\" \/>\n\t<meta property=\"og:image:width\" content=\"1450\" \/>\n\t<meta property=\"og:image:height\" content=\"1450\" \/>\n\t<meta property=\"og:image:type\" content=\"image\/webp\" \/>\n<meta name=\"twitter:card\" content=\"summary_large_image\" \/>\n<meta name=\"twitter:label1\" content=\"Tiempo de lectura\" \/>\n\t<meta name=\"twitter:data1\" content=\"3 minutos\" \/>\n<!-- \/ Yoast SEO Premium plugin. -->","yoast_head_json":{"title":"Mapa para bodas - Positive Prints","description":"Un mapa personalizado es una gran forma de ilustrar una parte de tu historia de amor. Env\u00edo internacional.","robots":{"index":"index","follow":"follow","max-snippet":"max-snippet:-1","max-image-preview":"max-image-preview:large","max-video-preview":"max-video-preview:-1"},"canonical":"https:\/\/positiveprints.com\/es\/producto\/mapa-para-bodas\/","og_locale":"es_ES","og_type":"article","og_title":"Mapa para bodas","og_description":"Marca un lugar especial con el s\u00edmbolo de tu elecci\u00f3n Personal\u00edzalo en tres sencillos pasos Incluye un texto personalizado Ve el resultado de inmediato: la vista previa interactiva te permite perfeccionar cada detalle","og_url":"https:\/\/positiveprints.com\/es\/producto\/mapa-para-bodas\/","og_site_name":"Positive Prints","article_publisher":"https:\/\/www.facebook.com\/positiveprintscom","article_modified_time":"2026-04-18T06:02:03+00:00","og_image":[{"width":1450,"height":1450,"url":"https:\/\/positiveprints.com\/wp-content\/uploads\/2024\/10\/Packshot_ES_wedding-map-product-image.webp","type":"image\/webp"}],"twitter_card":"summary_large_image","twitter_misc":{"Tiempo de lectura":"3 minutos"},"schema":{"@context":"https:\/\/schema.org","@graph":[{"@type":["WebPage","ItemPage"],"@id":"https:\/\/positiveprints.com\/es\/producto\/mapa-para-bodas\/","url":"https:\/\/positiveprints.com\/es\/producto\/mapa-para-bodas\/","name":"Mapa para bodas - Positive Prints","isPartOf":{"@id":"https:\/\/positiveprints.com\/es\/#website"},"primaryImageOfPage":{"@id":"https:\/\/positiveprints.com\/es\/producto\/mapa-para-bodas\/#primaryimage"},"image":{"@id":"https:\/\/positiveprints.com\/es\/producto\/mapa-para-bodas\/#primaryimage"},"thumbnailUrl":"https:\/\/positiveprints.com\/wp-content\/uploads\/2024\/10\/Packshot_ES_wedding-map-product-image.webp","datePublished":"2022-02-21T21:18:26+00:00","dateModified":"2026-04-18T06:02:03+00:00","description":"Un mapa personalizado es una gran forma de ilustrar una parte de tu historia de amor. Env\u00edo internacional.","breadcrumb":{"@id":"https:\/\/positiveprints.com\/es\/producto\/mapa-para-bodas\/#breadcrumb"},"inLanguage":"es","potentialAction":[{"@type":"ReadAction","target":["https:\/\/positiveprints.com\/es\/producto\/mapa-para-bodas\/"]}]},{"@type":"ImageObject","inLanguage":"es","@id":"https:\/\/positiveprints.com\/es\/producto\/mapa-para-bodas\/#primaryimage","url":"https:\/\/positiveprints.com\/wp-content\/uploads\/2024\/10\/Packshot_ES_wedding-map-product-image.webp","contentUrl":"https:\/\/positiveprints.com\/wp-content\/uploads\/2024\/10\/Packshot_ES_wedding-map-product-image.webp","width":1450,"height":1450},{"@type":"BreadcrumbList","@id":"https:\/\/positiveprints.com\/es\/producto\/mapa-para-bodas\/#breadcrumb","itemListElement":[{"@type":"ListItem","position":1,"name":"CASA","item":"https:\/\/positiveprints.com\/es\/"},{"@type":"ListItem","position":2,"name":"Productos","item":"https:\/\/positiveprints.com\/es\/shop\/"},{"@type":"ListItem","position":3,"name":"Mapa para bodas"}]},{"@type":"WebSite","@id":"https:\/\/positiveprints.com\/es\/#website","url":"https:\/\/positiveprints.com\/es\/","name":"Positive Prints","description":"Custom Gifts for Special Occasions","publisher":{"@id":"https:\/\/positiveprints.com\/es\/#organization"},"potentialAction":[{"@type":"SearchAction","target":{"@type":"EntryPoint","urlTemplate":"https:\/\/positiveprints.com\/es\/?s={search_term_string}"},"query-input":{"@type":"PropertyValueSpecification","valueRequired":true,"valueName":"search_term_string"}}],"inLanguage":"es"},{"@type":"Organization","@id":"https:\/\/positiveprints.com\/es\/#organization","name":"Positive Prints","alternateName":"Positive Prints","url":"https:\/\/positiveprints.com\/es\/","logo":{"@type":"ImageObject","inLanguage":"es","@id":"https:\/\/positiveprints.com\/es\/#\/schema\/logo\/image\/","url":"https:\/\/positiveprints.com\/wp-content\/uploads\/2026\/03\/245815646_1337939713319158_5671353136411139666_n.png","contentUrl":"https:\/\/positiveprints.com\/wp-content\/uploads\/2026\/03\/245815646_1337939713319158_5671353136411139666_n.png","width":800,"height":800,"caption":"Positive Prints"},"image":{"@id":"https:\/\/positiveprints.com\/es\/#\/schema\/logo\/image\/"},"sameAs":["https:\/\/www.facebook.com\/positiveprintscom","https:\/\/www.instagram.com\/positiveprintscom\/","https:\/\/www.tiktok.com\/@positiveprintscom","https:\/\/www.pinterest.com\/positiveprintscom\/"]}]}},"jetpack_sharing_enabled":true,"_links":{"self":[{"href":"https:\/\/positiveprints.com\/es\/wp-json\/wp\/v2\/product\/361335","targetHints":{"allow":["GET"]}}],"collection":[{"href":"https:\/\/positiveprints.com\/es\/wp-json\/wp\/v2\/product"}],"about":[{"href":"https:\/\/positiveprints.com\/es\/wp-json\/wp\/v2\/types\/product"}],"wp:featuredmedia":[{"embeddable":true,"href":"https:\/\/positiveprints.com\/es\/wp-json\/wp\/v2\/media\/1213981"}],"wp:attachment":[{"href":"https:\/\/positiveprints.com\/es\/wp-json\/wp\/v2\/media?parent=361335"}],"wp:term":[{"taxonomy":"product_brand","embeddable":true,"href":"https:\/\/positiveprints.com\/es\/wp-json\/wp\/v2\/product_brand?post=361335"},{"taxonomy":"product_cat","embeddable":true,"href":"https:\/\/positiveprints.com\/es\/wp-json\/wp\/v2\/product_cat?post=361335"},{"taxonomy":"product_tag","embeddable":true,"href":"https:\/\/positiveprints.com\/es\/wp-json\/wp\/v2\/product_tag?post=361335"}],"curies":[{"name":"wp","href":"https:\/\/api.w.org\/{rel}","templated":true}]}}