{"id":361220,"date":"2021-09-23T09:26:31","date_gmt":"2021-09-23T08:26:31","guid":{"rendered":"https:\/\/positiveprints.com\/?post_type=product&#038;p=361220"},"modified":"2026-04-18T07:46:31","modified_gmt":"2026-04-18T06:46:31","slug":"coordenadas-del-lugar-donde-nos-conocimos","status":"publish","type":"product","link":"https:\/\/positiveprints.com\/es\/producto\/coordenadas-del-lugar-donde-nos-conocimos\/","title":{"rendered":"Coordenadas del lugar donde nos conocimos"},"content":{"rendered":"<p>El lugar donde descubriste el amor eterno siempre tendr\u00e1 una c\u00e1mara sagrada dentro de tu coraz\u00f3n. Revela su significado con el mundo o disfruta de una obra de arte \u00edntima junto a tu ser amado. Las coordenadas del lugar donde nos conocimos es una maravillosa creaci\u00f3n que no puedes dejar pasar si deseas conmemorar todos los momentos que has pasado junto a esa persona especial.<\/p>\r\n\r\n<h2 class=\"grenB f24 cblue\" style=\"margin-top: 3rem\">\u00bfQu\u00e9 son las coordenadas del lugar donde nos conocimos?<\/h2>\r\n\r\n<p style=\"margin-top: 1rem\">Hoy en d\u00eda podemos encontrar cualquier lugar usando coordenadas GPS, incluso aquel lugar especial donde conociste al amor de tu vida. Las coordenadas del lugar donde nos conocimos inmortalizan el lugar preciso donde sucedi\u00f3 la magia, transform\u00e1ndolo en un recuerdo que siempre podr\u00e1n ver en la pared de su hogar.<\/p>\r\n\r\n<p style=\"margin-top: 1rem\">Positive Prints aprovecha la precisi\u00f3n de las coordenadas GPS para identificar meticulosamente la esencia del lugar seleccionado y lo transforma en una obra de arte. Al ingresar esas coordenadas en Google Maps u otro GPS, se revelar\u00e1 el punto exacto que dio inicio a los momentos m\u00e1s maravillosos del mundo. \u00a1Imag\u00ednalo como un c\u00f3digo que revela un secreto a plena luz del d\u00eda!<\/p>\r\n\r\n<h2 class=\"grenB f24 cblue\" style=\"margin-top: 3rem\">\u201cLas coordenadas del lugar donde nos conocimos\u201d es el regalo perfecto<\/h2>\r\n\r\n<p style=\"margin-top: 1rem\">\u201cLas coordenadas del lugar donde nos conocimos\u201d es un detalle ideal para aniversarios, bodas, compromisos y otros eventos importantes en la vida de dos personas. Es un regalo destinado a dejar impresionada a tu pareja: es una muestra de admiraci\u00f3n que supera lo conocido. \u00a1Es un regalo que durar\u00e1 para toda la vida!<br><br>Cada regalo con coordenadas:<\/p>\r\n\r\n<ul>\r\n<li>Es \u00fanico e inigualable<\/li>\r\n<li>Est\u00e1 personalizado para cualquier persona y ocasi\u00f3n<\/li>\r\n<li>Es un regalo que esa persona amar\u00e1 por siempre<\/li>\r\n<li>\u00a1Es algo inesperado!<\/li>\r\n<\/ul>\r\n\r\n\r\n<h2 class=\"grenB f24 cblue\" style=\"margin-top: 3rem\">C\u00f3mo crear \u201clas coordenadas del lugar donde nos conocimos\u201d<\/h2>\r\n\r\n<p style=\"margin-top: 1rem\">Transformar un recuerdo preciado en una obra maestra es f\u00e1cil con Positive Prints. Nuestro innovador editor se encargar\u00e1 de todo mientras t\u00fa solo personalizas las coordenadas del lugar donde conociste a tu ser amado. S\u00e9 testigo de c\u00f3mo se desarrolla la magia en tiempo real a medida que vas transformando un lienzo en blanco en una obra de arte que puedes imprimir y mostrar al mundo. As\u00ed es como puedes lograrlo:<\/p>\r\n\r\n<h3 class=\"grenB f18 cblue\" style=\"margin-top: 3rem\">Paso 1: Elige tu dise\u00f1o<\/h3>\r\n\r\n<p style=\"margin-top: 1rem\">Nuestros artistas se han encargado de dise\u00f1ar una variedad de paletas de colores para que solo elijas la que m\u00e1s te guste. Tambi\u00e9n puedes adaptar tu estilo art\u00edstico a los colores para armonizar todo con la decoraci\u00f3n de tu hogar o tus gustos personales y los de tu ser amado.<\/p>\r\n\r\n<h3 class=\"grenB f18 cblue\" style=\"margin-top: 3rem\">Paso 2: Escribe lo que quieras<\/h3>\r\n\r\n<p style=\"margin-top: 1rem\">\u00bfQu\u00e9 historia narrar\u00e1 tu p\u00f3ster de \u201clas coordenadas del lugar donde nos conocimos\u201d? El poder est\u00e1 en tus manos. Selecciona un lugar que tenga un significado profundo para ti y escribe hasta dos l\u00edneas de texto personalizado para formar una conexi\u00f3n sin precedentes. Nosotros nos encargaremos de la parte dif\u00edcil del dise\u00f1o. \u00a1A ti solo te toca divertirte! Personaliza tu impresi\u00f3n y revive esos buenos momentos.<\/p>\r\n\r\n<h3 class=\"grenB f18 cblue\" style=\"margin-top: 3rem\">Paso 3: Selecciona tu formato<\/h3>\r\n\r\n<p style=\"margin-top: 1rem\">Positive Prints te ofrece una variedad de formatos para imprimir tu maravilloso arte. Elige un p\u00f3ster impreso o enmarcado que emana elegancia y permanencia en tu hogar, o si lo prefieres, puedes solicitar una descarga digital para que puedas imprimirlo r\u00e1pidamente de manera local. Si deseas algo m\u00e1s sofisticado, puedes mostrar las coordenadas del lugar donde conociste a esa persona especial en un maravilloso y elegante lienzo. Selecciona el tama\u00f1o deseado y rec\u00edbelo en casa. \u00a1Lo \u00fanico que tendr\u00e1s que hacer ser\u00e1 colgarlo en tu hogar!<\/p>\r\n\r\n<h2 class=\"grenB f24 cblue\" style=\"margin-top: 3rem\">\u00a1Convierte tu recuerdo favorito en las coordenadas del lugar donde nos conocimos!<\/h2>\r\n\r\n<p style=\"margin-top: 1rem\">El lugar donde el destino entrelaz\u00f3 sus corazones es uno de los lugares m\u00e1s sagrados del mundo. Haz que ese lugar sea inolvidable con \u201clas coordenadas del lugar donde nos conocimos\u201d.<\/p>","protected":false},"excerpt":{"rendered":"<ul class=\"check-list\">\n<li>Captura las coordenadas e inmortaliza el lugar donde se conocieron con una impresi\u00f3n personalizada \u00fanica en el mundo<\/li>\n<li>Incluye un texto personalizado<\/li>\n<li>Personal\u00edzalo en tres sencillos pasos<\/li>\n<li>Elige una plantilla o pon manos a la obra<\/li>\n<li>Ve el resultado de inmediato: la vista previa interactiva te permite perfeccionar cada detalle<\/li>\n<\/ul>\n","protected":false},"featured_media":634169,"template":"","meta":[],"product_brand":[],"product_cat":[8189,8215,7173,5334,11187,11188,11189,7933,5270,11455,11456,11452,11448,11462,11457,8012,7678,7646,7693,7789,7757,7805,3119,11249,11250],"product_tag":[14923,11826,11821,11757,11825,11820,11771],"class_list":{"0":"post-361220","1":"product","2":"type-product","3":"status-publish","4":"has-post-thumbnail","6":"product_cat-para-ella","7":"product_cat-para-el","8":"product_cat-coordinates-es","9":"product_cat-regalos-de-aniversario","10":"product_cat-regalos-de-aniversario-para-pareja","11":"product_cat-regalos-de-aniversario-para-ella","12":"product_cat-regalos-de-aniversario-para-el","13":"product_cat-regalos-para-despedidas-de-soltera","14":"product_cat-regalos-de-navidad","15":"product_cat-regalos-de-navidad-para-mujer","16":"product_cat-regalos-de-navidad-para-hombre","17":"product_cat-regalos-de-navidad-para-la-novia","18":"product_cat-regalos-de-navidad-para-el-novio","19":"product_cat-regalos-de-navidad-para-la-esposa","20":"product_cat-regalos-de-navidad-para-el-marido","21":"product_cat-regalos-para-hombres","22":"product_cat-regalos-para-mi-novio","23":"product_cat-regalos-para-mi-esposo","24":"product_cat-regalos-para-mujeres","25":"product_cat-regalos-para-mi-novia","26":"product_cat-regalos-para-mi-esposa","27":"product_cat-regalos-para-parejas","28":"product_cat-regalos-de-san-valentin","29":"product_cat-regalos-de-san-valentin-mujeres","30":"product_cat-regalos-de-san-valentin-hombres","31":"product_tag-anniversary-es","32":"product_tag-regalos-de-navidad-para-el","33":"product_tag-regalos-de-navidad-para-el-marido","34":"product_tag-regalos-de-navidad-para-el-novio","35":"product_tag-regalos-de-navidad-para-ella","36":"product_tag-regalos-de-navidad-para-la-esposa","37":"product_tag-regalos-de-navidad-para-la-novia","39":"first","40":"instock","41":"sale","42":"taxable","43":"shipping-taxable","44":"purchasable","45":"product-type-variable"},"yoast_head":"<!-- This site is optimized with the Yoast SEO Premium plugin v27.2 (Yoast SEO v27.2) - https:\/\/yoast.com\/product\/yoast-seo-premium-wordpress\/ -->\n<title>Coordenadas del lugar donde nos conocimos - Positive Prints<\/title>\n<meta name=\"description\" content=\"Es hora de regalar Coordenadas del lugar donde nos conocimos: un detalle especial que ubica las coordenadas de tu lugar especial. \u00a1Celebra ese lugar m\u00e1gico por siempre!\" \/>\n<meta name=\"robots\" content=\"index, follow, max-snippet:-1, max-image-preview:large, max-video-preview:-1\" \/>\n<link rel=\"canonical\" href=\"https:\/\/positiveprints.com\/es\/producto\/coordenadas-del-lugar-donde-nos-conocimos\/\" \/>\n<meta property=\"og:locale\" content=\"es_ES\" \/>\n<meta property=\"og:type\" content=\"article\" \/>\n<meta property=\"og:title\" content=\"Coordenadas del lugar donde nos conocimos\" \/>\n<meta property=\"og:description\" content=\"Captura las coordenadas e inmortaliza el lugar donde se conocieron con una impresi\u00f3n personalizada \u00fanica en el mundo Incluye un texto personalizado Personal\u00edzalo en tres sencillos pasos Elige una plantilla o pon manos a la obra Ve el resultado de inmediato: la vista previa interactiva te permite perfeccionar cada detalle\" \/>\n<meta property=\"og:url\" content=\"https:\/\/positiveprints.com\/es\/producto\/coordenadas-del-lugar-donde-nos-conocimos\/\" \/>\n<meta property=\"og:site_name\" content=\"Positive Prints\" \/>\n<meta property=\"article:publisher\" content=\"https:\/\/www.facebook.com\/positiveprintscom\" \/>\n<meta property=\"article:modified_time\" content=\"2026-04-18T06:46:31+00:00\" \/>\n<meta property=\"og:image\" content=\"https:\/\/positiveprints.com\/wp-content\/uploads\/2023\/07\/Coordenadas-del-lugar-donde-nos-conocimos-regalo.jpg\" \/>\n\t<meta property=\"og:image:width\" content=\"1080\" \/>\n\t<meta property=\"og:image:height\" content=\"1080\" \/>\n\t<meta property=\"og:image:type\" content=\"image\/jpeg\" \/>\n<meta name=\"twitter:card\" content=\"summary_large_image\" \/>\n<!-- \/ Yoast SEO Premium plugin. -->","yoast_head_json":{"title":"Coordenadas del lugar donde nos conocimos - Positive Prints","description":"Es hora de regalar Coordenadas del lugar donde nos conocimos: un detalle especial que ubica las coordenadas de tu lugar especial. \u00a1Celebra ese lugar m\u00e1gico por siempre!","robots":{"index":"index","follow":"follow","max-snippet":"max-snippet:-1","max-image-preview":"max-image-preview:large","max-video-preview":"max-video-preview:-1"},"canonical":"https:\/\/positiveprints.com\/es\/producto\/coordenadas-del-lugar-donde-nos-conocimos\/","og_locale":"es_ES","og_type":"article","og_title":"Coordenadas del lugar donde nos conocimos","og_description":"Captura las coordenadas e inmortaliza el lugar donde se conocieron con una impresi\u00f3n personalizada \u00fanica en el mundo Incluye un texto personalizado Personal\u00edzalo en tres sencillos pasos Elige una plantilla o pon manos a la obra Ve el resultado de inmediato: la vista previa interactiva te permite perfeccionar cada detalle","og_url":"https:\/\/positiveprints.com\/es\/producto\/coordenadas-del-lugar-donde-nos-conocimos\/","og_site_name":"Positive Prints","article_publisher":"https:\/\/www.facebook.com\/positiveprintscom","article_modified_time":"2026-04-18T06:46:31+00:00","og_image":[{"width":1080,"height":1080,"url":"https:\/\/positiveprints.com\/wp-content\/uploads\/2023\/07\/Coordenadas-del-lugar-donde-nos-conocimos-regalo.jpg","type":"image\/jpeg"}],"twitter_card":"summary_large_image","schema":{"@context":"https:\/\/schema.org","@graph":[{"@type":["WebPage","ItemPage"],"@id":"https:\/\/positiveprints.com\/es\/producto\/coordenadas-del-lugar-donde-nos-conocimos\/","url":"https:\/\/positiveprints.com\/es\/producto\/coordenadas-del-lugar-donde-nos-conocimos\/","name":"Coordenadas del lugar donde nos conocimos - Positive Prints","isPartOf":{"@id":"https:\/\/positiveprints.com\/es\/#website"},"primaryImageOfPage":{"@id":"https:\/\/positiveprints.com\/es\/producto\/coordenadas-del-lugar-donde-nos-conocimos\/#primaryimage"},"image":{"@id":"https:\/\/positiveprints.com\/es\/producto\/coordenadas-del-lugar-donde-nos-conocimos\/#primaryimage"},"thumbnailUrl":"https:\/\/positiveprints.com\/wp-content\/uploads\/2023\/07\/Coordenadas-del-lugar-donde-nos-conocimos-regalo.jpg","datePublished":"2021-09-23T08:26:31+00:00","dateModified":"2026-04-18T06:46:31+00:00","description":"Es hora de regalar Coordenadas del lugar donde nos conocimos: un detalle especial que ubica las coordenadas de tu lugar especial. \u00a1Celebra ese lugar m\u00e1gico por siempre!","breadcrumb":{"@id":"https:\/\/positiveprints.com\/es\/producto\/coordenadas-del-lugar-donde-nos-conocimos\/#breadcrumb"},"inLanguage":"es","potentialAction":[{"@type":"ReadAction","target":["https:\/\/positiveprints.com\/es\/producto\/coordenadas-del-lugar-donde-nos-conocimos\/"]}]},{"@type":"ImageObject","inLanguage":"es","@id":"https:\/\/positiveprints.com\/es\/producto\/coordenadas-del-lugar-donde-nos-conocimos\/#primaryimage","url":"https:\/\/positiveprints.com\/wp-content\/uploads\/2023\/07\/Coordenadas-del-lugar-donde-nos-conocimos-regalo.jpg","contentUrl":"https:\/\/positiveprints.com\/wp-content\/uploads\/2023\/07\/Coordenadas-del-lugar-donde-nos-conocimos-regalo.jpg","width":1080,"height":1080,"caption":"Coordenadas del lugar donde nos conocimos regalo"},{"@type":"BreadcrumbList","@id":"https:\/\/positiveprints.com\/es\/producto\/coordenadas-del-lugar-donde-nos-conocimos\/#breadcrumb","itemListElement":[{"@type":"ListItem","position":1,"name":"CASA","item":"https:\/\/positiveprints.com\/es\/"},{"@type":"ListItem","position":2,"name":"Productos","item":"https:\/\/positiveprints.com\/es\/shop\/"},{"@type":"ListItem","position":3,"name":"Coordenadas del lugar donde nos conocimos"}]},{"@type":"WebSite","@id":"https:\/\/positiveprints.com\/es\/#website","url":"https:\/\/positiveprints.com\/es\/","name":"Positive Prints","description":"Custom Gifts for Special Occasions","publisher":{"@id":"https:\/\/positiveprints.com\/es\/#organization"},"potentialAction":[{"@type":"SearchAction","target":{"@type":"EntryPoint","urlTemplate":"https:\/\/positiveprints.com\/es\/?s={search_term_string}"},"query-input":{"@type":"PropertyValueSpecification","valueRequired":true,"valueName":"search_term_string"}}],"inLanguage":"es"},{"@type":"Organization","@id":"https:\/\/positiveprints.com\/es\/#organization","name":"Positive Prints","alternateName":"Positive Prints","url":"https:\/\/positiveprints.com\/es\/","logo":{"@type":"ImageObject","inLanguage":"es","@id":"https:\/\/positiveprints.com\/es\/#\/schema\/logo\/image\/","url":"https:\/\/positiveprints.com\/wp-content\/uploads\/2026\/03\/245815646_1337939713319158_5671353136411139666_n.png","contentUrl":"https:\/\/positiveprints.com\/wp-content\/uploads\/2026\/03\/245815646_1337939713319158_5671353136411139666_n.png","width":800,"height":800,"caption":"Positive Prints"},"image":{"@id":"https:\/\/positiveprints.com\/es\/#\/schema\/logo\/image\/"},"sameAs":["https:\/\/www.facebook.com\/positiveprintscom","https:\/\/www.instagram.com\/positiveprintscom\/","https:\/\/www.tiktok.com\/@positiveprintscom","https:\/\/www.pinterest.com\/positiveprintscom\/"]}]}},"jetpack_sharing_enabled":true,"_links":{"self":[{"href":"https:\/\/positiveprints.com\/es\/wp-json\/wp\/v2\/product\/361220","targetHints":{"allow":["GET"]}}],"collection":[{"href":"https:\/\/positiveprints.com\/es\/wp-json\/wp\/v2\/product"}],"about":[{"href":"https:\/\/positiveprints.com\/es\/wp-json\/wp\/v2\/types\/product"}],"wp:featuredmedia":[{"embeddable":true,"href":"https:\/\/positiveprints.com\/es\/wp-json\/wp\/v2\/media\/634169"}],"wp:attachment":[{"href":"https:\/\/positiveprints.com\/es\/wp-json\/wp\/v2\/media?parent=361220"}],"wp:term":[{"taxonomy":"product_brand","embeddable":true,"href":"https:\/\/positiveprints.com\/es\/wp-json\/wp\/v2\/product_brand?post=361220"},{"taxonomy":"product_cat","embeddable":true,"href":"https:\/\/positiveprints.com\/es\/wp-json\/wp\/v2\/product_cat?post=361220"},{"taxonomy":"product_tag","embeddable":true,"href":"https:\/\/positiveprints.com\/es\/wp-json\/wp\/v2\/product_tag?post=361220"}],"curies":[{"name":"wp","href":"https:\/\/api.w.org\/{rel}","templated":true}]}}