{"id":360847,"date":"2022-07-26T10:07:47","date_gmt":"2022-07-26T09:07:47","guid":{"rendered":"https:\/\/positiveprints.com\/?post_type=product&#038;p=360847"},"modified":"2026-04-03T03:30:32","modified_gmt":"2026-04-03T02:30:32","slug":"el-dia-en-que-te-convertiste-en-mi-esposa","status":"publish","type":"product","link":"https:\/\/positiveprints.com\/es\/producto\/el-dia-en-que-te-convertiste-en-mi-esposa\/","title":{"rendered":"El d\u00eda en que te convertiste en mi esposa"},"content":{"rendered":"<p>El d\u00eda en que se unieron en matrimonio fue el inicio de una hermosa vida juntos. Abraza la esencia eterna de ese extraordinario momento con una obra de arte realmente cautivadora: \u201cel d\u00eda en que te convertiste en mi esposa\u201d.<\/p>\r\n\r\n<h2 class=\"grenB f24 cblue\" style=\"margin-top: 3rem\">Revive el esplendor del d\u00eda de tu boda una y otra vez<\/h2>\r\n\r\n<p style=\"margin-top: 1rem\">El d\u00eda en que intercambiaron votos y dijeron \u201cs\u00ed, acepto\u201d fue uno de los momentos m\u00e1s cautivadores de sus vidas, ya que marc\u00f3 la culminaci\u00f3n de un cap\u00edtulo para comenzar una vida juntos. Esos momentos tan sublimes no se ven todos los d\u00edas, por lo que es importante celebrarlos cada d\u00eda de nuestras vidas.<\/p>\r\n\r\n<p style=\"margin-top: 1rem\">Un mapa estelar personalizado sirve como testimonio del ilimitado amor que sientes por tu esposa. Trasciende lo ordinario y encapsula una expresi\u00f3n \u00fanica y profunda de afecto que podr\u00e1n atesorar por la eternidad. Muestra el testimonio de su obra de amor dentro de los confines sagrados de tu hogar, para tener siempre una historia encantadora que puedan compartir con amigos y familiares.<\/p>\r\n\r\n<h2 class=\"grenB f24 cblue\" style=\"margin-top: 3rem\">Esposa feliz, vida feliz<\/h2>\r\n\r\n<p style=\"margin-top: 1rem\">Descubre el ep\u00edtome de los regalos ideales para cualquier ocasi\u00f3n y evoca diariamente los recuerdos de uno de los d\u00edas m\u00e1s extraordinarios que tu esposa y t\u00fa hayan vivido.<\/p>\r\n\r\n<p style=\"margin-top: 1rem\">La creaci\u00f3n de una obra de arte como \u201cel d\u00eda en que te convertiste en mi esposa\u201d exige una meticulosa contemplaci\u00f3n. Analiza y selecciona sus colores favoritos, constelaciones y otros detalles que solo t\u00fa conoces para hacer de esta obra algo verdaderamente especial. \u00a1No te preocupes! Sabemos que quiz\u00e1s est\u00e9s organizando m\u00e1s sorpresas, por lo que nos encargaremos de todo y te ofreceremos una interfaz intuitiva y f\u00e1cil de usar que te guiar\u00e1 durante cada paso del proceso para que puedas crear una obra de arte sin tanto esfuerzo. En cuesti\u00f3n de minutos, el detalle perfecto que captura la esencia de tu amor estar\u00e1 listo para sorprenderla.<\/p>\r\n\r\n<p style=\"margin-top: 1rem\">\u201cEl d\u00eda en que te convertiste en mi esposa\u201d emerge como una muestra de afecto incomparable, ya que est\u00e1 hecha exclusivamente para ella. Vaya, \u00a1en ning\u00fan otro lugar podr\u00edas conseguir algo tan personal como esto! A diferencia de las flores que se marchitan o los chocolates que se consumen, una impresi\u00f3n personalizada se convierte en un tesoro eterno que resiste el tiempo: un s\u00edmbolo perdurable de tu devoci\u00f3n por ella. \u00a1El regalo perfecto espera por ti!<\/p>","protected":false},"excerpt":{"rendered":"<ul class=\"check-list\">\n<li>Celebra tu amor y compromiso con un detalle \u00fanico que durar\u00e1 toda la vida<\/li>\n<li>Agrega planetas, constelaciones y la V\u00eda L\u00e1ctea<\/li>\n<li>Personal\u00edzalo en tres sencillos pasos<\/li>\n<li>Incluye un texto personalizado<\/li>\n<li>Ve el resultado de inmediato: la vista previa interactiva te permite perfeccionar cada detalle<\/li>\n<\/ul>\n","protected":false},"featured_media":1332222,"template":"","meta":[],"product_brand":[],"product_cat":[7757,3117],"product_tag":[14923],"class_list":{"0":"post-360847","1":"product","2":"type-product","3":"status-publish","4":"has-post-thumbnail","6":"product_cat-regalos-para-mi-esposa","7":"product_cat-star-es-2","8":"product_tag-anniversary-es","10":"first","11":"instock","12":"sale","13":"taxable","14":"shipping-taxable","15":"purchasable","16":"product-type-variable"},"yoast_head":"<!-- This site is optimized with the Yoast SEO Premium plugin v27.2 (Yoast SEO v27.2) - https:\/\/yoast.com\/product\/yoast-seo-premium-wordpress\/ -->\n<title>El d\u00eda en que te convertiste en mi esposa - Positive Prints<\/title>\n<meta name=\"robots\" content=\"index, follow, max-snippet:-1, max-image-preview:large, max-video-preview:-1\" \/>\n<link rel=\"canonical\" href=\"https:\/\/positiveprints.com\/es\/producto\/el-dia-en-que-te-convertiste-en-mi-esposa\/\" \/>\n<meta property=\"og:locale\" content=\"es_ES\" \/>\n<meta property=\"og:type\" content=\"article\" \/>\n<meta property=\"og:title\" content=\"El d\u00eda en que te convertiste en mi esposa\" \/>\n<meta property=\"og:description\" content=\"Celebra tu amor y compromiso con un detalle \u00fanico que durar\u00e1 toda la vida Agrega planetas, constelaciones y la V\u00eda L\u00e1ctea Personal\u00edzalo en tres sencillos pasos Incluye un texto personalizado Ve el resultado de inmediato: la vista previa interactiva te permite perfeccionar cada detalle\" \/>\n<meta property=\"og:url\" content=\"https:\/\/positiveprints.com\/es\/producto\/el-dia-en-que-te-convertiste-en-mi-esposa\/\" \/>\n<meta property=\"og:site_name\" content=\"Positive Prints\" \/>\n<meta property=\"article:publisher\" content=\"https:\/\/www.facebook.com\/positiveprintscom\" \/>\n<meta property=\"article:modified_time\" content=\"2026-04-03T02:30:32+00:00\" \/>\n<meta property=\"og:image\" content=\"https:\/\/positiveprints.com\/wp-content\/uploads\/2025\/01\/El-di\u0301a-en-que-te-convertiste-en-mi-esposa-1.webp\" \/>\n\t<meta property=\"og:image:width\" content=\"1450\" \/>\n\t<meta property=\"og:image:height\" content=\"1450\" \/>\n\t<meta property=\"og:image:type\" content=\"image\/webp\" \/>\n<meta name=\"twitter:card\" content=\"summary_large_image\" \/>\n<!-- \/ Yoast SEO Premium plugin. -->","yoast_head_json":{"title":"El d\u00eda en que te convertiste en mi esposa - Positive Prints","robots":{"index":"index","follow":"follow","max-snippet":"max-snippet:-1","max-image-preview":"max-image-preview:large","max-video-preview":"max-video-preview:-1"},"canonical":"https:\/\/positiveprints.com\/es\/producto\/el-dia-en-que-te-convertiste-en-mi-esposa\/","og_locale":"es_ES","og_type":"article","og_title":"El d\u00eda en que te convertiste en mi esposa","og_description":"Celebra tu amor y compromiso con un detalle \u00fanico que durar\u00e1 toda la vida Agrega planetas, constelaciones y la V\u00eda L\u00e1ctea Personal\u00edzalo en tres sencillos pasos Incluye un texto personalizado Ve el resultado de inmediato: la vista previa interactiva te permite perfeccionar cada detalle","og_url":"https:\/\/positiveprints.com\/es\/producto\/el-dia-en-que-te-convertiste-en-mi-esposa\/","og_site_name":"Positive Prints","article_publisher":"https:\/\/www.facebook.com\/positiveprintscom","article_modified_time":"2026-04-03T02:30:32+00:00","og_image":[{"width":1450,"height":1450,"url":"https:\/\/positiveprints.com\/wp-content\/uploads\/2025\/01\/El-di\u0301a-en-que-te-convertiste-en-mi-esposa-1.webp","type":"image\/webp"}],"twitter_card":"summary_large_image","schema":{"@context":"https:\/\/schema.org","@graph":[{"@type":["WebPage","ItemPage"],"@id":"https:\/\/positiveprints.com\/es\/producto\/el-dia-en-que-te-convertiste-en-mi-esposa\/","url":"https:\/\/positiveprints.com\/es\/producto\/el-dia-en-que-te-convertiste-en-mi-esposa\/","name":"El d\u00eda en que te convertiste en mi esposa - Positive Prints","isPartOf":{"@id":"https:\/\/positiveprints.com\/es\/#website"},"primaryImageOfPage":{"@id":"https:\/\/positiveprints.com\/es\/producto\/el-dia-en-que-te-convertiste-en-mi-esposa\/#primaryimage"},"image":{"@id":"https:\/\/positiveprints.com\/es\/producto\/el-dia-en-que-te-convertiste-en-mi-esposa\/#primaryimage"},"thumbnailUrl":"https:\/\/positiveprints.com\/wp-content\/uploads\/2025\/01\/El-di\u0301a-en-que-te-convertiste-en-mi-esposa-1.webp","datePublished":"2022-07-26T09:07:47+00:00","dateModified":"2026-04-03T02:30:32+00:00","breadcrumb":{"@id":"https:\/\/positiveprints.com\/es\/producto\/el-dia-en-que-te-convertiste-en-mi-esposa\/#breadcrumb"},"inLanguage":"es","potentialAction":[{"@type":"ReadAction","target":["https:\/\/positiveprints.com\/es\/producto\/el-dia-en-que-te-convertiste-en-mi-esposa\/"]}]},{"@type":"ImageObject","inLanguage":"es","@id":"https:\/\/positiveprints.com\/es\/producto\/el-dia-en-que-te-convertiste-en-mi-esposa\/#primaryimage","url":"https:\/\/positiveprints.com\/wp-content\/uploads\/2025\/01\/El-di\u0301a-en-que-te-convertiste-en-mi-esposa-1.webp","contentUrl":"https:\/\/positiveprints.com\/wp-content\/uploads\/2025\/01\/El-di\u0301a-en-que-te-convertiste-en-mi-esposa-1.webp","width":1450,"height":1450},{"@type":"BreadcrumbList","@id":"https:\/\/positiveprints.com\/es\/producto\/el-dia-en-que-te-convertiste-en-mi-esposa\/#breadcrumb","itemListElement":[{"@type":"ListItem","position":1,"name":"CASA","item":"https:\/\/positiveprints.com\/es\/"},{"@type":"ListItem","position":2,"name":"Productos","item":"https:\/\/positiveprints.com\/es\/shop\/"},{"@type":"ListItem","position":3,"name":"El d\u00eda en que te convertiste en mi esposa"}]},{"@type":"WebSite","@id":"https:\/\/positiveprints.com\/es\/#website","url":"https:\/\/positiveprints.com\/es\/","name":"Positive Prints","description":"Custom Gifts for Special Occasions","publisher":{"@id":"https:\/\/positiveprints.com\/es\/#organization"},"potentialAction":[{"@type":"SearchAction","target":{"@type":"EntryPoint","urlTemplate":"https:\/\/positiveprints.com\/es\/?s={search_term_string}"},"query-input":{"@type":"PropertyValueSpecification","valueRequired":true,"valueName":"search_term_string"}}],"inLanguage":"es"},{"@type":"Organization","@id":"https:\/\/positiveprints.com\/es\/#organization","name":"Positive Prints","alternateName":"Positive Prints","url":"https:\/\/positiveprints.com\/es\/","logo":{"@type":"ImageObject","inLanguage":"es","@id":"https:\/\/positiveprints.com\/es\/#\/schema\/logo\/image\/","url":"https:\/\/positiveprints.com\/wp-content\/uploads\/2026\/03\/245815646_1337939713319158_5671353136411139666_n.png","contentUrl":"https:\/\/positiveprints.com\/wp-content\/uploads\/2026\/03\/245815646_1337939713319158_5671353136411139666_n.png","width":800,"height":800,"caption":"Positive Prints"},"image":{"@id":"https:\/\/positiveprints.com\/es\/#\/schema\/logo\/image\/"},"sameAs":["https:\/\/www.facebook.com\/positiveprintscom","https:\/\/www.instagram.com\/positiveprintscom\/","https:\/\/www.tiktok.com\/@positiveprintscom","https:\/\/www.pinterest.com\/positiveprintscom\/"]}]}},"jetpack_sharing_enabled":true,"_links":{"self":[{"href":"https:\/\/positiveprints.com\/es\/wp-json\/wp\/v2\/product\/360847","targetHints":{"allow":["GET"]}}],"collection":[{"href":"https:\/\/positiveprints.com\/es\/wp-json\/wp\/v2\/product"}],"about":[{"href":"https:\/\/positiveprints.com\/es\/wp-json\/wp\/v2\/types\/product"}],"wp:featuredmedia":[{"embeddable":true,"href":"https:\/\/positiveprints.com\/es\/wp-json\/wp\/v2\/media\/1332222"}],"wp:attachment":[{"href":"https:\/\/positiveprints.com\/es\/wp-json\/wp\/v2\/media?parent=360847"}],"wp:term":[{"taxonomy":"product_brand","embeddable":true,"href":"https:\/\/positiveprints.com\/es\/wp-json\/wp\/v2\/product_brand?post=360847"},{"taxonomy":"product_cat","embeddable":true,"href":"https:\/\/positiveprints.com\/es\/wp-json\/wp\/v2\/product_cat?post=360847"},{"taxonomy":"product_tag","embeddable":true,"href":"https:\/\/positiveprints.com\/es\/wp-json\/wp\/v2\/product_tag?post=360847"}],"curies":[{"name":"wp","href":"https:\/\/api.w.org\/{rel}","templated":true}]}}