{"id":360002,"date":"2022-10-24T15:30:09","date_gmt":"2022-10-24T14:30:09","guid":{"rendered":"https:\/\/positiveprints.com\/?post_type=product&#038;p=360002"},"modified":"2026-04-18T06:25:12","modified_gmt":"2026-04-18T05:25:12","slug":"letrero-coordenadas-de-mi-hogar","status":"publish","type":"product","link":"https:\/\/positiveprints.com\/es\/producto\/letrero-coordenadas-de-mi-hogar\/","title":{"rendered":"Letrero: Coordenadas de mi hogar"},"content":{"rendered":"","protected":false},"excerpt":{"rendered":"<ul class=\"check-list\">\n<li>Dale un toque personal a tu hogar con un p\u00f3ster de las &#8220;coordenadas de tu hogar&#8221;<\/li>\n<li>Incluye un texto personalizado<\/li>\n<li>Personal\u00edzalo en tres sencillos pasos<\/li>\n<li>Elige una plantilla o pon manos a la obra<\/li>\n<li>Ve el resultado de inmediato: la vista previa interactiva te permite perfeccionar cada detalle<\/li>\n<\/ul>\n","protected":false},"featured_media":204773,"template":"","meta":[],"product_brand":[],"product_cat":[7173],"product_tag":[14919,8511],"class_list":{"0":"post-360002","1":"product","2":"type-product","3":"status-publish","4":"has-post-thumbnail","6":"product_cat-coordinates-es","7":"product_tag-housewarming-es-2","8":"product_tag-housewarming-es","10":"first","11":"instock","12":"sale","13":"taxable","14":"shipping-taxable","15":"purchasable","16":"product-type-variable"},"yoast_head":"<!-- This site is optimized with the Yoast SEO Premium plugin v27.2 (Yoast SEO v27.2) - https:\/\/yoast.com\/product\/yoast-seo-premium-wordpress\/ -->\n<title>Letrero: Coordenadas de mi hogar - Positive Prints<\/title>\n<meta name=\"description\" content=\"La verdad es que no hay lugar como el hogar. Sin importar d\u00f3nde est\u00e9s, recuerda el lugar donde te has sentido m\u00e1s c\u00f3modo con un dise\u00f1o \u00fanico y especial.\" \/>\n<meta name=\"robots\" content=\"index, follow, max-snippet:-1, max-image-preview:large, max-video-preview:-1\" \/>\n<link rel=\"canonical\" href=\"https:\/\/positiveprints.com\/es\/producto\/letrero-coordenadas-de-mi-hogar\/\" \/>\n<meta property=\"og:locale\" content=\"es_ES\" \/>\n<meta property=\"og:type\" content=\"article\" \/>\n<meta property=\"og:title\" content=\"Letrero: Coordenadas de mi hogar\" \/>\n<meta property=\"og:description\" content=\"Dale un toque personal a tu hogar con un p\u00f3ster de las &quot;coordenadas de tu hogar&quot; Incluye un texto personalizado Personal\u00edzalo en tres sencillos pasos Elige una plantilla o pon manos a la obra Ve el resultado de inmediato: la vista previa interactiva te permite perfeccionar cada detalle\" \/>\n<meta property=\"og:url\" content=\"https:\/\/positiveprints.com\/es\/producto\/letrero-coordenadas-de-mi-hogar\/\" \/>\n<meta property=\"og:site_name\" content=\"Positive Prints\" \/>\n<meta property=\"article:publisher\" content=\"https:\/\/www.facebook.com\/positiveprintscom\" \/>\n<meta property=\"article:modified_time\" content=\"2026-04-18T05:25:12+00:00\" \/>\n<meta property=\"og:image\" content=\"https:\/\/positiveprints.com\/wp-content\/uploads\/2021\/11\/home-coordinates-sign.jpg\" \/>\n\t<meta property=\"og:image:width\" content=\"1080\" \/>\n\t<meta property=\"og:image:height\" content=\"1080\" \/>\n\t<meta property=\"og:image:type\" content=\"image\/jpeg\" \/>\n<meta name=\"twitter:card\" content=\"summary_large_image\" \/>\n<!-- \/ Yoast SEO Premium plugin. -->","yoast_head_json":{"title":"Letrero: Coordenadas de mi hogar - Positive Prints","description":"La verdad es que no hay lugar como el hogar. Sin importar d\u00f3nde est\u00e9s, recuerda el lugar donde te has sentido m\u00e1s c\u00f3modo con un dise\u00f1o \u00fanico y especial.","robots":{"index":"index","follow":"follow","max-snippet":"max-snippet:-1","max-image-preview":"max-image-preview:large","max-video-preview":"max-video-preview:-1"},"canonical":"https:\/\/positiveprints.com\/es\/producto\/letrero-coordenadas-de-mi-hogar\/","og_locale":"es_ES","og_type":"article","og_title":"Letrero: Coordenadas de mi hogar","og_description":"Dale un toque personal a tu hogar con un p\u00f3ster de las \"coordenadas de tu hogar\" Incluye un texto personalizado Personal\u00edzalo en tres sencillos pasos Elige una plantilla o pon manos a la obra Ve el resultado de inmediato: la vista previa interactiva te permite perfeccionar cada detalle","og_url":"https:\/\/positiveprints.com\/es\/producto\/letrero-coordenadas-de-mi-hogar\/","og_site_name":"Positive Prints","article_publisher":"https:\/\/www.facebook.com\/positiveprintscom","article_modified_time":"2026-04-18T05:25:12+00:00","og_image":[{"width":1080,"height":1080,"url":"https:\/\/positiveprints.com\/wp-content\/uploads\/2021\/11\/home-coordinates-sign.jpg","type":"image\/jpeg"}],"twitter_card":"summary_large_image","schema":{"@context":"https:\/\/schema.org","@graph":[{"@type":["WebPage","ItemPage"],"@id":"https:\/\/positiveprints.com\/es\/producto\/letrero-coordenadas-de-mi-hogar\/","url":"https:\/\/positiveprints.com\/es\/producto\/letrero-coordenadas-de-mi-hogar\/","name":"Letrero: Coordenadas de mi hogar - Positive Prints","isPartOf":{"@id":"https:\/\/positiveprints.com\/es\/#website"},"primaryImageOfPage":{"@id":"https:\/\/positiveprints.com\/es\/producto\/letrero-coordenadas-de-mi-hogar\/#primaryimage"},"image":{"@id":"https:\/\/positiveprints.com\/es\/producto\/letrero-coordenadas-de-mi-hogar\/#primaryimage"},"thumbnailUrl":"https:\/\/positiveprints.com\/wp-content\/uploads\/2021\/11\/home-coordinates-sign.jpg","datePublished":"2022-10-24T14:30:09+00:00","dateModified":"2026-04-18T05:25:12+00:00","description":"La verdad es que no hay lugar como el hogar. Sin importar d\u00f3nde est\u00e9s, recuerda el lugar donde te has sentido m\u00e1s c\u00f3modo con un dise\u00f1o \u00fanico y especial.","breadcrumb":{"@id":"https:\/\/positiveprints.com\/es\/producto\/letrero-coordenadas-de-mi-hogar\/#breadcrumb"},"inLanguage":"es","potentialAction":[{"@type":"ReadAction","target":["https:\/\/positiveprints.com\/es\/producto\/letrero-coordenadas-de-mi-hogar\/"]}]},{"@type":"ImageObject","inLanguage":"es","@id":"https:\/\/positiveprints.com\/es\/producto\/letrero-coordenadas-de-mi-hogar\/#primaryimage","url":"https:\/\/positiveprints.com\/wp-content\/uploads\/2021\/11\/home-coordinates-sign.jpg","contentUrl":"https:\/\/positiveprints.com\/wp-content\/uploads\/2021\/11\/home-coordinates-sign.jpg","width":1080,"height":1080,"caption":"Home coordinates sign displays the exact GPS coordinates of your home"},{"@type":"BreadcrumbList","@id":"https:\/\/positiveprints.com\/es\/producto\/letrero-coordenadas-de-mi-hogar\/#breadcrumb","itemListElement":[{"@type":"ListItem","position":1,"name":"CASA","item":"https:\/\/positiveprints.com\/es\/"},{"@type":"ListItem","position":2,"name":"Productos","item":"https:\/\/positiveprints.com\/es\/shop\/"},{"@type":"ListItem","position":3,"name":"Letrero: Coordenadas de mi hogar"}]},{"@type":"WebSite","@id":"https:\/\/positiveprints.com\/es\/#website","url":"https:\/\/positiveprints.com\/es\/","name":"Positive Prints","description":"Custom Gifts for Special Occasions","publisher":{"@id":"https:\/\/positiveprints.com\/es\/#organization"},"potentialAction":[{"@type":"SearchAction","target":{"@type":"EntryPoint","urlTemplate":"https:\/\/positiveprints.com\/es\/?s={search_term_string}"},"query-input":{"@type":"PropertyValueSpecification","valueRequired":true,"valueName":"search_term_string"}}],"inLanguage":"es"},{"@type":"Organization","@id":"https:\/\/positiveprints.com\/es\/#organization","name":"Positive Prints","alternateName":"Positive Prints","url":"https:\/\/positiveprints.com\/es\/","logo":{"@type":"ImageObject","inLanguage":"es","@id":"https:\/\/positiveprints.com\/es\/#\/schema\/logo\/image\/","url":"https:\/\/positiveprints.com\/wp-content\/uploads\/2026\/03\/245815646_1337939713319158_5671353136411139666_n.png","contentUrl":"https:\/\/positiveprints.com\/wp-content\/uploads\/2026\/03\/245815646_1337939713319158_5671353136411139666_n.png","width":800,"height":800,"caption":"Positive Prints"},"image":{"@id":"https:\/\/positiveprints.com\/es\/#\/schema\/logo\/image\/"},"sameAs":["https:\/\/www.facebook.com\/positiveprintscom","https:\/\/www.instagram.com\/positiveprintscom\/","https:\/\/www.tiktok.com\/@positiveprintscom","https:\/\/www.pinterest.com\/positiveprintscom\/"]}]}},"jetpack_sharing_enabled":true,"_links":{"self":[{"href":"https:\/\/positiveprints.com\/es\/wp-json\/wp\/v2\/product\/360002","targetHints":{"allow":["GET"]}}],"collection":[{"href":"https:\/\/positiveprints.com\/es\/wp-json\/wp\/v2\/product"}],"about":[{"href":"https:\/\/positiveprints.com\/es\/wp-json\/wp\/v2\/types\/product"}],"wp:featuredmedia":[{"embeddable":true,"href":"https:\/\/positiveprints.com\/es\/wp-json\/wp\/v2\/media\/204773"}],"wp:attachment":[{"href":"https:\/\/positiveprints.com\/es\/wp-json\/wp\/v2\/media?parent=360002"}],"wp:term":[{"taxonomy":"product_brand","embeddable":true,"href":"https:\/\/positiveprints.com\/es\/wp-json\/wp\/v2\/product_brand?post=360002"},{"taxonomy":"product_cat","embeddable":true,"href":"https:\/\/positiveprints.com\/es\/wp-json\/wp\/v2\/product_cat?post=360002"},{"taxonomy":"product_tag","embeddable":true,"href":"https:\/\/positiveprints.com\/es\/wp-json\/wp\/v2\/product_tag?post=360002"}],"curies":[{"name":"wp","href":"https:\/\/api.w.org\/{rel}","templated":true}]}}