{"id":359957,"date":"2021-11-22T21:26:46","date_gmt":"2021-11-22T20:26:46","guid":{"rendered":"https:\/\/positiveprints.com\/?post_type=product&#038;p=359957"},"modified":"2026-04-12T23:24:32","modified_gmt":"2026-04-12T22:24:32","slug":"letrero-hogar-dulce-hogar","status":"publish","type":"product","link":"https:\/\/positiveprints.com\/es\/producto\/letrero-hogar-dulce-hogar\/","title":{"rendered":"Letrero: Hogar dulce hogar"},"content":{"rendered":"","protected":false},"excerpt":{"rendered":"<ul class=\"check-list\">\n<li>Demuestra cu\u00e1nto amas tu hogar: personal\u00edzalo y demu\u00e9strale a todos que no hay lugar como el hogar<\/li>\n<li>Incluye un texto personalizado<\/li>\n<li>Personal\u00edzalo en tres sencillos pasos<\/li>\n<li>Elige una plantilla o pon manos a la obra<\/li>\n<li>Ve el resultado de inmediato: la vista previa interactiva te permite perfeccionar cada detalle<\/li>\n<\/ul>\n","protected":false},"featured_media":204819,"template":"","meta":[],"product_brand":[],"product_cat":[7173,5293],"product_tag":[14919],"class_list":{"0":"post-359957","1":"product","2":"type-product","3":"status-publish","4":"has-post-thumbnail","6":"product_cat-coordinates-es","7":"product_cat-regalos-para-mudanzas","8":"product_tag-housewarming-es-2","10":"first","11":"instock","12":"sale","13":"taxable","14":"shipping-taxable","15":"purchasable","16":"product-type-variable"},"yoast_head":"<!-- This site is optimized with the Yoast SEO Premium plugin v27.2 (Yoast SEO v27.2) - https:\/\/yoast.com\/product\/yoast-seo-premium-wordpress\/ -->\n<title>Letrero: Hogar dulce hogar - Positive Prints<\/title>\n<meta name=\"description\" content=\"El hogar es el lugar favorito de todos. Hazlo a\u00fan m\u00e1s especial con Hogar dulce hogar, un letrero que incluye las coordenadas de tu lugar especial.\" \/>\n<meta name=\"robots\" content=\"index, follow, max-snippet:-1, max-image-preview:large, max-video-preview:-1\" \/>\n<link rel=\"canonical\" href=\"https:\/\/positiveprints.com\/es\/producto\/letrero-hogar-dulce-hogar\/\" \/>\n<meta property=\"og:locale\" content=\"es_ES\" \/>\n<meta property=\"og:type\" content=\"article\" \/>\n<meta property=\"og:title\" content=\"Letrero: Hogar dulce hogar\" \/>\n<meta property=\"og:description\" content=\"Demuestra cu\u00e1nto amas tu hogar: personal\u00edzalo y demu\u00e9strale a todos que no hay lugar como el hogar Incluye un texto personalizado Personal\u00edzalo en tres sencillos pasos Elige una plantilla o pon manos a la obra Ve el resultado de inmediato: la vista previa interactiva te permite perfeccionar cada detalle\" \/>\n<meta property=\"og:url\" content=\"https:\/\/positiveprints.com\/es\/producto\/letrero-hogar-dulce-hogar\/\" \/>\n<meta property=\"og:site_name\" content=\"Positive Prints\" \/>\n<meta property=\"article:publisher\" content=\"https:\/\/www.facebook.com\/positiveprintscom\" \/>\n<meta property=\"article:modified_time\" content=\"2026-04-12T22:24:32+00:00\" \/>\n<meta property=\"og:image\" content=\"https:\/\/positiveprints.com\/wp-content\/uploads\/2021\/11\/home-sweet-home-sign.jpg\" \/>\n\t<meta property=\"og:image:width\" content=\"1080\" \/>\n\t<meta property=\"og:image:height\" content=\"1080\" \/>\n\t<meta property=\"og:image:type\" content=\"image\/jpeg\" \/>\n<meta name=\"twitter:card\" content=\"summary_large_image\" \/>\n<!-- \/ Yoast SEO Premium plugin. -->","yoast_head_json":{"title":"Letrero: Hogar dulce hogar - Positive Prints","description":"El hogar es el lugar favorito de todos. Hazlo a\u00fan m\u00e1s especial con Hogar dulce hogar, un letrero que incluye las coordenadas de tu lugar especial.","robots":{"index":"index","follow":"follow","max-snippet":"max-snippet:-1","max-image-preview":"max-image-preview:large","max-video-preview":"max-video-preview:-1"},"canonical":"https:\/\/positiveprints.com\/es\/producto\/letrero-hogar-dulce-hogar\/","og_locale":"es_ES","og_type":"article","og_title":"Letrero: Hogar dulce hogar","og_description":"Demuestra cu\u00e1nto amas tu hogar: personal\u00edzalo y demu\u00e9strale a todos que no hay lugar como el hogar Incluye un texto personalizado Personal\u00edzalo en tres sencillos pasos Elige una plantilla o pon manos a la obra Ve el resultado de inmediato: la vista previa interactiva te permite perfeccionar cada detalle","og_url":"https:\/\/positiveprints.com\/es\/producto\/letrero-hogar-dulce-hogar\/","og_site_name":"Positive Prints","article_publisher":"https:\/\/www.facebook.com\/positiveprintscom","article_modified_time":"2026-04-12T22:24:32+00:00","og_image":[{"width":1080,"height":1080,"url":"https:\/\/positiveprints.com\/wp-content\/uploads\/2021\/11\/home-sweet-home-sign.jpg","type":"image\/jpeg"}],"twitter_card":"summary_large_image","schema":{"@context":"https:\/\/schema.org","@graph":[{"@type":["WebPage","ItemPage"],"@id":"https:\/\/positiveprints.com\/es\/producto\/letrero-hogar-dulce-hogar\/","url":"https:\/\/positiveprints.com\/es\/producto\/letrero-hogar-dulce-hogar\/","name":"Letrero: Hogar dulce hogar - Positive Prints","isPartOf":{"@id":"https:\/\/positiveprints.com\/es\/#website"},"primaryImageOfPage":{"@id":"https:\/\/positiveprints.com\/es\/producto\/letrero-hogar-dulce-hogar\/#primaryimage"},"image":{"@id":"https:\/\/positiveprints.com\/es\/producto\/letrero-hogar-dulce-hogar\/#primaryimage"},"thumbnailUrl":"https:\/\/positiveprints.com\/wp-content\/uploads\/2021\/11\/home-sweet-home-sign.jpg","datePublished":"2021-11-22T20:26:46+00:00","dateModified":"2026-04-12T22:24:32+00:00","description":"El hogar es el lugar favorito de todos. Hazlo a\u00fan m\u00e1s especial con Hogar dulce hogar, un letrero que incluye las coordenadas de tu lugar especial.","breadcrumb":{"@id":"https:\/\/positiveprints.com\/es\/producto\/letrero-hogar-dulce-hogar\/#breadcrumb"},"inLanguage":"es","potentialAction":[{"@type":"ReadAction","target":["https:\/\/positiveprints.com\/es\/producto\/letrero-hogar-dulce-hogar\/"]}]},{"@type":"ImageObject","inLanguage":"es","@id":"https:\/\/positiveprints.com\/es\/producto\/letrero-hogar-dulce-hogar\/#primaryimage","url":"https:\/\/positiveprints.com\/wp-content\/uploads\/2021\/11\/home-sweet-home-sign.jpg","contentUrl":"https:\/\/positiveprints.com\/wp-content\/uploads\/2021\/11\/home-sweet-home-sign.jpg","width":1080,"height":1080,"caption":"Our Home Sweet Home coordinates signs display the exact GPS coordinates of your home in a beautiful, artistic print."},{"@type":"BreadcrumbList","@id":"https:\/\/positiveprints.com\/es\/producto\/letrero-hogar-dulce-hogar\/#breadcrumb","itemListElement":[{"@type":"ListItem","position":1,"name":"CASA","item":"https:\/\/positiveprints.com\/es\/"},{"@type":"ListItem","position":2,"name":"Productos","item":"https:\/\/positiveprints.com\/es\/shop\/"},{"@type":"ListItem","position":3,"name":"Letrero: Hogar dulce hogar"}]},{"@type":"WebSite","@id":"https:\/\/positiveprints.com\/es\/#website","url":"https:\/\/positiveprints.com\/es\/","name":"Positive Prints","description":"Custom Gifts for Special Occasions","publisher":{"@id":"https:\/\/positiveprints.com\/es\/#organization"},"potentialAction":[{"@type":"SearchAction","target":{"@type":"EntryPoint","urlTemplate":"https:\/\/positiveprints.com\/es\/?s={search_term_string}"},"query-input":{"@type":"PropertyValueSpecification","valueRequired":true,"valueName":"search_term_string"}}],"inLanguage":"es"},{"@type":"Organization","@id":"https:\/\/positiveprints.com\/es\/#organization","name":"Positive Prints","alternateName":"Positive Prints","url":"https:\/\/positiveprints.com\/es\/","logo":{"@type":"ImageObject","inLanguage":"es","@id":"https:\/\/positiveprints.com\/es\/#\/schema\/logo\/image\/","url":"https:\/\/positiveprints.com\/wp-content\/uploads\/2026\/03\/245815646_1337939713319158_5671353136411139666_n.png","contentUrl":"https:\/\/positiveprints.com\/wp-content\/uploads\/2026\/03\/245815646_1337939713319158_5671353136411139666_n.png","width":800,"height":800,"caption":"Positive Prints"},"image":{"@id":"https:\/\/positiveprints.com\/es\/#\/schema\/logo\/image\/"},"sameAs":["https:\/\/www.facebook.com\/positiveprintscom","https:\/\/www.instagram.com\/positiveprintscom\/","https:\/\/www.tiktok.com\/@positiveprintscom","https:\/\/www.pinterest.com\/positiveprintscom\/"]}]}},"jetpack_sharing_enabled":true,"_links":{"self":[{"href":"https:\/\/positiveprints.com\/es\/wp-json\/wp\/v2\/product\/359957","targetHints":{"allow":["GET"]}}],"collection":[{"href":"https:\/\/positiveprints.com\/es\/wp-json\/wp\/v2\/product"}],"about":[{"href":"https:\/\/positiveprints.com\/es\/wp-json\/wp\/v2\/types\/product"}],"wp:featuredmedia":[{"embeddable":true,"href":"https:\/\/positiveprints.com\/es\/wp-json\/wp\/v2\/media\/204819"}],"wp:attachment":[{"href":"https:\/\/positiveprints.com\/es\/wp-json\/wp\/v2\/media?parent=359957"}],"wp:term":[{"taxonomy":"product_brand","embeddable":true,"href":"https:\/\/positiveprints.com\/es\/wp-json\/wp\/v2\/product_brand?post=359957"},{"taxonomy":"product_cat","embeddable":true,"href":"https:\/\/positiveprints.com\/es\/wp-json\/wp\/v2\/product_cat?post=359957"},{"taxonomy":"product_tag","embeddable":true,"href":"https:\/\/positiveprints.com\/es\/wp-json\/wp\/v2\/product_tag?post=359957"}],"curies":[{"name":"wp","href":"https:\/\/api.w.org\/{rel}","templated":true}]}}