{"id":359406,"date":"2022-07-25T09:04:02","date_gmt":"2022-07-25T08:04:02","guid":{"rendered":"https:\/\/positiveprints.com\/?post_type=product&#038;p=359406"},"modified":"2026-04-28T14:38:35","modified_gmt":"2026-04-28T13:38:35","slug":"el-dia-en-que-te-convertiste-en-mi-esposo","status":"publish","type":"product","link":"https:\/\/positiveprints.com\/es\/producto\/el-dia-en-que-te-convertiste-en-mi-esposo\/","title":{"rendered":"El d\u00eda en que te convertiste en mi esposo"},"content":{"rendered":"<p>El d\u00eda en que dijiste \u201cs\u00ed, acepto\u201d es uno de los d\u00edas m\u00e1s felices de toda tu vida. Ahora tienes la posibilidad de plasmar tus palabras en una hermosa impresi\u00f3n del d\u00eda en que te convertiste en mi esposo.<\/p>\n\n\n\n\n\n<h2 class=\"grenB f24 cblue\" style=\"margin-top: 3rem\">Celebren su amor todos los d\u00edas con \u201cel d\u00eda en que te convertiste en mi esposo\u201d<\/h2>\n\n\n\n<p style=\"margin-top: 1rem\">Muy pocos momentos en la vida tienen un significado tan profundo que merecen vivirse una y otra vez, y el d\u00eda en que te casaste con tu amado como marido y mujer se encuentra entre ellos. Un momento tan transformador merece ser grabado en la memoria a trav\u00e9s de los medios m\u00e1s extraordinarios que cualquier persona podr\u00eda imaginar. El amor y los momentos m\u00e1gicos de una pareja inspiraron nuestra impresi\u00f3n art\u00edstica de \u201cel d\u00eda en que te convertiste en mi esposo\u201d.<\/p>\n\n\n\n<p style=\"margin-top: 1rem\">Dar una impresi\u00f3n art\u00edstica personalizada como regalo para tu esposo solo le indica que eres una persona considerada y original. Cada impresi\u00f3n tiene su propio toque personal, lo que te permite expresar tus sentimientos y resonar con la personalidad y las pasiones de tu esposo. Los regalos ordinarios son cosas del pasado: darle un detalle creado exclusivamente para \u00e9l es mucho m\u00e1s especial que cualquier cosa que se pueda comprar en una tienda de regalos.<\/p>\n\n\n\n<p style=\"margin-top: 1rem\">El significado de \u201cel d\u00eda en que te convertiste en mi esposo\u201d trasciende su atractivo visual. Es un testimonio de la profunda conexi\u00f3n que comparten, y est\u00e1 meticulosamente dise\u00f1ado para conmemorar al que le pertenece tu coraz\u00f3n. Tu esposo sabr\u00e1 que tiene una creaci\u00f3n \u00fanica en sus manos, y la atesorar\u00e1 durante los a\u00f1os venideros.<\/p>\n\n\n\n<h2 class=\"grenB f24 cblue\" style=\"margin-top: 3rem\">Personaliza tu regalo<\/h2>\n\n\n\n<p style=\"margin-top: 1rem\">Libera todo tu potencial creativo seleccionando un dise\u00f1o que resuene con el esp\u00edritu de tu amado. Agrega un toque m\u00e1s personal incluyendo detalles importantes, como la fecha sagrada de su boda, el lugar donde intercambiaron sus votos, el momento exacto donde dijeron el \u201cs\u00ed, acepto\u201d u otros momentos que evocan recuerdos inolvidables. Tu obra de arte espera su forma final, donde t\u00fa decides c\u00f3mo traerlo a la vida, ya sea como un p\u00f3ster impreso o enmarcado, o incluso un lienzo bastante elegante.<\/p>\n\n\n\n<p style=\"margin-top: 1rem\">Aprovecha nuestro env\u00edo a todo el mundo para que puedas llevar tu creaci\u00f3n a cualquier parte del planeta sin costo adicional. Sin embargo, si deseas tener tu dise\u00f1o r\u00e1pidamente, puedes descargar el archivo digital para que lo imprimas de manera local. \u00a1Tu mapa estelar personalizado estar\u00e1 listo para adornar tu mundo en un dos por tres! <\/p>","protected":false},"excerpt":{"rendered":"<ul class=\"check-list\">\n<li>Haz que tu esposo se sienta a\u00fan m\u00e1s especial con un mapa estelar del cielo nocturno del d\u00eda de su boda<\/li>\n<li>Agrega planetas, constelaciones y la V\u00eda L\u00e1ctea<\/li>\n<li>Personal\u00edzalo en tres sencillos pasos<\/li>\n<li>Incluye un texto personalizado<\/li>\n<li>Ve el resultado de inmediato: la vista previa interactiva te permite perfeccionar cada detalle<\/li>\n<\/ul>\n","protected":false},"featured_media":1353868,"template":"","meta":[],"product_brand":[],"product_cat":[7646,3117],"product_tag":[14923],"class_list":{"0":"post-359406","1":"product","2":"type-product","3":"status-publish","4":"has-post-thumbnail","6":"product_cat-regalos-para-mi-esposo","7":"product_cat-star-es-2","8":"product_tag-anniversary-es","10":"first","11":"instock","12":"sale","13":"taxable","14":"shipping-taxable","15":"purchasable","16":"product-type-variable"},"yoast_head":"<!-- This site is optimized with the Yoast SEO Premium plugin v27.2 (Yoast SEO v27.2) - https:\/\/yoast.com\/product\/yoast-seo-premium-wordpress\/ -->\n<title>El d\u00eda en que te convertiste en mi esposo - Positive Prints<\/title>\n<meta name=\"description\" content=\"Ya sea tu aniversario o cualquier ocasi\u00f3n especial, crea un regalo \u00fanico que le recuerde el d\u00eda en que se convirti\u00f3 en tu esposo.\" \/>\n<meta name=\"robots\" content=\"index, follow, max-snippet:-1, max-image-preview:large, max-video-preview:-1\" \/>\n<link rel=\"canonical\" href=\"https:\/\/positiveprints.com\/es\/producto\/el-dia-en-que-te-convertiste-en-mi-esposo\/\" \/>\n<meta property=\"og:locale\" content=\"es_ES\" \/>\n<meta property=\"og:type\" content=\"article\" \/>\n<meta property=\"og:title\" content=\"El d\u00eda en que te convertiste en mi esposo\" \/>\n<meta property=\"og:description\" content=\"Haz que tu esposo se sienta a\u00fan m\u00e1s especial con un mapa estelar del cielo nocturno del d\u00eda de su boda Agrega planetas, constelaciones y la V\u00eda L\u00e1ctea Personal\u00edzalo en tres sencillos pasos Incluye un texto personalizado Ve el resultado de inmediato: la vista previa interactiva te permite perfeccionar cada detalle\" \/>\n<meta property=\"og:url\" content=\"https:\/\/positiveprints.com\/es\/producto\/el-dia-en-que-te-convertiste-en-mi-esposo\/\" \/>\n<meta property=\"og:site_name\" content=\"Positive Prints\" \/>\n<meta property=\"article:publisher\" content=\"https:\/\/www.facebook.com\/positiveprintscom\" \/>\n<meta property=\"article:modified_time\" content=\"2026-04-28T13:38:35+00:00\" \/>\n<meta property=\"og:image\" content=\"https:\/\/positiveprints.com\/wp-content\/uploads\/2024\/03\/The-Day-You-Became-My-Husband.jpg\" \/>\n\t<meta property=\"og:image:width\" content=\"1500\" \/>\n\t<meta property=\"og:image:height\" content=\"1500\" \/>\n\t<meta property=\"og:image:type\" content=\"image\/jpeg\" \/>\n<meta name=\"twitter:card\" content=\"summary_large_image\" \/>\n<!-- \/ Yoast SEO Premium plugin. -->","yoast_head_json":{"title":"El d\u00eda en que te convertiste en mi esposo - Positive Prints","description":"Ya sea tu aniversario o cualquier ocasi\u00f3n especial, crea un regalo \u00fanico que le recuerde el d\u00eda en que se convirti\u00f3 en tu esposo.","robots":{"index":"index","follow":"follow","max-snippet":"max-snippet:-1","max-image-preview":"max-image-preview:large","max-video-preview":"max-video-preview:-1"},"canonical":"https:\/\/positiveprints.com\/es\/producto\/el-dia-en-que-te-convertiste-en-mi-esposo\/","og_locale":"es_ES","og_type":"article","og_title":"El d\u00eda en que te convertiste en mi esposo","og_description":"Haz que tu esposo se sienta a\u00fan m\u00e1s especial con un mapa estelar del cielo nocturno del d\u00eda de su boda Agrega planetas, constelaciones y la V\u00eda L\u00e1ctea Personal\u00edzalo en tres sencillos pasos Incluye un texto personalizado Ve el resultado de inmediato: la vista previa interactiva te permite perfeccionar cada detalle","og_url":"https:\/\/positiveprints.com\/es\/producto\/el-dia-en-que-te-convertiste-en-mi-esposo\/","og_site_name":"Positive Prints","article_publisher":"https:\/\/www.facebook.com\/positiveprintscom","article_modified_time":"2026-04-28T13:38:35+00:00","og_image":[{"width":1500,"height":1500,"url":"https:\/\/positiveprints.com\/wp-content\/uploads\/2024\/03\/The-Day-You-Became-My-Husband.jpg","type":"image\/jpeg"}],"twitter_card":"summary_large_image","schema":{"@context":"https:\/\/schema.org","@graph":[{"@type":["WebPage","ItemPage"],"@id":"https:\/\/positiveprints.com\/es\/producto\/el-dia-en-que-te-convertiste-en-mi-esposo\/","url":"https:\/\/positiveprints.com\/es\/producto\/el-dia-en-que-te-convertiste-en-mi-esposo\/","name":"El d\u00eda en que te convertiste en mi esposo - Positive Prints","isPartOf":{"@id":"https:\/\/positiveprints.com\/es\/#website"},"primaryImageOfPage":{"@id":"https:\/\/positiveprints.com\/es\/producto\/el-dia-en-que-te-convertiste-en-mi-esposo\/#primaryimage"},"image":{"@id":"https:\/\/positiveprints.com\/es\/producto\/el-dia-en-que-te-convertiste-en-mi-esposo\/#primaryimage"},"thumbnailUrl":"https:\/\/positiveprints.com\/wp-content\/uploads\/2025\/02\/El-di\u0301a-en-que-te-convertiste-en-mi-esposo-1.webp","datePublished":"2022-07-25T08:04:02+00:00","dateModified":"2026-04-28T13:38:35+00:00","description":"Ya sea tu aniversario o cualquier ocasi\u00f3n especial, crea un regalo \u00fanico que le recuerde el d\u00eda en que se convirti\u00f3 en tu esposo.","breadcrumb":{"@id":"https:\/\/positiveprints.com\/es\/producto\/el-dia-en-que-te-convertiste-en-mi-esposo\/#breadcrumb"},"inLanguage":"es","potentialAction":[{"@type":"ReadAction","target":["https:\/\/positiveprints.com\/es\/producto\/el-dia-en-que-te-convertiste-en-mi-esposo\/"]}]},{"@type":"ImageObject","inLanguage":"es","@id":"https:\/\/positiveprints.com\/es\/producto\/el-dia-en-que-te-convertiste-en-mi-esposo\/#primaryimage","url":"https:\/\/positiveprints.com\/wp-content\/uploads\/2025\/02\/El-di\u0301a-en-que-te-convertiste-en-mi-esposo-1.webp","contentUrl":"https:\/\/positiveprints.com\/wp-content\/uploads\/2025\/02\/El-di\u0301a-en-que-te-convertiste-en-mi-esposo-1.webp","width":1450,"height":1450},{"@type":"BreadcrumbList","@id":"https:\/\/positiveprints.com\/es\/producto\/el-dia-en-que-te-convertiste-en-mi-esposo\/#breadcrumb","itemListElement":[{"@type":"ListItem","position":1,"name":"CASA","item":"https:\/\/positiveprints.com\/es\/"},{"@type":"ListItem","position":2,"name":"Productos","item":"https:\/\/positiveprints.com\/es\/shop\/"},{"@type":"ListItem","position":3,"name":"El d\u00eda en que te convertiste en mi esposo"}]},{"@type":"WebSite","@id":"https:\/\/positiveprints.com\/es\/#website","url":"https:\/\/positiveprints.com\/es\/","name":"Positive Prints","description":"Custom Gifts for Special Occasions","publisher":{"@id":"https:\/\/positiveprints.com\/es\/#organization"},"potentialAction":[{"@type":"SearchAction","target":{"@type":"EntryPoint","urlTemplate":"https:\/\/positiveprints.com\/es\/?s={search_term_string}"},"query-input":{"@type":"PropertyValueSpecification","valueRequired":true,"valueName":"search_term_string"}}],"inLanguage":"es"},{"@type":"Organization","@id":"https:\/\/positiveprints.com\/es\/#organization","name":"Positive Prints","alternateName":"Positive Prints ","url":"https:\/\/positiveprints.com\/es\/","logo":{"@type":"ImageObject","inLanguage":"es","@id":"https:\/\/positiveprints.com\/es\/#\/schema\/logo\/image\/","url":"https:\/\/positiveprints.com\/wp-content\/uploads\/2026\/03\/245815646_1337939713319158_5671353136411139666_n.png","contentUrl":"https:\/\/positiveprints.com\/wp-content\/uploads\/2026\/03\/245815646_1337939713319158_5671353136411139666_n.png","width":800,"height":800,"caption":"Positive Prints"},"image":{"@id":"https:\/\/positiveprints.com\/es\/#\/schema\/logo\/image\/"},"sameAs":["https:\/\/www.facebook.com\/positiveprintscom","https:\/\/www.instagram.com\/positiveprintscom\/","https:\/\/www.tiktok.com\/@positiveprintscom","https:\/\/www.pinterest.com\/positiveprintscom\/"]}]}},"jetpack_sharing_enabled":true,"_links":{"self":[{"href":"https:\/\/positiveprints.com\/es\/wp-json\/wp\/v2\/product\/359406","targetHints":{"allow":["GET"]}}],"collection":[{"href":"https:\/\/positiveprints.com\/es\/wp-json\/wp\/v2\/product"}],"about":[{"href":"https:\/\/positiveprints.com\/es\/wp-json\/wp\/v2\/types\/product"}],"wp:featuredmedia":[{"embeddable":true,"href":"https:\/\/positiveprints.com\/es\/wp-json\/wp\/v2\/media\/1353868"}],"wp:attachment":[{"href":"https:\/\/positiveprints.com\/es\/wp-json\/wp\/v2\/media?parent=359406"}],"wp:term":[{"taxonomy":"product_brand","embeddable":true,"href":"https:\/\/positiveprints.com\/es\/wp-json\/wp\/v2\/product_brand?post=359406"},{"taxonomy":"product_cat","embeddable":true,"href":"https:\/\/positiveprints.com\/es\/wp-json\/wp\/v2\/product_cat?post=359406"},{"taxonomy":"product_tag","embeddable":true,"href":"https:\/\/positiveprints.com\/es\/wp-json\/wp\/v2\/product_tag?post=359406"}],"curies":[{"name":"wp","href":"https:\/\/api.w.org\/{rel}","templated":true}]}}