{"id":359369,"date":"2022-10-21T14:03:53","date_gmt":"2022-10-21T13:03:53","guid":{"rendered":"https:\/\/positiveprints.com\/?post_type=product&#038;p=359369"},"modified":"2026-04-12T22:50:48","modified_gmt":"2026-04-12T21:50:48","slug":"regalo-fotografico-de-aniversario","status":"publish","type":"product","link":"https:\/\/positiveprints.com\/es\/producto\/regalo-fotografico-de-aniversario\/","title":{"rendered":"Regalo fotogr\u00e1fico de aniversario"},"content":{"rendered":"El d\u00eda de tu aniversario no se puede comparar con ning\u00fan otro. Es un momento preciado para fijar la mirada en el inicio de una incre\u00edble odisea al lado de la persona con la que elegimos estar. Haz que esta ocasi\u00f3n trascienda lo com\u00fan y aprovecha la oportunidad de inmortalizar la esencia de ese d\u00eda con un regalo fotogr\u00e1fico personalizado de aniversario.\r\n\r\n<h2 class=\"grenB f24 cblue\" style=\"margin-top: 3rem;\">\u00a1Crear tu regalo fotogr\u00e1fico de aniversario es muy f\u00e1cil!<\/h2>\r\n\r\n<p style=\"margin-top: 1rem;\">Transforma las fotograf\u00edas de ustedes como pareja en fascinantes obras maestras. Positive Prints cuenta con una amplia variedad de regalos fotogr\u00e1ficos de aniversario que hacen que tu historia de amor resalte entre todas las dem\u00e1s. Cada creaci\u00f3n es un tesoro \u00fanico que est\u00e1 meticulosamente dise\u00f1ado para celebrar cada momento que han pasado juntos y exaltar el profundo afecto que han cultivado como pareja. Ya sea que est\u00e9n celebrando el inicio de su primer a\u00f1o como c\u00f3nyuges o conmemorando cinco d\u00e9cadas de amor, nuestros regalos fotogr\u00e1ficos de aniversario inmortalizan la esencia misma de los momentos a lo largo del tiempo, que sin duda ser\u00e1n apreciados por cada uno de sus seres queridos y amigos m\u00e1s cercanos.<\/p>\r\n\r\n<h2 class=\"grenB f24 cblue\" style=\"margin-top: 3rem;\">C\u00f3mo funciona<\/h2>\r\n\r\n<p style=\"margin-top: 1rem;\">Positive Prints te permite crear regalos personalizados de aniversario que irradian sentimiento y autenticidad. \u00a1Solo requieres hacer unos cuantos clics para lograrlo! Puedes incluir fotograf\u00edas de compromiso hasta marcos sagrados del d\u00eda de su boda, o incluso las fotograf\u00edas que tomaron durante un viaje o en una cita especial. \u00a1Tu regalo se convierte en una encarnaci\u00f3n incomparable de su historia de amor!<\/p>\r\n\r\n<p style=\"margin-top: 1rem;\">Solo debes subir tu fotograf\u00eda al editor de Positive Prints y comenzar a agregar todos los detalles que quieras que incluya tu dise\u00f1o. Enriquece tu creaci\u00f3n con detalles importantes, como una fecha, una frase o un mensaje especial, o una palabra que sea personal entre ustedes. S\u00e9 testigo de c\u00f3mo se desarrolla la magia en tiempo real mientras vas creando tu regalo fotogr\u00e1fico, ofreci\u00e9ndote un peque\u00f1o vistazo del regalo que sin duda sorprender\u00e1 a tu ser amado.<\/p>\r\n\r\n<p style=\"margin-top: 1rem;\">Elige entre una variedad de tama\u00f1os de impresi\u00f3n o si lo prefieres puedes elegir una impresi\u00f3n fotogr\u00e1fica sobre lienzo para agregar un toque de elegancia a su c\u00e1lido hogar. Enviamos todos nuestros regalos fotogr\u00e1ficos personalizados a todas partes del mundo; no cabe duda que tu detalle atravesar\u00e1 oc\u00e9anos para llegar a tu puerta. Sin embargo, si est\u00e1s buscando un regalo personalizado que pueda llegar en cuesti\u00f3n de segundos, puedes elegir la opci\u00f3n de descarga digital para que solo descargues el archivo que te enviaremos por correo y lo imprimas de manera local en tu comunidad.<\/p>\r\n\r\n<h2 class=\"grenB f24 cblue\" style=\"margin-top: 3rem;\">Otro a\u00f1o m\u00e1s, una vida por delante<\/h2>\r\n\r\n<p style=\"margin-top: 1rem;\">En pocas palabras, \u00bfc\u00f3mo puedes medir la magnitud del amor de toda una vida? La respuesta solo la tienen las personas que est\u00e1n dentro de una relaci\u00f3n. Sin embargo, es en las fotograf\u00edas donde encontramos la clave para desbloquear todos los recuerdos que han allanado el camino hacia el presente. Aprovecha esta magn\u00edfica ocasi\u00f3n para celebrar otro a\u00f1o de amor y cari\u00f1o con un regalo fotogr\u00e1fico personalizado de aniversario hecho por Positive Prints con todo el amor del mundo.<\/p>","protected":false},"excerpt":{"rendered":"<ul class=\"check-list\">\n<li>Celebra los momentos m\u00e1s especiales de su relaci\u00f3n con un regalo de aniversario personalizado para tu ser amado<\/li>\n<li>Agrega textos superpuestos para hacer tu regalo a\u00fan m\u00e1s especial y significativo<\/li>\n<li>Personal\u00edzalo en tres sencillos pasos<\/li>\n<li>Ve el resultado de inmediato: la vista previa interactiva te permite perfeccionar cada detalle<\/li>\n<\/ul>\n","protected":false},"featured_media":635624,"template":"","meta":[],"product_brand":[],"product_cat":[7501,5334,11187,11188,11189],"product_tag":[9092,14923],"class_list":{"0":"post-359369","1":"product","2":"type-product","3":"status-publish","4":"has-post-thumbnail","6":"product_cat-foto-es","7":"product_cat-regalos-de-aniversario","8":"product_cat-regalos-de-aniversario-para-pareja","9":"product_cat-regalos-de-aniversario-para-ella","10":"product_cat-regalos-de-aniversario-para-el","11":"product_tag-aniversario","12":"product_tag-anniversary-es","14":"first","15":"instock","16":"sale","17":"taxable","18":"shipping-taxable","19":"purchasable","20":"product-type-variable"},"yoast_head":"<!-- This site is optimized with the Yoast SEO Premium plugin v27.2 (Yoast SEO v27.2) - https:\/\/yoast.com\/product\/yoast-seo-premium-wordpress\/ -->\n<title>Regalo fotogr\u00e1fico de aniversario - Positive Prints<\/title>\n<meta name=\"description\" content=\"Deleita a tu c\u00f3nyuge con un regalo fotogr\u00e1fico de aniversario para celebrar uno de los mejores d\u00edas de sus vidas. \u00a1Tenemos env\u00edo!\" \/>\n<meta name=\"robots\" content=\"index, follow, max-snippet:-1, max-image-preview:large, max-video-preview:-1\" \/>\n<link rel=\"canonical\" href=\"https:\/\/positiveprints.com\/es\/producto\/regalo-fotografico-de-aniversario\/\" \/>\n<meta property=\"og:locale\" content=\"es_ES\" \/>\n<meta property=\"og:type\" content=\"article\" \/>\n<meta property=\"og:title\" content=\"Regalo fotogr\u00e1fico de aniversario\" \/>\n<meta property=\"og:description\" content=\"Celebra los momentos m\u00e1s especiales de su relaci\u00f3n con un regalo de aniversario personalizado para tu ser amado Agrega textos superpuestos para hacer tu regalo a\u00fan m\u00e1s especial y significativo Personal\u00edzalo en tres sencillos pasos Ve el resultado de inmediato: la vista previa interactiva te permite perfeccionar cada detalle\" \/>\n<meta property=\"og:url\" content=\"https:\/\/positiveprints.com\/es\/producto\/regalo-fotografico-de-aniversario\/\" \/>\n<meta property=\"og:site_name\" content=\"Positive Prints\" \/>\n<meta property=\"article:publisher\" content=\"https:\/\/www.facebook.com\/positiveprintscom\" \/>\n<meta property=\"article:modified_time\" content=\"2026-04-12T21:50:48+00:00\" \/>\n<meta property=\"og:image\" content=\"https:\/\/positiveprints.com\/wp-content\/uploads\/2023\/07\/Regalo-fotografico-de-aniversario.jpg\" \/>\n\t<meta property=\"og:image:width\" content=\"1080\" \/>\n\t<meta property=\"og:image:height\" content=\"1080\" \/>\n\t<meta property=\"og:image:type\" content=\"image\/jpeg\" \/>\n<meta name=\"twitter:card\" content=\"summary_large_image\" \/>\n<!-- \/ Yoast SEO Premium plugin. -->","yoast_head_json":{"title":"Regalo fotogr\u00e1fico de aniversario - Positive Prints","description":"Deleita a tu c\u00f3nyuge con un regalo fotogr\u00e1fico de aniversario para celebrar uno de los mejores d\u00edas de sus vidas. \u00a1Tenemos env\u00edo!","robots":{"index":"index","follow":"follow","max-snippet":"max-snippet:-1","max-image-preview":"max-image-preview:large","max-video-preview":"max-video-preview:-1"},"canonical":"https:\/\/positiveprints.com\/es\/producto\/regalo-fotografico-de-aniversario\/","og_locale":"es_ES","og_type":"article","og_title":"Regalo fotogr\u00e1fico de aniversario","og_description":"Celebra los momentos m\u00e1s especiales de su relaci\u00f3n con un regalo de aniversario personalizado para tu ser amado Agrega textos superpuestos para hacer tu regalo a\u00fan m\u00e1s especial y significativo Personal\u00edzalo en tres sencillos pasos Ve el resultado de inmediato: la vista previa interactiva te permite perfeccionar cada detalle","og_url":"https:\/\/positiveprints.com\/es\/producto\/regalo-fotografico-de-aniversario\/","og_site_name":"Positive Prints","article_publisher":"https:\/\/www.facebook.com\/positiveprintscom","article_modified_time":"2026-04-12T21:50:48+00:00","og_image":[{"width":1080,"height":1080,"url":"https:\/\/positiveprints.com\/wp-content\/uploads\/2023\/07\/Regalo-fotografico-de-aniversario.jpg","type":"image\/jpeg"}],"twitter_card":"summary_large_image","schema":{"@context":"https:\/\/schema.org","@graph":[{"@type":["WebPage","ItemPage"],"@id":"https:\/\/positiveprints.com\/es\/producto\/regalo-fotografico-de-aniversario\/","url":"https:\/\/positiveprints.com\/es\/producto\/regalo-fotografico-de-aniversario\/","name":"Regalo fotogr\u00e1fico de aniversario - Positive Prints","isPartOf":{"@id":"https:\/\/positiveprints.com\/es\/#website"},"primaryImageOfPage":{"@id":"https:\/\/positiveprints.com\/es\/producto\/regalo-fotografico-de-aniversario\/#primaryimage"},"image":{"@id":"https:\/\/positiveprints.com\/es\/producto\/regalo-fotografico-de-aniversario\/#primaryimage"},"thumbnailUrl":"https:\/\/positiveprints.com\/wp-content\/uploads\/2023\/07\/Regalo-fotografico-de-aniversario.jpg","datePublished":"2022-10-21T13:03:53+00:00","dateModified":"2026-04-12T21:50:48+00:00","description":"Deleita a tu c\u00f3nyuge con un regalo fotogr\u00e1fico de aniversario para celebrar uno de los mejores d\u00edas de sus vidas. \u00a1Tenemos env\u00edo!","breadcrumb":{"@id":"https:\/\/positiveprints.com\/es\/producto\/regalo-fotografico-de-aniversario\/#breadcrumb"},"inLanguage":"es","potentialAction":[{"@type":"ReadAction","target":["https:\/\/positiveprints.com\/es\/producto\/regalo-fotografico-de-aniversario\/"]}]},{"@type":"ImageObject","inLanguage":"es","@id":"https:\/\/positiveprints.com\/es\/producto\/regalo-fotografico-de-aniversario\/#primaryimage","url":"https:\/\/positiveprints.com\/wp-content\/uploads\/2023\/07\/Regalo-fotografico-de-aniversario.jpg","contentUrl":"https:\/\/positiveprints.com\/wp-content\/uploads\/2023\/07\/Regalo-fotografico-de-aniversario.jpg","width":1080,"height":1080,"caption":"Regalo fotogr\u00e1fico de aniversario"},{"@type":"BreadcrumbList","@id":"https:\/\/positiveprints.com\/es\/producto\/regalo-fotografico-de-aniversario\/#breadcrumb","itemListElement":[{"@type":"ListItem","position":1,"name":"CASA","item":"https:\/\/positiveprints.com\/es\/"},{"@type":"ListItem","position":2,"name":"Productos","item":"https:\/\/positiveprints.com\/es\/shop\/"},{"@type":"ListItem","position":3,"name":"Regalo fotogr\u00e1fico de aniversario"}]},{"@type":"WebSite","@id":"https:\/\/positiveprints.com\/es\/#website","url":"https:\/\/positiveprints.com\/es\/","name":"Positive Prints","description":"Custom Gifts for Special Occasions","publisher":{"@id":"https:\/\/positiveprints.com\/es\/#organization"},"potentialAction":[{"@type":"SearchAction","target":{"@type":"EntryPoint","urlTemplate":"https:\/\/positiveprints.com\/es\/?s={search_term_string}"},"query-input":{"@type":"PropertyValueSpecification","valueRequired":true,"valueName":"search_term_string"}}],"inLanguage":"es"},{"@type":"Organization","@id":"https:\/\/positiveprints.com\/es\/#organization","name":"Positive Prints","alternateName":"Positive Prints","url":"https:\/\/positiveprints.com\/es\/","logo":{"@type":"ImageObject","inLanguage":"es","@id":"https:\/\/positiveprints.com\/es\/#\/schema\/logo\/image\/","url":"https:\/\/positiveprints.com\/wp-content\/uploads\/2026\/03\/245815646_1337939713319158_5671353136411139666_n.png","contentUrl":"https:\/\/positiveprints.com\/wp-content\/uploads\/2026\/03\/245815646_1337939713319158_5671353136411139666_n.png","width":800,"height":800,"caption":"Positive Prints"},"image":{"@id":"https:\/\/positiveprints.com\/es\/#\/schema\/logo\/image\/"},"sameAs":["https:\/\/www.facebook.com\/positiveprintscom","https:\/\/www.instagram.com\/positiveprintscom\/","https:\/\/www.tiktok.com\/@positiveprintscom","https:\/\/www.pinterest.com\/positiveprintscom\/"]}]}},"jetpack_sharing_enabled":true,"_links":{"self":[{"href":"https:\/\/positiveprints.com\/es\/wp-json\/wp\/v2\/product\/359369","targetHints":{"allow":["GET"]}}],"collection":[{"href":"https:\/\/positiveprints.com\/es\/wp-json\/wp\/v2\/product"}],"about":[{"href":"https:\/\/positiveprints.com\/es\/wp-json\/wp\/v2\/types\/product"}],"wp:featuredmedia":[{"embeddable":true,"href":"https:\/\/positiveprints.com\/es\/wp-json\/wp\/v2\/media\/635624"}],"wp:attachment":[{"href":"https:\/\/positiveprints.com\/es\/wp-json\/wp\/v2\/media?parent=359369"}],"wp:term":[{"taxonomy":"product_brand","embeddable":true,"href":"https:\/\/positiveprints.com\/es\/wp-json\/wp\/v2\/product_brand?post=359369"},{"taxonomy":"product_cat","embeddable":true,"href":"https:\/\/positiveprints.com\/es\/wp-json\/wp\/v2\/product_cat?post=359369"},{"taxonomy":"product_tag","embeddable":true,"href":"https:\/\/positiveprints.com\/es\/wp-json\/wp\/v2\/product_tag?post=359369"}],"curies":[{"name":"wp","href":"https:\/\/api.w.org\/{rel}","templated":true}]}}