{"id":359289,"date":"2022-08-31T13:00:12","date_gmt":"2022-08-31T12:00:12","guid":{"rendered":"https:\/\/positiveprints.com\/?post_type=product&#038;p=359289"},"modified":"2026-04-12T23:01:30","modified_gmt":"2026-04-12T22:01:30","slug":"el-dia-en-que-te-convertiste-en-mi-abuela","status":"publish","type":"product","link":"https:\/\/positiveprints.com\/es\/producto\/el-dia-en-que-te-convertiste-en-mi-abuela\/","title":{"rendered":"El d\u00eda en que te convertiste en mi abuela"},"content":{"rendered":"","protected":false},"excerpt":{"rendered":"<ul class=\"check-list\">\n<li>Captura la magia con un mapa estelar personalizado que recrea el cielo nocturno, y aprecia ese recuerdo por siempre<\/li>\n<li>Agrega planetas, constelaciones y la V\u00eda L\u00e1ctea<\/li>\n<li>Personal\u00edzalo en tres sencillos pasos<\/li>\n<li>Incluye un texto personalizado<\/li>\n<li>Ve el resultado de inmediato: la vista previa interactiva te permite perfeccionar cada detalle<\/li>\n<\/ul>\n","protected":false},"featured_media":1227058,"template":"","meta":[],"product_brand":[],"product_cat":[9280,5270,11453,7726,3117],"product_tag":[9458,8589,13350,11779],"class_list":{"0":"post-359289","1":"product","2":"type-product","3":"status-publish","4":"has-post-thumbnail","6":"product_cat-bestsellers-label-es","7":"product_cat-regalos-de-navidad","8":"product_cat-regalos-de-navidad-para-abuela","9":"product_cat-regalos-para-la-abuela","10":"product_cat-star-es-2","11":"product_tag-abuela","12":"product_tag-abuelita","13":"product_tag-regalo-de-navidad-para-una-abuela","14":"product_tag-regalos-de-navidad-para-abuela","16":"first","17":"instock","18":"sale","19":"taxable","20":"shipping-taxable","21":"purchasable","22":"product-type-variable"},"yoast_head":"<!-- This site is optimized with the Yoast SEO Premium plugin v27.2 (Yoast SEO v27.2) - https:\/\/yoast.com\/product\/yoast-seo-premium-wordpress\/ -->\n<title>El d\u00eda en que te convertiste en mi abuela - Positive Prints<\/title>\n<meta name=\"description\" content=\"El d\u00eda en que te convertiste en mi abuela es un regalo con significado. Este hermoso detalle cuenta con la vista exacta de las estrellas de aquellos d\u00edas importantes para la abuela.\" \/>\n<meta name=\"robots\" content=\"index, follow, max-snippet:-1, max-image-preview:large, max-video-preview:-1\" \/>\n<link rel=\"canonical\" href=\"https:\/\/positiveprints.com\/es\/producto\/el-dia-en-que-te-convertiste-en-mi-abuela\/\" \/>\n<meta property=\"og:locale\" content=\"es_ES\" \/>\n<meta property=\"og:type\" content=\"article\" \/>\n<meta property=\"og:title\" content=\"El d\u00eda en que te convertiste en mi abuela\" \/>\n<meta property=\"og:description\" content=\"Captura la magia con un mapa estelar personalizado que recrea el cielo nocturno, y aprecia ese recuerdo por siempre Agrega planetas, constelaciones y la V\u00eda L\u00e1ctea Personal\u00edzalo en tres sencillos pasos Incluye un texto personalizado Ve el resultado de inmediato: la vista previa interactiva te permite perfeccionar cada detalle\" \/>\n<meta property=\"og:url\" content=\"https:\/\/positiveprints.com\/es\/producto\/el-dia-en-que-te-convertiste-en-mi-abuela\/\" \/>\n<meta property=\"og:site_name\" content=\"Positive Prints\" \/>\n<meta property=\"article:publisher\" content=\"https:\/\/www.facebook.com\/positiveprintscom\" \/>\n<meta property=\"article:modified_time\" content=\"2026-04-12T22:01:30+00:00\" \/>\n<meta property=\"og:image\" content=\"https:\/\/positiveprints.com\/wp-content\/uploads\/2024\/10\/Packshot_ES_The-Day-You-Became-My-Grandma-product-image.webp\" \/>\n\t<meta property=\"og:image:width\" content=\"1450\" \/>\n\t<meta property=\"og:image:height\" content=\"1450\" \/>\n\t<meta property=\"og:image:type\" content=\"image\/webp\" \/>\n<meta name=\"twitter:card\" content=\"summary_large_image\" \/>\n<!-- \/ Yoast SEO Premium plugin. -->","yoast_head_json":{"title":"El d\u00eda en que te convertiste en mi abuela - Positive Prints","description":"El d\u00eda en que te convertiste en mi abuela es un regalo con significado. Este hermoso detalle cuenta con la vista exacta de las estrellas de aquellos d\u00edas importantes para la abuela.","robots":{"index":"index","follow":"follow","max-snippet":"max-snippet:-1","max-image-preview":"max-image-preview:large","max-video-preview":"max-video-preview:-1"},"canonical":"https:\/\/positiveprints.com\/es\/producto\/el-dia-en-que-te-convertiste-en-mi-abuela\/","og_locale":"es_ES","og_type":"article","og_title":"El d\u00eda en que te convertiste en mi abuela","og_description":"Captura la magia con un mapa estelar personalizado que recrea el cielo nocturno, y aprecia ese recuerdo por siempre Agrega planetas, constelaciones y la V\u00eda L\u00e1ctea Personal\u00edzalo en tres sencillos pasos Incluye un texto personalizado Ve el resultado de inmediato: la vista previa interactiva te permite perfeccionar cada detalle","og_url":"https:\/\/positiveprints.com\/es\/producto\/el-dia-en-que-te-convertiste-en-mi-abuela\/","og_site_name":"Positive Prints","article_publisher":"https:\/\/www.facebook.com\/positiveprintscom","article_modified_time":"2026-04-12T22:01:30+00:00","og_image":[{"width":1450,"height":1450,"url":"https:\/\/positiveprints.com\/wp-content\/uploads\/2024\/10\/Packshot_ES_The-Day-You-Became-My-Grandma-product-image.webp","type":"image\/webp"}],"twitter_card":"summary_large_image","schema":{"@context":"https:\/\/schema.org","@graph":[{"@type":["WebPage","ItemPage"],"@id":"https:\/\/positiveprints.com\/es\/producto\/el-dia-en-que-te-convertiste-en-mi-abuela\/","url":"https:\/\/positiveprints.com\/es\/producto\/el-dia-en-que-te-convertiste-en-mi-abuela\/","name":"El d\u00eda en que te convertiste en mi abuela - Positive Prints","isPartOf":{"@id":"https:\/\/positiveprints.com\/es\/#website"},"primaryImageOfPage":{"@id":"https:\/\/positiveprints.com\/es\/producto\/el-dia-en-que-te-convertiste-en-mi-abuela\/#primaryimage"},"image":{"@id":"https:\/\/positiveprints.com\/es\/producto\/el-dia-en-que-te-convertiste-en-mi-abuela\/#primaryimage"},"thumbnailUrl":"https:\/\/positiveprints.com\/wp-content\/uploads\/2024\/10\/Packshot_ES_The-Day-You-Became-My-Grandma-product-image.webp","datePublished":"2022-08-31T12:00:12+00:00","dateModified":"2026-04-12T22:01:30+00:00","description":"El d\u00eda en que te convertiste en mi abuela es un regalo con significado. Este hermoso detalle cuenta con la vista exacta de las estrellas de aquellos d\u00edas importantes para la abuela.","breadcrumb":{"@id":"https:\/\/positiveprints.com\/es\/producto\/el-dia-en-que-te-convertiste-en-mi-abuela\/#breadcrumb"},"inLanguage":"es","potentialAction":[{"@type":"ReadAction","target":["https:\/\/positiveprints.com\/es\/producto\/el-dia-en-que-te-convertiste-en-mi-abuela\/"]}]},{"@type":"ImageObject","inLanguage":"es","@id":"https:\/\/positiveprints.com\/es\/producto\/el-dia-en-que-te-convertiste-en-mi-abuela\/#primaryimage","url":"https:\/\/positiveprints.com\/wp-content\/uploads\/2024\/10\/Packshot_ES_The-Day-You-Became-My-Grandma-product-image.webp","contentUrl":"https:\/\/positiveprints.com\/wp-content\/uploads\/2024\/10\/Packshot_ES_The-Day-You-Became-My-Grandma-product-image.webp","width":1450,"height":1450},{"@type":"BreadcrumbList","@id":"https:\/\/positiveprints.com\/es\/producto\/el-dia-en-que-te-convertiste-en-mi-abuela\/#breadcrumb","itemListElement":[{"@type":"ListItem","position":1,"name":"CASA","item":"https:\/\/positiveprints.com\/es\/"},{"@type":"ListItem","position":2,"name":"Productos","item":"https:\/\/positiveprints.com\/es\/shop\/"},{"@type":"ListItem","position":3,"name":"El d\u00eda en que te convertiste en mi abuela"}]},{"@type":"WebSite","@id":"https:\/\/positiveprints.com\/es\/#website","url":"https:\/\/positiveprints.com\/es\/","name":"Positive Prints","description":"Custom Gifts for Special Occasions","publisher":{"@id":"https:\/\/positiveprints.com\/es\/#organization"},"potentialAction":[{"@type":"SearchAction","target":{"@type":"EntryPoint","urlTemplate":"https:\/\/positiveprints.com\/es\/?s={search_term_string}"},"query-input":{"@type":"PropertyValueSpecification","valueRequired":true,"valueName":"search_term_string"}}],"inLanguage":"es"},{"@type":"Organization","@id":"https:\/\/positiveprints.com\/es\/#organization","name":"Positive Prints","alternateName":"Positive Prints","url":"https:\/\/positiveprints.com\/es\/","logo":{"@type":"ImageObject","inLanguage":"es","@id":"https:\/\/positiveprints.com\/es\/#\/schema\/logo\/image\/","url":"https:\/\/positiveprints.com\/wp-content\/uploads\/2026\/03\/245815646_1337939713319158_5671353136411139666_n.png","contentUrl":"https:\/\/positiveprints.com\/wp-content\/uploads\/2026\/03\/245815646_1337939713319158_5671353136411139666_n.png","width":800,"height":800,"caption":"Positive Prints"},"image":{"@id":"https:\/\/positiveprints.com\/es\/#\/schema\/logo\/image\/"},"sameAs":["https:\/\/www.facebook.com\/positiveprintscom","https:\/\/www.instagram.com\/positiveprintscom\/","https:\/\/www.tiktok.com\/@positiveprintscom","https:\/\/www.pinterest.com\/positiveprintscom\/"]}]}},"jetpack_sharing_enabled":true,"_links":{"self":[{"href":"https:\/\/positiveprints.com\/es\/wp-json\/wp\/v2\/product\/359289","targetHints":{"allow":["GET"]}}],"collection":[{"href":"https:\/\/positiveprints.com\/es\/wp-json\/wp\/v2\/product"}],"about":[{"href":"https:\/\/positiveprints.com\/es\/wp-json\/wp\/v2\/types\/product"}],"wp:featuredmedia":[{"embeddable":true,"href":"https:\/\/positiveprints.com\/es\/wp-json\/wp\/v2\/media\/1227058"}],"wp:attachment":[{"href":"https:\/\/positiveprints.com\/es\/wp-json\/wp\/v2\/media?parent=359289"}],"wp:term":[{"taxonomy":"product_brand","embeddable":true,"href":"https:\/\/positiveprints.com\/es\/wp-json\/wp\/v2\/product_brand?post=359289"},{"taxonomy":"product_cat","embeddable":true,"href":"https:\/\/positiveprints.com\/es\/wp-json\/wp\/v2\/product_cat?post=359289"},{"taxonomy":"product_tag","embeddable":true,"href":"https:\/\/positiveprints.com\/es\/wp-json\/wp\/v2\/product_tag?post=359289"}],"curies":[{"name":"wp","href":"https:\/\/api.w.org\/{rel}","templated":true}]}}