{"id":358835,"date":"2022-07-21T12:33:18","date_gmt":"2022-07-21T11:33:18","guid":{"rendered":"https:\/\/positiveprints.com\/?post_type=product&#038;p=358835"},"modified":"2026-04-18T06:53:56","modified_gmt":"2026-04-18T05:53:56","slug":"onda-sonora-para-canciones-personalizadas","status":"publish","type":"product","link":"https:\/\/positiveprints.com\/es\/producto\/onda-sonora-para-canciones-personalizadas\/","title":{"rendered":"Onda sonora para canciones personalizadas"},"content":{"rendered":"<p>La m\u00fasica es aquello que alimenta nuestras almas y trae tranquilidad a nuestro ser interior. Y ahora, hemos convertido esas sensaciones en un espect\u00e1culo visual. Nuestros p\u00f3steres de canciones te permiten crear una onda sonora personalizada inspirada en la melod\u00eda que resuena en tu coraz\u00f3n.<\/p>\n\n\n\n\n\n<h2 class=\"grenB f24 cblue\" style=\"margin-top: 3rem\">\u00bfQu\u00e9 es el arte de ondas sonoras?<\/h2>\n\n\n\n<p style=\"margin-top: 1rem\">Cada melod\u00eda que adorna tus o\u00eddos, ya sea una canci\u00f3n que llena tu coraz\u00f3n de alegr\u00eda o un di\u00e1logo que nunca quieras olvidar, viaja a trav\u00e9s del reino infinito de las ondas sonoras. Aunque no podemos ver estos hilos invisibles con nuestros propios ojos, podemos desbloquear su esencia a trav\u00e9s de las maravillas del software que hemos creado, justo para llevar la experiencia al mundo f\u00edsico. Eso es exactamente lo que logramos hacer con el arte de ondas sonoras personalizadas.<\/p>\n\n\n\n<p style=\"margin-top: 1rem\">Tomamos la esencia de tu canci\u00f3n favorita y la convertimos en una maravillosa obra de arte que puedes admirar todos los d\u00edas. Contempla la representaci\u00f3n visual de tu canci\u00f3n favorita y sum\u00e9rgete m\u00e1gicamente en su nuevo encanto. Incluimos un c\u00f3digo QR para que puedas escanearlo con la c\u00e1mara de tu dispositivo m\u00f3vil y lo reproduzcas para desatar las notas musicales que salen de esa melod\u00eda. Es ideal para encender tu esp\u00edritu creativo.<\/p>\n\n\n\n\n\n<h2 class=\"grenB f24 cblue\" style=\"margin-top: 3rem\">Transforma tu canci\u00f3n favorita en una onda sonora personalizada<\/h2>\n\n\n\n<p style=\"margin-top: 1rem\">En Positive Prints tenemos la responsabilidad de transformar tu canci\u00f3n en una maravillosa obra de arte que muestre las ondas sonoras de tu melod\u00eda favorita. Sube un archivo de audio de la canci\u00f3n que quieras plasmar visualmente y deja que la magia suceda. Sum\u00e9rgete en un mundo lleno de plantillas predise\u00f1adas por nuestros expertos, cada una lista para mostrarle al mundo tu canci\u00f3n de forma visualmente maravillosa. Puedes personalizar cada uno de los aspectos de tu obra de arte e incluso puedes incorporar la letra o el t\u00edtulo de la canci\u00f3n, o cualquier cosa que haga de tu obra de arte algo m\u00e1s personal.<\/p>\n\n\n\n<p style=\"margin-top: 1rem\">Nuestras obras de arte personalizadas cobran vida a trav\u00e9s de diferentes medios de la m\u00e1s alta calidad, lo que te permite tenerla como un p\u00f3ster o lienzo, o incluso como un archivo digital para que puedas descargarla al instante e irla a imprimir de manera local. Realza todo su encanto con un marco para que sea la pieza principal de tu hogar y asombre tanto a amigos como a seres queridos. Esta hermosa pieza tambi\u00e9n sirve como un maravilloso regalo para aquellas personas que reci\u00e9n estrenan su casa, por lo que es el detalle ideal para inaugurar un hogar.<\/p>\n\n\n\n<h2 class=\"grenB f24 cblue\" style=\"margin-top: 3rem\">\u00a1Regala inspiraci\u00f3n!<\/h2>\n\n\n\n<p style=\"margin-top: 1rem\">Cualquier celebraci\u00f3n es importante: las bodas entrelazan almas, los compromisos encienden promesas, las graduaciones anuncian logros, los nacimientos proclaman milagros y las jubilaciones revelan el inicio de nuevas aventuras. Nuestra onda sonora personalizada con tu canci\u00f3n favorita es el regalo ideal para cualquiera de estos d\u00edas tan especiales en las vidas de tus amigos y familiares. Muestra la banda sonora de tu vida a trav\u00e9s de algo visualmente atractivo y significativo. Es un tesoro que viene del alma; sin duda, dejar\u00e1 una huella imborrable en cada uno de sus corazones.<\/p>","protected":false},"excerpt":{"rendered":"<ul class=\"check-list\">\n<li>Simplemente sube un archivo de audio<\/li>\n<li>Agrega un c\u00f3digo QR y escan\u00e9alo para agregar tu canci\u00f3n favorita<\/li>\n<li>Personal\u00edzala en tres sencillos pasos<\/li>\n<li>Elige una plantilla o pon manos a la obra<\/li>\n<\/ul>\n","protected":false},"featured_media":1277694,"template":"","meta":[],"product_brand":[],"product_cat":[11595,11596,11597,11598,11640,11641,11642,11643,3128,5293,5270,7486,7837,8215,11449,11457,11448,8189,11456,11462,7853,11461,11452,11458,7757,7646,7742,7629,7773,7661,7789,7678,11455,7805,11189,11188,11187,11220,11219],"product_tag":[15409,15095,9421,13429,11826,11821,11757,11825,11820,11771,15267],"class_list":{"0":"post-358835","1":"product","2":"type-product","3":"status-publish","4":"has-post-thumbnail","6":"product_cat-18-cumpleanos","7":"product_cat-21-cumpleanos","8":"product_cat-30-cumpleanos","9":"product_cat-40-cumpleanos","10":"product_cat-50-cumpleanos","11":"product_cat-60-cumpleanos","12":"product_cat-70-cumpleanos","13":"product_cat-80-cumpleanos","14":"product_cat-regalos-de-cumpleanos","15":"product_cat-regalos-para-mudanzas","16":"product_cat-regalos-de-navidad","17":"product_cat-onda-sonora-es","18":"product_cat-regalos-para-amigos","19":"product_cat-para-el","20":"product_cat-regalos-de-navidad-para-el-hermano","21":"product_cat-regalos-de-navidad-para-el-marido","22":"product_cat-regalos-de-navidad-para-el-novio","23":"product_cat-para-ella","24":"product_cat-regalos-de-navidad-para-hombre","25":"product_cat-regalos-de-navidad-para-la-esposa","26":"product_cat-regalos-para-la-familia","27":"product_cat-regalos-de-navidad-para-la-hermana","28":"product_cat-regalos-de-navidad-para-la-novia","29":"product_cat-regalos-de-navidad-para-los-ninos","30":"product_cat-regalos-para-mi-esposa","31":"product_cat-regalos-para-mi-esposo","32":"product_cat-regalos-para-mi-hermana","33":"product_cat-regalos-para-mi-hermano","34":"product_cat-regalos-para-mi-hija","35":"product_cat-regalos-para-mi-hijo","36":"product_cat-regalos-para-mi-novia","37":"product_cat-regalos-para-mi-novio","38":"product_cat-regalos-de-navidad-para-mujer","39":"product_cat-regalos-para-parejas","40":"product_cat-regalos-de-aniversario-para-el","41":"product_cat-regalos-de-aniversario-para-ella","42":"product_cat-regalos-de-aniversario-para-pareja","43":"product_cat-regalos-de-cumpleanos-para-hombres","44":"product_cat-regalos-de-cumpleanos-para-mujeres","45":"product_tag-audio-es","46":"product_tag-birthday-pl-es","47":"product_tag-musica-es","48":"product_tag-regalo-de-navidad-para-hermana","49":"product_tag-regalos-de-navidad-para-el","50":"product_tag-regalos-de-navidad-para-el-marido","51":"product_tag-regalos-de-navidad-para-el-novio","52":"product_tag-regalos-de-navidad-para-ella","53":"product_tag-regalos-de-navidad-para-la-esposa","54":"product_tag-regalos-de-navidad-para-la-novia","55":"product_tag-weihnachtsgeschenke-fuer-den-bruder","57":"first","58":"instock","59":"sale","60":"taxable","61":"shipping-taxable","62":"purchasable","63":"product-type-variable"},"yoast_head":"<!-- This site is optimized with the Yoast SEO Premium plugin v27.2 (Yoast SEO v27.2) - https:\/\/yoast.com\/product\/yoast-seo-premium-wordpress\/ -->\n<title>Onda sonora para canciones personalizadas - Positive Prints<\/title>\n<meta name=\"description\" content=\"Convierte tu canci\u00f3n favorita en ondas sonoras personalizadas. \u00a1Elige la canci\u00f3n que quieras y escanea un c\u00f3digo QR para reproducirla!\" \/>\n<meta name=\"robots\" content=\"index, follow, max-snippet:-1, max-image-preview:large, max-video-preview:-1\" \/>\n<link rel=\"canonical\" href=\"https:\/\/positiveprints.com\/es\/producto\/onda-sonora-para-canciones-personalizadas\/\" \/>\n<meta property=\"og:locale\" content=\"es_ES\" \/>\n<meta property=\"og:type\" content=\"article\" \/>\n<meta property=\"og:title\" content=\"Onda sonora para canciones personalizadas\" \/>\n<meta property=\"og:description\" content=\"Simplemente sube un archivo de audio Agrega un c\u00f3digo QR y escan\u00e9alo para agregar tu canci\u00f3n favorita Personal\u00edzala en tres sencillos pasos Elige una plantilla o pon manos a la obra\" \/>\n<meta property=\"og:url\" content=\"https:\/\/positiveprints.com\/es\/producto\/onda-sonora-para-canciones-personalizadas\/\" \/>\n<meta property=\"og:site_name\" content=\"Positive Prints\" \/>\n<meta property=\"article:publisher\" content=\"https:\/\/www.facebook.com\/positiveprintscom\" \/>\n<meta property=\"article:modified_time\" content=\"2026-04-18T05:53:56+00:00\" \/>\n<meta property=\"og:image\" content=\"https:\/\/positiveprints.com\/wp-content\/uploads\/2024\/11\/Packshot_ES_Custom-Song-Soundwave-Art-product-image-.webp\" \/>\n\t<meta property=\"og:image:width\" content=\"1450\" \/>\n\t<meta property=\"og:image:height\" content=\"1450\" \/>\n\t<meta property=\"og:image:type\" content=\"image\/webp\" \/>\n<meta name=\"twitter:card\" content=\"summary_large_image\" \/>\n<meta name=\"twitter:label1\" content=\"Tiempo de lectura\" \/>\n\t<meta name=\"twitter:data1\" content=\"3 minutos\" \/>\n<!-- \/ Yoast SEO Premium plugin. -->","yoast_head_json":{"title":"Onda sonora para canciones personalizadas - Positive Prints","description":"Convierte tu canci\u00f3n favorita en ondas sonoras personalizadas. \u00a1Elige la canci\u00f3n que quieras y escanea un c\u00f3digo QR para reproducirla!","robots":{"index":"index","follow":"follow","max-snippet":"max-snippet:-1","max-image-preview":"max-image-preview:large","max-video-preview":"max-video-preview:-1"},"canonical":"https:\/\/positiveprints.com\/es\/producto\/onda-sonora-para-canciones-personalizadas\/","og_locale":"es_ES","og_type":"article","og_title":"Onda sonora para canciones personalizadas","og_description":"Simplemente sube un archivo de audio Agrega un c\u00f3digo QR y escan\u00e9alo para agregar tu canci\u00f3n favorita Personal\u00edzala en tres sencillos pasos Elige una plantilla o pon manos a la obra","og_url":"https:\/\/positiveprints.com\/es\/producto\/onda-sonora-para-canciones-personalizadas\/","og_site_name":"Positive Prints","article_publisher":"https:\/\/www.facebook.com\/positiveprintscom","article_modified_time":"2026-04-18T05:53:56+00:00","og_image":[{"width":1450,"height":1450,"url":"https:\/\/positiveprints.com\/wp-content\/uploads\/2024\/11\/Packshot_ES_Custom-Song-Soundwave-Art-product-image-.webp","type":"image\/webp"}],"twitter_card":"summary_large_image","twitter_misc":{"Tiempo de lectura":"3 minutos"},"schema":{"@context":"https:\/\/schema.org","@graph":[{"@type":["WebPage","ItemPage"],"@id":"https:\/\/positiveprints.com\/es\/producto\/onda-sonora-para-canciones-personalizadas\/","url":"https:\/\/positiveprints.com\/es\/producto\/onda-sonora-para-canciones-personalizadas\/","name":"Onda sonora para canciones personalizadas - Positive Prints","isPartOf":{"@id":"https:\/\/positiveprints.com\/es\/#website"},"primaryImageOfPage":{"@id":"https:\/\/positiveprints.com\/es\/producto\/onda-sonora-para-canciones-personalizadas\/#primaryimage"},"image":{"@id":"https:\/\/positiveprints.com\/es\/producto\/onda-sonora-para-canciones-personalizadas\/#primaryimage"},"thumbnailUrl":"https:\/\/positiveprints.com\/wp-content\/uploads\/2024\/11\/Packshot_ES_Custom-Song-Soundwave-Art-product-image-.webp","datePublished":"2022-07-21T11:33:18+00:00","dateModified":"2026-04-18T05:53:56+00:00","description":"Convierte tu canci\u00f3n favorita en ondas sonoras personalizadas. \u00a1Elige la canci\u00f3n que quieras y escanea un c\u00f3digo QR para reproducirla!","breadcrumb":{"@id":"https:\/\/positiveprints.com\/es\/producto\/onda-sonora-para-canciones-personalizadas\/#breadcrumb"},"inLanguage":"es","potentialAction":[{"@type":"ReadAction","target":["https:\/\/positiveprints.com\/es\/producto\/onda-sonora-para-canciones-personalizadas\/"]}]},{"@type":"ImageObject","inLanguage":"es","@id":"https:\/\/positiveprints.com\/es\/producto\/onda-sonora-para-canciones-personalizadas\/#primaryimage","url":"https:\/\/positiveprints.com\/wp-content\/uploads\/2024\/11\/Packshot_ES_Custom-Song-Soundwave-Art-product-image-.webp","contentUrl":"https:\/\/positiveprints.com\/wp-content\/uploads\/2024\/11\/Packshot_ES_Custom-Song-Soundwave-Art-product-image-.webp","width":1450,"height":1450},{"@type":"BreadcrumbList","@id":"https:\/\/positiveprints.com\/es\/producto\/onda-sonora-para-canciones-personalizadas\/#breadcrumb","itemListElement":[{"@type":"ListItem","position":1,"name":"CASA","item":"https:\/\/positiveprints.com\/es\/"},{"@type":"ListItem","position":2,"name":"Productos","item":"https:\/\/positiveprints.com\/es\/shop\/"},{"@type":"ListItem","position":3,"name":"Onda sonora para canciones personalizadas"}]},{"@type":"WebSite","@id":"https:\/\/positiveprints.com\/es\/#website","url":"https:\/\/positiveprints.com\/es\/","name":"Positive Prints","description":"Custom Gifts for Special Occasions","publisher":{"@id":"https:\/\/positiveprints.com\/es\/#organization"},"potentialAction":[{"@type":"SearchAction","target":{"@type":"EntryPoint","urlTemplate":"https:\/\/positiveprints.com\/es\/?s={search_term_string}"},"query-input":{"@type":"PropertyValueSpecification","valueRequired":true,"valueName":"search_term_string"}}],"inLanguage":"es"},{"@type":"Organization","@id":"https:\/\/positiveprints.com\/es\/#organization","name":"Positive Prints","alternateName":"Positive Prints","url":"https:\/\/positiveprints.com\/es\/","logo":{"@type":"ImageObject","inLanguage":"es","@id":"https:\/\/positiveprints.com\/es\/#\/schema\/logo\/image\/","url":"https:\/\/positiveprints.com\/wp-content\/uploads\/2026\/03\/245815646_1337939713319158_5671353136411139666_n.png","contentUrl":"https:\/\/positiveprints.com\/wp-content\/uploads\/2026\/03\/245815646_1337939713319158_5671353136411139666_n.png","width":800,"height":800,"caption":"Positive Prints"},"image":{"@id":"https:\/\/positiveprints.com\/es\/#\/schema\/logo\/image\/"},"sameAs":["https:\/\/www.facebook.com\/positiveprintscom","https:\/\/www.instagram.com\/positiveprintscom\/","https:\/\/www.tiktok.com\/@positiveprintscom","https:\/\/www.pinterest.com\/positiveprintscom\/"]}]}},"jetpack_sharing_enabled":true,"_links":{"self":[{"href":"https:\/\/positiveprints.com\/es\/wp-json\/wp\/v2\/product\/358835","targetHints":{"allow":["GET"]}}],"collection":[{"href":"https:\/\/positiveprints.com\/es\/wp-json\/wp\/v2\/product"}],"about":[{"href":"https:\/\/positiveprints.com\/es\/wp-json\/wp\/v2\/types\/product"}],"wp:featuredmedia":[{"embeddable":true,"href":"https:\/\/positiveprints.com\/es\/wp-json\/wp\/v2\/media\/1277694"}],"wp:attachment":[{"href":"https:\/\/positiveprints.com\/es\/wp-json\/wp\/v2\/media?parent=358835"}],"wp:term":[{"taxonomy":"product_brand","embeddable":true,"href":"https:\/\/positiveprints.com\/es\/wp-json\/wp\/v2\/product_brand?post=358835"},{"taxonomy":"product_cat","embeddable":true,"href":"https:\/\/positiveprints.com\/es\/wp-json\/wp\/v2\/product_cat?post=358835"},{"taxonomy":"product_tag","embeddable":true,"href":"https:\/\/positiveprints.com\/es\/wp-json\/wp\/v2\/product_tag?post=358835"}],"curies":[{"name":"wp","href":"https:\/\/api.w.org\/{rel}","templated":true}]}}