{"id":356879,"date":"2022-09-02T09:38:15","date_gmt":"2022-09-02T08:38:15","guid":{"rendered":"https:\/\/positiveprints.com\/?post_type=product&#038;p=356879"},"modified":"2026-04-12T23:00:06","modified_gmt":"2026-04-12T22:00:06","slug":"mapa-digital-de-tu-historia-de-amor","status":"publish","type":"product","link":"https:\/\/positiveprints.com\/es\/producto\/mapa-digital-de-tu-historia-de-amor\/","title":{"rendered":"Mapa digital de tu historia de amor"},"content":{"rendered":"","protected":false},"excerpt":{"rendered":"<ul class=\"check-list\">\n<li>Disponible inmediatamente despu\u00e9s de la compra<\/li>\n<li>Impr\u00edmelo en el formato de tu elecci\u00f3n<\/li>\n<li>Archivos JPEG de alta calidad con resoluci\u00f3n de 300 dpi<\/li>\n<li>Ve el resultado de inmediato: la vista previa interactiva te permite perfeccionar cada detalle<\/li>\n<\/ul>\n","protected":false},"featured_media":1626724,"template":"","meta":[],"product_brand":[],"product_cat":[8250,7581,7231],"product_tag":[8727],"class_list":{"0":"post-356879","1":"product","2":"type-product","3":"status-publish","4":"has-post-thumbnail","6":"product_cat-digital-products-es","7":"product_cat-regalos-de-ultima-hora","8":"product_cat-triple-maps-es","9":"product_tag-last-minute-es","11":"first","12":"instock","13":"sale","14":"taxable","15":"shipping-taxable","16":"purchasable","17":"product-type-variable"},"yoast_head":"<!-- This site is optimized with the Yoast SEO Premium plugin v27.2 (Yoast SEO v27.2) - https:\/\/yoast.com\/product\/yoast-seo-premium-wordpress\/ -->\n<title>Mapa digital de tu historia de amor - Positive Prints<\/title>\n<meta name=\"description\" content=\"Si est\u00e1s buscando un regalo de \u00faltimo momento, el mapa de su historia de amor es la opci\u00f3n perfecta para ti. Disponibilidad inmediata despu\u00e9s de la compra.\" \/>\n<meta name=\"robots\" content=\"index, follow, max-snippet:-1, max-image-preview:large, max-video-preview:-1\" \/>\n<link rel=\"canonical\" href=\"https:\/\/positiveprints.com\/es\/producto\/mapa-digital-de-tu-historia-de-amor\/\" \/>\n<meta property=\"og:locale\" content=\"es_ES\" \/>\n<meta property=\"og:type\" content=\"article\" \/>\n<meta property=\"og:title\" content=\"Mapa digital de tu historia de amor\" \/>\n<meta property=\"og:description\" content=\"Disponible inmediatamente despu\u00e9s de la compra Impr\u00edmelo en el formato de tu elecci\u00f3n Archivos JPEG de alta calidad con resoluci\u00f3n de 300 dpi Ve el resultado de inmediato: la vista previa interactiva te permite perfeccionar cada detalle\" \/>\n<meta property=\"og:url\" content=\"https:\/\/positiveprints.com\/es\/producto\/mapa-digital-de-tu-historia-de-amor\/\" \/>\n<meta property=\"og:site_name\" content=\"Positive Prints\" \/>\n<meta property=\"article:publisher\" content=\"https:\/\/www.facebook.com\/positiveprintscom\" \/>\n<meta property=\"article:modified_time\" content=\"2026-04-12T22:00:06+00:00\" \/>\n<meta property=\"og:image\" content=\"https:\/\/positiveprints.com\/wp-content\/uploads\/2023\/07\/mapas-para-bodas.jpg\" \/>\n\t<meta property=\"og:image:width\" content=\"1080\" \/>\n\t<meta property=\"og:image:height\" content=\"1080\" \/>\n\t<meta property=\"og:image:type\" content=\"image\/jpeg\" \/>\n<meta name=\"twitter:card\" content=\"summary_large_image\" \/>\n<!-- \/ Yoast SEO Premium plugin. -->","yoast_head_json":{"title":"Mapa digital de tu historia de amor - Positive Prints","description":"Si est\u00e1s buscando un regalo de \u00faltimo momento, el mapa de su historia de amor es la opci\u00f3n perfecta para ti. Disponibilidad inmediata despu\u00e9s de la compra.","robots":{"index":"index","follow":"follow","max-snippet":"max-snippet:-1","max-image-preview":"max-image-preview:large","max-video-preview":"max-video-preview:-1"},"canonical":"https:\/\/positiveprints.com\/es\/producto\/mapa-digital-de-tu-historia-de-amor\/","og_locale":"es_ES","og_type":"article","og_title":"Mapa digital de tu historia de amor","og_description":"Disponible inmediatamente despu\u00e9s de la compra Impr\u00edmelo en el formato de tu elecci\u00f3n Archivos JPEG de alta calidad con resoluci\u00f3n de 300 dpi Ve el resultado de inmediato: la vista previa interactiva te permite perfeccionar cada detalle","og_url":"https:\/\/positiveprints.com\/es\/producto\/mapa-digital-de-tu-historia-de-amor\/","og_site_name":"Positive Prints","article_publisher":"https:\/\/www.facebook.com\/positiveprintscom","article_modified_time":"2026-04-12T22:00:06+00:00","og_image":[{"width":1080,"height":1080,"url":"https:\/\/positiveprints.com\/wp-content\/uploads\/2023\/07\/mapas-para-bodas.jpg","type":"image\/jpeg"}],"twitter_card":"summary_large_image","schema":{"@context":"https:\/\/schema.org","@graph":[{"@type":["WebPage","ItemPage"],"@id":"https:\/\/positiveprints.com\/es\/producto\/mapa-digital-de-tu-historia-de-amor\/","url":"https:\/\/positiveprints.com\/es\/producto\/mapa-digital-de-tu-historia-de-amor\/","name":"Mapa digital de tu historia de amor - Positive Prints","isPartOf":{"@id":"https:\/\/positiveprints.com\/es\/#website"},"primaryImageOfPage":{"@id":"https:\/\/positiveprints.com\/es\/producto\/mapa-digital-de-tu-historia-de-amor\/#primaryimage"},"image":{"@id":"https:\/\/positiveprints.com\/es\/producto\/mapa-digital-de-tu-historia-de-amor\/#primaryimage"},"thumbnailUrl":"https:\/\/positiveprints.com\/wp-content\/uploads\/2026\/02\/Packshot_ES_Mapa-digital-de-tu-historia-de-amor-1.webp","datePublished":"2022-09-02T08:38:15+00:00","dateModified":"2026-04-12T22:00:06+00:00","description":"Si est\u00e1s buscando un regalo de \u00faltimo momento, el mapa de su historia de amor es la opci\u00f3n perfecta para ti. Disponibilidad inmediata despu\u00e9s de la compra.","breadcrumb":{"@id":"https:\/\/positiveprints.com\/es\/producto\/mapa-digital-de-tu-historia-de-amor\/#breadcrumb"},"inLanguage":"es","potentialAction":[{"@type":"ReadAction","target":["https:\/\/positiveprints.com\/es\/producto\/mapa-digital-de-tu-historia-de-amor\/"]}]},{"@type":"ImageObject","inLanguage":"es","@id":"https:\/\/positiveprints.com\/es\/producto\/mapa-digital-de-tu-historia-de-amor\/#primaryimage","url":"https:\/\/positiveprints.com\/wp-content\/uploads\/2026\/02\/Packshot_ES_Mapa-digital-de-tu-historia-de-amor-1.webp","contentUrl":"https:\/\/positiveprints.com\/wp-content\/uploads\/2026\/02\/Packshot_ES_Mapa-digital-de-tu-historia-de-amor-1.webp","width":1450,"height":1450},{"@type":"BreadcrumbList","@id":"https:\/\/positiveprints.com\/es\/producto\/mapa-digital-de-tu-historia-de-amor\/#breadcrumb","itemListElement":[{"@type":"ListItem","position":1,"name":"CASA","item":"https:\/\/positiveprints.com\/es\/"},{"@type":"ListItem","position":2,"name":"Productos","item":"https:\/\/positiveprints.com\/es\/shop\/"},{"@type":"ListItem","position":3,"name":"Mapa digital de tu historia de amor"}]},{"@type":"WebSite","@id":"https:\/\/positiveprints.com\/es\/#website","url":"https:\/\/positiveprints.com\/es\/","name":"Positive Prints","description":"Custom Gifts for Special Occasions","publisher":{"@id":"https:\/\/positiveprints.com\/es\/#organization"},"potentialAction":[{"@type":"SearchAction","target":{"@type":"EntryPoint","urlTemplate":"https:\/\/positiveprints.com\/es\/?s={search_term_string}"},"query-input":{"@type":"PropertyValueSpecification","valueRequired":true,"valueName":"search_term_string"}}],"inLanguage":"es"},{"@type":"Organization","@id":"https:\/\/positiveprints.com\/es\/#organization","name":"Positive Prints","alternateName":"Positive Prints","url":"https:\/\/positiveprints.com\/es\/","logo":{"@type":"ImageObject","inLanguage":"es","@id":"https:\/\/positiveprints.com\/es\/#\/schema\/logo\/image\/","url":"https:\/\/positiveprints.com\/wp-content\/uploads\/2026\/03\/245815646_1337939713319158_5671353136411139666_n.png","contentUrl":"https:\/\/positiveprints.com\/wp-content\/uploads\/2026\/03\/245815646_1337939713319158_5671353136411139666_n.png","width":800,"height":800,"caption":"Positive Prints"},"image":{"@id":"https:\/\/positiveprints.com\/es\/#\/schema\/logo\/image\/"},"sameAs":["https:\/\/www.facebook.com\/positiveprintscom","https:\/\/www.instagram.com\/positiveprintscom\/","https:\/\/www.tiktok.com\/@positiveprintscom","https:\/\/www.pinterest.com\/positiveprintscom\/"]}]}},"jetpack_sharing_enabled":true,"_links":{"self":[{"href":"https:\/\/positiveprints.com\/es\/wp-json\/wp\/v2\/product\/356879","targetHints":{"allow":["GET"]}}],"collection":[{"href":"https:\/\/positiveprints.com\/es\/wp-json\/wp\/v2\/product"}],"about":[{"href":"https:\/\/positiveprints.com\/es\/wp-json\/wp\/v2\/types\/product"}],"wp:featuredmedia":[{"embeddable":true,"href":"https:\/\/positiveprints.com\/es\/wp-json\/wp\/v2\/media\/1626724"}],"wp:attachment":[{"href":"https:\/\/positiveprints.com\/es\/wp-json\/wp\/v2\/media?parent=356879"}],"wp:term":[{"taxonomy":"product_brand","embeddable":true,"href":"https:\/\/positiveprints.com\/es\/wp-json\/wp\/v2\/product_brand?post=356879"},{"taxonomy":"product_cat","embeddable":true,"href":"https:\/\/positiveprints.com\/es\/wp-json\/wp\/v2\/product_cat?post=356879"},{"taxonomy":"product_tag","embeddable":true,"href":"https:\/\/positiveprints.com\/es\/wp-json\/wp\/v2\/product_tag?post=356879"}],"curies":[{"name":"wp","href":"https:\/\/api.w.org\/{rel}","templated":true}]}}