{"id":356794,"date":"2022-09-02T08:41:29","date_gmt":"2022-09-02T07:41:29","guid":{"rendered":"https:\/\/positiveprints.com\/?post_type=product&#038;p=356794"},"modified":"2026-04-12T23:00:11","modified_gmt":"2026-04-12T22:00:11","slug":"arte-digital-de-la-luna","status":"publish","type":"product","link":"https:\/\/positiveprints.com\/es\/producto\/arte-digital-de-la-luna\/","title":{"rendered":"Arte digital de la Luna"},"content":{"rendered":"","protected":false},"excerpt":{"rendered":"<ul class=\"check-list\">\n<li>Deja que la Luna cuente tu historia de amor y lleva la magia a tu hogar con una obra lunar digital<\/li>\n<li>Disponible inmediatamente despu\u00e9s de la compra<\/li>\n<li>Impr\u00edmelo en el formato de tu elecci\u00f3n<\/li>\n<li>Archivos JPEG de alta calidad con resoluci\u00f3n de 300 dpi<\/li>\n<li>Ve el resultado de inmediato: la vista previa interactiva te permite perfeccionar cada detalle<\/li>\n<\/ul>\n","protected":false},"featured_media":189941,"template":"","meta":[],"product_brand":[],"product_cat":[8250,7581,7213],"product_tag":[8727],"class_list":{"0":"post-356794","1":"product","2":"type-product","3":"status-publish","4":"has-post-thumbnail","6":"product_cat-digital-products-es","7":"product_cat-regalos-de-ultima-hora","8":"product_cat-moon-es","9":"product_tag-last-minute-es","11":"first","12":"instock","13":"sale","14":"taxable","15":"shipping-taxable","16":"purchasable","17":"product-type-variable"},"yoast_head":"<!-- This site is optimized with the Yoast SEO Premium plugin v27.2 (Yoast SEO v27.2) - https:\/\/yoast.com\/product\/yoast-seo-premium-wordpress\/ -->\n<title>Arte digital de la Luna - Positive Prints<\/title>\n<meta name=\"description\" content=\"Si est\u00e1s buscando un regalo de \u00faltimo momento, una obra digital de la Luna es la opci\u00f3n perfecta para ti. Disponibilidad inmediata despu\u00e9s de la compra.\" \/>\n<meta name=\"robots\" content=\"index, follow, max-snippet:-1, max-image-preview:large, max-video-preview:-1\" \/>\n<link rel=\"canonical\" href=\"https:\/\/positiveprints.com\/es\/producto\/arte-digital-de-la-luna\/\" \/>\n<meta property=\"og:locale\" content=\"es_ES\" \/>\n<meta property=\"og:type\" content=\"article\" \/>\n<meta property=\"og:title\" content=\"Arte digital de la Luna\" \/>\n<meta property=\"og:description\" content=\"Deja que la Luna cuente tu historia de amor y lleva la magia a tu hogar con una obra lunar digital Disponible inmediatamente despu\u00e9s de la compra Impr\u00edmelo en el formato de tu elecci\u00f3n Archivos JPEG de alta calidad con resoluci\u00f3n de 300 dpi Ve el resultado de inmediato: la vista previa interactiva te permite perfeccionar cada detalle\" \/>\n<meta property=\"og:url\" content=\"https:\/\/positiveprints.com\/es\/producto\/arte-digital-de-la-luna\/\" \/>\n<meta property=\"og:site_name\" content=\"Positive Prints\" \/>\n<meta property=\"article:publisher\" content=\"https:\/\/www.facebook.com\/positiveprintscom\" \/>\n<meta property=\"article:modified_time\" content=\"2026-04-12T22:00:11+00:00\" \/>\n<meta property=\"og:image\" content=\"https:\/\/positiveprints.com\/wp-content\/uploads\/2019\/10\/mapa-lunar.jpg\" \/>\n\t<meta property=\"og:image:width\" content=\"1080\" \/>\n\t<meta property=\"og:image:height\" content=\"1080\" \/>\n\t<meta property=\"og:image:type\" content=\"image\/jpeg\" \/>\n<meta name=\"twitter:card\" content=\"summary_large_image\" \/>\n<!-- \/ Yoast SEO Premium plugin. -->","yoast_head_json":{"title":"Arte digital de la Luna - Positive Prints","description":"Si est\u00e1s buscando un regalo de \u00faltimo momento, una obra digital de la Luna es la opci\u00f3n perfecta para ti. Disponibilidad inmediata despu\u00e9s de la compra.","robots":{"index":"index","follow":"follow","max-snippet":"max-snippet:-1","max-image-preview":"max-image-preview:large","max-video-preview":"max-video-preview:-1"},"canonical":"https:\/\/positiveprints.com\/es\/producto\/arte-digital-de-la-luna\/","og_locale":"es_ES","og_type":"article","og_title":"Arte digital de la Luna","og_description":"Deja que la Luna cuente tu historia de amor y lleva la magia a tu hogar con una obra lunar digital Disponible inmediatamente despu\u00e9s de la compra Impr\u00edmelo en el formato de tu elecci\u00f3n Archivos JPEG de alta calidad con resoluci\u00f3n de 300 dpi Ve el resultado de inmediato: la vista previa interactiva te permite perfeccionar cada detalle","og_url":"https:\/\/positiveprints.com\/es\/producto\/arte-digital-de-la-luna\/","og_site_name":"Positive Prints","article_publisher":"https:\/\/www.facebook.com\/positiveprintscom","article_modified_time":"2026-04-12T22:00:11+00:00","og_image":[{"width":1080,"height":1080,"url":"https:\/\/positiveprints.com\/wp-content\/uploads\/2019\/10\/mapa-lunar.jpg","type":"image\/jpeg"}],"twitter_card":"summary_large_image","schema":{"@context":"https:\/\/schema.org","@graph":[{"@type":["WebPage","ItemPage"],"@id":"https:\/\/positiveprints.com\/es\/producto\/arte-digital-de-la-luna\/","url":"https:\/\/positiveprints.com\/es\/producto\/arte-digital-de-la-luna\/","name":"Arte digital de la Luna - Positive Prints","isPartOf":{"@id":"https:\/\/positiveprints.com\/es\/#website"},"primaryImageOfPage":{"@id":"https:\/\/positiveprints.com\/es\/producto\/arte-digital-de-la-luna\/#primaryimage"},"image":{"@id":"https:\/\/positiveprints.com\/es\/producto\/arte-digital-de-la-luna\/#primaryimage"},"thumbnailUrl":"https:\/\/positiveprints.com\/wp-content\/uploads\/2019\/10\/mapa-lunar.jpg","datePublished":"2022-09-02T07:41:29+00:00","dateModified":"2026-04-12T22:00:11+00:00","description":"Si est\u00e1s buscando un regalo de \u00faltimo momento, una obra digital de la Luna es la opci\u00f3n perfecta para ti. Disponibilidad inmediata despu\u00e9s de la compra.","breadcrumb":{"@id":"https:\/\/positiveprints.com\/es\/producto\/arte-digital-de-la-luna\/#breadcrumb"},"inLanguage":"es","potentialAction":[{"@type":"ReadAction","target":["https:\/\/positiveprints.com\/es\/producto\/arte-digital-de-la-luna\/"]}]},{"@type":"ImageObject","inLanguage":"es","@id":"https:\/\/positiveprints.com\/es\/producto\/arte-digital-de-la-luna\/#primaryimage","url":"https:\/\/positiveprints.com\/wp-content\/uploads\/2019\/10\/mapa-lunar.jpg","contentUrl":"https:\/\/positiveprints.com\/wp-content\/uploads\/2019\/10\/mapa-lunar.jpg","width":1080,"height":1080,"caption":"\u00a1Honre el lugar m\u00e1s brillante del cielo nocturno con un p\u00f3ster personalizado de la fase lunar!"},{"@type":"BreadcrumbList","@id":"https:\/\/positiveprints.com\/es\/producto\/arte-digital-de-la-luna\/#breadcrumb","itemListElement":[{"@type":"ListItem","position":1,"name":"CASA","item":"https:\/\/positiveprints.com\/es\/"},{"@type":"ListItem","position":2,"name":"Productos","item":"https:\/\/positiveprints.com\/es\/shop\/"},{"@type":"ListItem","position":3,"name":"Arte digital de la Luna"}]},{"@type":"WebSite","@id":"https:\/\/positiveprints.com\/es\/#website","url":"https:\/\/positiveprints.com\/es\/","name":"Positive Prints","description":"Custom Gifts for Special Occasions","publisher":{"@id":"https:\/\/positiveprints.com\/es\/#organization"},"potentialAction":[{"@type":"SearchAction","target":{"@type":"EntryPoint","urlTemplate":"https:\/\/positiveprints.com\/es\/?s={search_term_string}"},"query-input":{"@type":"PropertyValueSpecification","valueRequired":true,"valueName":"search_term_string"}}],"inLanguage":"es"},{"@type":"Organization","@id":"https:\/\/positiveprints.com\/es\/#organization","name":"Positive Prints","alternateName":"Positive Prints","url":"https:\/\/positiveprints.com\/es\/","logo":{"@type":"ImageObject","inLanguage":"es","@id":"https:\/\/positiveprints.com\/es\/#\/schema\/logo\/image\/","url":"https:\/\/positiveprints.com\/wp-content\/uploads\/2026\/03\/245815646_1337939713319158_5671353136411139666_n.png","contentUrl":"https:\/\/positiveprints.com\/wp-content\/uploads\/2026\/03\/245815646_1337939713319158_5671353136411139666_n.png","width":800,"height":800,"caption":"Positive Prints"},"image":{"@id":"https:\/\/positiveprints.com\/es\/#\/schema\/logo\/image\/"},"sameAs":["https:\/\/www.facebook.com\/positiveprintscom","https:\/\/www.instagram.com\/positiveprintscom\/","https:\/\/www.tiktok.com\/@positiveprintscom","https:\/\/www.pinterest.com\/positiveprintscom\/"]}]}},"jetpack_sharing_enabled":true,"_links":{"self":[{"href":"https:\/\/positiveprints.com\/es\/wp-json\/wp\/v2\/product\/356794","targetHints":{"allow":["GET"]}}],"collection":[{"href":"https:\/\/positiveprints.com\/es\/wp-json\/wp\/v2\/product"}],"about":[{"href":"https:\/\/positiveprints.com\/es\/wp-json\/wp\/v2\/types\/product"}],"wp:featuredmedia":[{"embeddable":true,"href":"https:\/\/positiveprints.com\/es\/wp-json\/wp\/v2\/media\/189941"}],"wp:attachment":[{"href":"https:\/\/positiveprints.com\/es\/wp-json\/wp\/v2\/media?parent=356794"}],"wp:term":[{"taxonomy":"product_brand","embeddable":true,"href":"https:\/\/positiveprints.com\/es\/wp-json\/wp\/v2\/product_brand?post=356794"},{"taxonomy":"product_cat","embeddable":true,"href":"https:\/\/positiveprints.com\/es\/wp-json\/wp\/v2\/product_cat?post=356794"},{"taxonomy":"product_tag","embeddable":true,"href":"https:\/\/positiveprints.com\/es\/wp-json\/wp\/v2\/product_tag?post=356794"}],"curies":[{"name":"wp","href":"https:\/\/api.w.org\/{rel}","templated":true}]}}