{"id":324082,"date":"2022-06-30T11:20:57","date_gmt":"2022-06-30T10:20:57","guid":{"rendered":"https:\/\/positiveprints.com\/product\/photo-wall-art\/"},"modified":"2026-04-18T06:57:19","modified_gmt":"2026-04-18T05:57:19","slug":"arte-fotografico-de-pared-personalizado","status":"publish","type":"product","link":"https:\/\/positiveprints.com\/es\/producto\/arte-fotografico-de-pared-personalizado\/","title":{"rendered":"Arte Fotogr\u00e1fico de pared Personalizado"},"content":{"rendered":"<p>Las fotograf\u00edas permiten atesorar en el tiempo los instantes m\u00e1s importantes de la vida de alguien. Crea tu propio arte fotogr\u00e1fico de pared y haz que el amor llegue a todos los rincones de tu hogar.<\/p>\r\n\r\n<h2 class=\"grenB f24 cblue\" style=\"margin-top: 3rem\">\u00bfPor qu\u00e9 regalar arte fotogr\u00e1fico personalizado?<\/h2>\r\n\r\n<p style=\"margin-top: 1rem\">Todas tus fotos retratan los momentos de una vida bien vivida. Es incre\u00edble lo que una fotograf\u00eda puede hacer para conmemorar todos tus preciosos recuerdos y recordarte algunos de los momentos m\u00e1s felices de tu vida. Comparte esos instantes con las personas que amas y convierte tus fotograf\u00edas en un hermoso arte de pared personalizado.<\/p>\r\n\r\n<p style=\"margin-top: 1rem\">El arte de pared cuenta una historia a todos los que lo admiran. Es un reflejo del espacio de una persona y ayuda a compartir la historia del propietario. El arte fotogr\u00e1fico de calidad es algo que se puede pasar de generaci\u00f3n en generaci\u00f3n, permitiendo que los recuerdos familiares, las historias y los momentos m\u00e1gicos sean preservados en el tiempo.<\/p>\r\n\r\n<h2 class=\"grenB f24 cblue\" style=\"margin-top: 3rem\">C\u00f3mo funciona<\/h2>\r\n\r\n<p style=\"margin-top: 1rem\">Nuestro programa de edici\u00f3n f\u00e1cil te ayudar\u00e1 a convertir cualquier fotograf\u00eda en una obra de arte. \u00a1Y podr\u00e1s hacerlo en un dos por tres! Sube tu imagen, agrega el texto de tu preferencia y elige el tama\u00f1o de tu foto y otros detalles. Nuestro editor es intuitivo y f\u00e1cil de usar, y se actualiza en tiempo real para que puedas ver c\u00f3mo tus fotograf\u00edas cobran vida. <\/p>\r\n\r\n<p style=\"margin-top: 1rem\">Selecciona entre una variedad de tama\u00f1os. Todas las obras fotogr\u00e1ficas se imprimen con materiales de la m\u00e1s alta calidad y est\u00e1n listos para ser regalados en cuanto salgan del empaque. Elige imprimirlo en tama\u00f1o p\u00f3ster o lienzo, o selecciona el archivo digital para que puedas descargarlo e imprimirlo en la imprenta m\u00e1s cercana a tu hogar. Todos nuestros regalos fotogr\u00e1ficos personalizados se env\u00edan de forma gratuita a cualquier parte del mundo.<\/p>\r\n\r\n<h2 class=\"grenB f24 cblue\" style=\"margin-top: 3rem\">Inspira a los dem\u00e1s con un regalo personalizado<\/h2>\r\n\r\n<p style=\"margin-top: 1rem\">No hay nada mejor como dar (\u00a1o recibir!) un regalo fotogr\u00e1fico personalizado. Aunque toma m\u00e1s tiempo y esfuerzo, el impacto que tiene en los dem\u00e1s es much\u00edsimo m\u00e1s valioso que si hubieras comprado algo en una tienda.<\/p> \r\n\r\n<p style=\"margin-top: 1rem\">Positive Prints te permite crear y compartir tu arte de pared personalizado, sin tener que sufrir con miles de herramientas. Es un regalo verdaderamente personalizado, uno que tus seres queridos atesorar\u00e1n por el resto de sus vidas. \u00a1Comienza ahora!<\/p>","protected":false},"excerpt":{"rendered":"<ul class=\"check-list\">\n<li>Convierte al instante tus fotos en regalos personalizados<\/li>\n<li>Agrega textos superpuestos para hacer tu regalo a\u00fan m\u00e1s especial y significativo<\/li>\n<li>Personal\u00edzalo en tres sencillos pasos<\/li>\n<li>Ve el resultado de inmediato: la vista previa interactiva te permite perfeccionar cada detalle<\/li>\n<\/ul>\n","protected":false},"featured_media":1552732,"template":"","meta":[],"product_brand":[],"product_cat":[15115,8250,265,7501],"product_tag":[14920,14921,13813],"class_list":{"0":"post-324082","1":"product","2":"type-product","3":"status-publish","4":"has-post-thumbnail","6":"product_cat-bestsellers-menu-es","7":"product_cat-digital-products-es","8":"product_cat-creators-es-2","9":"product_cat-foto-es","10":"product_tag-creators-es-2","11":"product_tag-custom-photo-es","12":"product_tag-poster-de-foto-personalizado","14":"first","15":"instock","16":"sale","17":"taxable","18":"shipping-taxable","19":"purchasable","20":"product-type-variable"},"yoast_head":"<!-- This site is optimized with the Yoast SEO Premium plugin v27.2 (Yoast SEO v27.2) - https:\/\/yoast.com\/product\/yoast-seo-premium-wordpress\/ -->\n<title>Arte fotogr\u00e1fico de pared personalizado - Positive Prints<\/title>\n<meta name=\"description\" content=\"El arte personalizado de pared es el regalo perfecto para aquellas personas que amas. Convierte tus fotograf\u00edas en hermosos regalos con nuestras impresiones personalizadas. \u00a1Podr\u00e1s hacer maravillas en un dos por tres!\" \/>\n<meta name=\"robots\" content=\"index, follow, max-snippet:-1, max-image-preview:large, max-video-preview:-1\" \/>\n<link rel=\"canonical\" href=\"https:\/\/positiveprints.com\/es\/producto\/arte-fotografico-de-pared-personalizado\/\" \/>\n<meta property=\"og:locale\" content=\"es_ES\" \/>\n<meta property=\"og:type\" content=\"article\" \/>\n<meta property=\"og:title\" content=\"Arte Fotogr\u00e1fico de pared Personalizado\" \/>\n<meta property=\"og:description\" content=\"Convierte al instante tus fotos en regalos personalizados  Agrega textos superpuestos para hacer tu regalo a\u00fan m\u00e1s especial y significativo  Personal\u00edzalo en tres sencillos pasos  Ve el resultado de inmediato: la vista previa interactiva te permite perfeccionar cada detalle\" \/>\n<meta property=\"og:url\" content=\"https:\/\/positiveprints.com\/es\/producto\/arte-fotografico-de-pared-personalizado\/\" \/>\n<meta property=\"og:site_name\" content=\"Positive Prints\" \/>\n<meta property=\"article:publisher\" content=\"https:\/\/www.facebook.com\/positiveprintscom\" \/>\n<meta property=\"article:modified_time\" content=\"2026-04-18T05:57:19+00:00\" \/>\n<meta property=\"og:image\" content=\"https:\/\/positiveprints.com\/wp-content\/uploads\/2022\/06\/photo-wall-art.jpg\" \/>\n\t<meta property=\"og:image:width\" content=\"1080\" \/>\n\t<meta property=\"og:image:height\" content=\"1080\" \/>\n\t<meta property=\"og:image:type\" content=\"image\/jpeg\" \/>\n<meta name=\"twitter:card\" content=\"summary_large_image\" \/>\n<meta name=\"twitter:label1\" content=\"Tiempo de lectura\" \/>\n\t<meta name=\"twitter:data1\" content=\"2 minutos\" \/>\n<!-- \/ Yoast SEO Premium plugin. -->","yoast_head_json":{"title":"Arte fotogr\u00e1fico de pared personalizado - Positive Prints","description":"El arte personalizado de pared es el regalo perfecto para aquellas personas que amas. Convierte tus fotograf\u00edas en hermosos regalos con nuestras impresiones personalizadas. \u00a1Podr\u00e1s hacer maravillas en un dos por tres!","robots":{"index":"index","follow":"follow","max-snippet":"max-snippet:-1","max-image-preview":"max-image-preview:large","max-video-preview":"max-video-preview:-1"},"canonical":"https:\/\/positiveprints.com\/es\/producto\/arte-fotografico-de-pared-personalizado\/","og_locale":"es_ES","og_type":"article","og_title":"Arte Fotogr\u00e1fico de pared Personalizado","og_description":"Convierte al instante tus fotos en regalos personalizados  Agrega textos superpuestos para hacer tu regalo a\u00fan m\u00e1s especial y significativo  Personal\u00edzalo en tres sencillos pasos  Ve el resultado de inmediato: la vista previa interactiva te permite perfeccionar cada detalle","og_url":"https:\/\/positiveprints.com\/es\/producto\/arte-fotografico-de-pared-personalizado\/","og_site_name":"Positive Prints","article_publisher":"https:\/\/www.facebook.com\/positiveprintscom","article_modified_time":"2026-04-18T05:57:19+00:00","og_image":[{"width":1080,"height":1080,"url":"https:\/\/positiveprints.com\/wp-content\/uploads\/2022\/06\/photo-wall-art.jpg","type":"image\/jpeg"}],"twitter_card":"summary_large_image","twitter_misc":{"Tiempo de lectura":"2 minutos"},"schema":{"@context":"https:\/\/schema.org","@graph":[{"@type":["WebPage","ItemPage"],"@id":"https:\/\/positiveprints.com\/es\/producto\/arte-fotografico-de-pared-personalizado\/","url":"https:\/\/positiveprints.com\/es\/producto\/arte-fotografico-de-pared-personalizado\/","name":"Arte fotogr\u00e1fico de pared personalizado - Positive Prints","isPartOf":{"@id":"https:\/\/positiveprints.com\/es\/#website"},"primaryImageOfPage":{"@id":"https:\/\/positiveprints.com\/es\/producto\/arte-fotografico-de-pared-personalizado\/#primaryimage"},"image":{"@id":"https:\/\/positiveprints.com\/es\/producto\/arte-fotografico-de-pared-personalizado\/#primaryimage"},"thumbnailUrl":"https:\/\/positiveprints.com\/wp-content\/uploads\/2025\/10\/Arte-Fotografico-de-pared-Personalizado-7.webp","datePublished":"2022-06-30T10:20:57+00:00","dateModified":"2026-04-18T05:57:19+00:00","description":"El arte personalizado de pared es el regalo perfecto para aquellas personas que amas. Convierte tus fotograf\u00edas en hermosos regalos con nuestras impresiones personalizadas. \u00a1Podr\u00e1s hacer maravillas en un dos por tres!","breadcrumb":{"@id":"https:\/\/positiveprints.com\/es\/producto\/arte-fotografico-de-pared-personalizado\/#breadcrumb"},"inLanguage":"es","potentialAction":[{"@type":"ReadAction","target":["https:\/\/positiveprints.com\/es\/producto\/arte-fotografico-de-pared-personalizado\/"]}]},{"@type":"ImageObject","inLanguage":"es","@id":"https:\/\/positiveprints.com\/es\/producto\/arte-fotografico-de-pared-personalizado\/#primaryimage","url":"https:\/\/positiveprints.com\/wp-content\/uploads\/2025\/10\/Arte-Fotografico-de-pared-Personalizado-7.webp","contentUrl":"https:\/\/positiveprints.com\/wp-content\/uploads\/2025\/10\/Arte-Fotografico-de-pared-Personalizado-7.webp","width":1450,"height":1450},{"@type":"BreadcrumbList","@id":"https:\/\/positiveprints.com\/es\/producto\/arte-fotografico-de-pared-personalizado\/#breadcrumb","itemListElement":[{"@type":"ListItem","position":1,"name":"CASA","item":"https:\/\/positiveprints.com\/es\/"},{"@type":"ListItem","position":2,"name":"Productos","item":"https:\/\/positiveprints.com\/es\/shop\/"},{"@type":"ListItem","position":3,"name":"Arte Fotogr\u00e1fico de pared Personalizado"}]},{"@type":"WebSite","@id":"https:\/\/positiveprints.com\/es\/#website","url":"https:\/\/positiveprints.com\/es\/","name":"Positive Prints","description":"Custom Gifts for Special Occasions","publisher":{"@id":"https:\/\/positiveprints.com\/es\/#organization"},"potentialAction":[{"@type":"SearchAction","target":{"@type":"EntryPoint","urlTemplate":"https:\/\/positiveprints.com\/es\/?s={search_term_string}"},"query-input":{"@type":"PropertyValueSpecification","valueRequired":true,"valueName":"search_term_string"}}],"inLanguage":"es"},{"@type":"Organization","@id":"https:\/\/positiveprints.com\/es\/#organization","name":"Positive Prints","alternateName":"Positive Prints","url":"https:\/\/positiveprints.com\/es\/","logo":{"@type":"ImageObject","inLanguage":"es","@id":"https:\/\/positiveprints.com\/es\/#\/schema\/logo\/image\/","url":"https:\/\/positiveprints.com\/wp-content\/uploads\/2026\/03\/245815646_1337939713319158_5671353136411139666_n.png","contentUrl":"https:\/\/positiveprints.com\/wp-content\/uploads\/2026\/03\/245815646_1337939713319158_5671353136411139666_n.png","width":800,"height":800,"caption":"Positive Prints"},"image":{"@id":"https:\/\/positiveprints.com\/es\/#\/schema\/logo\/image\/"},"sameAs":["https:\/\/www.facebook.com\/positiveprintscom","https:\/\/www.instagram.com\/positiveprintscom\/","https:\/\/www.tiktok.com\/@positiveprintscom","https:\/\/www.pinterest.com\/positiveprintscom\/"]}]}},"jetpack_sharing_enabled":true,"_links":{"self":[{"href":"https:\/\/positiveprints.com\/es\/wp-json\/wp\/v2\/product\/324082","targetHints":{"allow":["GET"]}}],"collection":[{"href":"https:\/\/positiveprints.com\/es\/wp-json\/wp\/v2\/product"}],"about":[{"href":"https:\/\/positiveprints.com\/es\/wp-json\/wp\/v2\/types\/product"}],"wp:featuredmedia":[{"embeddable":true,"href":"https:\/\/positiveprints.com\/es\/wp-json\/wp\/v2\/media\/1552732"}],"wp:attachment":[{"href":"https:\/\/positiveprints.com\/es\/wp-json\/wp\/v2\/media?parent=324082"}],"wp:term":[{"taxonomy":"product_brand","embeddable":true,"href":"https:\/\/positiveprints.com\/es\/wp-json\/wp\/v2\/product_brand?post=324082"},{"taxonomy":"product_cat","embeddable":true,"href":"https:\/\/positiveprints.com\/es\/wp-json\/wp\/v2\/product_cat?post=324082"},{"taxonomy":"product_tag","embeddable":true,"href":"https:\/\/positiveprints.com\/es\/wp-json\/wp\/v2\/product_tag?post=324082"}],"curies":[{"name":"wp","href":"https:\/\/api.w.org\/{rel}","templated":true}]}}