{"id":318367,"date":"2022-06-30T11:14:45","date_gmt":"2022-06-30T10:14:45","guid":{"rendered":"https:\/\/positiveprints.com\/product\/soundwave-art\/"},"modified":"2026-04-28T14:40:52","modified_gmt":"2026-04-28T13:40:52","slug":"arte-con-ondas-sonoras","status":"publish","type":"product","link":"https:\/\/positiveprints.com\/es\/producto\/arte-con-ondas-sonoras\/","title":{"rendered":"Arte con Ondas Sonoras"},"content":{"rendered":"<p>El arte personalizado con ondas sonoras te permite convertir el sonido que m\u00e1s te guste en una obra visual de arte. Sube tu audio, elige tu dise\u00f1o y nosotros nos encargaremos del resto.\r\n\r\n<\/p>\r\n\r\n<h2 class=\"grenB f24 cblue\" style=\"margin-top: 3rem\">\u00bfQu\u00e9 es el arte con ondas sonoras?<\/h2>\r\n\r\n<p style=\"margin-top: 1rem\">Cada voz y cada sonido tiene un patr\u00f3n \u00fanico. No podemos ver este patr\u00f3n cada vez que hablamos o escuchamos. Sin embargo, con la tecnolog\u00eda adecuada, puedes visualizar las ondas sonoras que conforman tus palabras.<\/p>\r\n\r\n<p style=\"margin-top: 1rem\">En Positive Prints, nos encargamos de capturar estas ondas sonoras en arte de pared. Nuestro editor de sonido utiliza un archivo de audio de tu elecci\u00f3n y agrega una dimensi\u00f3n visual para convertirlo en una maravillosa obra de arte.<\/p>\r\n\r\n<h2 class=\"grenB f24 cblue\" style=\"margin-top: 3rem\">\u00bfPor qu\u00e9 deber\u00eda crear arte con ondas sonoras?<\/h2>\r\n\r\n<p style=\"margin-top: 1rem\">Algunos de nuestros recuerdos m\u00e1s preciados viven dentro de nuestras propias mentes, como las primeras palabras de tu hijo, las \u00faltimas palabras de un ser querido, el momento en que dijiste \u2018s\u00ed, acepto\u2019, tu canci\u00f3n favorita\u2026 Todos estos recuerdos son irremplazables y merecen ser honrados a trav\u00e9s del tiempo.<\/p>\r\n\r\n<p style=\"margin-top: 1rem\">Por esta raz\u00f3n, decidimos crear nuestro editor para arte de pared con ondas sonoras. Queremos que puedas experimentar los sonidos m\u00e1s importantes de tu vida cuando y como quieras. Cada vez que mires tu arte de pared, podr\u00e1s recordar las palabras de tu ser amado de forma vivaz. Es una obra de arte inigualable; una que apreciar\u00e1s toda la vida.<\/p>\r\n\r\n<h2 class=\"grenB f24 cblue\" style=\"margin-top: 3rem\">El regalo perfecto para cualquier ocasi\u00f3n<\/h2>\r\n\r\n<p style=\"margin-top: 1rem\">Nuestros clientes eligen este tipo de arte por muchas razones, pero, por lo general, nuestras impresiones tienen a otra persona en mente. Sorprende a tu c\u00f3nyuge con las ondas sonoras de su canci\u00f3n o frase favorita. Graba los latidos del coraz\u00f3n de tu beb\u00e9 y crea un regalo \u00fanico para tu baby shower. Convierte una cita inspiradora y celebra cualquier ocasi\u00f3n importante en la vida de tu ser querido con un maravilloso regalo personalizado.<\/p>\r\n\r\nLa imagen de una onda sonora es el regalo ideal para cualquier ocasi\u00f3n, como:\r\n\r\n<br><br>\r\n\r\n\u2022 Cumplea\u00f1os<br>\r\n\r\n\u2022 Baby shower<br>\r\n\r\n\u2022 Aniversario<br>\r\n\r\n\u2022 Boda<br>\r\n\r\n\u2022 Compromiso<br>\r\n\r\n\u2022 D\u00edas festivos<br>\r\n\r\n\u2022 Jubilaci\u00f3n<br>\r\n\r\n\r\n\r\n<p style=\"margin-top: 1rem\">Si vale la pena celebrarlo, entonces cel\u00e9bralo con estilo. El arte personalizado te permite dar un regalo tan \u00fanico como tu ser querido. Es completamente inesperado y significar\u00e1 mucho m\u00e1s para ellos que cualquier otra cosa que compres en una tienda. \u00a1El potencial que tiene el arte con ondas sonoras es infinito!<\/p>\r\n\r\n<h2 class=\"grenB f24 cblue\" style=\"margin-top: 3rem\">Crea tu arte con ondas sonoras hoy mismo<\/h2>\r\n\r\n<p style=\"margin-top: 1rem\">\u00bfEst\u00e1s listo para convertir tus sonidos favoritos en arte personalizado que puedas atesorar para siempre? Positive Prints hace la mayor parte del trabajo por ti con el nuevo editor de ondas sonoras. Solo necesitas subir tu archivo de audio o buscar tu canci\u00f3n favorita en Spotify. Selecciona los detalles de tu dise\u00f1o, \u00a1y nosotros nos encargaremos del resto!<\/p>\r\n\r\n<p style=\"margin-top: 1rem\">Comienza ahora y disfruta de una hermosa obra de arte hecha solo para ti.<\/p>","protected":false},"excerpt":{"rendered":"<ul class=\"check-list\">\n<li>Simplemente sube un archivo de audio<\/li>\n<li>Agrega un c\u00f3digo QR y escan\u00e9alo para agregar tu canci\u00f3n favorita<\/li>\n<li>Personal\u00edzala en tres sencillos pasos<\/li>\n<li>Elige una plantilla o pon manos a la obra<\/li>\n<\/ul>\n","protected":false},"featured_media":1277060,"template":"","meta":[],"product_brand":[],"product_cat":[11592,11593,11589,11594,11590,11603,11591,15115,265,8250,7486,106],"product_tag":[14920],"class_list":{"0":"post-318367","1":"product","2":"type-product","3":"status-publish","4":"has-post-thumbnail","6":"product_cat-10-aniversario","7":"product_cat-15-aniversario","8":"product_cat-1-aniversario","9":"product_cat-20-aniversario","10":"product_cat-2-aniversario","11":"product_cat-50-aniversario","12":"product_cat-5-aniversario","13":"product_cat-bestsellers-menu-es","14":"product_cat-creators-es-2","15":"product_cat-digital-products-es","16":"product_cat-onda-sonora-es","17":"product_cat-todos-los-productos","18":"product_tag-creators-es-2","20":"first","21":"instock","22":"sale","23":"taxable","24":"shipping-taxable","25":"purchasable","26":"product-type-variable"},"yoast_head":"<!-- This site is optimized with the Yoast SEO Premium plugin v27.2 (Yoast SEO v27.2) - https:\/\/yoast.com\/product\/yoast-seo-premium-wordpress\/ -->\n<title>Arte con Ondas Sonoras - Positive Prints<\/title>\n<meta name=\"description\" content=\"El arte personalizado con ondas sonoras te permite convertir el sonido que m\u00e1s te guste en una obra visual de arte.\" \/>\n<meta name=\"robots\" content=\"index, follow, max-snippet:-1, max-image-preview:large, max-video-preview:-1\" \/>\n<link rel=\"canonical\" href=\"https:\/\/positiveprints.com\/es\/producto\/arte-con-ondas-sonoras\/\" \/>\n<meta property=\"og:locale\" content=\"es_ES\" \/>\n<meta property=\"og:type\" content=\"article\" \/>\n<meta property=\"og:title\" content=\"Arte con Ondas Sonoras\" \/>\n<meta property=\"og:description\" content=\"Simplemente sube un archivo de audio   Agrega un c\u00f3digo QR y escan\u00e9alo para agregar tu canci\u00f3n favorita   Personal\u00edzala en tres sencillos pasos   Elige una plantilla o pon manos a la obra\" \/>\n<meta property=\"og:url\" content=\"https:\/\/positiveprints.com\/es\/producto\/arte-con-ondas-sonoras\/\" \/>\n<meta property=\"og:site_name\" content=\"Positive Prints\" \/>\n<meta property=\"article:publisher\" content=\"https:\/\/www.facebook.com\/positiveprintscom\" \/>\n<meta property=\"article:modified_time\" content=\"2026-04-28T13:40:52+00:00\" \/>\n<meta property=\"og:image\" content=\"https:\/\/positiveprints.com\/wp-content\/uploads\/2024\/11\/Packshot_ES_Soundwave-Art-product-image-.webp\" \/>\n\t<meta property=\"og:image:width\" content=\"1450\" \/>\n\t<meta property=\"og:image:height\" content=\"1450\" \/>\n\t<meta property=\"og:image:type\" content=\"image\/webp\" \/>\n<meta name=\"twitter:card\" content=\"summary_large_image\" \/>\n<!-- \/ Yoast SEO Premium plugin. -->","yoast_head_json":{"title":"Arte con Ondas Sonoras - Positive Prints","description":"El arte personalizado con ondas sonoras te permite convertir el sonido que m\u00e1s te guste en una obra visual de arte.","robots":{"index":"index","follow":"follow","max-snippet":"max-snippet:-1","max-image-preview":"max-image-preview:large","max-video-preview":"max-video-preview:-1"},"canonical":"https:\/\/positiveprints.com\/es\/producto\/arte-con-ondas-sonoras\/","og_locale":"es_ES","og_type":"article","og_title":"Arte con Ondas Sonoras","og_description":"Simplemente sube un archivo de audio   Agrega un c\u00f3digo QR y escan\u00e9alo para agregar tu canci\u00f3n favorita   Personal\u00edzala en tres sencillos pasos   Elige una plantilla o pon manos a la obra","og_url":"https:\/\/positiveprints.com\/es\/producto\/arte-con-ondas-sonoras\/","og_site_name":"Positive Prints","article_publisher":"https:\/\/www.facebook.com\/positiveprintscom","article_modified_time":"2026-04-28T13:40:52+00:00","og_image":[{"width":1450,"height":1450,"url":"https:\/\/positiveprints.com\/wp-content\/uploads\/2024\/11\/Packshot_ES_Soundwave-Art-product-image-.webp","type":"image\/webp"}],"twitter_card":"summary_large_image","schema":{"@context":"https:\/\/schema.org","@graph":[{"@type":["WebPage","ItemPage"],"@id":"https:\/\/positiveprints.com\/es\/producto\/arte-con-ondas-sonoras\/","url":"https:\/\/positiveprints.com\/es\/producto\/arte-con-ondas-sonoras\/","name":"Arte con Ondas Sonoras - Positive Prints","isPartOf":{"@id":"https:\/\/positiveprints.com\/es\/#website"},"primaryImageOfPage":{"@id":"https:\/\/positiveprints.com\/es\/producto\/arte-con-ondas-sonoras\/#primaryimage"},"image":{"@id":"https:\/\/positiveprints.com\/es\/producto\/arte-con-ondas-sonoras\/#primaryimage"},"thumbnailUrl":"https:\/\/positiveprints.com\/wp-content\/uploads\/2024\/11\/Packshot_ES_Soundwave-Art-product-image-.webp","datePublished":"2022-06-30T10:14:45+00:00","dateModified":"2026-04-28T13:40:52+00:00","description":"El arte personalizado con ondas sonoras te permite convertir el sonido que m\u00e1s te guste en una obra visual de arte.","breadcrumb":{"@id":"https:\/\/positiveprints.com\/es\/producto\/arte-con-ondas-sonoras\/#breadcrumb"},"inLanguage":"es","potentialAction":[{"@type":"ReadAction","target":["https:\/\/positiveprints.com\/es\/producto\/arte-con-ondas-sonoras\/"]}]},{"@type":"ImageObject","inLanguage":"es","@id":"https:\/\/positiveprints.com\/es\/producto\/arte-con-ondas-sonoras\/#primaryimage","url":"https:\/\/positiveprints.com\/wp-content\/uploads\/2024\/11\/Packshot_ES_Soundwave-Art-product-image-.webp","contentUrl":"https:\/\/positiveprints.com\/wp-content\/uploads\/2024\/11\/Packshot_ES_Soundwave-Art-product-image-.webp","width":1450,"height":1450},{"@type":"BreadcrumbList","@id":"https:\/\/positiveprints.com\/es\/producto\/arte-con-ondas-sonoras\/#breadcrumb","itemListElement":[{"@type":"ListItem","position":1,"name":"CASA","item":"https:\/\/positiveprints.com\/es\/"},{"@type":"ListItem","position":2,"name":"Productos","item":"https:\/\/positiveprints.com\/es\/shop\/"},{"@type":"ListItem","position":3,"name":"Arte con Ondas Sonoras"}]},{"@type":"WebSite","@id":"https:\/\/positiveprints.com\/es\/#website","url":"https:\/\/positiveprints.com\/es\/","name":"Positive Prints","description":"Custom Gifts for Special Occasions","publisher":{"@id":"https:\/\/positiveprints.com\/es\/#organization"},"potentialAction":[{"@type":"SearchAction","target":{"@type":"EntryPoint","urlTemplate":"https:\/\/positiveprints.com\/es\/?s={search_term_string}"},"query-input":{"@type":"PropertyValueSpecification","valueRequired":true,"valueName":"search_term_string"}}],"inLanguage":"es"},{"@type":"Organization","@id":"https:\/\/positiveprints.com\/es\/#organization","name":"Positive Prints","alternateName":"Positive Prints ","url":"https:\/\/positiveprints.com\/es\/","logo":{"@type":"ImageObject","inLanguage":"es","@id":"https:\/\/positiveprints.com\/es\/#\/schema\/logo\/image\/","url":"https:\/\/positiveprints.com\/wp-content\/uploads\/2026\/03\/245815646_1337939713319158_5671353136411139666_n.png","contentUrl":"https:\/\/positiveprints.com\/wp-content\/uploads\/2026\/03\/245815646_1337939713319158_5671353136411139666_n.png","width":800,"height":800,"caption":"Positive Prints"},"image":{"@id":"https:\/\/positiveprints.com\/es\/#\/schema\/logo\/image\/"},"sameAs":["https:\/\/www.facebook.com\/positiveprintscom","https:\/\/www.instagram.com\/positiveprintscom\/","https:\/\/www.tiktok.com\/@positiveprintscom","https:\/\/www.pinterest.com\/positiveprintscom\/"]}]}},"jetpack_sharing_enabled":true,"_links":{"self":[{"href":"https:\/\/positiveprints.com\/es\/wp-json\/wp\/v2\/product\/318367","targetHints":{"allow":["GET"]}}],"collection":[{"href":"https:\/\/positiveprints.com\/es\/wp-json\/wp\/v2\/product"}],"about":[{"href":"https:\/\/positiveprints.com\/es\/wp-json\/wp\/v2\/types\/product"}],"wp:featuredmedia":[{"embeddable":true,"href":"https:\/\/positiveprints.com\/es\/wp-json\/wp\/v2\/media\/1277060"}],"wp:attachment":[{"href":"https:\/\/positiveprints.com\/es\/wp-json\/wp\/v2\/media?parent=318367"}],"wp:term":[{"taxonomy":"product_brand","embeddable":true,"href":"https:\/\/positiveprints.com\/es\/wp-json\/wp\/v2\/product_brand?post=318367"},{"taxonomy":"product_cat","embeddable":true,"href":"https:\/\/positiveprints.com\/es\/wp-json\/wp\/v2\/product_cat?post=318367"},{"taxonomy":"product_tag","embeddable":true,"href":"https:\/\/positiveprints.com\/es\/wp-json\/wp\/v2\/product_tag?post=318367"}],"curies":[{"name":"wp","href":"https:\/\/api.w.org\/{rel}","templated":true}]}}