{"id":28725,"date":"2020-09-23T09:25:45","date_gmt":"2020-09-23T08:25:45","guid":{"rendered":"https:\/\/positiveprints.com\/?post_type=product&#038;p=28725"},"modified":"2026-04-18T09:14:42","modified_gmt":"2026-04-18T08:14:42","slug":"luna-de-nacimiento","status":"publish","type":"product","link":"https:\/\/positiveprints.com\/es\/producto\/luna-de-nacimiento\/","title":{"rendered":"Luna de Nacimiento"},"content":{"rendered":"<p><span style=\"font-weight: 400;\">\u00bfAlguna vez te has preguntado c\u00f3mo se ve\u00eda la luna el d\u00eda que naciste? Descubre la\u00a0 luna de tu nacimiento y crea un p\u00f3ster personalizado.<\/span><\/p>\n<h2><b>Imagen de la luna cuando nac\u00ed<\/b><\/h2>\n<p><span style=\"font-weight: 400;\">\u00bfAlguna vez has conocido a alguien que sienta fascinaci\u00f3n por la luna? O probablemente seas t\u00fa el que se siente extra\u00f1amente atra\u00eddo por nuestro sat\u00e9lite y con tan solo mirarlo en el cielo te llenas de energ\u00eda y de paz. En ambos casos, dar o recibir un regalo relacionado con la luna es una excelente idea.<\/span><\/p>\n<p><span style=\"font-weight: 400;\">Existe un nombre para quien vive enamorado de la luna: Selenofilia. Est\u00e1s\u00a0 personas son sensibles a la luna y les provoca una atracci\u00f3n magn\u00e9tica. Si eres una de ellas, seguro que \u201csientes\u201d la luna, aun cuando no est\u00e1 brillando al m\u00e1ximo. No puedes evitar mirar hacia arriba en la noche y conoces las sensaciones que cada fase de la luna provoca en ti.<\/span><\/p>\n<p><span style=\"font-weight: 400;\">Cuando miras a la luna es probable que sientas una extra\u00f1a calma. Esta conexi\u00f3n crea sentimientos poderosos que solamente un selen\u00f3filo conoce cuando la luna brilla en el cielo.<\/span><\/p>\n<p><span style=\"font-weight: 400;\">Si eres este tipo de persona o conoces a alguien que lo sea , no hay mejor idea de regalo que algo relacionado con la luna y que, adem\u00e1s, pueda personalizarse.\u00bfNaciste bajo la luz de la luna llena? \u00bfo tal vez el cielo estaba totalmente negro hasta que llegaste t\u00fa a iluminarlo todo? No te quedes con la duda y haz que todos conozcan c\u00f3mo era la luna que te vio nacer.<\/span><\/p>\n<p><span style=\"font-weight: 400;\">Muchas personas se preguntan c\u00f3mo se ve\u00eda la luna el d\u00eda en que nacieron. Nuestro p\u00f3ster personalizado de fase lunar de nacimiento recrea la apariencia de la luna tal y como se ve\u00eda cuando llegaste a este planeta . \u00a1Es como mirar el firmamento que vieron tus padres ese d\u00eda tan especial!<\/span><\/p>\n<h2><b>La luna el dia que naci<\/b><\/h2>\n<p><span style=\"font-weight: 400;\">\u00bfSab\u00edas que la fase de la luna del d\u00eda que naciste influye en tu personalidad? \u00a1As\u00ed es! las fases de la luna son un factor importante en astrolog\u00eda, al igual que los signos del zodiaco y ascendentes, y su posici\u00f3n actual, as\u00ed como la posici\u00f3n que ten\u00edan en tu nacimiento, pues afectan tu comportamiento y estado de \u00e1nimo.<\/span><\/p>\n<p><span style=\"font-weight: 400;\">As\u00ed como la luna influye en el proceso de siembra, ya que sus fases estimulan a la semilla para que germine fuerte y sana,\u00a0 la fase lunar en que nacemos marca\u00a0 nuestra personalidad y el curso que toma\u00a0 nuestra vida. Esta es una de las razones por las que ninguna persona es igual a otra, incluso si nacen bajo el mismo signo zodiacal. Las fases de la luna crean una personalidad \u00fanica en cada uno y contribuyen a definir los prop\u00f3sitos e intereses de cada persona.\u00a0\u00a0<\/span><\/p>\n<p><span style=\"font-weight: 400;\">Conocer tu luna de nacimiento es esencial para tu crecimiento como persona. Te permite identificar tus defectos e inclinaciones. Ya que el destino nunca est\u00e1 completamente escrito, saber este aspecto de tu personalidad te ayudar\u00e1 a forjar un mejor futuro y evitar caer en ciertos errores.<\/span><\/p>\n<h2><b>Como se ve\u00eda la luna el d\u00eda que naci<\/b><\/h2>\n<p><span style=\"font-weight: 400;\">Si amas todo lo relacionado con la luna y los cuerpos celestes, nuestros p\u00f3steres de Luna de nacimiento fueron creados especialmente para ti \u00a1literalmente!. Con nuestro creador de p\u00f3steres muy sencillo de usar, selecciona tu fecha y lugar de nacimiento y recrearemos c\u00f3mo luc\u00eda la luna el d\u00eda que llegaste a este planeta. Personaliza tu p\u00f3ster con el texto que t\u00fa quieras y elige tus colores favoritos para crear una imagen decorativa que te llene de orgullo ense\u00f1ar a los dem\u00e1s.<\/span><\/p>\n<p><span style=\"font-weight: 400;\">Nuestro <\/span><a href=\"https:\/\/positiveprints.com\/es\/producto\/cuadro-de-luna\/\"><span style=\"font-weight: 400;\">p\u00f3ster lunar<\/span><\/a><span style=\"font-weight: 400;\"> es un excelente regalo de cumplea\u00f1os para todos. Descubre la fase de la luna de cualquier fecha que desees y crea un poster \u00fanico\u00a0 que a todos les encantar\u00e1.<\/span><\/p>\n<h2><b>Regalo\u00a0 relacionado con la luna<\/b><\/h2>\n<p><span style=\"font-weight: 400;\">\u00bfAlguna vez has conocido a alguien que sienta fascinaci\u00f3n por la luna? O probablemente seas t\u00fa el que se siente extra\u00f1amente atra\u00eddo por nuestro sat\u00e9lite y con tan solo mirarlo en el cielo te llenas de energ\u00eda y de paz. En ambos casos, dar o recibir un regalo relacionado con la luna es una excelente idea.<\/span><\/p>\n<p><span style=\"font-weight: 400;\">Existe un nombre para quien vive enamorado de la luna: Selenofilia. Estas\u00a0 personas son sensibles a la luna y les provoca una atracci\u00f3n magn\u00e9tica. Si eres una de ellas,\u00a0 seguro que \u201csientes\u201d la luna, aun cuando no est\u00e1 brillando al m\u00e1ximo. No puedes evitar mirar hacia arriba en la noche y conoces las sensaciones que cada fase de la luna provoca en ti.<\/span><\/p>\n<p><span style=\"font-weight: 400;\">Cuando miras a la luna es probable que sientas una extra\u00f1a calma. Esta conexi\u00f3n crea sentimientos poderosos que solamente un selen\u00f3filo conoce cuando la luna brilla en el cielo.<\/span><\/p>\n<p><span style=\"font-weight: 400;\">Si eres este tipo de persona o conoces a alguien que lo sea , no hay mejor idea de regalo que algo relacionado con la luna y que, adem\u00e1s, pueda personalizarse.<\/span><\/p>\n<h2><b>\u00bfPor qu\u00e9 la luna tiene tanta magia?<\/b><\/h2>\n<p><span style=\"font-weight: 400;\">Por siglos, la luna ha estado presente en historias, leyendas y rituales. Muchos creen que\u00a0 posee un poder celestial \u00fanico que tiene un impacto directo en la vida en la tierra y sus habitantes: su energ\u00eda, sus cambios y el balance mismo de la naturaleza.<\/span><\/p>\n<p><span style=\"font-weight: 400;\">Es f\u00e1cil observar la magia de la luna alrededor de nosotros, desde la influencia de su energ\u00eda en las mareas, hasta los cambios de humor en las personas. Pero, incluso si no crees en la magia, no podr\u00e1s negar que la luna es capaz de atraer a cualquiera. Desde peque\u00f1os despierta en nosotros un inter\u00e9s cient\u00edfico que nos hace cuestionarnos sobre el universo y el origen de la vida.<\/span><\/p>\n<p><span style=\"font-weight: 400;\">La luna nos observa desde el cielo y nos brinda una sensaci\u00f3n de calma y serenidad, por ello, un regalo relacionado con la luna siempre ser\u00e1\u00a0 una buena idea.<\/span><\/p>\n<h2><b>\u00bfPor qu\u00e9 un regalo de luna es poderoso?<\/b><\/h2>\n<p><span style=\"font-weight: 400;\">Un regalo relacionado con la luna es poderoso por s\u00ed mismo, pues\u00a0 va dirigido a alguien que siente verdadera atracci\u00f3n por ella, pero si le a\u00f1ades un toque de personalizaci\u00f3n, lo convierte en algo \u00fanico.<\/span><\/p>\n<p><span style=\"font-weight: 400;\">No solo es el reconocimiento de tu afecto por alguien y la atracci\u00f3n en com\u00fan que sent\u00eds\u00a0 por la luna, si no tambi\u00e9n te permite crear un regalo\u00a0 especialmente dise\u00f1ado para esta persona y para nadie m\u00e1s.<\/span><\/p>\n<p><span style=\"font-weight: 400;\">Un regalo de luna personalizado va mucho m\u00e1s all\u00e1 que cualquier otro objeto elegido al azar en una tienda. Una imagen de la luna que represente un momento preciso, como un nacimiento o evento importante en la vida de alguien, ya es algo totalmente personalizado. Si adem\u00e1s se a\u00f1ade\u00a0 una fecha, nombre y\/o frase, se transforma en un regalo totalmente especial .<\/span><\/p>\n<h2><b>Acerca de nuestro p\u00f3ster de fase lunar<\/b><\/h2>\n<p><span style=\"font-weight: 400;\">En Positive Prints hacemos f\u00e1cil la tarea de crear un p\u00f3ster de fase lunar personalizado para conmemorar cualquier evento. Tendr\u00e1s total control sobre\u00a0 la fecha, ubicaci\u00f3n, formato, esquema de colores y texto personalizado.<\/span><\/p>\n<p><span style=\"font-weight: 400;\">Para ocasiones especiales, puedes pedir\u00a0 una impresi\u00f3n magistralmente fabricada e impresa en un tama\u00f1o est\u00e1ndar para enmarcar . O si tienes la emergencia de un regalo de \u00faltimo minuto, puedes elegir la versi\u00f3n digital para descargar y llevar a tu imprenta m\u00e1s cercana.<\/span><\/p>\n<p style=\"margin-top: 1rem;\"><strong>\u00bfTe gustar\u00eda saber m\u00e1s sobre c\u00f3mo las fases de la luna afectan la personalidad? No te pierdas estos art\u00edculos.<\/strong><\/p>\n<ul>\n<li><a href=\"https:\/\/positiveprints.com\/es\/blog\/nacer-en-luna-llena\/\">Nacer en Luna Nueva<\/a><\/li>\n<li><a href=\"https:\/\/positiveprints.com\/es\/blog\/nacer-en-luna-nueva\/\">Nacer en Luna Llena<\/a><\/li>\n<li><a href=\"https:\/\/positiveprints.com\/es\/blog\/nacer-en-luna-creciente\/\">Nacer en Cuarto Creciente<\/a><\/li>\n<li><a href=\"https:\/\/positiveprints.com\/es\/blog\/nacer-en-luna-menguante\/\">Nacer en Cuarto Menguante<\/a><\/li>\n<\/ul><h2 class=\"wp-block-heading\" id=\"h-preguntas-frecuentes\"><strong>Preguntas Frecuentes<\/strong><\/h2><details class=\"wp-block-details is-layout-flow wp-block-details-is-layout-flow\"><summary><strong>\u00bfQu\u00e9 es un P\u00f3ster &#8220;Luna de Nacimiento&#8221;?<\/strong><\/summary><p>Un P\u00f3ster &#8220;Luna de Nacimiento&#8221; es una impresi\u00f3n personalizada que recrea la fase lunar exacta del d\u00eda que naciste. Espec\u00edficamente, muestra c\u00f3mo luc\u00eda la luna en ese momento especial utilizando datos astron\u00f3micos reales. Por lo tanto , transforma un recuerdo precioso en una obra de arte eterna.\u200b<\/p><\/details><details class=\"wp-block-details is-layout-flow wp-block-details-is-layout-flow\"><summary><strong>\u00bfEs una fase lunar personalizada?<\/strong><\/summary><p>S\u00ed, cada p\u00f3ster es completamente personalizado. De hecho, introduces fecha, hora y ubicaci\u00f3n para recrear la fase lunar exacta. Adem\u00e1s, a\u00f1ades\u00a0 la sombra de la luna, nombres y un\u00a0 mensaje personalizado. As\u00ed mismo , la vista previa interactiva permite perfeccionar\u00a0 cada detalle de inmediato.<\/p><\/details><details class=\"wp-block-details is-layout-flow wp-block-details-is-layout-flow\"><summary><strong>\u00bfPor qu\u00e9 es el regalo perfecto para ocasiones especiales?<\/strong><\/summary><p>Es el regalo perfecto porque captura un momento \u00fanico con toque po\u00e9tico y refinado. Espec\u00edficamente, la luna es un s\u00edmbolo poderoso de transformaci\u00f3n que conecta con el universo. Por lo tanto , es un recuerdo inolvidable que atesorar\u00e1n para siempre.\u200b<\/p><\/details><details class=\"wp-block-details is-layout-flow wp-block-details-is-layout-flow\"><summary><strong>\u00bfC\u00f3mo crear mi P\u00f3ster &#8220;Luna de Nacimiento&#8221;?<\/strong><\/summary><p>Crear tu p\u00f3ster se hace en tres pasos. En primer lugar , elige dise\u00f1o y esquema de color de fondo preferido. Luego, introduce fecha, ubicaci\u00f3n y a\u00f1ade tu texto personalizado . Finalmente, selecciona formato impreso, enmarcado, lienzo o descarga digital.\u200b<\/p><\/details><details class=\"wp-block-details is-layout-flow wp-block-details-is-layout-flow\"><summary><strong>\u00bfPara qu\u00e9 ocasiones es perfecto este p\u00f3ster?<\/strong><\/summary><p>Este p\u00f3ster es perfecto para cumplea\u00f1os, nacimientos, bodas y aniversarios. Adem\u00e1s, es ideal para celebrar eventos importantes, primer beso o pedida. Tambi\u00e9n es excelente para cualquier fecha especial de tu vida.\u200b<\/p><\/details><details class=\"wp-block-details is-layout-flow wp-block-details-is-layout-flow\"><summary><strong>\u00bfEn cu\u00e1nto tiempo puedo recibir mi p\u00f3ster?<\/strong><\/summary><p>Para un regalo r\u00e1pido , elige nuestra descarga digital instant\u00e1nea, un archivo JPEG de alta resoluci\u00f3n 300 dpi que puedes imprimir t\u00fa mismo . Sin embargo, contamos con productos f\u00edsicos que imprimimos y enviamos localmente desde nuestros centros en Australia, Canad\u00e1, Estados Unidos, Reino Unito y Europa. Esto garantiza una entrega r\u00e1pida y confiable, normalmente\u00a0 en pocos d\u00edas.<\/p><\/details>","protected":false},"excerpt":{"rendered":"<ul class=\"check-list\">\n<li>Agrega la sombra de la Luna<\/li>\n<li>Usa nuestro editor para personalizar tu dise\u00f1o en apenas tres pasos<\/li>\n<li>Elige entre una variedad de dise\u00f1os impresionantes<\/li>\n<li>Visualiza tu dise\u00f1o de forma r\u00e1pida usando la vista previa interactiva<\/li>\n<\/ul>\n","protected":false},"featured_media":1688634,"template":"","meta":[],"product_brand":[],"product_cat":[9280,8215,7213,5254,3128,11595,11596,11597,11598,11640,11641,11642,11643,11219,11220,7597,5270,15045,11461,11449,11458,8012,7629,7661,7693,7773,7742,7837,7821],"product_tag":[17456,17608,17590,17578,17562,17546,17531,17516,17501,17644,13347,17471,15095,15422,13429,13479,15267],"class_list":{"0":"post-28725","1":"product","2":"type-product","3":"status-publish","4":"has-post-thumbnail","6":"product_cat-bestsellers-label-es","7":"product_cat-para-el","8":"product_cat-moon-es","9":"product_cat-regalos-de-nacimiento-de-bebe","10":"product_cat-regalos-de-cumpleanos","11":"product_cat-18-cumpleanos","12":"product_cat-21-cumpleanos","13":"product_cat-30-cumpleanos","14":"product_cat-40-cumpleanos","15":"product_cat-50-cumpleanos","16":"product_cat-60-cumpleanos","17":"product_cat-70-cumpleanos","18":"product_cat-80-cumpleanos","19":"product_cat-regalos-de-cumpleanos-para-mujeres","20":"product_cat-regalos-de-cumpleanos-para-hombres","21":"product_cat-regalos-de-bautismo","22":"product_cat-regalos-de-navidad","23":"product_cat-regalos-de-navidad-para-amigos","24":"product_cat-regalos-de-navidad-para-la-hermana","25":"product_cat-regalos-de-navidad-para-el-hermano","26":"product_cat-regalos-de-navidad-para-los-ninos","27":"product_cat-regalos-para-hombres","28":"product_cat-regalos-para-mi-hermano","29":"product_cat-regalos-para-mi-hijo","30":"product_cat-regalos-para-mujeres","31":"product_cat-regalos-para-mi-hija","32":"product_cat-regalos-para-mi-hermana","33":"product_cat-regalos-para-amigos","34":"product_cat-regalos-para-padres-primerizos","35":"product_tag-100-anos","36":"product_tag-16-anos","37":"product_tag-18-anos","38":"product_tag-20-anos","39":"product_tag-30-anos","40":"product_tag-40-anos","41":"product_tag-50-anos","42":"product_tag-60-anos","43":"product_tag-70-anos","44":"product_tag-80-anos","45":"product_tag-80-cumpleanos","46":"product_tag-90-anos","47":"product_tag-birthday-pl-es","48":"product_tag-marco-con-luna-de-nacimiento","49":"product_tag-regalo-de-navidad-para-hermana","50":"product_tag-regalos-de-navidad-para-amigos","51":"product_tag-weihnachtsgeschenke-fuer-den-bruder","53":"first","54":"instock","55":"sale","56":"taxable","57":"shipping-taxable","58":"purchasable","59":"product-type-variable"},"yoast_head":"<!-- This site is optimized with the Yoast SEO Premium plugin v27.2 (Yoast SEO v27.2) - https:\/\/yoast.com\/product\/yoast-seo-premium-wordpress\/ -->\n<title>Como se ve\u00eda la luna el d\u00eda que naci - Positive Prints<\/title>\n<meta name=\"description\" content=\"\u00bfComo se ve\u00eda la Luna el d\u00eda que naciste? Nuestro Imagen de la Luna cuando nac\u00ed es un excelente regalo de cumplea\u00f1os para cualquier persona.\" \/>\n<meta name=\"robots\" content=\"index, follow, max-snippet:-1, max-image-preview:large, max-video-preview:-1\" \/>\n<link rel=\"canonical\" href=\"https:\/\/positiveprints.com\/es\/producto\/luna-de-nacimiento\/\" \/>\n<meta property=\"og:locale\" content=\"es_ES\" \/>\n<meta property=\"og:type\" content=\"article\" \/>\n<meta property=\"og:title\" content=\"Luna de Nacimiento\" \/>\n<meta property=\"og:description\" content=\"Agrega la sombra de la Luna  Usa nuestro editor para personalizar tu dise\u00f1o en apenas tres pasos  Elige entre una variedad de dise\u00f1os impresionantes  Visualiza tu dise\u00f1o de forma r\u00e1pida usando la vista previa interactiva\" \/>\n<meta property=\"og:url\" content=\"https:\/\/positiveprints.com\/es\/producto\/luna-de-nacimiento\/\" \/>\n<meta property=\"og:site_name\" content=\"Positive Prints\" \/>\n<meta property=\"article:publisher\" content=\"https:\/\/www.facebook.com\/positiveprintscom\" \/>\n<meta property=\"article:modified_time\" content=\"2026-04-18T08:14:42+00:00\" \/>\n<meta property=\"og:image\" content=\"https:\/\/positiveprints.com\/wp-content\/uploads\/2024\/10\/Packshot_ES_Birthday-Moon-Phase-product-image.webp\" \/>\n\t<meta property=\"og:image:width\" content=\"1450\" \/>\n\t<meta property=\"og:image:height\" content=\"1450\" \/>\n\t<meta property=\"og:image:type\" content=\"image\/webp\" \/>\n<meta name=\"twitter:card\" content=\"summary_large_image\" \/>\n<meta name=\"twitter:label1\" content=\"Tiempo de lectura\" \/>\n\t<meta name=\"twitter:data1\" content=\"7 minutos\" \/>\n<!-- \/ Yoast SEO Premium plugin. -->","yoast_head_json":{"title":"Como se ve\u00eda la luna el d\u00eda que naci - Positive Prints","description":"\u00bfComo se ve\u00eda la Luna el d\u00eda que naciste? Nuestro Imagen de la Luna cuando nac\u00ed es un excelente regalo de cumplea\u00f1os para cualquier persona.","robots":{"index":"index","follow":"follow","max-snippet":"max-snippet:-1","max-image-preview":"max-image-preview:large","max-video-preview":"max-video-preview:-1"},"canonical":"https:\/\/positiveprints.com\/es\/producto\/luna-de-nacimiento\/","og_locale":"es_ES","og_type":"article","og_title":"Luna de Nacimiento","og_description":"Agrega la sombra de la Luna  Usa nuestro editor para personalizar tu dise\u00f1o en apenas tres pasos  Elige entre una variedad de dise\u00f1os impresionantes  Visualiza tu dise\u00f1o de forma r\u00e1pida usando la vista previa interactiva","og_url":"https:\/\/positiveprints.com\/es\/producto\/luna-de-nacimiento\/","og_site_name":"Positive Prints","article_publisher":"https:\/\/www.facebook.com\/positiveprintscom","article_modified_time":"2026-04-18T08:14:42+00:00","og_image":[{"width":1450,"height":1450,"url":"https:\/\/positiveprints.com\/wp-content\/uploads\/2024\/10\/Packshot_ES_Birthday-Moon-Phase-product-image.webp","type":"image\/webp"}],"twitter_card":"summary_large_image","twitter_misc":{"Tiempo de lectura":"7 minutos"},"schema":{"@context":"https:\/\/schema.org","@graph":[{"@type":["WebPage","ItemPage"],"@id":"https:\/\/positiveprints.com\/es\/producto\/luna-de-nacimiento\/","url":"https:\/\/positiveprints.com\/es\/producto\/luna-de-nacimiento\/","name":"Como se ve\u00eda la luna el d\u00eda que naci - Positive Prints","isPartOf":{"@id":"https:\/\/positiveprints.com\/es\/#website"},"primaryImageOfPage":{"@id":"https:\/\/positiveprints.com\/es\/producto\/luna-de-nacimiento\/#primaryimage"},"image":{"@id":"https:\/\/positiveprints.com\/es\/producto\/luna-de-nacimiento\/#primaryimage"},"thumbnailUrl":"https:\/\/positiveprints.com\/wp-content\/uploads\/2026\/03\/Packshot_ES_Luna-de-Nacimiento.webp","datePublished":"2020-09-23T08:25:45+00:00","dateModified":"2026-04-18T08:14:42+00:00","description":"\u00bfComo se ve\u00eda la Luna el d\u00eda que naciste? Nuestro Imagen de la Luna cuando nac\u00ed es un excelente regalo de cumplea\u00f1os para cualquier persona.","breadcrumb":{"@id":"https:\/\/positiveprints.com\/es\/producto\/luna-de-nacimiento\/#breadcrumb"},"inLanguage":"es","potentialAction":[{"@type":"ReadAction","target":["https:\/\/positiveprints.com\/es\/producto\/luna-de-nacimiento\/"]}]},{"@type":"ImageObject","inLanguage":"es","@id":"https:\/\/positiveprints.com\/es\/producto\/luna-de-nacimiento\/#primaryimage","url":"https:\/\/positiveprints.com\/wp-content\/uploads\/2026\/03\/Packshot_ES_Luna-de-Nacimiento.webp","contentUrl":"https:\/\/positiveprints.com\/wp-content\/uploads\/2026\/03\/Packshot_ES_Luna-de-Nacimiento.webp","width":1450,"height":1450},{"@type":"BreadcrumbList","@id":"https:\/\/positiveprints.com\/es\/producto\/luna-de-nacimiento\/#breadcrumb","itemListElement":[{"@type":"ListItem","position":1,"name":"CASA","item":"https:\/\/positiveprints.com\/es\/"},{"@type":"ListItem","position":2,"name":"Productos","item":"https:\/\/positiveprints.com\/es\/shop\/"},{"@type":"ListItem","position":3,"name":"Luna de Nacimiento"}]},{"@type":"WebSite","@id":"https:\/\/positiveprints.com\/es\/#website","url":"https:\/\/positiveprints.com\/es\/","name":"Positive Prints","description":"Custom Gifts for Special Occasions","publisher":{"@id":"https:\/\/positiveprints.com\/es\/#organization"},"potentialAction":[{"@type":"SearchAction","target":{"@type":"EntryPoint","urlTemplate":"https:\/\/positiveprints.com\/es\/?s={search_term_string}"},"query-input":{"@type":"PropertyValueSpecification","valueRequired":true,"valueName":"search_term_string"}}],"inLanguage":"es"},{"@type":"Organization","@id":"https:\/\/positiveprints.com\/es\/#organization","name":"Positive Prints","alternateName":"Positive Prints","url":"https:\/\/positiveprints.com\/es\/","logo":{"@type":"ImageObject","inLanguage":"es","@id":"https:\/\/positiveprints.com\/es\/#\/schema\/logo\/image\/","url":"https:\/\/positiveprints.com\/wp-content\/uploads\/2026\/03\/245815646_1337939713319158_5671353136411139666_n.png","contentUrl":"https:\/\/positiveprints.com\/wp-content\/uploads\/2026\/03\/245815646_1337939713319158_5671353136411139666_n.png","width":800,"height":800,"caption":"Positive Prints"},"image":{"@id":"https:\/\/positiveprints.com\/es\/#\/schema\/logo\/image\/"},"sameAs":["https:\/\/www.facebook.com\/positiveprintscom","https:\/\/www.instagram.com\/positiveprintscom\/","https:\/\/www.tiktok.com\/@positiveprintscom","https:\/\/www.pinterest.com\/positiveprintscom\/"]}]}},"jetpack_sharing_enabled":true,"_links":{"self":[{"href":"https:\/\/positiveprints.com\/es\/wp-json\/wp\/v2\/product\/28725","targetHints":{"allow":["GET"]}}],"collection":[{"href":"https:\/\/positiveprints.com\/es\/wp-json\/wp\/v2\/product"}],"about":[{"href":"https:\/\/positiveprints.com\/es\/wp-json\/wp\/v2\/types\/product"}],"wp:featuredmedia":[{"embeddable":true,"href":"https:\/\/positiveprints.com\/es\/wp-json\/wp\/v2\/media\/1688634"}],"wp:attachment":[{"href":"https:\/\/positiveprints.com\/es\/wp-json\/wp\/v2\/media?parent=28725"}],"wp:term":[{"taxonomy":"product_brand","embeddable":true,"href":"https:\/\/positiveprints.com\/es\/wp-json\/wp\/v2\/product_brand?post=28725"},{"taxonomy":"product_cat","embeddable":true,"href":"https:\/\/positiveprints.com\/es\/wp-json\/wp\/v2\/product_cat?post=28725"},{"taxonomy":"product_tag","embeddable":true,"href":"https:\/\/positiveprints.com\/es\/wp-json\/wp\/v2\/product_tag?post=28725"}],"curies":[{"name":"wp","href":"https:\/\/api.w.org\/{rel}","templated":true}]}}