{"id":27115,"date":"2020-07-13T23:04:52","date_gmt":"2020-07-13T22:04:52","guid":{"rendered":"https:\/\/positiveprints.com\/product\/mapa-estelar-personalizado\/"},"modified":"2026-04-18T09:14:50","modified_gmt":"2026-04-18T08:14:50","slug":"mapa-estelar-personalizado","status":"publish","type":"product","link":"https:\/\/positiveprints.com\/es\/producto\/mapa-estelar-personalizado\/","title":{"rendered":"Mapa Estelar Personalizado"},"content":{"rendered":"<p><span style=\"font-weight: 400;\">\u00bfEst\u00e1 nuestro destino escrito en las estrellas? Con un mapa estelar personalizado, podr\u00e1s recordar c\u00f3mo se ve\u00eda el cielo nocturno durante las noches m\u00e1s importantes de tu vida.<\/span><\/p>\n<p><span style=\"font-weight: 400;\">\u00bfAlguna vez has pensado en lo incre\u00edble que ser\u00eda poder ver la noche estrellada desde el interior de tu casa? Para muchos, un cielo repleto de estrellas tiene un efecto relajante y especial. Desde el inicio de los tiempos, la b\u00f3veda estelar ha sido testigo de todos los eventos importantes que han tenido lugar a lo largo de la historia. En Positive Prints hacemos posible\u00a0 traer la magia de las estrellas a tu hogar. Te invitamos a crear tu propio mapa estelar.<\/span><\/p>\n<p><span style=\"font-weight: 400;\">Nuestro mapa estelar personalizado es una manera bonita de recrear el cielo nocturno tal como se ve\u00eda durante alguna noche especial en tu vida. El d\u00eda que naciste, tu boda, la fecha de alg\u00fan logro importante y mucho m\u00e1s. Aprende c\u00f3mo crear mapas estelares personalizados y convi\u00e9rtelos en tus regalos favoritos .<\/span><\/p>\n<h2><b>\u00bfQu\u00e9 es un mapa estelar personalizado?<\/b><\/h2>\n<p><span style=\"font-weight: 400;\">Piensa en los momentos m\u00e1gicos que has vivido a lo largo de tu historia, \u00bfrecuerdas c\u00f3mo se ve\u00eda la noche en ese momento? Las estrellas y planetas estaban ah\u00ed, en alg\u00fan punto en la b\u00f3veda celeste. Por esta raz\u00f3n los mapas de estrellas personalizados son tan populares, porque muestran una imagen precisa de la noche durante un evento importante.<\/span><\/p>\n<p><span style=\"font-weight: 400;\">Un mapa estelar es una r\u00e9plica del cielo nocturno desde un lugar en espec\u00edfico y en determinada fecha. Cada una de estas im\u00e1genes es \u00fanica porque ning\u00fan evento en la vida se repite. Nuestro editor de mapas estelares utiliza la informaci\u00f3n que t\u00fa le brindas para crear una imagen real.<\/span><\/p>\n<h2><b>Mapas de Estrellas Cient\u00edficamente Precisos<\/b><\/h2>\n<p><span style=\"font-weight: 400;\">En el a\u00f1o 1989, la Agencia Espacial Europea lanz\u00f3 el sat\u00e9lite <\/span><a href=\"https:\/\/es.wikipedia.org\/wiki\/Hipparcos\"><span style=\"font-weight: 400;\">Hipparcos<\/span><\/a><span style=\"font-weight: 400;\"> para crear mediciones de alta precisi\u00f3n de los cuerpos celestes en nuestro cielo nocturno. Desde planetas y estrellas hasta constelaciones y galaxias, usamos datos de Hipparcos para crear mapas de estrellas precisos para mostrar con precisi\u00f3n el cielo de cualquier noche, \u00a1pasada, presente o futura! &#8211; desde cualquier posici\u00f3n del mundo.<\/span><\/p>\n<h2><b>\u00bfPor qu\u00e9 regalar un mapa estelar personalizado?<\/b><\/h2>\n<p><span style=\"font-weight: 400;\">Nuestro creador de mapas estelares hace que tu regalo sea personal. Te permite reflejar el cielo nocturno tal como se apreciaba en cualquier fecha desde cualquier parte del mundo. Cada mapa se puede complementar con informaci\u00f3n adicional sobre la fecha, la hora y la ubicaci\u00f3n del mapa estelar. \u00a1Incluso puedes agregar un mensaje personalizado! Con unos pocos clics, puedes a\u00f1adir\u00a0 descripciones a la imagen para que cualquiera pueda identificar sus estrellas, planetas y constelaciones favoritas.<\/span><\/p>\n<p><span style=\"font-weight: 400;\">En Positive Prints nos hemos dado a la tarea de crear mapas preciosos que sean un recuerdo de momentos especiales.<\/span><\/p>\n<p><span style=\"font-weight: 400;\">Si est\u00e1s buscando un regalo \u00fanico, un p\u00f3ster de mapa estelar personalizado es una excelente idea. Nadie espera recibir un regalo tan divertido, personal y significativo. Lo atesorar\u00e1n por siempre, ya que les recordar\u00e1 una fecha importante de su vida.<\/span><\/p>\n<p><span style=\"font-weight: 400;\">Los mapas estelares son perfectos para cualquier ocasi\u00f3n. Muchos de nuestros clientes los eligen para:<\/span><\/p>\n<ul>\n<li style=\"font-weight: 400;\" aria-level=\"1\"><span style=\"font-weight: 400;\">Bodas<\/span><\/li>\n<li style=\"font-weight: 400;\" aria-level=\"1\"><span style=\"font-weight: 400;\">Aniversarios<\/span><\/li>\n<li style=\"font-weight: 400;\" aria-level=\"1\"><span style=\"font-weight: 400;\">Nacimientos<\/span><\/li>\n<li style=\"font-weight: 400;\" aria-level=\"1\"><span style=\"font-weight: 400;\">Graduaciones<\/span><\/li>\n<li style=\"font-weight: 400;\" aria-level=\"1\"><span style=\"font-weight: 400;\">Retiros<\/span><\/li>\n<li style=\"font-weight: 400;\" aria-level=\"1\"><span style=\"font-weight: 400;\">Navidad<\/span><\/li>\n<li style=\"font-weight: 400;\" aria-level=\"1\"><span style=\"font-weight: 400;\">Promociones<\/span><\/li>\n<li style=\"font-weight: 400;\" aria-level=\"1\"><span style=\"font-weight: 400;\">Logros especiales<\/span><\/li>\n<\/ul>\n<h2><b>\u00bfC\u00f3mo crear tu propio mapa estelar?<\/b><\/h2>\n<p><span style=\"font-weight: 400;\">En Positive Prints nos hemos dado a la tarea de crear mapas preciosos que sean un recuerdo de momentos especiales. Nuestro proceso en tres pasos te permite personalizar tu mapa de acuerdo a una fecha y lugar espec\u00edfico. Puedes elegir el esquema de colores que m\u00e1s te guste y otros detalles como constelaciones, planetas, la v\u00eda l\u00e1ctea y m\u00e1s. A\u00f1ade l\u00edneas de texto que indiquen lo que este mapa representa para ti.<\/span><\/p>\n<p><span style=\"font-weight: 400;\">Si ordenas una impresi\u00f3n en material r\u00edgido, puedes elegir entre varios tama\u00f1os est\u00e1ndar o aquel que se ajuste a tu presupuesto. Cada medida es un formato com\u00fan, para que sea m\u00e1s sencillo conseguir un marco adecuado. Utilizamos papel con la mejor calidad para evitar que pierda nitidez o se desgaste\u00a0 con el tiempo. Por cada pedido\u00a0 ofrecemos env\u00edo a cualquier lugar del mundo, \u00a1no importa si es solo uno o son diez!<\/span><\/p>\n<p><span style=\"font-weight: 400;\">Otra opci\u00f3n pr\u00e1ctica es elegir el archivo digital descargable, que se enviar\u00e1 directamente a tu bandeja de entrada. Una vez que lo recibas podr\u00e1s imprimirlo por tu cuenta. El archivo descargable es perfecto cuando tienes poco tiempo o no quieres tener que esperar por el env\u00edo.<\/span><\/p>\n<p><span style=\"font-weight: 400;\">A continuaci\u00f3n, te explicamos\u00a0 los tres pasos necesarios para pedir\u00a0 tu p\u00f3ster:<\/span><\/p>\n<h3><b>Paso uno: Selecciona el dise\u00f1o<\/b><\/h3>\n<p><span style=\"font-weight: 400;\">Nuestros mapas estelares vienen en diversos estilos para elegir, incluyendo c\u00edrculo y coraz\u00f3n, y en distintos combinaciones de colores para que tu imagen resalte.<\/span><\/p>\n<p><span style=\"font-weight: 400;\">Una vez que elijas el dise\u00f1o, puedes seleccionar el nivel de detalle de tu imagen. El m\u00e1s b\u00e1sico se compone tan solo de estrellas, tambi\u00e9n hay otra opci\u00f3n que incluye las constelaciones, otra con una franja de la V\u00eda L\u00e1ctea, el nombre de los planetas, etc.<\/span><\/p>\n<p><span style=\"font-weight: 400;\">Tambi\u00e9n puedes incluir alg\u00fan s\u00edmbolo, solamente debes copiar y pegar los s\u00edmbolos disponibles en l\u00ednea.<\/span><\/p>\n<p><span style=\"font-weight: 400;\">Cada vez que selecciones algo podr\u00e1s ver los cambios en tiempo real. Una vez que est\u00e9s satisfecho con los resultados da clic a la pesta\u00f1a que te lleve a los detalles.<\/span><\/p>\n<h3><b>Paso dos: introduce los detalles\u00a0<\/b><\/h3>\n<p><span style=\"font-weight: 400;\">Selecciona la ubicaci\u00f3n donde tuvo lugar tu evento m\u00e1gico y \u00a1observa como tu p\u00f3ster se transforma! Esto se debe a que el editor utiliza informaci\u00f3n real para determinar c\u00f3mo se ve\u00eda el cielo desde determinado punto de la tierra.<\/span><\/p>\n<p><span style=\"font-weight: 400;\">Contin\u00faa introduciendo los detalles importantes, como el horario y fecha de tu evento. A\u00f1ade un mensaje personalizado que conmemore la ocasi\u00f3n. Ofrecemos dos l\u00edneas de texto (t\u00edtulo y subt\u00edtulo), ambos pueden imprimirse con tipograf\u00eda est\u00e1ndar o script.<\/span><\/p>\n<p><span style=\"font-weight: 400;\">Cuando termines de a\u00f1adir\u00a0 estos detalles, dir\u00edgete a la secci\u00f3n para crear tu mapa.<\/span><\/p>\n<h3><b>Paso tres: elegir el formato\u00a0<\/b><\/h3>\n<p><span style=\"font-weight: 400;\">Puedes elegir la impresi\u00f3n en formato r\u00edgido en uno de sus tres tama\u00f1os est\u00e1ndar. El tama\u00f1o predeterminado es de 50 cm por 70 cm. Si\u00e9ntete libre de seleccionar cualquier otro tama\u00f1o disponible. Tambi\u00e9n puedes decidirte por el formato digital descargable. Cuando tu imagen est\u00e9 lista, un link de descarga se enviar\u00e1 a tu correo electr\u00f3nico.<\/span><\/p>\n<p><span style=\"font-weight: 400;\">Una vez que elijas el formato puedes terminar el proceso de compra y prepararte para recibir una pieza art\u00edstica que te har\u00e1 muy feliz.<\/span><\/p>\n<h2><b>\u00a1Personaliza tu mapa estelar hoy mismo!<\/b><\/h2>\n<p><span style=\"font-weight: 400;\">Utiliza nuestro editor de mapas estelares y descubre qu\u00e9 sencillo y divertido es crear un regalo totalmente original que conmemore los\u00a0 mejores momentos.<\/span><\/p><h2 class=\"wp-block-heading\" id=\"h-preguntas-frecuentes\"><strong>Preguntas Frecuentes<\/strong><\/h2><details class=\"wp-block-details is-layout-flow wp-block-details-is-layout-flow\"><summary><strong>\u00bfQu\u00e9 es un Mapa Estelar Personalizado?<\/strong><\/summary><p>Un Mapa Estelar Personalizado es una r\u00e9plica del cielo nocturno en una fecha y lugar espec\u00edficos. Espec\u00edficamente, captura la magia de las estrellas utilizando datos astron\u00f3micos del sat\u00e9lite Hipparcos. Por lo tanto , inmortaliza momentos especiales de tu vida para siempre.\u200b<\/p><\/details><details class=\"wp-block-details is-layout-flow wp-block-details-is-layout-flow\"><summary><strong>\u00bfEs cient\u00edficamente preciso?<\/strong><\/summary><p>S\u00ed, cada mapa es cient\u00edficamente preciso. De hecho, muestra de 7.000 a 8.000 estrellas en sus posiciones exactas. Adem\u00e1s, incluye planetas, constelaciones y la V\u00eda L\u00e1ctea verificables en cualquier planetario. Adem\u00e1s , la vista previa interactiva perfecciona cada detalle en tiempo real.\u200b<\/p><\/details><details class=\"wp-block-details is-layout-flow wp-block-details-is-layout-flow\"><summary><strong>\u00bfPor qu\u00e9 es el regalo perfecto para ocasiones especiales?<\/strong><\/summary><p>Es el regalo perfecto porque inmortaliza momentos \u00fanicos con precisi\u00f3n astron\u00f3mica. Espec\u00edficamente, es un regalo significativo, emotivo y completamente personalizado. Por lo tanto, es un recuerdo precioso que atesorar\u00e1n por siempre.\u200b<\/p><\/details><details class=\"wp-block-details is-layout-flow wp-block-details-is-layout-flow\"><summary><strong>\u00bfC\u00f3mo crear mi Mapa Estelar Personalizado?<\/strong><\/summary><p>Crear tu mapa se hace en tres pasos. En primer lugar , selecciona dise\u00f1o, forma y esquema de colores preferido. Luego, introduce fecha, ubicaci\u00f3n, hora y mensaje personalizado. Finalmente, elige formato de impresi\u00f3n o descarga digital instant\u00e1nea.\u200b<\/p><\/details><details class=\"wp-block-details is-layout-flow wp-block-details-is-layout-flow\"><summary><strong>\u00bfPara qu\u00e9 ocasiones es perfecto este mapa?<\/strong><\/summary><p>Este mapa es perfecto para bodas, aniversarios, nacimientos y graduaciones. Adem\u00e1s, es ideal para retiros, Navidad, promociones y logros especiales. Tambi\u00e9n es excelente para cualquier momento significativo de tu vida.\u200b<\/p><\/details><details class=\"wp-block-details is-layout-flow wp-block-details-is-layout-flow\"><summary><strong>\u00bfEn cu\u00e1nto tiempo puedo recibir mi mapa?<\/strong><\/summary><p>Para un regalo r\u00e1pido , elige nuestra descarga digital instant\u00e1nea, un archivo JPEG de alta resoluci\u00f3n 300 dpi que puedes imprimir t\u00fa mismo . Sin embargo, tenemos productos f\u00edsicos que imprimimos y enviamos localmente desde nuestros centros en Australia, Canad\u00e1, Estados Unidos, Reino Unido y Europa. Esto garantiza una entrega r\u00e1pida y confiable, normalmente&nbsp; en pocos d\u00edas.<\/p><\/details>","protected":false},"excerpt":{"rendered":"<ul class=\"check-list\">\n<li>Agrega planetas, constelaciones y la V\u00eda L\u00e1ctea<\/li>\n<li>Usa nuestro editor para personalizar tu dise\u00f1o en apenas tres pasos<\/li>\n<li>A\u00f1ade un mensaje personalizado para que\u00a0tu dise\u00f1o sea \u00fanico y especial<\/li>\n<li>Visualiza tu dise\u00f1o de forma r\u00e1pida usando la vista previa interactiva<\/li>\n<\/ul>\n","protected":false},"featured_media":1220096,"template":"","meta":[],"product_brand":[],"product_cat":[1814,15115,265,8250,15850,3117],"product_tag":[15551,14920,16446],"class_list":{"0":"post-27115","1":"product","2":"type-product","3":"status-publish","4":"has-post-thumbnail","6":"product_cat-bestsellers-es","7":"product_cat-bestsellers-menu-es","8":"product_cat-creators-es-2","9":"product_cat-digital-products-es","10":"product_cat-shop-bestsellers-es","11":"product_cat-star-es-2","12":"product_tag-cielo-nocturno","13":"product_tag-creators-es-2","14":"product_tag-estrella","16":"first","17":"instock","18":"sale","19":"taxable","20":"shipping-taxable","21":"purchasable","22":"product-type-variable","23":"has-default-attributes"},"yoast_head":"<!-- This site is optimized with the Yoast SEO Premium plugin v27.2 (Yoast SEO v27.2) - https:\/\/yoast.com\/product\/yoast-seo-premium-wordpress\/ -->\n<title>Mapa Estelar Personalizado | Mapa de estrellas - Positive Prints<\/title>\n<meta name=\"description\" content=\"Cree un mapa estelar personalizado con nuestro editor interactivo. Un regalo estelar para alguien muy especial.\" \/>\n<meta name=\"robots\" content=\"index, follow, max-snippet:-1, max-image-preview:large, max-video-preview:-1\" \/>\n<link rel=\"canonical\" href=\"https:\/\/positiveprints.com\/es\/producto\/mapa-estelar-personalizado\/\" \/>\n<meta property=\"og:locale\" content=\"es_ES\" \/>\n<meta property=\"og:type\" content=\"article\" \/>\n<meta property=\"og:title\" content=\"Mapa Estelar Personalizado\" \/>\n<meta property=\"og:description\" content=\"Agrega planetas, constelaciones y la V\u00eda L\u00e1ctea    Usa nuestro editor para personalizar tu dise\u00f1o en apenas tres pasos    A\u00f1ade un mensaje personalizado para que\u00a0tu dise\u00f1o sea \u00fanico y especial    Visualiza tu dise\u00f1o de forma r\u00e1pida usando la vista previa interactiva\" \/>\n<meta property=\"og:url\" content=\"https:\/\/positiveprints.com\/es\/producto\/mapa-estelar-personalizado\/\" \/>\n<meta property=\"og:site_name\" content=\"Positive Prints\" \/>\n<meta property=\"article:publisher\" content=\"https:\/\/www.facebook.com\/positiveprintscom\" \/>\n<meta property=\"article:modified_time\" content=\"2026-04-18T08:14:50+00:00\" \/>\n<meta property=\"og:image\" content=\"https:\/\/positiveprints.com\/wp-content\/uploads\/2024\/10\/Packshot_ES_custom-star-map-product-image.webp\" \/>\n\t<meta property=\"og:image:width\" content=\"1450\" \/>\n\t<meta property=\"og:image:height\" content=\"1450\" \/>\n\t<meta property=\"og:image:type\" content=\"image\/webp\" \/>\n<meta name=\"twitter:card\" content=\"summary_large_image\" \/>\n<meta name=\"twitter:label1\" content=\"Tiempo de lectura\" \/>\n\t<meta name=\"twitter:data1\" content=\"6 minutos\" \/>\n<!-- \/ Yoast SEO Premium plugin. -->","yoast_head_json":{"title":"Mapa Estelar Personalizado | Mapa de estrellas - Positive Prints","description":"Cree un mapa estelar personalizado con nuestro editor interactivo. Un regalo estelar para alguien muy especial.","robots":{"index":"index","follow":"follow","max-snippet":"max-snippet:-1","max-image-preview":"max-image-preview:large","max-video-preview":"max-video-preview:-1"},"canonical":"https:\/\/positiveprints.com\/es\/producto\/mapa-estelar-personalizado\/","og_locale":"es_ES","og_type":"article","og_title":"Mapa Estelar Personalizado","og_description":"Agrega planetas, constelaciones y la V\u00eda L\u00e1ctea    Usa nuestro editor para personalizar tu dise\u00f1o en apenas tres pasos    A\u00f1ade un mensaje personalizado para que\u00a0tu dise\u00f1o sea \u00fanico y especial    Visualiza tu dise\u00f1o de forma r\u00e1pida usando la vista previa interactiva","og_url":"https:\/\/positiveprints.com\/es\/producto\/mapa-estelar-personalizado\/","og_site_name":"Positive Prints","article_publisher":"https:\/\/www.facebook.com\/positiveprintscom","article_modified_time":"2026-04-18T08:14:50+00:00","og_image":[{"width":1450,"height":1450,"url":"https:\/\/positiveprints.com\/wp-content\/uploads\/2024\/10\/Packshot_ES_custom-star-map-product-image.webp","type":"image\/webp"}],"twitter_card":"summary_large_image","twitter_misc":{"Tiempo de lectura":"6 minutos"},"schema":{"@context":"https:\/\/schema.org","@graph":[{"@type":["WebPage","ItemPage"],"@id":"https:\/\/positiveprints.com\/es\/producto\/mapa-estelar-personalizado\/","url":"https:\/\/positiveprints.com\/es\/producto\/mapa-estelar-personalizado\/","name":"Mapa Estelar Personalizado | Mapa de estrellas - Positive Prints","isPartOf":{"@id":"https:\/\/positiveprints.com\/es\/#website"},"primaryImageOfPage":{"@id":"https:\/\/positiveprints.com\/es\/producto\/mapa-estelar-personalizado\/#primaryimage"},"image":{"@id":"https:\/\/positiveprints.com\/es\/producto\/mapa-estelar-personalizado\/#primaryimage"},"thumbnailUrl":"https:\/\/positiveprints.com\/wp-content\/uploads\/2024\/10\/Packshot_ES_custom-star-map-product-image.webp","datePublished":"2020-07-13T22:04:52+00:00","dateModified":"2026-04-18T08:14:50+00:00","description":"Cree un mapa estelar personalizado con nuestro editor interactivo. Un regalo estelar para alguien muy especial.","breadcrumb":{"@id":"https:\/\/positiveprints.com\/es\/producto\/mapa-estelar-personalizado\/#breadcrumb"},"inLanguage":"es","potentialAction":[{"@type":"ReadAction","target":["https:\/\/positiveprints.com\/es\/producto\/mapa-estelar-personalizado\/"]}]},{"@type":"ImageObject","inLanguage":"es","@id":"https:\/\/positiveprints.com\/es\/producto\/mapa-estelar-personalizado\/#primaryimage","url":"https:\/\/positiveprints.com\/wp-content\/uploads\/2024\/10\/Packshot_ES_custom-star-map-product-image.webp","contentUrl":"https:\/\/positiveprints.com\/wp-content\/uploads\/2024\/10\/Packshot_ES_custom-star-map-product-image.webp","width":1450,"height":1450},{"@type":"BreadcrumbList","@id":"https:\/\/positiveprints.com\/es\/producto\/mapa-estelar-personalizado\/#breadcrumb","itemListElement":[{"@type":"ListItem","position":1,"name":"CASA","item":"https:\/\/positiveprints.com\/es\/"},{"@type":"ListItem","position":2,"name":"Productos","item":"https:\/\/positiveprints.com\/es\/shop\/"},{"@type":"ListItem","position":3,"name":"Mapa Estelar Personalizado"}]},{"@type":"WebSite","@id":"https:\/\/positiveprints.com\/es\/#website","url":"https:\/\/positiveprints.com\/es\/","name":"Positive Prints","description":"Custom Gifts for Special Occasions","publisher":{"@id":"https:\/\/positiveprints.com\/es\/#organization"},"potentialAction":[{"@type":"SearchAction","target":{"@type":"EntryPoint","urlTemplate":"https:\/\/positiveprints.com\/es\/?s={search_term_string}"},"query-input":{"@type":"PropertyValueSpecification","valueRequired":true,"valueName":"search_term_string"}}],"inLanguage":"es"},{"@type":"Organization","@id":"https:\/\/positiveprints.com\/es\/#organization","name":"Positive Prints","alternateName":"Positive Prints","url":"https:\/\/positiveprints.com\/es\/","logo":{"@type":"ImageObject","inLanguage":"es","@id":"https:\/\/positiveprints.com\/es\/#\/schema\/logo\/image\/","url":"https:\/\/positiveprints.com\/wp-content\/uploads\/2026\/03\/245815646_1337939713319158_5671353136411139666_n.png","contentUrl":"https:\/\/positiveprints.com\/wp-content\/uploads\/2026\/03\/245815646_1337939713319158_5671353136411139666_n.png","width":800,"height":800,"caption":"Positive Prints"},"image":{"@id":"https:\/\/positiveprints.com\/es\/#\/schema\/logo\/image\/"},"sameAs":["https:\/\/www.facebook.com\/positiveprintscom","https:\/\/www.instagram.com\/positiveprintscom\/","https:\/\/www.tiktok.com\/@positiveprintscom","https:\/\/www.pinterest.com\/positiveprintscom\/"]}]}},"jetpack_sharing_enabled":true,"_links":{"self":[{"href":"https:\/\/positiveprints.com\/es\/wp-json\/wp\/v2\/product\/27115","targetHints":{"allow":["GET"]}}],"collection":[{"href":"https:\/\/positiveprints.com\/es\/wp-json\/wp\/v2\/product"}],"about":[{"href":"https:\/\/positiveprints.com\/es\/wp-json\/wp\/v2\/types\/product"}],"wp:featuredmedia":[{"embeddable":true,"href":"https:\/\/positiveprints.com\/es\/wp-json\/wp\/v2\/media\/1220096"}],"wp:attachment":[{"href":"https:\/\/positiveprints.com\/es\/wp-json\/wp\/v2\/media?parent=27115"}],"wp:term":[{"taxonomy":"product_brand","embeddable":true,"href":"https:\/\/positiveprints.com\/es\/wp-json\/wp\/v2\/product_brand?post=27115"},{"taxonomy":"product_cat","embeddable":true,"href":"https:\/\/positiveprints.com\/es\/wp-json\/wp\/v2\/product_cat?post=27115"},{"taxonomy":"product_tag","embeddable":true,"href":"https:\/\/positiveprints.com\/es\/wp-json\/wp\/v2\/product_tag?post=27115"}],"curies":[{"name":"wp","href":"https:\/\/api.w.org\/{rel}","templated":true}]}}