{"id":262315,"date":"2022-03-10T12:01:34","date_gmt":"2022-03-10T11:01:34","guid":{"rendered":"https:\/\/positiveprints.com\/product\/mapa-el-hogar-es-donde-esta-papa\/"},"modified":"2026-04-28T14:41:37","modified_gmt":"2026-04-28T13:41:37","slug":"mapa-el-hogar-es-donde-esta-papa","status":"publish","type":"product","link":"https:\/\/positiveprints.com\/es\/producto\/mapa-el-hogar-es-donde-esta-papa\/","title":{"rendered":"Mapa: El hogar es donde est\u00e1 pap\u00e1"},"content":{"rendered":"<h2 class=\"grenB f24 cblue\">El hogar es donde est\u00e1 pap\u00e1<\/h2>\r\n<p style=\"margin-top: 1rem\">Todos los padres saben que, alg\u00fan d\u00eda, sus hijos saldr\u00e1n de casa para formar su propia familia. Sin embargo, el hogar siempre ser\u00e1 un lugar especial. No importa en qu\u00e9 parte del mundo vivas, siempre hay un lugar al que puedes regresar, y ese lugar es uno que vale la pena celebrar. Por ello, decidimos crear un nuevo mapa personalizado llamado \u201cel hogar es donde est\u00e1 pap\u00e1\u201d.<\/p>\r\n<p style=\"margin-top: 1rem\">Esta hermosa obra de arte muestra el lugar de tu elecci\u00f3n con todos los detalles que encontrar\u00edas en un mapa. Coloca un marcador en el lugar al que llamas hogar para mostrarle a tu pap\u00e1 que siempre estar\u00e1s cerca de ella. Nuestros mapas son el regalo perfecto para el d\u00eda del padre, y se pueden personalizar para que sea un regalo mucho m\u00e1s especial.<\/p>\r\n<h2 class=\"grenB f24 cblue\" style=\"margin-top: 3rem\">Crea tu mapa para pap\u00e1 en 3 sencillos pasos<\/h2>\r\n<p style=\"margin-top: 1rem\">Positive Prints se ha encargado de todo el trabajo dif\u00edcil para que solo llegues y personalices el mapa \u201cel hogar es donde est\u00e1 pap\u00e1\u201d. Nuestro editor interactivo te ayudar\u00e1, paso a paso, a crear una obra de arte que tu padre apreciar\u00e1 cada vez que la vea.<\/p>\r\n<p style=\"margin-top: 1rem\">Elige uno de nuestros dise\u00f1os profesionales y una paleta de colores que se adapten mejor al estilo de tu padre. Agrega detalles, como tu ubicaci\u00f3n y alg\u00fan mensaje que desees dejarle. Puedes incluir una cita, la letra de una canci\u00f3n o cualquier cosa que haga tu mapa a\u00fan m\u00e1s especial. Por \u00faltimo, elige entre una variedad de tama\u00f1os de impresi\u00f3n o nuestra opci\u00f3n de descarga digital instant\u00e1nea. Y as\u00ed, \u00a1el regalo para pap\u00e1 estar\u00e1 listo!<\/p>\r\n<p style=\"margin-top: 1rem\">Comienza a crear tu mapa hoy mismo.<\/p>","protected":false},"excerpt":{"rendered":"<ul class=\"check-list\">\n<li>Crea un mapa del lugar que siempre llamar\u00e1s hogar<\/li>\n<li>Marca un lugar especial con el s\u00edmbolo de tu elecci\u00f3n<\/li>\n<li>Personal\u00edzalo en tres sencillos pasos<\/li>\n<li>Incluye un texto personalizado<\/li>\n<li>Ve el resultado de inmediato: la vista previa interactiva te permite perfeccionar cada detalle<\/li>\n<\/ul>\n","protected":false},"featured_media":460868,"template":"","meta":[],"product_brand":[],"product_cat":[7334,7195,5270,11451,8012,7981],"product_tag":[8559,11764],"class_list":{"0":"post-262315","1":"product","2":"type-product","3":"status-publish","4":"has-post-thumbnail","6":"product_cat-regalos-del-dia-del-padre","7":"product_cat-map-es","8":"product_cat-regalos-de-navidad","9":"product_cat-regalos-de-navidad-para-papa","10":"product_cat-regalos-para-hombres","11":"product_cat-regalos-para-papa","12":"product_tag-father-es","13":"product_tag-regalos-de-navidad-para-papa","15":"first","16":"instock","17":"sale","18":"taxable","19":"shipping-taxable","20":"purchasable","21":"product-type-variable"},"yoast_head":"<!-- This site is optimized with the Yoast SEO Premium plugin v27.2 (Yoast SEO v27.2) - https:\/\/yoast.com\/product\/yoast-seo-premium-wordpress\/ -->\n<title>El hogar es donde est\u00e1 pap\u00e1 - Positive Prints<\/title>\n<meta name=\"description\" content=\"Nuestros mapas son el regalo perfecto para el d\u00eda del padre, y se pueden personalizar para que sea un regalo mucho m\u00e1s especial.\" \/>\n<meta name=\"robots\" content=\"index, follow, max-snippet:-1, max-image-preview:large, max-video-preview:-1\" \/>\n<link rel=\"canonical\" href=\"https:\/\/positiveprints.com\/es\/producto\/mapa-el-hogar-es-donde-esta-papa\/\" \/>\n<meta property=\"og:locale\" content=\"es_ES\" \/>\n<meta property=\"og:type\" content=\"article\" \/>\n<meta property=\"og:title\" content=\"Mapa: El hogar es donde est\u00e1 pap\u00e1\" \/>\n<meta property=\"og:description\" content=\"Crea un mapa del lugar que siempre llamar\u00e1s hogar Marca un lugar especial con el s\u00edmbolo de tu elecci\u00f3n Personal\u00edzalo en tres sencillos pasos Incluye un texto personalizado Ve el resultado de inmediato: la vista previa interactiva te permite perfeccionar cada detalle\" \/>\n<meta property=\"og:url\" content=\"https:\/\/positiveprints.com\/es\/producto\/mapa-el-hogar-es-donde-esta-papa\/\" \/>\n<meta property=\"og:site_name\" content=\"Positive Prints\" \/>\n<meta property=\"article:publisher\" content=\"https:\/\/www.facebook.com\/positiveprintscom\" \/>\n<meta property=\"article:modified_time\" content=\"2026-04-28T13:41:37+00:00\" \/>\n<meta property=\"og:image\" content=\"https:\/\/positiveprints.com\/wp-content\/uploads\/2023\/04\/El-hogar-es-donde-esta-papa.jpg\" \/>\n\t<meta property=\"og:image:width\" content=\"1080\" \/>\n\t<meta property=\"og:image:height\" content=\"1080\" \/>\n\t<meta property=\"og:image:type\" content=\"image\/jpeg\" \/>\n<meta name=\"twitter:card\" content=\"summary_large_image\" \/>\n<!-- \/ Yoast SEO Premium plugin. -->","yoast_head_json":{"title":"El hogar es donde est\u00e1 pap\u00e1 - Positive Prints","description":"Nuestros mapas son el regalo perfecto para el d\u00eda del padre, y se pueden personalizar para que sea un regalo mucho m\u00e1s especial.","robots":{"index":"index","follow":"follow","max-snippet":"max-snippet:-1","max-image-preview":"max-image-preview:large","max-video-preview":"max-video-preview:-1"},"canonical":"https:\/\/positiveprints.com\/es\/producto\/mapa-el-hogar-es-donde-esta-papa\/","og_locale":"es_ES","og_type":"article","og_title":"Mapa: El hogar es donde est\u00e1 pap\u00e1","og_description":"Crea un mapa del lugar que siempre llamar\u00e1s hogar Marca un lugar especial con el s\u00edmbolo de tu elecci\u00f3n Personal\u00edzalo en tres sencillos pasos Incluye un texto personalizado Ve el resultado de inmediato: la vista previa interactiva te permite perfeccionar cada detalle","og_url":"https:\/\/positiveprints.com\/es\/producto\/mapa-el-hogar-es-donde-esta-papa\/","og_site_name":"Positive Prints","article_publisher":"https:\/\/www.facebook.com\/positiveprintscom","article_modified_time":"2026-04-28T13:41:37+00:00","og_image":[{"width":1080,"height":1080,"url":"https:\/\/positiveprints.com\/wp-content\/uploads\/2023\/04\/El-hogar-es-donde-esta-papa.jpg","type":"image\/jpeg"}],"twitter_card":"summary_large_image","schema":{"@context":"https:\/\/schema.org","@graph":[{"@type":["WebPage","ItemPage"],"@id":"https:\/\/positiveprints.com\/es\/producto\/mapa-el-hogar-es-donde-esta-papa\/","url":"https:\/\/positiveprints.com\/es\/producto\/mapa-el-hogar-es-donde-esta-papa\/","name":"El hogar es donde est\u00e1 pap\u00e1 - Positive Prints","isPartOf":{"@id":"https:\/\/positiveprints.com\/es\/#website"},"primaryImageOfPage":{"@id":"https:\/\/positiveprints.com\/es\/producto\/mapa-el-hogar-es-donde-esta-papa\/#primaryimage"},"image":{"@id":"https:\/\/positiveprints.com\/es\/producto\/mapa-el-hogar-es-donde-esta-papa\/#primaryimage"},"thumbnailUrl":"https:\/\/positiveprints.com\/wp-content\/uploads\/2023\/04\/El-hogar-es-donde-esta-papa.jpg","datePublished":"2022-03-10T11:01:34+00:00","dateModified":"2026-04-28T13:41:37+00:00","description":"Nuestros mapas son el regalo perfecto para el d\u00eda del padre, y se pueden personalizar para que sea un regalo mucho m\u00e1s especial.","breadcrumb":{"@id":"https:\/\/positiveprints.com\/es\/producto\/mapa-el-hogar-es-donde-esta-papa\/#breadcrumb"},"inLanguage":"es","potentialAction":[{"@type":"ReadAction","target":["https:\/\/positiveprints.com\/es\/producto\/mapa-el-hogar-es-donde-esta-papa\/"]}]},{"@type":"ImageObject","inLanguage":"es","@id":"https:\/\/positiveprints.com\/es\/producto\/mapa-el-hogar-es-donde-esta-papa\/#primaryimage","url":"https:\/\/positiveprints.com\/wp-content\/uploads\/2023\/04\/El-hogar-es-donde-esta-papa.jpg","contentUrl":"https:\/\/positiveprints.com\/wp-content\/uploads\/2023\/04\/El-hogar-es-donde-esta-papa.jpg","width":1080,"height":1080,"caption":"El hogar es donde est\u00e1 pap\u00e1"},{"@type":"BreadcrumbList","@id":"https:\/\/positiveprints.com\/es\/producto\/mapa-el-hogar-es-donde-esta-papa\/#breadcrumb","itemListElement":[{"@type":"ListItem","position":1,"name":"CASA","item":"https:\/\/positiveprints.com\/es\/"},{"@type":"ListItem","position":2,"name":"Productos","item":"https:\/\/positiveprints.com\/es\/shop\/"},{"@type":"ListItem","position":3,"name":"Mapa: El hogar es donde est\u00e1 pap\u00e1"}]},{"@type":"WebSite","@id":"https:\/\/positiveprints.com\/es\/#website","url":"https:\/\/positiveprints.com\/es\/","name":"Positive Prints","description":"Custom Gifts for Special Occasions","publisher":{"@id":"https:\/\/positiveprints.com\/es\/#organization"},"potentialAction":[{"@type":"SearchAction","target":{"@type":"EntryPoint","urlTemplate":"https:\/\/positiveprints.com\/es\/?s={search_term_string}"},"query-input":{"@type":"PropertyValueSpecification","valueRequired":true,"valueName":"search_term_string"}}],"inLanguage":"es"},{"@type":"Organization","@id":"https:\/\/positiveprints.com\/es\/#organization","name":"Positive Prints","alternateName":"Positive Prints ","url":"https:\/\/positiveprints.com\/es\/","logo":{"@type":"ImageObject","inLanguage":"es","@id":"https:\/\/positiveprints.com\/es\/#\/schema\/logo\/image\/","url":"https:\/\/positiveprints.com\/wp-content\/uploads\/2026\/03\/245815646_1337939713319158_5671353136411139666_n.png","contentUrl":"https:\/\/positiveprints.com\/wp-content\/uploads\/2026\/03\/245815646_1337939713319158_5671353136411139666_n.png","width":800,"height":800,"caption":"Positive Prints"},"image":{"@id":"https:\/\/positiveprints.com\/es\/#\/schema\/logo\/image\/"},"sameAs":["https:\/\/www.facebook.com\/positiveprintscom","https:\/\/www.instagram.com\/positiveprintscom\/","https:\/\/www.tiktok.com\/@positiveprintscom","https:\/\/www.pinterest.com\/positiveprintscom\/"]}]}},"jetpack_sharing_enabled":true,"_links":{"self":[{"href":"https:\/\/positiveprints.com\/es\/wp-json\/wp\/v2\/product\/262315","targetHints":{"allow":["GET"]}}],"collection":[{"href":"https:\/\/positiveprints.com\/es\/wp-json\/wp\/v2\/product"}],"about":[{"href":"https:\/\/positiveprints.com\/es\/wp-json\/wp\/v2\/types\/product"}],"wp:featuredmedia":[{"embeddable":true,"href":"https:\/\/positiveprints.com\/es\/wp-json\/wp\/v2\/media\/460868"}],"wp:attachment":[{"href":"https:\/\/positiveprints.com\/es\/wp-json\/wp\/v2\/media?parent=262315"}],"wp:term":[{"taxonomy":"product_brand","embeddable":true,"href":"https:\/\/positiveprints.com\/es\/wp-json\/wp\/v2\/product_brand?post=262315"},{"taxonomy":"product_cat","embeddable":true,"href":"https:\/\/positiveprints.com\/es\/wp-json\/wp\/v2\/product_cat?post=262315"},{"taxonomy":"product_tag","embeddable":true,"href":"https:\/\/positiveprints.com\/es\/wp-json\/wp\/v2\/product_tag?post=262315"}],"curies":[{"name":"wp","href":"https:\/\/api.w.org\/{rel}","templated":true}]}}