{"id":262313,"date":"2022-03-10T13:15:56","date_gmt":"2022-03-10T12:15:56","guid":{"rendered":"https:\/\/positiveprints.com\/product\/el-dia-que-te-convertiste-en-mi-papa\/"},"modified":"2026-04-07T16:01:28","modified_gmt":"2026-04-07T15:01:28","slug":"el-dia-que-te-convertiste-en-mi-papa","status":"publish","type":"product","link":"https:\/\/positiveprints.com\/es\/producto\/el-dia-que-te-convertiste-en-mi-papa\/","title":{"rendered":"El d\u00eda que te convertiste en mi pap\u00e1"},"content":{"rendered":"<h2><b>\u00bfPor qu\u00e9 regalar un mapa estelar el d\u00eda del padre?<\/b><\/h2>\n<p><span style=\"font-weight: 400;\">Cada noche, el cielo se ve diferente. Desde las fases lunares hasta las posiciones de las estrellas, planetas y cuerpos celestes, cada noche de nuestra existencia es verdaderamente \u00fanica. Y la noche en que naciste, o la noche en que tu pap\u00e1 se convirti\u00f3 en padre, todo el universo decidi\u00f3 alinearse de una forma que nunca antes lo hab\u00eda hecho. \u00a1Eso es algo para celebrar!<\/span><\/p>\n<p><span style=\"font-weight: 400;\">Nuestros mapas estelares personalizados recrean el cielo nocturno para que puedas ver c\u00f3mo era cuando llegaste al mundo. El d\u00eda en que tu padre se convirti\u00f3 en pap\u00e1 fue uno de los d\u00edas m\u00e1s felices de su vida, y este mapa es una manera preciosa de honrar\u00a0 ese d\u00eda para siempre.<\/span><\/p>\n<h2><b>Dise\u00f1a tu regalo para pap\u00e1 en 3 sencillos pasos<\/b><\/h2>\n<p><span style=\"font-weight: 400;\">Cada mapa estelar est\u00e1 personalizado y se basa en la fecha de tu elecci\u00f3n. Utilizamos datos fiables\u00a0 recopilados por Hipparcos-2 para mapear las estrellas y constelaciones con precisi\u00f3n, de acuerdo con la fecha de tu elecci\u00f3n y tu ubicaci\u00f3n geogr\u00e1fica de ese momento.<\/span><\/p>\n<p><span style=\"font-weight: 400;\">Positive Prints hace la mayor parte del trabajo por ti con el nuevo editor interactivo. Observa c\u00f3mo tu dise\u00f1o cobra vida al personalizar tu mapa estelar. Elige entre una variedad de combinaciones de colores y formas de mapa. Luego, a\u00f1ade los\u00a0 detalles para que sea a\u00fan m\u00e1s personal y \u00fanico. Por \u00faltimo, puedes imprimir tu dise\u00f1o o descargar el archivo digital para darle el regalo a tu padre lo m\u00e1s pronto posible.<\/span><\/p>\n<p><span style=\"font-weight: 400;\">En el d\u00eda del padre o cualquier ocasi\u00f3n especial, Positive Prints te ayudar\u00e1 a crear un regalo \u00fanico para pap\u00e1. \u00a1Comienza hoy mismo!<\/span><\/p><h2 class=\"wp-block-heading\" id=\"h-preguntas-frecuentes\"><strong>Preguntas Frecuentes<\/strong><\/h2><details class=\"wp-block-details is-layout-flow wp-block-details-is-layout-flow\"><summary><strong>\u00bfQu\u00e9 es un Mapa Estelar &#8220;El D\u00eda Que Te Convertiste en Mi Pap\u00e1&#8221;?<\/strong><\/summary><p>Un Mapa Estelar &#8220;El D\u00eda Que Te Convertiste en Mi Pap\u00e1&#8221; es un p\u00f3ster personalizado del cielo en la noche de tu nacimiento. Espec\u00edficamente, muestra la alineaci\u00f3n exacta de las estrellas cuando pap\u00e1 te abraz\u00f3 por primera vez. Por lo tanto , inmortaliza uno de los momentos m\u00e1s emocionantes de su vida.\u200b<\/p><\/details><details class=\"wp-block-details is-layout-flow wp-block-details-is-layout-flow\"><summary><strong>\u00bfEs un mapa estelar personalizado?<\/strong><\/summary><p>S\u00ed, cada mapa es completamente personalizado. De hecho, utiliza tecnolog\u00eda Hipparcos-2 para datos astron\u00f3micos precisos. Adem\u00e1s, incluye\u00a0 planetas, constelaciones y la V\u00eda L\u00e1ctea. As\u00ed mismo , la vista previa interactiva permite perfeccionar\u00a0 cada detalle en tiempo real.\u200b<\/p><\/details><details class=\"wp-block-details is-layout-flow wp-block-details-is-layout-flow\"><summary><strong>\u00bfPor qu\u00e9 es el regalo perfecto para el D\u00eda del Padre?<\/strong><\/summary><p>Es el regalo perfecto porque celebra el momento en que se convirti\u00f3 en pap\u00e1. Es\u00a0 una manera hermosa de revivir esas emociones para siempre. Por lo tanto , es un recuerdo precioso que atesorar\u00e1 en su coraz\u00f3n.\u200b<\/p><\/details><details class=\"wp-block-details is-layout-flow wp-block-details-is-layout-flow\"><summary><strong>\u00bfC\u00f3mo crear mi Mapa Estelar &#8220;El D\u00eda Que Te Convertiste en Mi Pap\u00e1&#8221;?<\/strong><\/summary><p>Crear tu mapa se hace en tres pasos. En primer lugar , selecciona la combinaci\u00f3n de colores y forma del mapa. Luego, introduce la fecha, ubicaci\u00f3n y texto personalizado. Finalmente, elige el formato de impresi\u00f3n o descarga digital.\u200b<\/p><\/details><details class=\"wp-block-details is-layout-flow wp-block-details-is-layout-flow\"><summary><strong>\u00bfEn cu\u00e1nto tiempo puedo recibir mi mapa?<\/strong><\/summary><p>Para un regalo r\u00e1pido , elige nuestra descarga digital instant\u00e1nea, un archivo JPEG de alta resoluci\u00f3n 300 dpi que puedes imprimir t\u00fa mismo . Sin embargo, contamos con productos f\u00edsicos que imprimimos y enviamos localmente desde nuestros centros en Australia, Canad\u00e1, Estados Unidos, Reino Unido y Europa. Esto garantiza una entrega r\u00e1pida y confiable, normalmente\u00a0 en pocos d\u00edas.<\/p><\/details>","protected":false},"excerpt":{"rendered":"<ul class=\"check-list\">\n<li>Agrega planetas, constelaciones y la V\u00eda L\u00e1ctea<\/li>\n<li>Usa nuestro editor para personalizar tu dise\u00f1o en apenas tres pasos<\/li>\n<li>A\u00f1ade un mensaje personalizado para que\u00a0tu dise\u00f1o sea \u00fanico y especial<\/li>\n<li>Visualiza tu dise\u00f1o de forma r\u00e1pida usando la vista previa interactiva<\/li>\n<\/ul>\n","protected":false},"featured_media":1224560,"template":"","meta":[],"product_brand":[],"product_cat":[9280,7334,5270,7981,11451,3117],"product_tag":[10965,15573,9294,8559,13687,11764],"class_list":{"0":"post-262313","1":"product","2":"type-product","3":"status-publish","4":"has-post-thumbnail","6":"product_cat-bestsellers-label-es","7":"product_cat-regalos-del-dia-del-padre","8":"product_cat-regalos-de-navidad","9":"product_cat-regalos-para-papa","10":"product_cat-regalos-de-navidad-para-papa","11":"product_cat-star-es-2","12":"product_tag-dia-del-padre","13":"product_tag-el-dia-que-te-convertiste-en-papa","14":"product_tag-el-mejor-papa-del-mundo","15":"product_tag-father-es","16":"product_tag-regalo-para-el-dia-del-padre","17":"product_tag-regalos-de-navidad-para-papa","19":"first","20":"instock","21":"sale","22":"taxable","23":"shipping-taxable","24":"purchasable","25":"product-type-variable"},"yoast_head":"<!-- This site is optimized with the Yoast SEO Premium plugin v27.2 (Yoast SEO v27.2) - https:\/\/yoast.com\/product\/yoast-seo-premium-wordpress\/ -->\n<title>El d\u00eda que te convertiste en mi pap\u00e1 - Positive Prints<\/title>\n<meta name=\"description\" content=\"En el d\u00eda del padre o cualquier ocasi\u00f3n especial, Positive Prints te ayudar\u00e1 a crear un regalo \u00fanico para tu pap\u00e1. \u00a1Comienza hoy mismo!\" \/>\n<meta name=\"robots\" content=\"index, follow, max-snippet:-1, max-image-preview:large, max-video-preview:-1\" \/>\n<link rel=\"canonical\" href=\"https:\/\/positiveprints.com\/es\/producto\/el-dia-que-te-convertiste-en-mi-papa\/\" \/>\n<meta property=\"og:locale\" content=\"es_ES\" \/>\n<meta property=\"og:type\" content=\"article\" \/>\n<meta property=\"og:title\" content=\"El d\u00eda que te convertiste en mi pap\u00e1\" \/>\n<meta property=\"og:description\" content=\"Agrega planetas, constelaciones y la V\u00eda L\u00e1ctea    Usa nuestro editor para personalizar tu dise\u00f1o en apenas tres pasos    A\u00f1ade un mensaje personalizado para que\u00a0tu dise\u00f1o sea \u00fanico y especial    Visualiza tu dise\u00f1o de forma r\u00e1pida usando la vista previa interactiva\" \/>\n<meta property=\"og:url\" content=\"https:\/\/positiveprints.com\/es\/producto\/el-dia-que-te-convertiste-en-mi-papa\/\" \/>\n<meta property=\"og:site_name\" content=\"Positive Prints\" \/>\n<meta property=\"article:publisher\" content=\"https:\/\/www.facebook.com\/positiveprintscom\" \/>\n<meta property=\"article:modified_time\" content=\"2026-04-07T15:01:28+00:00\" \/>\n<meta property=\"og:image\" content=\"https:\/\/positiveprints.com\/wp-content\/uploads\/2024\/10\/Packshot_ES_The-Day-You-Became-My-Daddy-product-image.webp\" \/>\n\t<meta property=\"og:image:width\" content=\"1450\" \/>\n\t<meta property=\"og:image:height\" content=\"1450\" \/>\n\t<meta property=\"og:image:type\" content=\"image\/webp\" \/>\n<meta name=\"twitter:card\" content=\"summary_large_image\" \/>\n<meta name=\"twitter:label1\" content=\"Tiempo de lectura\" \/>\n\t<meta name=\"twitter:data1\" content=\"3 minutos\" \/>\n<!-- \/ Yoast SEO Premium plugin. -->","yoast_head_json":{"title":"El d\u00eda que te convertiste en mi pap\u00e1 - Positive Prints","description":"En el d\u00eda del padre o cualquier ocasi\u00f3n especial, Positive Prints te ayudar\u00e1 a crear un regalo \u00fanico para tu pap\u00e1. \u00a1Comienza hoy mismo!","robots":{"index":"index","follow":"follow","max-snippet":"max-snippet:-1","max-image-preview":"max-image-preview:large","max-video-preview":"max-video-preview:-1"},"canonical":"https:\/\/positiveprints.com\/es\/producto\/el-dia-que-te-convertiste-en-mi-papa\/","og_locale":"es_ES","og_type":"article","og_title":"El d\u00eda que te convertiste en mi pap\u00e1","og_description":"Agrega planetas, constelaciones y la V\u00eda L\u00e1ctea    Usa nuestro editor para personalizar tu dise\u00f1o en apenas tres pasos    A\u00f1ade un mensaje personalizado para que\u00a0tu dise\u00f1o sea \u00fanico y especial    Visualiza tu dise\u00f1o de forma r\u00e1pida usando la vista previa interactiva","og_url":"https:\/\/positiveprints.com\/es\/producto\/el-dia-que-te-convertiste-en-mi-papa\/","og_site_name":"Positive Prints","article_publisher":"https:\/\/www.facebook.com\/positiveprintscom","article_modified_time":"2026-04-07T15:01:28+00:00","og_image":[{"width":1450,"height":1450,"url":"https:\/\/positiveprints.com\/wp-content\/uploads\/2024\/10\/Packshot_ES_The-Day-You-Became-My-Daddy-product-image.webp","type":"image\/webp"}],"twitter_card":"summary_large_image","twitter_misc":{"Tiempo de lectura":"3 minutos"},"schema":{"@context":"https:\/\/schema.org","@graph":[{"@type":["WebPage","ItemPage"],"@id":"https:\/\/positiveprints.com\/es\/producto\/el-dia-que-te-convertiste-en-mi-papa\/","url":"https:\/\/positiveprints.com\/es\/producto\/el-dia-que-te-convertiste-en-mi-papa\/","name":"El d\u00eda que te convertiste en mi pap\u00e1 - Positive Prints","isPartOf":{"@id":"https:\/\/positiveprints.com\/es\/#website"},"primaryImageOfPage":{"@id":"https:\/\/positiveprints.com\/es\/producto\/el-dia-que-te-convertiste-en-mi-papa\/#primaryimage"},"image":{"@id":"https:\/\/positiveprints.com\/es\/producto\/el-dia-que-te-convertiste-en-mi-papa\/#primaryimage"},"thumbnailUrl":"https:\/\/positiveprints.com\/wp-content\/uploads\/2024\/10\/Packshot_ES_The-Day-You-Became-My-Daddy-product-image.webp","datePublished":"2022-03-10T12:15:56+00:00","dateModified":"2026-04-07T15:01:28+00:00","description":"En el d\u00eda del padre o cualquier ocasi\u00f3n especial, Positive Prints te ayudar\u00e1 a crear un regalo \u00fanico para tu pap\u00e1. \u00a1Comienza hoy mismo!","breadcrumb":{"@id":"https:\/\/positiveprints.com\/es\/producto\/el-dia-que-te-convertiste-en-mi-papa\/#breadcrumb"},"inLanguage":"es","potentialAction":[{"@type":"ReadAction","target":["https:\/\/positiveprints.com\/es\/producto\/el-dia-que-te-convertiste-en-mi-papa\/"]}]},{"@type":"ImageObject","inLanguage":"es","@id":"https:\/\/positiveprints.com\/es\/producto\/el-dia-que-te-convertiste-en-mi-papa\/#primaryimage","url":"https:\/\/positiveprints.com\/wp-content\/uploads\/2024\/10\/Packshot_ES_The-Day-You-Became-My-Daddy-product-image.webp","contentUrl":"https:\/\/positiveprints.com\/wp-content\/uploads\/2024\/10\/Packshot_ES_The-Day-You-Became-My-Daddy-product-image.webp","width":1450,"height":1450},{"@type":"BreadcrumbList","@id":"https:\/\/positiveprints.com\/es\/producto\/el-dia-que-te-convertiste-en-mi-papa\/#breadcrumb","itemListElement":[{"@type":"ListItem","position":1,"name":"CASA","item":"https:\/\/positiveprints.com\/es\/"},{"@type":"ListItem","position":2,"name":"Productos","item":"https:\/\/positiveprints.com\/es\/shop\/"},{"@type":"ListItem","position":3,"name":"El d\u00eda que te convertiste en mi pap\u00e1"}]},{"@type":"WebSite","@id":"https:\/\/positiveprints.com\/es\/#website","url":"https:\/\/positiveprints.com\/es\/","name":"Positive Prints","description":"Custom Gifts for Special Occasions","publisher":{"@id":"https:\/\/positiveprints.com\/es\/#organization"},"potentialAction":[{"@type":"SearchAction","target":{"@type":"EntryPoint","urlTemplate":"https:\/\/positiveprints.com\/es\/?s={search_term_string}"},"query-input":{"@type":"PropertyValueSpecification","valueRequired":true,"valueName":"search_term_string"}}],"inLanguage":"es"},{"@type":"Organization","@id":"https:\/\/positiveprints.com\/es\/#organization","name":"Positive Prints","alternateName":"Positive Prints","url":"https:\/\/positiveprints.com\/es\/","logo":{"@type":"ImageObject","inLanguage":"es","@id":"https:\/\/positiveprints.com\/es\/#\/schema\/logo\/image\/","url":"https:\/\/positiveprints.com\/wp-content\/uploads\/2026\/03\/245815646_1337939713319158_5671353136411139666_n.png","contentUrl":"https:\/\/positiveprints.com\/wp-content\/uploads\/2026\/03\/245815646_1337939713319158_5671353136411139666_n.png","width":800,"height":800,"caption":"Positive Prints"},"image":{"@id":"https:\/\/positiveprints.com\/es\/#\/schema\/logo\/image\/"},"sameAs":["https:\/\/www.facebook.com\/positiveprintscom","https:\/\/www.instagram.com\/positiveprintscom\/","https:\/\/www.tiktok.com\/@positiveprintscom","https:\/\/www.pinterest.com\/positiveprintscom\/"]}]}},"jetpack_sharing_enabled":true,"_links":{"self":[{"href":"https:\/\/positiveprints.com\/es\/wp-json\/wp\/v2\/product\/262313","targetHints":{"allow":["GET"]}}],"collection":[{"href":"https:\/\/positiveprints.com\/es\/wp-json\/wp\/v2\/product"}],"about":[{"href":"https:\/\/positiveprints.com\/es\/wp-json\/wp\/v2\/types\/product"}],"wp:featuredmedia":[{"embeddable":true,"href":"https:\/\/positiveprints.com\/es\/wp-json\/wp\/v2\/media\/1224560"}],"wp:attachment":[{"href":"https:\/\/positiveprints.com\/es\/wp-json\/wp\/v2\/media?parent=262313"}],"wp:term":[{"taxonomy":"product_brand","embeddable":true,"href":"https:\/\/positiveprints.com\/es\/wp-json\/wp\/v2\/product_brand?post=262313"},{"taxonomy":"product_cat","embeddable":true,"href":"https:\/\/positiveprints.com\/es\/wp-json\/wp\/v2\/product_cat?post=262313"},{"taxonomy":"product_tag","embeddable":true,"href":"https:\/\/positiveprints.com\/es\/wp-json\/wp\/v2\/product_tag?post=262313"}],"curies":[{"name":"wp","href":"https:\/\/api.w.org\/{rel}","templated":true}]}}