{"id":244858,"date":"2022-02-09T12:29:15","date_gmt":"2022-02-09T11:29:15","guid":{"rendered":"https:\/\/positiveprints.com\/product\/papa-a-larga-distancia\/"},"modified":"2026-04-18T07:03:44","modified_gmt":"2026-04-18T06:03:44","slug":"papa-a-larga-distancia","status":"publish","type":"product","link":"https:\/\/positiveprints.com\/es\/producto\/papa-a-larga-distancia\/","title":{"rendered":"Pap\u00e1 a larga distancia"},"content":{"rendered":"<h2 class=\"grenB f24 cblue\">\u00bfQu\u00e9 es un mapa de pap\u00e1 a larga distancia?<\/h2>\r\n<p style=\"margin-top: 1rem\">No hay sensaci\u00f3n m\u00e1s agradable que estar cerca de aquellos que te aman. El hombre que ha estado a tu lado desde el d\u00eda en que naciste merece un mapa para ayudarles a acortar la larga distancia que existe entre ustedes.<\/p>\r\n<p style=\"margin-top: 1rem\">Este mapa de tres partes muestra una peque\u00f1a porci\u00f3n del mundo que comparten. Marca tu casa y las de tus hermanos, los lugares que visitaron juntos o todos los hogares de su infancia\u2026 Es tu mapa, aprov\u00e9chalo. <\/p>\r\n<h2 class=\"grenB f24 cblue\" style=\"margin-top: 3rem\">\u00a1Los mapas de larga distancia son los mejores regalos para el d\u00eda del padre!<\/h2>\r\n<p style=\"margin-top: 1rem\">Aunque la distancia f\u00edsica puede mantenerlos separados, un regalo de larga distancia para pap\u00e1 puede ayudarte a sentirte m\u00e1s cerca que nunca. Tu padre pensar\u00e1 en ti cada vez que vea el mapa en su pared y siempre tendr\u00e1 una gran historia que contar a los invitados cuando los visiten.<\/p>\r\n<p style=\"margin-top: 1rem\">\u00a1Crea tu mapa personalizado en 1, 2 por 3! Nuestro editor interactivo se encargar\u00e1 de la mayor parte del trabajo por ti. Selecciona tu esquema de colores, la forma del mapa y otros detalles predefinidos. Luego, agr\u00e9gale algunos toques personales que le den un significado especial a tu regalo. Por \u00faltimo, elige tres lugares y una cita, una letra de canci\u00f3n, un escrito, alguna fecha u otro texto. \u00a1Nosotros nos encargaremos de la log\u00edstica y del resto! <\/p>\r\n<p style=\"margin-top: 1rem\">Los mapas de larga distancia son el regalo ideal para el d\u00eda del padre, ya que es algo que pap\u00e1 apreciar\u00e1 para siempre. Haz que tu regalo coseche frutos: comienza hoy aqu\u00ed.<\/p>","protected":false},"excerpt":{"rendered":"<ul class=\"check-list\">\n<li>Marca direcciones exactas con el s\u00edmbolo de tu elecci\u00f3n<\/li>\n<li>Personal\u00edzalo en tres sencillos pasos<\/li>\n<li>Incluye un texto personalizado<\/li>\n<li>Ve el resultado de inmediato: la vista previa interactiva te permite perfeccionar cada detalle<\/li>\n<\/ul>\n","protected":false},"featured_media":1468070,"template":"","meta":[],"product_brand":[],"product_cat":[7981,7231],"product_tag":[8559],"class_list":{"0":"post-244858","1":"product","2":"type-product","3":"status-publish","4":"has-post-thumbnail","6":"product_cat-regalos-para-papa","7":"product_cat-triple-maps-es","8":"product_tag-father-es","10":"first","11":"instock","12":"sale","13":"taxable","14":"shipping-taxable","15":"purchasable","16":"product-type-variable"},"yoast_head":"<!-- This site is optimized with the Yoast SEO Premium plugin v27.2 (Yoast SEO v27.2) - https:\/\/yoast.com\/product\/yoast-seo-premium-wordpress\/ -->\n<title>Pap\u00e1 a larga distancia - Regalo personalizado para pap\u00e1 - Positive Prints<\/title>\n<meta name=\"description\" content=\"Aunque la distancia f\u00edsica puede mantenerlos separados, un regalo de larga distancia para pap\u00e1 puede ayudarte a sentirte m\u00e1s cerca que nunca.\" \/>\n<meta name=\"robots\" content=\"index, follow, max-snippet:-1, max-image-preview:large, max-video-preview:-1\" \/>\n<link rel=\"canonical\" href=\"https:\/\/positiveprints.com\/es\/producto\/papa-a-larga-distancia\/\" \/>\n<meta property=\"og:locale\" content=\"es_ES\" \/>\n<meta property=\"og:type\" content=\"article\" \/>\n<meta property=\"og:title\" content=\"Pap\u00e1 a larga distancia\" \/>\n<meta property=\"og:description\" content=\"Marca direcciones exactas con el s\u00edmbolo de tu elecci\u00f3n Personal\u00edzalo en tres sencillos pasos Incluye un texto personalizado Ve el resultado de inmediato: la vista previa interactiva te permite perfeccionar cada detalle\" \/>\n<meta property=\"og:url\" content=\"https:\/\/positiveprints.com\/es\/producto\/papa-a-larga-distancia\/\" \/>\n<meta property=\"og:site_name\" content=\"Positive Prints\" \/>\n<meta property=\"article:publisher\" content=\"https:\/\/www.facebook.com\/positiveprintscom\" \/>\n<meta property=\"article:modified_time\" content=\"2026-04-18T06:03:44+00:00\" \/>\n<meta property=\"og:image\" content=\"https:\/\/positiveprints.com\/wp-content\/uploads\/2023\/04\/Papa-a-larga-distancia.jpg\" \/>\n\t<meta property=\"og:image:width\" content=\"1080\" \/>\n\t<meta property=\"og:image:height\" content=\"1080\" \/>\n\t<meta property=\"og:image:type\" content=\"image\/jpeg\" \/>\n<meta name=\"twitter:card\" content=\"summary_large_image\" \/>\n<meta name=\"twitter:label1\" content=\"Tiempo de lectura\" \/>\n\t<meta name=\"twitter:data1\" content=\"1 minuto\" \/>\n<!-- \/ Yoast SEO Premium plugin. -->","yoast_head_json":{"title":"Pap\u00e1 a larga distancia - Regalo personalizado para pap\u00e1 - Positive Prints","description":"Aunque la distancia f\u00edsica puede mantenerlos separados, un regalo de larga distancia para pap\u00e1 puede ayudarte a sentirte m\u00e1s cerca que nunca.","robots":{"index":"index","follow":"follow","max-snippet":"max-snippet:-1","max-image-preview":"max-image-preview:large","max-video-preview":"max-video-preview:-1"},"canonical":"https:\/\/positiveprints.com\/es\/producto\/papa-a-larga-distancia\/","og_locale":"es_ES","og_type":"article","og_title":"Pap\u00e1 a larga distancia","og_description":"Marca direcciones exactas con el s\u00edmbolo de tu elecci\u00f3n Personal\u00edzalo en tres sencillos pasos Incluye un texto personalizado Ve el resultado de inmediato: la vista previa interactiva te permite perfeccionar cada detalle","og_url":"https:\/\/positiveprints.com\/es\/producto\/papa-a-larga-distancia\/","og_site_name":"Positive Prints","article_publisher":"https:\/\/www.facebook.com\/positiveprintscom","article_modified_time":"2026-04-18T06:03:44+00:00","og_image":[{"width":1080,"height":1080,"url":"https:\/\/positiveprints.com\/wp-content\/uploads\/2023\/04\/Papa-a-larga-distancia.jpg","type":"image\/jpeg"}],"twitter_card":"summary_large_image","twitter_misc":{"Tiempo de lectura":"1 minuto"},"schema":{"@context":"https:\/\/schema.org","@graph":[{"@type":["WebPage","ItemPage"],"@id":"https:\/\/positiveprints.com\/es\/producto\/papa-a-larga-distancia\/","url":"https:\/\/positiveprints.com\/es\/producto\/papa-a-larga-distancia\/","name":"Pap\u00e1 a larga distancia - Regalo personalizado para pap\u00e1 - Positive Prints","isPartOf":{"@id":"https:\/\/positiveprints.com\/es\/#website"},"primaryImageOfPage":{"@id":"https:\/\/positiveprints.com\/es\/producto\/papa-a-larga-distancia\/#primaryimage"},"image":{"@id":"https:\/\/positiveprints.com\/es\/producto\/papa-a-larga-distancia\/#primaryimage"},"thumbnailUrl":"https:\/\/positiveprints.com\/wp-content\/uploads\/2025\/07\/Packshot_ES_Papa\u0301-a-larga-distancia.webp","datePublished":"2022-02-09T11:29:15+00:00","dateModified":"2026-04-18T06:03:44+00:00","description":"Aunque la distancia f\u00edsica puede mantenerlos separados, un regalo de larga distancia para pap\u00e1 puede ayudarte a sentirte m\u00e1s cerca que nunca.","breadcrumb":{"@id":"https:\/\/positiveprints.com\/es\/producto\/papa-a-larga-distancia\/#breadcrumb"},"inLanguage":"es","potentialAction":[{"@type":"ReadAction","target":["https:\/\/positiveprints.com\/es\/producto\/papa-a-larga-distancia\/"]}]},{"@type":"ImageObject","inLanguage":"es","@id":"https:\/\/positiveprints.com\/es\/producto\/papa-a-larga-distancia\/#primaryimage","url":"https:\/\/positiveprints.com\/wp-content\/uploads\/2025\/07\/Packshot_ES_Papa\u0301-a-larga-distancia.webp","contentUrl":"https:\/\/positiveprints.com\/wp-content\/uploads\/2025\/07\/Packshot_ES_Papa\u0301-a-larga-distancia.webp","width":1450,"height":1450},{"@type":"BreadcrumbList","@id":"https:\/\/positiveprints.com\/es\/producto\/papa-a-larga-distancia\/#breadcrumb","itemListElement":[{"@type":"ListItem","position":1,"name":"CASA","item":"https:\/\/positiveprints.com\/es\/"},{"@type":"ListItem","position":2,"name":"Productos","item":"https:\/\/positiveprints.com\/es\/shop\/"},{"@type":"ListItem","position":3,"name":"Pap\u00e1 a larga distancia"}]},{"@type":"WebSite","@id":"https:\/\/positiveprints.com\/es\/#website","url":"https:\/\/positiveprints.com\/es\/","name":"Positive Prints","description":"Custom Gifts for Special Occasions","publisher":{"@id":"https:\/\/positiveprints.com\/es\/#organization"},"potentialAction":[{"@type":"SearchAction","target":{"@type":"EntryPoint","urlTemplate":"https:\/\/positiveprints.com\/es\/?s={search_term_string}"},"query-input":{"@type":"PropertyValueSpecification","valueRequired":true,"valueName":"search_term_string"}}],"inLanguage":"es"},{"@type":"Organization","@id":"https:\/\/positiveprints.com\/es\/#organization","name":"Positive Prints","alternateName":"Positive Prints","url":"https:\/\/positiveprints.com\/es\/","logo":{"@type":"ImageObject","inLanguage":"es","@id":"https:\/\/positiveprints.com\/es\/#\/schema\/logo\/image\/","url":"https:\/\/positiveprints.com\/wp-content\/uploads\/2026\/03\/245815646_1337939713319158_5671353136411139666_n.png","contentUrl":"https:\/\/positiveprints.com\/wp-content\/uploads\/2026\/03\/245815646_1337939713319158_5671353136411139666_n.png","width":800,"height":800,"caption":"Positive Prints"},"image":{"@id":"https:\/\/positiveprints.com\/es\/#\/schema\/logo\/image\/"},"sameAs":["https:\/\/www.facebook.com\/positiveprintscom","https:\/\/www.instagram.com\/positiveprintscom\/","https:\/\/www.tiktok.com\/@positiveprintscom","https:\/\/www.pinterest.com\/positiveprintscom\/"]}]}},"jetpack_sharing_enabled":true,"_links":{"self":[{"href":"https:\/\/positiveprints.com\/es\/wp-json\/wp\/v2\/product\/244858","targetHints":{"allow":["GET"]}}],"collection":[{"href":"https:\/\/positiveprints.com\/es\/wp-json\/wp\/v2\/product"}],"about":[{"href":"https:\/\/positiveprints.com\/es\/wp-json\/wp\/v2\/types\/product"}],"wp:featuredmedia":[{"embeddable":true,"href":"https:\/\/positiveprints.com\/es\/wp-json\/wp\/v2\/media\/1468070"}],"wp:attachment":[{"href":"https:\/\/positiveprints.com\/es\/wp-json\/wp\/v2\/media?parent=244858"}],"wp:term":[{"taxonomy":"product_brand","embeddable":true,"href":"https:\/\/positiveprints.com\/es\/wp-json\/wp\/v2\/product_brand?post=244858"},{"taxonomy":"product_cat","embeddable":true,"href":"https:\/\/positiveprints.com\/es\/wp-json\/wp\/v2\/product_cat?post=244858"},{"taxonomy":"product_tag","embeddable":true,"href":"https:\/\/positiveprints.com\/es\/wp-json\/wp\/v2\/product_tag?post=244858"}],"curies":[{"name":"wp","href":"https:\/\/api.w.org\/{rel}","templated":true}]}}