{"id":244843,"date":"2022-02-21T12:26:30","date_gmt":"2022-02-21T11:26:30","guid":{"rendered":"https:\/\/positiveprints.com\/product\/nuestra-luna\/"},"modified":"2026-04-18T07:02:09","modified_gmt":"2026-04-18T06:02:09","slug":"nuestra-luna","status":"publish","type":"product","link":"https:\/\/positiveprints.com\/es\/producto\/nuestra-luna\/","title":{"rendered":"Nuestra Luna"},"content":{"rendered":"<h2 class=\"grenB f24 cblue\">\u00a1El regalo de aniversario ideal para parejas!<\/h2>\r\n<p style=\"margin-top: 1rem\">La noche que conociste a tu verdadero amor, no fuiste el \u00fanico testigo del amor que estaba floreciendo. La Luna en el cielo nocturno tambi\u00e9n lo vio, y para muchas parejas, esa noche fue una de las mejores noches de su vida. Captura ese momento en el tiempo con un regalo de Positive Prints.<\/p>\r\n<p style=\"margin-top: 1rem\">Nuestras impresiones personalizadas de la Luna recrean la fase lunar exacta de una fecha especial, ya sea la noche en que se conocieron, la noche en que comenzaron su relaci\u00f3n o incluso la noche en la que dijiste \u201cs\u00ed, acepto\u201d. Podemos congelar ese momento en el tiempo para que puedas mostrarlo en tu hogar y recordar esa noche con mucho amor.<\/p>\r\n<h2 class=\"grenB f24 cblue\" style=\"margin-top: 3rem\">C\u00f3mo crear tu p\u00f3ster lunar para parejas<\/h2>\r\n<p style=\"margin-top: 1rem\">Positive Prints lleva el dise\u00f1o art\u00edstico profesional a tu alcance. Elige entre una variedad de paletas de colores que se adapten a tus preferencias personales. Luego, agrega un texto, como una cita, la letra de una canci\u00f3n, un poema o incluso la fecha en la que sus vidas cambiaron para siempre. Es tu p\u00f3ster lunar; aprov\u00e9chalo. \u00a1Es el mejor regalo de aniversario que le podr\u00edas dar a tu pareja (incluso si no es tu aniversario)!<\/p>\r\n<p style=\"margin-top: 1rem\">Cada vez que mires tu p\u00f3ster lunar, podr\u00e1s regresar en el tiempo a aquella noche en la que sucedi\u00f3 la magia entre ustedes. Crea tu impresi\u00f3n hoy mismo y sorprende a tu ser amado con un regalo hecho solo para \u00e9l o ella.<\/p>","protected":false},"excerpt":{"rendered":"<ul class=\"check-list\">\n<li>Agrega la sombra de la Luna<\/li>\n<li>Usa nuestro editor para personalizar tu dise\u00f1o en apenas tres pasos<\/li>\n<li>Elija entre una variedad de dise\u00f1os impresionantes<\/li>\n<li>Visualiza tu dise\u00f1o de forma r\u00e1pida usando la vista previa interactiva<\/li>\n<\/ul>\n","protected":false},"featured_media":1689143,"template":"","meta":[],"product_brand":[],"product_cat":[7213,5277,8012,7693],"product_tag":[14923,13752,13762],"class_list":{"0":"post-244843","1":"product","2":"type-product","3":"status-publish","4":"has-post-thumbnail","6":"product_cat-moon-es","7":"product_cat-regalos-de-compromiso","8":"product_cat-regalos-para-hombres","9":"product_cat-regalos-para-mujeres","10":"product_tag-anniversary-es","11":"product_tag-fase-lunar-de-aniversario","12":"product_tag-fase-lunar-del-dia-de-la-boda","14":"first","15":"instock","16":"sale","17":"taxable","18":"shipping-taxable","19":"purchasable","20":"product-type-variable"},"yoast_head":"<!-- This site is optimized with the Yoast SEO Premium plugin v27.2 (Yoast SEO v27.2) - https:\/\/yoast.com\/product\/yoast-seo-premium-wordpress\/ -->\n<title>Nuestra Luna - Regalo de aniversario personalizado - Positive Prints<\/title>\n<meta name=\"robots\" content=\"index, follow, max-snippet:-1, max-image-preview:large, max-video-preview:-1\" \/>\n<link rel=\"canonical\" href=\"https:\/\/positiveprints.com\/es\/producto\/nuestra-luna\/\" \/>\n<meta property=\"og:locale\" content=\"es_ES\" \/>\n<meta property=\"og:type\" content=\"article\" \/>\n<meta property=\"og:title\" content=\"Nuestra Luna\" \/>\n<meta property=\"og:description\" content=\"Agrega la sombra de la Luna Usa nuestro editor para personalizar tu dise\u00f1o en apenas tres pasos Elija entre una variedad de dise\u00f1os impresionantes Visualiza tu dise\u00f1o de forma r\u00e1pida usando la vista previa interactiva\" \/>\n<meta property=\"og:url\" content=\"https:\/\/positiveprints.com\/es\/producto\/nuestra-luna\/\" \/>\n<meta property=\"og:site_name\" content=\"Positive Prints\" \/>\n<meta property=\"article:publisher\" content=\"https:\/\/www.facebook.com\/positiveprintscom\" \/>\n<meta property=\"article:modified_time\" content=\"2026-04-18T06:02:09+00:00\" \/>\n<meta property=\"og:image\" content=\"https:\/\/positiveprints.com\/wp-content\/uploads\/2024\/10\/Packshot_ES_our-moon-product-image.webp\" \/>\n\t<meta property=\"og:image:width\" content=\"1450\" \/>\n\t<meta property=\"og:image:height\" content=\"1450\" \/>\n\t<meta property=\"og:image:type\" content=\"image\/webp\" \/>\n<meta name=\"twitter:card\" content=\"summary_large_image\" \/>\n<meta name=\"twitter:label1\" content=\"Tiempo de lectura\" \/>\n\t<meta name=\"twitter:data1\" content=\"2 minutos\" \/>\n<!-- \/ Yoast SEO Premium plugin. -->","yoast_head_json":{"title":"Nuestra Luna - Regalo de aniversario personalizado - Positive Prints","robots":{"index":"index","follow":"follow","max-snippet":"max-snippet:-1","max-image-preview":"max-image-preview:large","max-video-preview":"max-video-preview:-1"},"canonical":"https:\/\/positiveprints.com\/es\/producto\/nuestra-luna\/","og_locale":"es_ES","og_type":"article","og_title":"Nuestra Luna","og_description":"Agrega la sombra de la Luna Usa nuestro editor para personalizar tu dise\u00f1o en apenas tres pasos Elija entre una variedad de dise\u00f1os impresionantes Visualiza tu dise\u00f1o de forma r\u00e1pida usando la vista previa interactiva","og_url":"https:\/\/positiveprints.com\/es\/producto\/nuestra-luna\/","og_site_name":"Positive Prints","article_publisher":"https:\/\/www.facebook.com\/positiveprintscom","article_modified_time":"2026-04-18T06:02:09+00:00","og_image":[{"width":1450,"height":1450,"url":"https:\/\/positiveprints.com\/wp-content\/uploads\/2024\/10\/Packshot_ES_our-moon-product-image.webp","type":"image\/webp"}],"twitter_card":"summary_large_image","twitter_misc":{"Tiempo de lectura":"2 minutos"},"schema":{"@context":"https:\/\/schema.org","@graph":[{"@type":["WebPage","ItemPage"],"@id":"https:\/\/positiveprints.com\/es\/producto\/nuestra-luna\/","url":"https:\/\/positiveprints.com\/es\/producto\/nuestra-luna\/","name":"Nuestra Luna - Regalo de aniversario personalizado - Positive Prints","isPartOf":{"@id":"https:\/\/positiveprints.com\/es\/#website"},"primaryImageOfPage":{"@id":"https:\/\/positiveprints.com\/es\/producto\/nuestra-luna\/#primaryimage"},"image":{"@id":"https:\/\/positiveprints.com\/es\/producto\/nuestra-luna\/#primaryimage"},"thumbnailUrl":"https:\/\/positiveprints.com\/wp-content\/uploads\/2026\/03\/Packshot_ES_Nuestra-Luna.webp","datePublished":"2022-02-21T11:26:30+00:00","dateModified":"2026-04-18T06:02:09+00:00","breadcrumb":{"@id":"https:\/\/positiveprints.com\/es\/producto\/nuestra-luna\/#breadcrumb"},"inLanguage":"es","potentialAction":[{"@type":"ReadAction","target":["https:\/\/positiveprints.com\/es\/producto\/nuestra-luna\/"]}]},{"@type":"ImageObject","inLanguage":"es","@id":"https:\/\/positiveprints.com\/es\/producto\/nuestra-luna\/#primaryimage","url":"https:\/\/positiveprints.com\/wp-content\/uploads\/2026\/03\/Packshot_ES_Nuestra-Luna.webp","contentUrl":"https:\/\/positiveprints.com\/wp-content\/uploads\/2026\/03\/Packshot_ES_Nuestra-Luna.webp","width":1450,"height":1450},{"@type":"BreadcrumbList","@id":"https:\/\/positiveprints.com\/es\/producto\/nuestra-luna\/#breadcrumb","itemListElement":[{"@type":"ListItem","position":1,"name":"CASA","item":"https:\/\/positiveprints.com\/es\/"},{"@type":"ListItem","position":2,"name":"Productos","item":"https:\/\/positiveprints.com\/es\/shop\/"},{"@type":"ListItem","position":3,"name":"Nuestra Luna"}]},{"@type":"WebSite","@id":"https:\/\/positiveprints.com\/es\/#website","url":"https:\/\/positiveprints.com\/es\/","name":"Positive Prints","description":"Custom Gifts for Special Occasions","publisher":{"@id":"https:\/\/positiveprints.com\/es\/#organization"},"potentialAction":[{"@type":"SearchAction","target":{"@type":"EntryPoint","urlTemplate":"https:\/\/positiveprints.com\/es\/?s={search_term_string}"},"query-input":{"@type":"PropertyValueSpecification","valueRequired":true,"valueName":"search_term_string"}}],"inLanguage":"es"},{"@type":"Organization","@id":"https:\/\/positiveprints.com\/es\/#organization","name":"Positive Prints","alternateName":"Positive Prints","url":"https:\/\/positiveprints.com\/es\/","logo":{"@type":"ImageObject","inLanguage":"es","@id":"https:\/\/positiveprints.com\/es\/#\/schema\/logo\/image\/","url":"https:\/\/positiveprints.com\/wp-content\/uploads\/2026\/03\/245815646_1337939713319158_5671353136411139666_n.png","contentUrl":"https:\/\/positiveprints.com\/wp-content\/uploads\/2026\/03\/245815646_1337939713319158_5671353136411139666_n.png","width":800,"height":800,"caption":"Positive Prints"},"image":{"@id":"https:\/\/positiveprints.com\/es\/#\/schema\/logo\/image\/"},"sameAs":["https:\/\/www.facebook.com\/positiveprintscom","https:\/\/www.instagram.com\/positiveprintscom\/","https:\/\/www.tiktok.com\/@positiveprintscom","https:\/\/www.pinterest.com\/positiveprintscom\/"]}]}},"jetpack_sharing_enabled":true,"_links":{"self":[{"href":"https:\/\/positiveprints.com\/es\/wp-json\/wp\/v2\/product\/244843","targetHints":{"allow":["GET"]}}],"collection":[{"href":"https:\/\/positiveprints.com\/es\/wp-json\/wp\/v2\/product"}],"about":[{"href":"https:\/\/positiveprints.com\/es\/wp-json\/wp\/v2\/types\/product"}],"wp:featuredmedia":[{"embeddable":true,"href":"https:\/\/positiveprints.com\/es\/wp-json\/wp\/v2\/media\/1689143"}],"wp:attachment":[{"href":"https:\/\/positiveprints.com\/es\/wp-json\/wp\/v2\/media?parent=244843"}],"wp:term":[{"taxonomy":"product_brand","embeddable":true,"href":"https:\/\/positiveprints.com\/es\/wp-json\/wp\/v2\/product_brand?post=244843"},{"taxonomy":"product_cat","embeddable":true,"href":"https:\/\/positiveprints.com\/es\/wp-json\/wp\/v2\/product_cat?post=244843"},{"taxonomy":"product_tag","embeddable":true,"href":"https:\/\/positiveprints.com\/es\/wp-json\/wp\/v2\/product_tag?post=244843"}],"curies":[{"name":"wp","href":"https:\/\/api.w.org\/{rel}","templated":true}]}}