{"id":244719,"date":"2022-01-25T21:10:25","date_gmt":"2022-01-25T20:10:25","guid":{"rendered":"https:\/\/positiveprints.com\/product\/mama-a-larga-distancia\/"},"modified":"2026-04-23T11:52:00","modified_gmt":"2026-04-23T10:52:00","slug":"mama-a-larga-distancia","status":"publish","type":"product","link":"https:\/\/positiveprints.com\/es\/producto\/mama-a-larga-distancia\/","title":{"rendered":"Mam\u00e1 a larga distancia"},"content":{"rendered":"<h2 class=\"grenB f24 cblue\">Regalos para mam\u00e1 a larga distancia<\/h2>\r\n<p style=\"margin-top: 1rem\">Mam\u00e1 es como un hogar. Este hermoso mapa personalizado te ayudar\u00e1 a mantener a mam\u00e1 cerca de tu coraz\u00f3n. Este mapa triple te permite personalizar tres mapas peque\u00f1os dentro de la misma impresi\u00f3n. \u00a1Las posibilidades son infinitas!<\/p>\r\n<p style=\"margin-top: 1rem\">Crea un mapa que muestre el hogar actual de cada hijo o todos los hogares en los que han vivido a lo largo de su infancia; cada mapa puede representar uno de sus muchos hogares. Si no los recuerdas, puedes elegir lugares especiales donde compartiste los mejores momentos con tu madre, ya sea un destino favorito, una actividad o el hogar de tu infancia. <\/p>\r\n<p style=\"margin-top: 1rem\">Es tu mapa; aprov\u00e9chalo porque te llevar\u00e1 directamente a una de las personas m\u00e1s especiales del mundo.<\/p>\r\n<h2 class=\"grenB f24 cblue\" style=\"margin-top: 3rem\">\u00a1Pide tu mapa y reg\u00e1lalo el d\u00eda de las madres!<\/h2>\r\n<p style=\"margin-top: 1rem\">Positive Prints hace que dise\u00f1ar un mapa personalizado sea mucho m\u00e1s f\u00e1cil. Al usar nuestro editor interactivo, puedes elegir la forma, el estilo, los colores y el texto de tu mapa para mam\u00e1 a larga distancia. Mira c\u00f3mo tu dise\u00f1o cobra vida al personalizar cada aspecto de tu impresi\u00f3n.<\/p>\r\n<p style=\"margin-top: 1rem\">Imprimimos todos nuestros mapas personalizados en papel o lienzo con calidad de museo, en una variedad de tama\u00f1os est\u00e1ndar. Sin embargo, puedes solicitar el archivo digital para que puedas regalarlo de forma instant\u00e1nea. Enviamos todos nuestros p\u00f3steres y lienzos a cualquier parte del mundo. <\/p>\r\n<p style=\"margin-top: 1rem\">Reg\u00e1lale a mam\u00e1 una obra de arte personalizada que pueda atesorar toda su vida. \u00a1Comienza hoy mismo!<\/p>","protected":false},"excerpt":{"rendered":"<ul class=\"check-list\">\n<li>Mu\u00e9strale a tu mam\u00e1 cu\u00e1n importante es: marca los lugares especiales que los conectan, incluso si la distancia los separa<\/li>\n<li>Marca direcciones exactas con el s\u00edmbolo de tu elecci\u00f3n<\/li>\n<li>Personal\u00edzalo en tres sencillos pasos<\/li>\n<li>Incluye un texto personalizado<\/li>\n<li>Ve el resultado de inmediato: la vista previa interactiva te permite perfeccionar cada detalle<\/li>\n<\/ul>\n","protected":false},"featured_media":1347930,"template":"","meta":[],"product_brand":[],"product_cat":[5270,11459,7231],"product_tag":[11822],"class_list":{"0":"post-244719","1":"product","2":"type-product","3":"status-publish","4":"has-post-thumbnail","6":"product_cat-regalos-de-navidad","7":"product_cat-regalos-de-navidad-para-mama","8":"product_cat-triple-maps-es","9":"product_tag-regalos-de-navidad-para-mama","11":"first","12":"instock","13":"sale","14":"taxable","15":"shipping-taxable","16":"purchasable","17":"product-type-variable"},"yoast_head":"<!-- This site is optimized with the Yoast SEO Premium plugin v27.2 (Yoast SEO v27.2) - https:\/\/yoast.com\/product\/yoast-seo-premium-wordpress\/ -->\n<title>Mam\u00e1 a larga distancia - Regalo para Mam\u00e1 - Positive Prints<\/title>\n<meta name=\"description\" content=\"Crea un mapa que muestre el hogar actual de cada hijo o todos los hogares en los que han vivido a lo largo de su infancia.\" \/>\n<meta name=\"robots\" content=\"index, follow, max-snippet:-1, max-image-preview:large, max-video-preview:-1\" \/>\n<link rel=\"canonical\" href=\"https:\/\/positiveprints.com\/es\/producto\/mama-a-larga-distancia\/\" \/>\n<meta property=\"og:locale\" content=\"es_ES\" \/>\n<meta property=\"og:type\" content=\"article\" \/>\n<meta property=\"og:title\" content=\"Mam\u00e1 a larga distancia\" \/>\n<meta property=\"og:description\" content=\"Mu\u00e9strale a tu mam\u00e1 cu\u00e1n importante es: marca los lugares especiales que los conectan, incluso si la distancia los separa Marca direcciones exactas con el s\u00edmbolo de tu elecci\u00f3n Personal\u00edzalo en tres sencillos pasos Incluye un texto personalizado Ve el resultado de inmediato: la vista previa interactiva te permite perfeccionar cada detalle\" \/>\n<meta property=\"og:url\" content=\"https:\/\/positiveprints.com\/es\/producto\/mama-a-larga-distancia\/\" \/>\n<meta property=\"og:site_name\" content=\"Positive Prints\" \/>\n<meta property=\"article:publisher\" content=\"https:\/\/www.facebook.com\/positiveprintscom\" \/>\n<meta property=\"article:modified_time\" content=\"2026-04-23T10:52:00+00:00\" \/>\n<meta property=\"og:image\" content=\"https:\/\/positiveprints.com\/wp-content\/uploads\/2023\/04\/Mama-a-larga-distancia.jpg\" \/>\n\t<meta property=\"og:image:width\" content=\"1080\" \/>\n\t<meta property=\"og:image:height\" content=\"1080\" \/>\n\t<meta property=\"og:image:type\" content=\"image\/jpeg\" \/>\n<meta name=\"twitter:card\" content=\"summary_large_image\" \/>\n<meta name=\"twitter:label1\" content=\"Tiempo de lectura\" \/>\n\t<meta name=\"twitter:data1\" content=\"2 minutos\" \/>\n<!-- \/ Yoast SEO Premium plugin. -->","yoast_head_json":{"title":"Mam\u00e1 a larga distancia - Regalo para Mam\u00e1 - Positive Prints","description":"Crea un mapa que muestre el hogar actual de cada hijo o todos los hogares en los que han vivido a lo largo de su infancia.","robots":{"index":"index","follow":"follow","max-snippet":"max-snippet:-1","max-image-preview":"max-image-preview:large","max-video-preview":"max-video-preview:-1"},"canonical":"https:\/\/positiveprints.com\/es\/producto\/mama-a-larga-distancia\/","og_locale":"es_ES","og_type":"article","og_title":"Mam\u00e1 a larga distancia","og_description":"Mu\u00e9strale a tu mam\u00e1 cu\u00e1n importante es: marca los lugares especiales que los conectan, incluso si la distancia los separa Marca direcciones exactas con el s\u00edmbolo de tu elecci\u00f3n Personal\u00edzalo en tres sencillos pasos Incluye un texto personalizado Ve el resultado de inmediato: la vista previa interactiva te permite perfeccionar cada detalle","og_url":"https:\/\/positiveprints.com\/es\/producto\/mama-a-larga-distancia\/","og_site_name":"Positive Prints","article_publisher":"https:\/\/www.facebook.com\/positiveprintscom","article_modified_time":"2026-04-23T10:52:00+00:00","og_image":[{"width":1080,"height":1080,"url":"https:\/\/positiveprints.com\/wp-content\/uploads\/2023\/04\/Mama-a-larga-distancia.jpg","type":"image\/jpeg"}],"twitter_card":"summary_large_image","twitter_misc":{"Tiempo de lectura":"2 minutos"},"schema":{"@context":"https:\/\/schema.org","@graph":[{"@type":["WebPage","ItemPage"],"@id":"https:\/\/positiveprints.com\/es\/producto\/mama-a-larga-distancia\/","url":"https:\/\/positiveprints.com\/es\/producto\/mama-a-larga-distancia\/","name":"Mam\u00e1 a larga distancia - Regalo para Mam\u00e1 - Positive Prints","isPartOf":{"@id":"https:\/\/positiveprints.com\/es\/#website"},"primaryImageOfPage":{"@id":"https:\/\/positiveprints.com\/es\/producto\/mama-a-larga-distancia\/#primaryimage"},"image":{"@id":"https:\/\/positiveprints.com\/es\/producto\/mama-a-larga-distancia\/#primaryimage"},"thumbnailUrl":"https:\/\/positiveprints.com\/wp-content\/uploads\/2025\/02\/Mama\u0301-a-larga-distancia-1.webp","datePublished":"2022-01-25T20:10:25+00:00","dateModified":"2026-04-23T10:52:00+00:00","description":"Crea un mapa que muestre el hogar actual de cada hijo o todos los hogares en los que han vivido a lo largo de su infancia.","breadcrumb":{"@id":"https:\/\/positiveprints.com\/es\/producto\/mama-a-larga-distancia\/#breadcrumb"},"inLanguage":"es","potentialAction":[{"@type":"ReadAction","target":["https:\/\/positiveprints.com\/es\/producto\/mama-a-larga-distancia\/"]}]},{"@type":"ImageObject","inLanguage":"es","@id":"https:\/\/positiveprints.com\/es\/producto\/mama-a-larga-distancia\/#primaryimage","url":"https:\/\/positiveprints.com\/wp-content\/uploads\/2025\/02\/Mama\u0301-a-larga-distancia-1.webp","contentUrl":"https:\/\/positiveprints.com\/wp-content\/uploads\/2025\/02\/Mama\u0301-a-larga-distancia-1.webp","width":1450,"height":1450},{"@type":"BreadcrumbList","@id":"https:\/\/positiveprints.com\/es\/producto\/mama-a-larga-distancia\/#breadcrumb","itemListElement":[{"@type":"ListItem","position":1,"name":"CASA","item":"https:\/\/positiveprints.com\/es\/"},{"@type":"ListItem","position":2,"name":"Productos","item":"https:\/\/positiveprints.com\/es\/shop\/"},{"@type":"ListItem","position":3,"name":"Mam\u00e1 a larga distancia"}]},{"@type":"WebSite","@id":"https:\/\/positiveprints.com\/es\/#website","url":"https:\/\/positiveprints.com\/es\/","name":"Positive Prints","description":"Custom Gifts for Special Occasions","publisher":{"@id":"https:\/\/positiveprints.com\/es\/#organization"},"potentialAction":[{"@type":"SearchAction","target":{"@type":"EntryPoint","urlTemplate":"https:\/\/positiveprints.com\/es\/?s={search_term_string}"},"query-input":{"@type":"PropertyValueSpecification","valueRequired":true,"valueName":"search_term_string"}}],"inLanguage":"es"},{"@type":"Organization","@id":"https:\/\/positiveprints.com\/es\/#organization","name":"Positive Prints","alternateName":"Positive Prints ","url":"https:\/\/positiveprints.com\/es\/","logo":{"@type":"ImageObject","inLanguage":"es","@id":"https:\/\/positiveprints.com\/es\/#\/schema\/logo\/image\/","url":"https:\/\/positiveprints.com\/wp-content\/uploads\/2026\/03\/245815646_1337939713319158_5671353136411139666_n.png","contentUrl":"https:\/\/positiveprints.com\/wp-content\/uploads\/2026\/03\/245815646_1337939713319158_5671353136411139666_n.png","width":800,"height":800,"caption":"Positive Prints"},"image":{"@id":"https:\/\/positiveprints.com\/es\/#\/schema\/logo\/image\/"},"sameAs":["https:\/\/www.facebook.com\/positiveprintscom","https:\/\/www.instagram.com\/positiveprintscom\/","https:\/\/www.tiktok.com\/@positiveprintscom","https:\/\/www.pinterest.com\/positiveprintscom\/"]}]}},"jetpack_sharing_enabled":true,"_links":{"self":[{"href":"https:\/\/positiveprints.com\/es\/wp-json\/wp\/v2\/product\/244719","targetHints":{"allow":["GET"]}}],"collection":[{"href":"https:\/\/positiveprints.com\/es\/wp-json\/wp\/v2\/product"}],"about":[{"href":"https:\/\/positiveprints.com\/es\/wp-json\/wp\/v2\/types\/product"}],"wp:featuredmedia":[{"embeddable":true,"href":"https:\/\/positiveprints.com\/es\/wp-json\/wp\/v2\/media\/1347930"}],"wp:attachment":[{"href":"https:\/\/positiveprints.com\/es\/wp-json\/wp\/v2\/media?parent=244719"}],"wp:term":[{"taxonomy":"product_brand","embeddable":true,"href":"https:\/\/positiveprints.com\/es\/wp-json\/wp\/v2\/product_brand?post=244719"},{"taxonomy":"product_cat","embeddable":true,"href":"https:\/\/positiveprints.com\/es\/wp-json\/wp\/v2\/product_cat?post=244719"},{"taxonomy":"product_tag","embeddable":true,"href":"https:\/\/positiveprints.com\/es\/wp-json\/wp\/v2\/product_tag?post=244719"}],"curies":[{"name":"wp","href":"https:\/\/api.w.org\/{rel}","templated":true}]}}