{"id":21323,"date":"2020-06-18T21:24:37","date_gmt":"2020-06-18T20:24:37","guid":{"rendered":"https:\/\/positiveprints.com\/product\/el-cartel-de-nacimiento\/"},"modified":"2026-04-18T09:16:22","modified_gmt":"2026-04-18T08:16:22","slug":"cuadro-nacimiento-bebe","status":"publish","type":"product","link":"https:\/\/positiveprints.com\/es\/producto\/cuadro-nacimiento-bebe\/","title":{"rendered":"Cuadro Nacimiento Beb\u00e9"},"content":{"rendered":"<p>Cuadro nacimiento beb\u00e9 ajustado a la longitud real de su hijo al nacer, es un recuerdo perfecto de por vida del momento en que vio a su beb\u00e9 por primera vez.Los bocetos de beb\u00e9s se pueden entregar como un archivo digital listo para imprimir o como un p\u00f3ster impreso. <\/p>\r\n\r\n<h2 class=\"grenB f24 cblue\" style=\"margin-top: 3rem\">\u00bfQu\u00e9 es un cartel de nacimiento?<\/h2>\r\n\r\n<p style=\"margin-top: 1rem\">Cada p\u00f3ster de nacimiento tiene un dise\u00f1o limpio y minimalista que seguramente combinar\u00e1 con la decoraci\u00f3n de cualquier habitaci\u00f3n. Cada impresi\u00f3n de p\u00f3ster de nacimiento tiene el nombre del beb\u00e9, la fecha de nacimiento, su altura y peso al nacer impresos en una elegante tipograf\u00eda con texto personalizado en la parte inferior. \u00bfFuiste bendecido con gemelos o incluso trillizos? H\u00f3nralos a todos en una sola pieza art\u00edstica con nuestros p\u00f3sters de dos o tres beb\u00e9s.<\/p>\r\n\r\n<h2 class=\"grenB f24 cblue\" style=\"margin-top: 3rem\">\u00bfPor qu\u00e9 crear un p\u00f3ster para beb\u00e9s en escala 1: 1?<\/h2>\r\n\r\n<p style=\"margin-top: 1rem\">Un p\u00f3ster de beb\u00e9 es <a href=\"https:\/\/positiveprints.com\/es\/emotivos-regalos-para-nuevos-padres\/\">el regalo perfecto para nuevos padres<\/a>. O adquiere uno para que honres el momento en que lleg\u00f3 tu beb\u00e9 al mundo. Tambi\u00e9n puede ser un regalo perfecto y \u00fanico para dar la bienvenida al nuevo miembro de la familia. \u00bfPreocupado por los tiempos de env\u00edo? \u00bfNecesitas un regalo de \u00faltima hora? Los archivos digitales est\u00e1n inmediatamente disponibles para su descarga al momento de la compra. Los archivos digitales est\u00e1n preparados para imprimir a 50 x 70 cm, 18 x 24 pulgadas, 20 x 30 pulgadas o 24 x 36 pulgadas para plasmar la longitud del beb\u00e9 con precisi\u00f3n.<\/p>\r\n\r\n<h2 class=\"grenB f24 cblue\" style=\"margin-top: 3rem\">P\u00f3ster de tama\u00f1o de nacimiento del beb\u00e9 impreso de alta calidad<\/h2>\r\n\r\n<p style=\"margin-top: 1rem\">Imprimimos nuestros carteles de tama\u00f1o natural en papel mate de alta calidad (200 g), por lo que se ver\u00e1 genial por muchos a\u00f1os, sin importar d\u00f3nde o c\u00f3mo lo uses. A medida que dise\u00f1es el p\u00f3ster de tu beb\u00e9 en l\u00ednea, tendr\u00e1s una vista previa inmediata del resultado final para que puedas asegurar que toda la informaci\u00f3n y el tama\u00f1o sean correctos antes de imprimir y enviar. Una vez que hayas realizado tu pedido en l\u00ednea, tu p\u00f3ster de nacimiento se imprimir\u00e1 y se enviar\u00e1 en un plazo de cuatro d\u00edas. La imagen est\u00e1 impresa en el p\u00f3ster en una escala perfecta de 1:1 para que se muestre con precisi\u00f3n el tama\u00f1o de tu hijo.<\/p>\r\n\r\n<h2 class=\"grenB f24 cblue\" style=\"margin-top: 3rem\">Personaliza tu p\u00f3ster de nacimiento<\/h2>\r\n\r\n<p style=\"margin-top: 1rem\">Cada p\u00f3ster de beb\u00e9 personalizado se hace sobre pedido y se personaliza con el nombre del beb\u00e9 y la informaci\u00f3n de nacimiento, que incluye:\r\n<ul>\r\n<li>Fecha \/ hora de nacimiento<\/li>\r\n<li>Peso al nacer (en libras \/ onzas o kilogramos)<\/li>\r\n<li>Altura al nacer (en pulgadas \/ cent\u00edmetros)<\/li>\r\n<\/ul><\/p>","protected":false},"excerpt":{"rendered":"<ul class=\"check-list\">\n<li>Preserva recuerdos con un p\u00f3ster de nacimiento: un regalo \u00fanico que cualquier padre atesorar\u00e1 por siempre<\/li>\n<li>Conmemora los detalles del nacimiento, como nombre, fecha, altura y peso<\/li>\n<li>Elige siete ilustraciones y col\u00f3calas a escala 1:1, similar a la altura del beb\u00e9<\/li>\n<li>Ve el resultado de inmediato: la vista previa interactiva te permite perfeccionar cada detalle<\/li>\n<\/ul>\n","protected":false},"featured_media":1528009,"template":"","meta":[],"product_brand":[],"product_cat":[7597,265,3128,8250,1416,5254,7821,11220,11219],"product_tag":[8457,9477,9488],"class_list":{"0":"post-21323","1":"product","2":"type-product","3":"status-publish","4":"has-post-thumbnail","6":"product_cat-regalos-de-bautismo","7":"product_cat-creators-es-2","8":"product_cat-regalos-de-cumpleanos","9":"product_cat-digital-products-es","10":"product_cat-infant-es","11":"product_cat-regalos-de-nacimiento-de-bebe","12":"product_cat-regalos-para-padres-primerizos","13":"product_cat-regalos-de-cumpleanos-para-hombres","14":"product_cat-regalos-de-cumpleanos-para-mujeres","15":"product_tag-new-parents-es","16":"product_tag-poster-bebe","17":"product_tag-recien-nacido","19":"first","20":"instock","21":"sale","22":"taxable","23":"shipping-taxable","24":"purchasable","25":"product-type-variable"},"yoast_head":"<!-- This site is optimized with the Yoast SEO Premium plugin v27.2 (Yoast SEO v27.2) - https:\/\/yoast.com\/product\/yoast-seo-premium-wordpress\/ -->\n<title>Cuadro nacimiento beb\u00e9 [Env\u00edo gratis] - Positive Prints<\/title>\n<meta name=\"description\" content=\"Crea un cuadro nacimiento beb\u00e9 a escala 1: 1 para recordar este milagro del nacimiento y decora tu hogar con \u00e9l.\" \/>\n<meta name=\"robots\" content=\"index, follow, max-snippet:-1, max-image-preview:large, max-video-preview:-1\" \/>\n<link rel=\"canonical\" href=\"https:\/\/positiveprints.com\/es\/producto\/cuadro-nacimiento-bebe\/\" \/>\n<meta property=\"og:locale\" content=\"es_ES\" \/>\n<meta property=\"og:type\" content=\"article\" \/>\n<meta property=\"og:title\" content=\"Cuadro Nacimiento Beb\u00e9\" \/>\n<meta property=\"og:description\" content=\"Preserva recuerdos con un p\u00f3ster de nacimiento: un regalo \u00fanico que cualquier padre atesorar\u00e1 por siempre  Conmemora los detalles del nacimiento, como nombre, fecha, altura y peso  Elige siete ilustraciones y col\u00f3calas a escala 1:1, similar a la altura del beb\u00e9  Ve el resultado de inmediato: la vista previa interactiva te permite perfeccionar cada detalle\" \/>\n<meta property=\"og:url\" content=\"https:\/\/positiveprints.com\/es\/producto\/cuadro-nacimiento-bebe\/\" \/>\n<meta property=\"og:site_name\" content=\"Positive Prints\" \/>\n<meta property=\"article:publisher\" content=\"https:\/\/www.facebook.com\/positiveprintscom\" \/>\n<meta property=\"article:modified_time\" content=\"2026-04-18T08:16:22+00:00\" \/>\n<meta property=\"og:image\" content=\"https:\/\/positiveprints.com\/wp-content\/uploads\/2022\/05\/poster-nacimiento.jpg\" \/>\n\t<meta property=\"og:image:width\" content=\"1080\" \/>\n\t<meta property=\"og:image:height\" content=\"1080\" \/>\n\t<meta property=\"og:image:type\" content=\"image\/jpeg\" \/>\n<meta name=\"twitter:card\" content=\"summary_large_image\" \/>\n<meta name=\"twitter:label1\" content=\"Tiempo de lectura\" \/>\n\t<meta name=\"twitter:data1\" content=\"3 minutos\" \/>\n<!-- \/ Yoast SEO Premium plugin. -->","yoast_head_json":{"title":"Cuadro nacimiento beb\u00e9 [Env\u00edo gratis] - Positive Prints","description":"Crea un cuadro nacimiento beb\u00e9 a escala 1: 1 para recordar este milagro del nacimiento y decora tu hogar con \u00e9l.","robots":{"index":"index","follow":"follow","max-snippet":"max-snippet:-1","max-image-preview":"max-image-preview:large","max-video-preview":"max-video-preview:-1"},"canonical":"https:\/\/positiveprints.com\/es\/producto\/cuadro-nacimiento-bebe\/","og_locale":"es_ES","og_type":"article","og_title":"Cuadro Nacimiento Beb\u00e9","og_description":"Preserva recuerdos con un p\u00f3ster de nacimiento: un regalo \u00fanico que cualquier padre atesorar\u00e1 por siempre  Conmemora los detalles del nacimiento, como nombre, fecha, altura y peso  Elige siete ilustraciones y col\u00f3calas a escala 1:1, similar a la altura del beb\u00e9  Ve el resultado de inmediato: la vista previa interactiva te permite perfeccionar cada detalle","og_url":"https:\/\/positiveprints.com\/es\/producto\/cuadro-nacimiento-bebe\/","og_site_name":"Positive Prints","article_publisher":"https:\/\/www.facebook.com\/positiveprintscom","article_modified_time":"2026-04-18T08:16:22+00:00","og_image":[{"width":1080,"height":1080,"url":"https:\/\/positiveprints.com\/wp-content\/uploads\/2022\/05\/poster-nacimiento.jpg","type":"image\/jpeg"}],"twitter_card":"summary_large_image","twitter_misc":{"Tiempo de lectura":"3 minutos"},"schema":{"@context":"https:\/\/schema.org","@graph":[{"@type":["WebPage","ItemPage"],"@id":"https:\/\/positiveprints.com\/es\/producto\/cuadro-nacimiento-bebe\/","url":"https:\/\/positiveprints.com\/es\/producto\/cuadro-nacimiento-bebe\/","name":"Cuadro nacimiento beb\u00e9 [Env\u00edo gratis] - Positive Prints","isPartOf":{"@id":"https:\/\/positiveprints.com\/es\/#website"},"primaryImageOfPage":{"@id":"https:\/\/positiveprints.com\/es\/producto\/cuadro-nacimiento-bebe\/#primaryimage"},"image":{"@id":"https:\/\/positiveprints.com\/es\/producto\/cuadro-nacimiento-bebe\/#primaryimage"},"thumbnailUrl":"https:\/\/positiveprints.com\/wp-content\/uploads\/2025\/09\/Packshot_ES_Cuadro-Nacimiento-Bebe\u0301.webp","datePublished":"2020-06-18T20:24:37+00:00","dateModified":"2026-04-18T08:16:22+00:00","description":"Crea un cuadro nacimiento beb\u00e9 a escala 1: 1 para recordar este milagro del nacimiento y decora tu hogar con \u00e9l.","breadcrumb":{"@id":"https:\/\/positiveprints.com\/es\/producto\/cuadro-nacimiento-bebe\/#breadcrumb"},"inLanguage":"es","potentialAction":[{"@type":"ReadAction","target":["https:\/\/positiveprints.com\/es\/producto\/cuadro-nacimiento-bebe\/"]}]},{"@type":"ImageObject","inLanguage":"es","@id":"https:\/\/positiveprints.com\/es\/producto\/cuadro-nacimiento-bebe\/#primaryimage","url":"https:\/\/positiveprints.com\/wp-content\/uploads\/2025\/09\/Packshot_ES_Cuadro-Nacimiento-Bebe\u0301.webp","contentUrl":"https:\/\/positiveprints.com\/wp-content\/uploads\/2025\/09\/Packshot_ES_Cuadro-Nacimiento-Bebe\u0301.webp","width":1450,"height":1450,"caption":"Packshot_ES_Cuadro Nacimiento Bebe\u0301"},{"@type":"BreadcrumbList","@id":"https:\/\/positiveprints.com\/es\/producto\/cuadro-nacimiento-bebe\/#breadcrumb","itemListElement":[{"@type":"ListItem","position":1,"name":"CASA","item":"https:\/\/positiveprints.com\/es\/"},{"@type":"ListItem","position":2,"name":"Productos","item":"https:\/\/positiveprints.com\/es\/shop\/"},{"@type":"ListItem","position":3,"name":"Cuadro Nacimiento Beb\u00e9"}]},{"@type":"WebSite","@id":"https:\/\/positiveprints.com\/es\/#website","url":"https:\/\/positiveprints.com\/es\/","name":"Positive Prints","description":"Custom Gifts for Special Occasions","publisher":{"@id":"https:\/\/positiveprints.com\/es\/#organization"},"potentialAction":[{"@type":"SearchAction","target":{"@type":"EntryPoint","urlTemplate":"https:\/\/positiveprints.com\/es\/?s={search_term_string}"},"query-input":{"@type":"PropertyValueSpecification","valueRequired":true,"valueName":"search_term_string"}}],"inLanguage":"es"},{"@type":"Organization","@id":"https:\/\/positiveprints.com\/es\/#organization","name":"Positive Prints","alternateName":"Positive Prints","url":"https:\/\/positiveprints.com\/es\/","logo":{"@type":"ImageObject","inLanguage":"es","@id":"https:\/\/positiveprints.com\/es\/#\/schema\/logo\/image\/","url":"https:\/\/positiveprints.com\/wp-content\/uploads\/2026\/03\/245815646_1337939713319158_5671353136411139666_n.png","contentUrl":"https:\/\/positiveprints.com\/wp-content\/uploads\/2026\/03\/245815646_1337939713319158_5671353136411139666_n.png","width":800,"height":800,"caption":"Positive Prints"},"image":{"@id":"https:\/\/positiveprints.com\/es\/#\/schema\/logo\/image\/"},"sameAs":["https:\/\/www.facebook.com\/positiveprintscom","https:\/\/www.instagram.com\/positiveprintscom\/","https:\/\/www.tiktok.com\/@positiveprintscom","https:\/\/www.pinterest.com\/positiveprintscom\/"]}]}},"jetpack_sharing_enabled":true,"_links":{"self":[{"href":"https:\/\/positiveprints.com\/es\/wp-json\/wp\/v2\/product\/21323","targetHints":{"allow":["GET"]}}],"collection":[{"href":"https:\/\/positiveprints.com\/es\/wp-json\/wp\/v2\/product"}],"about":[{"href":"https:\/\/positiveprints.com\/es\/wp-json\/wp\/v2\/types\/product"}],"wp:featuredmedia":[{"embeddable":true,"href":"https:\/\/positiveprints.com\/es\/wp-json\/wp\/v2\/media\/1528009"}],"wp:attachment":[{"href":"https:\/\/positiveprints.com\/es\/wp-json\/wp\/v2\/media?parent=21323"}],"wp:term":[{"taxonomy":"product_brand","embeddable":true,"href":"https:\/\/positiveprints.com\/es\/wp-json\/wp\/v2\/product_brand?post=21323"},{"taxonomy":"product_cat","embeddable":true,"href":"https:\/\/positiveprints.com\/es\/wp-json\/wp\/v2\/product_cat?post=21323"},{"taxonomy":"product_tag","embeddable":true,"href":"https:\/\/positiveprints.com\/es\/wp-json\/wp\/v2\/product_tag?post=21323"}],"curies":[{"name":"wp","href":"https:\/\/api.w.org\/{rel}","templated":true}]}}