{"id":21021,"date":"2019-10-02T17:05:56","date_gmt":"2019-10-02T16:05:56","guid":{"rendered":"https:\/\/positiveprints.com\/product\/su-obra-lunar-personalizada-2\/"},"modified":"2026-04-19T01:27:23","modified_gmt":"2026-04-19T00:27:23","slug":"cuadro-de-luna","status":"publish","type":"product","link":"https:\/\/positiveprints.com\/es\/producto\/cuadro-de-luna\/","title":{"rendered":"Fase Lunar Personalizada"},"content":{"rendered":"<p><span style=\"font-weight: 400;\">Cuadro de luna personalizado que guarda recuerdos de tus\u00a0 noches favoritas. \u00a1Ahora puedes brindar homenaje a\u00a0 tus momentos m\u00e1s brillantes y a tus mejores recuerdos bajo el cielo de ese d\u00eda !<\/span><\/p>\n<h2>Cuadro de Luna Personalizado de cualquier fecha y lugar<\/h2>\n<p><span style=\"font-weight: 400;\">\u00a1Honra el lugar m\u00e1s brillante del cielo nocturno con un p\u00f3ster personalizado de la fase lunar! Galileo dijo mientras miraba a trav\u00e9s de su telescopio: &#8220;Es un espect\u00e1culo hermoso y delicioso contemplar el cuerpo de la Luna&#8221;. Ahora puedes\u00a0 compartir la belleza del paisaje lunar con un\u00a0 mapa lunar personalizado. La luna juega un papel poderoso en nuestras vidas, desde controlar el flujo de las mareas hasta arrojar luz en la oscuridad. Con datos astron\u00f3micos, puedes\u00a0 crear una impresi\u00f3n de p\u00f3ster de fases lunares basada en cualquier fecha y ubicaci\u00f3n. \u00bfQuieres recordar c\u00f3mo era la luna en tu noche de bodas? \u00bfO el cielo cuando naci\u00f3 tu hijo? Un mapa lunar personalizado hace que sea uno de los regalos m\u00e1s incre\u00edbles y con un toque personalizado.\u00a0 Tambi\u00e9n se ve incre\u00edble cuando se combina con un <\/span><a href=\"https:\/\/positiveprints.com\/es\/producto\/mapa-estelar-personalizado\/\"><span style=\"font-weight: 400;\">mapa de estrellas personalizado<\/span><\/a><span style=\"font-weight: 400;\">.<\/span><\/p>\n<h2>\u00bfEst\u00e1s buscando regalos lunares? El p\u00f3ster digital mapa lunar personalizado es el regalo perfecto de \u00faltimo minuto<\/h2>\n<p><span style=\"font-weight: 400;\">\u00bfDe camino al hospital para dar la bienvenida al mundo a un nuevo familiar? Ahora, siempre puedes recordar la noche en que naci\u00f3 alguien con su cartel del ciclo lunar. Con solo unos pocos clics, su impresi\u00f3n lunar personalizada estar\u00e1 lista para enviarse a cualquier parte del mundo en unos pocos d\u00edas. \u00bfLo necesitas de inmediato? Selecciona\u00a0 una descarga instant\u00e1nea para que su imprenta local coloque su dise\u00f1o f\u00e1cilmente en vidrio, madera o incluso en una camiseta. Impresi\u00f3n de luna personalizada para mostrar la apariencia de la luna en una fecha y ubicaci\u00f3n determinada.\u00a0\u00a0<\/span><\/p>\n<h2>Tu propio p\u00f3ster de luna personalizado<\/h2>\n<p><span style=\"font-weight: 400;\">Del mar de la serenidad al hombre de la luna. Nuestro vecino celestial m\u00e1s cercano cuenta una historia diferente a todos los que se toman el tiempo de\u00a0 mirar hacia arriba. Utilizando datos astron\u00f3micos altamente precisos\u00a0 con nuestra aplicaci\u00f3n de creaci\u00f3n art\u00edstica , puedes\u00a0 seleccionar la fecha y ubicaci\u00f3n, uno de los cinco esquemas de color de fondo (cielo nocturno, negro, blanco, azul marino o beige) e incluso a\u00f1adir\u00a0 un mensaje personalizado a tu luna. \u00a1Nunca olvidar\u00e1s lo bonita y especial que estuvo\u00a0 la luna esa noche!<\/span><\/p>\n<h2>Ponte c\u00f3modo con el cuadro de luna: \u00a1es una almohada!<\/h2>\n<p><span style=\"font-weight: 400;\">Cuando sale la luna, es hora de irse a la cama. No importa cu\u00e1l sea tu\u00a0 hora de dormir, puedes\u00a0 conmemorar cualquier noche de la historia imprimiendo una fase lunar como una almohada personalizada. La almohada de 18 x 18 pulgadas es\u00a0 un detalle\u00a0 perfecto para cualquier dormitorio o un complemento c\u00f3modo para un sof\u00e1 o sill\u00f3n.\u00a0<\/span><\/p>\n<h2>Obtenga un p\u00f3ster de la luna impreso, enmarcado o digital<\/h2>\n<ul>\n<li style=\"font-weight: 400;\" aria-level=\"1\"><span style=\"font-weight: 400;\">Los carteles de luna impresos est\u00e1n disponibles en orientaci\u00f3n horizontal y vertical. Aceptamos la mayor\u00eda de los tama\u00f1os de p\u00f3ster, incluidos 16 x 12, 36 x 24 y 24 x 18 pulgadas o 100 x 70, 70 x 50 y 40 x 30 cm. Los carteles de la fase lunar est\u00e1n impresos en cartulina de alta calidad para facilitar el encuadre.<\/span><\/li>\n<li style=\"font-weight: 400;\" aria-level=\"1\"><span style=\"font-weight: 400;\">Las almohadas Throw Moon son de 45,72 x 45,72 cm (18 x 18 pulgadas). Las fundas de almohada se pueden lavar a m\u00e1quina y est\u00e1n hechas con poli\u00e9ster de alta calidad con un c\u00f3modo tacto de lino. Las inserciones de las almohadas se pueden lavar a mano y son 100% <\/span><a href=\"https:\/\/es.wikipedia.org\/wiki\/Poli%C3%A9ster\"><span style=\"font-weight: 400;\">poli\u00e9ster<\/span><\/a><span style=\"font-weight: 400;\">.<\/span><\/li>\n<li style=\"font-weight: 400;\" aria-level=\"1\"><span style=\"font-weight: 400;\">Las descargas instant\u00e1neas de impresiones lunares digitales se entregan como archivos .png. La mayor\u00eda de los impresores profesionales podr\u00e1n trabajar con las proporciones proporcionadas para escalar su p\u00f3ster de ciclo lunar personalizado a su tama\u00f1o ideal. Recomendamos imprimir en 180 g \/ m2. papel mate para obtener los mejores resultados.<\/span><\/li>\n<\/ul>\n<p><span style=\"font-weight: 400;\">\u00bfBusca un regalo para los padres de un beb\u00e9 reci\u00e9n nacido? Echa un vistazo a nuestro incre\u00edble <\/span><a href=\"https:\/\/positiveprints.com\/es\/producto\/cuadro-nacimiento-bebe\/\"><span style=\"font-weight: 400;\">p\u00f3ster de nacimiento<\/span><\/a><span style=\"font-weight: 400;\">.<\/span><\/p><h2 class=\"wp-block-heading\" id=\"h-preguntas-frecuentes\"><strong>Preguntas Frecuentes<\/strong><\/h2><details class=\"wp-block-details is-layout-flow wp-block-details-is-layout-flow\"><summary><strong>\u00bfQu\u00e9 es una Fase Lunar Personalizada?<\/strong><\/summary><p>Una Fase Lunar Personalizada es un p\u00f3ster que recrea la Luna exacta de una fecha y lugar espec\u00edficos. Espec\u00edficamente, muestra la fase lunar real utilizando datos astron\u00f3micos para m\u00e1xima precisi\u00f3n. Por lo tanto , revive ese momento especial capturando la belleza del paisaje lunar.\u200b<\/p><\/details><details class=\"wp-block-details is-layout-flow wp-block-details-is-layout-flow\"><summary><strong>\u00bfEs un cuadro personalizado?<\/strong><\/summary><p>S\u00ed, cada cuadro es completamente personalizado. De hecho, seleccionas la fecha y el sistema genera la fase lunar exacta autom\u00e1ticamente. Adem\u00e1s, agregas la sombra de la Luna, nombres y mensajes personalizados t\u00fa mismo. As\u00ed mismo , la vista previa interactiva te permite perfeccionar&nbsp; cada detalle en tiempo real.\u200b<\/p><\/details><details class=\"wp-block-details is-layout-flow wp-block-details-is-layout-flow\"><summary><strong>\u00bfPor qu\u00e9 es el regalo perfecto para parejas?<\/strong><\/summary><p>Es el regalo perfecto porque celebra momentos \u00fanicos con un toque po\u00e9tico y refinado. Es&nbsp; un s\u00edmbolo poderoso de transformaci\u00f3n que conecta con el universo. Por lo tanto , es un recuerdo inolvidable que atesorar\u00e1n para siempre.\u200b<\/p><\/details><details class=\"wp-block-details is-layout-flow wp-block-details-is-layout-flow\"><summary><strong>\u00bfC\u00f3mo crear mi Fase Lunar Personalizada?<\/strong><\/summary><p>Crear tu cuadro se hace en tres pasos. En primer lugar , selecciona dise\u00f1o y esquema de color de fondo preferido. Luego, introduce fecha, ubicaci\u00f3n y mensaje personalizado con nombres. Finalmente, elige formato de impresi\u00f3n, enmarcado o descarga digital.\u200b<\/p><\/details><details class=\"wp-block-details is-layout-flow wp-block-details-is-layout-flow\"><summary><strong>\u00bfPara qu\u00e9 ocasiones es perfecto este cuadro?<\/strong><\/summary><p>Este cuadro es perfecto para bodas, aniversarios, nacimientos y cumplea\u00f1os. Adem\u00e1s, es ideal para celebrar fechas especiales como el primer beso o la pedida. Es&nbsp; excelente para cualquier evento importante de tu vida.\u200b<\/p><\/details><details class=\"wp-block-details is-layout-flow wp-block-details-is-layout-flow\"><summary><strong>\u00bfEn cu\u00e1nto tiempo puedo recibir mi cuadro?<\/strong><\/summary><p>Para un regalo r\u00e1pido , elige nuestra descarga digital instant\u00e1nea, un archivo JPEG de alta resoluci\u00f3n 300 dpi que puedes imprimir t\u00fa mismo. Sin embargo, contamos con productos f\u00edsicos que imprimimos y enviamos localmente desde nuestros centros en Australia, Canad\u00e1, Estados Unidos, Reino Unido y Europa. Esto garantiza una entrega r\u00e1pida y confiable, normalmente en pocos d\u00edas.<\/p><\/details>","protected":false},"excerpt":{"rendered":"<ul class=\"check-list\">\n<li>Agrega la sombra de la Luna<\/li>\n<li>Usa nuestro editor para personalizar tu dise\u00f1o en apenas tres pasos<\/li>\n<li>Elige entre una gran variedad de dise\u00f1os<\/li>\n<li>Visualiza tu dise\u00f1o de forma r\u00e1pida usando la vista previa interactiva<\/li>\n<\/ul>\n","protected":false},"featured_media":1688295,"template":"","meta":[],"product_brand":[],"product_cat":[15850,9280,15115,8250,265,7213,7933],"product_tag":[15727,14920,10924,9798,13733],"class_list":{"0":"post-21021","1":"product","2":"type-product","3":"status-publish","4":"has-post-thumbnail","6":"product_cat-shop-bestsellers-es","7":"product_cat-bestsellers-label-es","8":"product_cat-bestsellers-menu-es","9":"product_cat-digital-products-es","10":"product_cat-creators-es-2","11":"product_cat-moon-es","12":"product_cat-regalos-para-despedidas-de-soltera","13":"product_tag-christmas-present-es","14":"product_tag-creators-es-2","15":"product_tag-fase-lunar","16":"product_tag-luna-es","17":"product_tag-luna-es-2","19":"first","20":"instock","21":"sale","22":"taxable","23":"shipping-taxable","24":"purchasable","25":"product-type-variable"},"yoast_head":"<!-- This site is optimized with the Yoast SEO Premium plugin v27.2 (Yoast SEO v27.2) - https:\/\/yoast.com\/product\/yoast-seo-premium-wordpress\/ -->\n<title>Fase Lunar Personalizada - Positive Prints<\/title>\n<meta name=\"description\" content=\"Crea un impresionante cuadro de la Luna personalizado. Descubre c\u00f3mo se ve\u00eda la Luna en ese d\u00eda tan especial. El perfecto regalo de aniversario.\" \/>\n<meta name=\"robots\" content=\"index, follow, max-snippet:-1, max-image-preview:large, max-video-preview:-1\" \/>\n<link rel=\"canonical\" href=\"https:\/\/positiveprints.com\/es\/producto\/cuadro-de-luna\/\" \/>\n<meta property=\"og:locale\" content=\"es_ES\" \/>\n<meta property=\"og:type\" content=\"article\" \/>\n<meta property=\"og:title\" content=\"Fase Lunar Personalizada\" \/>\n<meta property=\"og:description\" content=\"Agrega la sombra de la Luna    Usa nuestro editor para personalizar tu dise\u00f1o en apenas tres pasos    Elige entre una gran variedad de dise\u00f1os    Visualiza tu dise\u00f1o de forma r\u00e1pida usando la vista previa interactiva\" \/>\n<meta property=\"og:url\" content=\"https:\/\/positiveprints.com\/es\/producto\/cuadro-de-luna\/\" \/>\n<meta property=\"og:site_name\" content=\"Positive Prints\" \/>\n<meta property=\"article:publisher\" content=\"https:\/\/www.facebook.com\/positiveprintscom\" \/>\n<meta property=\"article:modified_time\" content=\"2026-04-19T00:27:23+00:00\" \/>\n<meta property=\"og:image\" content=\"https:\/\/positiveprints.com\/wp-content\/uploads\/2024\/10\/Packshot_ES_Personalized-Moon-Phase-product-image.webp\" \/>\n\t<meta property=\"og:image:width\" content=\"1450\" \/>\n\t<meta property=\"og:image:height\" content=\"1450\" \/>\n\t<meta property=\"og:image:type\" content=\"image\/webp\" \/>\n<meta name=\"twitter:card\" content=\"summary_large_image\" \/>\n<meta name=\"twitter:label1\" content=\"Tiempo de lectura\" \/>\n\t<meta name=\"twitter:data1\" content=\"5 minutos\" \/>\n<!-- \/ Yoast SEO Premium plugin. -->","yoast_head_json":{"title":"Fase Lunar Personalizada - Positive Prints","description":"Crea un impresionante cuadro de la Luna personalizado. Descubre c\u00f3mo se ve\u00eda la Luna en ese d\u00eda tan especial. El perfecto regalo de aniversario.","robots":{"index":"index","follow":"follow","max-snippet":"max-snippet:-1","max-image-preview":"max-image-preview:large","max-video-preview":"max-video-preview:-1"},"canonical":"https:\/\/positiveprints.com\/es\/producto\/cuadro-de-luna\/","og_locale":"es_ES","og_type":"article","og_title":"Fase Lunar Personalizada","og_description":"Agrega la sombra de la Luna    Usa nuestro editor para personalizar tu dise\u00f1o en apenas tres pasos    Elige entre una gran variedad de dise\u00f1os    Visualiza tu dise\u00f1o de forma r\u00e1pida usando la vista previa interactiva","og_url":"https:\/\/positiveprints.com\/es\/producto\/cuadro-de-luna\/","og_site_name":"Positive Prints","article_publisher":"https:\/\/www.facebook.com\/positiveprintscom","article_modified_time":"2026-04-19T00:27:23+00:00","og_image":[{"width":1450,"height":1450,"url":"https:\/\/positiveprints.com\/wp-content\/uploads\/2024\/10\/Packshot_ES_Personalized-Moon-Phase-product-image.webp","type":"image\/webp"}],"twitter_card":"summary_large_image","twitter_misc":{"Tiempo de lectura":"5 minutos"},"schema":{"@context":"https:\/\/schema.org","@graph":[{"@type":["WebPage","ItemPage"],"@id":"https:\/\/positiveprints.com\/es\/producto\/cuadro-de-luna\/","url":"https:\/\/positiveprints.com\/es\/producto\/cuadro-de-luna\/","name":"Fase Lunar Personalizada - Positive Prints","isPartOf":{"@id":"https:\/\/positiveprints.com\/es\/#website"},"primaryImageOfPage":{"@id":"https:\/\/positiveprints.com\/es\/producto\/cuadro-de-luna\/#primaryimage"},"image":{"@id":"https:\/\/positiveprints.com\/es\/producto\/cuadro-de-luna\/#primaryimage"},"thumbnailUrl":"https:\/\/positiveprints.com\/wp-content\/uploads\/2026\/03\/Packshot_ES_XX-Fase-Lunar-Personalizada.webp","datePublished":"2019-10-02T16:05:56+00:00","dateModified":"2026-04-19T00:27:23+00:00","description":"Crea un impresionante cuadro de la Luna personalizado. Descubre c\u00f3mo se ve\u00eda la Luna en ese d\u00eda tan especial. El perfecto regalo de aniversario.","breadcrumb":{"@id":"https:\/\/positiveprints.com\/es\/producto\/cuadro-de-luna\/#breadcrumb"},"inLanguage":"es","potentialAction":[{"@type":"ReadAction","target":["https:\/\/positiveprints.com\/es\/producto\/cuadro-de-luna\/"]}]},{"@type":"ImageObject","inLanguage":"es","@id":"https:\/\/positiveprints.com\/es\/producto\/cuadro-de-luna\/#primaryimage","url":"https:\/\/positiveprints.com\/wp-content\/uploads\/2026\/03\/Packshot_ES_XX-Fase-Lunar-Personalizada.webp","contentUrl":"https:\/\/positiveprints.com\/wp-content\/uploads\/2026\/03\/Packshot_ES_XX-Fase-Lunar-Personalizada.webp","width":1450,"height":1450},{"@type":"BreadcrumbList","@id":"https:\/\/positiveprints.com\/es\/producto\/cuadro-de-luna\/#breadcrumb","itemListElement":[{"@type":"ListItem","position":1,"name":"CASA","item":"https:\/\/positiveprints.com\/es\/"},{"@type":"ListItem","position":2,"name":"Productos","item":"https:\/\/positiveprints.com\/es\/shop\/"},{"@type":"ListItem","position":3,"name":"Fase Lunar Personalizada"}]},{"@type":"WebSite","@id":"https:\/\/positiveprints.com\/es\/#website","url":"https:\/\/positiveprints.com\/es\/","name":"Positive Prints","description":"Custom Gifts for Special Occasions","publisher":{"@id":"https:\/\/positiveprints.com\/es\/#organization"},"potentialAction":[{"@type":"SearchAction","target":{"@type":"EntryPoint","urlTemplate":"https:\/\/positiveprints.com\/es\/?s={search_term_string}"},"query-input":{"@type":"PropertyValueSpecification","valueRequired":true,"valueName":"search_term_string"}}],"inLanguage":"es"},{"@type":"Organization","@id":"https:\/\/positiveprints.com\/es\/#organization","name":"Positive Prints","alternateName":"Positive Prints","url":"https:\/\/positiveprints.com\/es\/","logo":{"@type":"ImageObject","inLanguage":"es","@id":"https:\/\/positiveprints.com\/es\/#\/schema\/logo\/image\/","url":"https:\/\/positiveprints.com\/wp-content\/uploads\/2026\/03\/245815646_1337939713319158_5671353136411139666_n.png","contentUrl":"https:\/\/positiveprints.com\/wp-content\/uploads\/2026\/03\/245815646_1337939713319158_5671353136411139666_n.png","width":800,"height":800,"caption":"Positive Prints"},"image":{"@id":"https:\/\/positiveprints.com\/es\/#\/schema\/logo\/image\/"},"sameAs":["https:\/\/www.facebook.com\/positiveprintscom","https:\/\/www.instagram.com\/positiveprintscom\/","https:\/\/www.tiktok.com\/@positiveprintscom","https:\/\/www.pinterest.com\/positiveprintscom\/"]}]}},"jetpack_sharing_enabled":true,"_links":{"self":[{"href":"https:\/\/positiveprints.com\/es\/wp-json\/wp\/v2\/product\/21021","targetHints":{"allow":["GET"]}}],"collection":[{"href":"https:\/\/positiveprints.com\/es\/wp-json\/wp\/v2\/product"}],"about":[{"href":"https:\/\/positiveprints.com\/es\/wp-json\/wp\/v2\/types\/product"}],"wp:featuredmedia":[{"embeddable":true,"href":"https:\/\/positiveprints.com\/es\/wp-json\/wp\/v2\/media\/1688295"}],"wp:attachment":[{"href":"https:\/\/positiveprints.com\/es\/wp-json\/wp\/v2\/media?parent=21021"}],"wp:term":[{"taxonomy":"product_brand","embeddable":true,"href":"https:\/\/positiveprints.com\/es\/wp-json\/wp\/v2\/product_brand?post=21021"},{"taxonomy":"product_cat","embeddable":true,"href":"https:\/\/positiveprints.com\/es\/wp-json\/wp\/v2\/product_cat?post=21021"},{"taxonomy":"product_tag","embeddable":true,"href":"https:\/\/positiveprints.com\/es\/wp-json\/wp\/v2\/product_tag?post=21021"}],"curies":[{"name":"wp","href":"https:\/\/api.w.org\/{rel}","templated":true}]}}