{"id":20997,"date":"2019-11-26T23:42:16","date_gmt":"2019-11-26T22:42:16","guid":{"rendered":"https:\/\/positiveprints.com\/product\/su-obra-lunar-personalizada\/"},"modified":"2026-04-18T09:19:49","modified_gmt":"2026-04-18T08:19:49","slug":"mapas-personalizados","status":"publish","type":"product","link":"https:\/\/positiveprints.com\/es\/producto\/mapas-personalizados\/","title":{"rendered":"Mapas Personalizados"},"content":{"rendered":"<p>\u00bfD\u00f3nde est\u00e1 su lugar favorito en el mundo? Con esta mapa personalizada, puede crear una descarga digital personalizada, una funda de almohada de lujo o un cuadro mapa ciudad con calidad de museo con un mapa detallado que combine.<\/p>\r\n\r\n<h2 class=\"grenB f24 cblue\" style=\"margin-top: 3rem\">Poster de mapa personalizado de tu lugar favorito<\/h2>\r\n\r\n<p style=\"margin-top: 1rem\">Nada llama m\u00e1s la atenci\u00f3n que un mapa en tama\u00f1o p\u00f3ster decorando tu pared. Ahora puedes crear un mapa de tu ciudad favorita de cualquier lugar del mundo. Nuestro editor de mapas te ofrece todas las herramientas para personalizar tu mapa con la forma que m\u00e1s te guste (incluso hay forma de coraz\u00f3n), dise\u00f1o, lugar y marcadores. Adquiere tu mapa de ciudad personalizado y rec\u00edbelo como un p\u00f3ster, una almohada o en formato digital descargable.<\/p>\r\n\r\n<h2 class=\"grenB f24 cblue\" style=\"margin-top: 3rem\">Cuadro mapa ciudad: un regalo para quienes viajan bien<\/h2>\r\n\r\n<p style=\"margin-top: 1rem\">Poco m\u00e1s define a alguien como su ciudad natal o los lugares por los que ha viajado. \u00bfSiempre a la caza de un regalo \u00fanico y personal? Un arte de mapa personalizado hace un maravilloso tapiz de pared y un regalo que apreciar\u00e1n en los a\u00f1os venideros. Crea un mapa de su ciudad natal, resalta su lugar de nacimiento o dales un recuerdo de su ciudad de vacaciones favorita para que puedan mostrar su estilo de vida jet-set.<\/p>\r\n\r\n<h2 class=\"grenB f24 cblue\" style=\"margin-top: 3rem\">Editor de mapa personalizado muy f\u00e1cil de usar<\/h2>\r\n\r\n<p style=\"margin-top: 1rem\">Elige un lugar en el mundo con nuestro totalmente personalizable creador de mapas, el cual, tiene informaci\u00f3n de OpenStreetMap. Elige una ciudad o pa\u00eds desde el atlas digital, y con el editor de mapas realza las l\u00edneas de las calles, marcadores y r\u00edos del lugar que hayas elegido. Crea una bella pieza art\u00edstica en forma de cuadrado, c\u00edrculo o coraz\u00f3n; selecciona el esquema de colores que m\u00e1s te guste, como el negro de alto contraste, tonos suaves o estilo vintage.<\/p>\r\n\r\n<h2 class=\"grenB f24 cblue\" style=\"margin-top: 3rem\">Arte de mapas decorativos de la ciudad: gran idea para el dise\u00f1o de interiores<\/h2>\r\n\r\n<p style=\"margin-top: 1rem\">Un arte de mapa de la ciudad personalizado lleva su estilo para el dise\u00f1o de interiores a un nivel completamente nuevo. Estos cuadros murales son ideales para habitaciones de hu\u00e9spedes o para decorar tu anuncio de Airbnb. A los visitantes les encantar\u00e1 el estilo local. \u00bfQuieres a\u00f1adir un toque m\u00e1s suave y hogare\u00f1o? Imprima cualquier mapa de la ciudad en un coj\u00edn para darle vida a las habitaciones, las \u00e1reas de descanso y las salas de estar.\r\n<ul><li>Los carteles impresos est\u00e1n disponibles en orientaci\u00f3n horizontal y vertical. Aceptamos la mayor\u00eda de los tama\u00f1os de p\u00f3ster, incluidos 16 x 12, 36 x 24 y 24 x 18 pulgadas o 100 x 70, 70 x 50 y 40 x 30 cm. Los carteles est\u00e1n impresos en cartulina de alta calidad para facilitar el encuadre.<\/li>\r\n<li>Las almohadas son de 45,72 x 45,72 cm (18 x 18 pulgadas). Las fundas de almohada se pueden lavar a m\u00e1quina y est\u00e1n hechas con poli\u00e9ster de alta calidad con un c\u00f3modo tacto de lino. Las inserciones de las almohadas se pueden lavar a mano y son 100% poli\u00e9ster.<\/li>\r\n<li>Las descargas instant\u00e1neas se entregan como archivos .png. La mayor\u00eda de los impresores profesionales podr\u00e1n trabajar con las proporciones proporcionadas para escalar su impresi\u00f3n de arte de mapa personalizado a su tama\u00f1o ideal. Recomendamos imprimir en 180 wt. papel mate para obtener los mejores resultados.<\/li><\/ul><\/p>","protected":false},"excerpt":{"rendered":"<ul class=\"check-list\">\n<li>Marca un lugar especial con el s\u00edmbolo de tu elecci\u00f3n<\/li>\n<li>Usa nuestro editor para personalizar tu dise\u00f1o en apenas tres pasos<\/li>\n<li>A\u00f1ade un mensaje personalizado para que\u00a0tu dise\u00f1o sea \u00fanico y especial<\/li>\n<li>Visualiza tu dise\u00f1o de forma r\u00e1pida usando la vista previa interactiva<\/li>\n<\/ul>\n","protected":false},"featured_media":1604432,"template":"","meta":[],"product_brand":[],"product_cat":[15115,8250,265,7195,11595,11596,11597,11598,11640,11641,11642,11643],"product_tag":[14920,13657],"class_list":{"0":"post-20997","1":"product","2":"type-product","3":"status-publish","4":"has-post-thumbnail","6":"product_cat-bestsellers-menu-es","7":"product_cat-digital-products-es","8":"product_cat-creators-es-2","9":"product_cat-map-es","10":"product_cat-18-cumpleanos","11":"product_cat-21-cumpleanos","12":"product_cat-30-cumpleanos","13":"product_cat-40-cumpleanos","14":"product_cat-50-cumpleanos","15":"product_cat-60-cumpleanos","16":"product_cat-70-cumpleanos","17":"product_cat-80-cumpleanos","18":"product_tag-creators-es-2","19":"product_tag-mapa-de-coordenadas","21":"first","22":"instock","23":"sale","24":"taxable","25":"shipping-taxable","26":"purchasable","27":"product-type-variable"},"yoast_head":"<!-- This site is optimized with the Yoast SEO Premium plugin v27.2 (Yoast SEO v27.2) - https:\/\/yoast.com\/product\/yoast-seo-premium-wordpress\/ -->\n<title>Mapas Personalizados | Cuadros Mapas Ciudades - Positive Prints<\/title>\n<meta name=\"description\" content=\"Crea mapas personalizados de tu ciudad y decora tu hogar con \u00e9l. Tambi\u00e9n es un regalo personalizado perfecto.\" \/>\n<meta name=\"robots\" content=\"index, follow, max-snippet:-1, max-image-preview:large, max-video-preview:-1\" \/>\n<link rel=\"canonical\" href=\"https:\/\/positiveprints.com\/es\/producto\/mapas-personalizados\/\" \/>\n<meta property=\"og:locale\" content=\"es_ES\" \/>\n<meta property=\"og:type\" content=\"article\" \/>\n<meta property=\"og:title\" content=\"Mapas Personalizados\" \/>\n<meta property=\"og:description\" content=\"Marca un lugar especial con el s\u00edmbolo de tu elecci\u00f3n  Usa nuestro editor para personalizar tu dise\u00f1o en apenas tres pasos  A\u00f1ade un mensaje personalizado para que\u00a0tu dise\u00f1o sea \u00fanico y especial  Visualiza tu dise\u00f1o de forma r\u00e1pida usando la vista previa interactiva\" \/>\n<meta property=\"og:url\" content=\"https:\/\/positiveprints.com\/es\/producto\/mapas-personalizados\/\" \/>\n<meta property=\"og:site_name\" content=\"Positive Prints\" \/>\n<meta property=\"article:publisher\" content=\"https:\/\/www.facebook.com\/positiveprintscom\" \/>\n<meta property=\"article:modified_time\" content=\"2026-04-18T08:19:49+00:00\" \/>\n<meta property=\"og:image\" content=\"https:\/\/positiveprints.com\/wp-content\/uploads\/2024\/10\/Packshot_ES_our-first-date-product-image.webp\" \/>\n\t<meta property=\"og:image:width\" content=\"1450\" \/>\n\t<meta property=\"og:image:height\" content=\"1450\" \/>\n\t<meta property=\"og:image:type\" content=\"image\/webp\" \/>\n<meta name=\"twitter:card\" content=\"summary_large_image\" \/>\n<meta name=\"twitter:label1\" content=\"Tiempo de lectura\" \/>\n\t<meta name=\"twitter:data1\" content=\"3 minutos\" \/>\n<!-- \/ Yoast SEO Premium plugin. -->","yoast_head_json":{"title":"Mapas Personalizados | Cuadros Mapas Ciudades - Positive Prints","description":"Crea mapas personalizados de tu ciudad y decora tu hogar con \u00e9l. Tambi\u00e9n es un regalo personalizado perfecto.","robots":{"index":"index","follow":"follow","max-snippet":"max-snippet:-1","max-image-preview":"max-image-preview:large","max-video-preview":"max-video-preview:-1"},"canonical":"https:\/\/positiveprints.com\/es\/producto\/mapas-personalizados\/","og_locale":"es_ES","og_type":"article","og_title":"Mapas Personalizados","og_description":"Marca un lugar especial con el s\u00edmbolo de tu elecci\u00f3n  Usa nuestro editor para personalizar tu dise\u00f1o en apenas tres pasos  A\u00f1ade un mensaje personalizado para que\u00a0tu dise\u00f1o sea \u00fanico y especial  Visualiza tu dise\u00f1o de forma r\u00e1pida usando la vista previa interactiva","og_url":"https:\/\/positiveprints.com\/es\/producto\/mapas-personalizados\/","og_site_name":"Positive Prints","article_publisher":"https:\/\/www.facebook.com\/positiveprintscom","article_modified_time":"2026-04-18T08:19:49+00:00","og_image":[{"width":1450,"height":1450,"url":"https:\/\/positiveprints.com\/wp-content\/uploads\/2024\/10\/Packshot_ES_our-first-date-product-image.webp","type":"image\/webp"}],"twitter_card":"summary_large_image","twitter_misc":{"Tiempo de lectura":"3 minutos"},"schema":{"@context":"https:\/\/schema.org","@graph":[{"@type":["WebPage","ItemPage"],"@id":"https:\/\/positiveprints.com\/es\/producto\/mapas-personalizados\/","url":"https:\/\/positiveprints.com\/es\/producto\/mapas-personalizados\/","name":"Mapas Personalizados | Cuadros Mapas Ciudades - Positive Prints","isPartOf":{"@id":"https:\/\/positiveprints.com\/es\/#website"},"primaryImageOfPage":{"@id":"https:\/\/positiveprints.com\/es\/producto\/mapas-personalizados\/#primaryimage"},"image":{"@id":"https:\/\/positiveprints.com\/es\/producto\/mapas-personalizados\/#primaryimage"},"thumbnailUrl":"https:\/\/positiveprints.com\/wp-content\/uploads\/2026\/01\/Packshot_ES_Mapas-Personalizados.webp","datePublished":"2019-11-26T22:42:16+00:00","dateModified":"2026-04-18T08:19:49+00:00","description":"Crea mapas personalizados de tu ciudad y decora tu hogar con \u00e9l. Tambi\u00e9n es un regalo personalizado perfecto.","breadcrumb":{"@id":"https:\/\/positiveprints.com\/es\/producto\/mapas-personalizados\/#breadcrumb"},"inLanguage":"es","potentialAction":[{"@type":"ReadAction","target":["https:\/\/positiveprints.com\/es\/producto\/mapas-personalizados\/"]}]},{"@type":"ImageObject","inLanguage":"es","@id":"https:\/\/positiveprints.com\/es\/producto\/mapas-personalizados\/#primaryimage","url":"https:\/\/positiveprints.com\/wp-content\/uploads\/2026\/01\/Packshot_ES_Mapas-Personalizados.webp","contentUrl":"https:\/\/positiveprints.com\/wp-content\/uploads\/2026\/01\/Packshot_ES_Mapas-Personalizados.webp","width":1450,"height":1450},{"@type":"BreadcrumbList","@id":"https:\/\/positiveprints.com\/es\/producto\/mapas-personalizados\/#breadcrumb","itemListElement":[{"@type":"ListItem","position":1,"name":"CASA","item":"https:\/\/positiveprints.com\/es\/"},{"@type":"ListItem","position":2,"name":"Productos","item":"https:\/\/positiveprints.com\/es\/shop\/"},{"@type":"ListItem","position":3,"name":"Mapas Personalizados"}]},{"@type":"WebSite","@id":"https:\/\/positiveprints.com\/es\/#website","url":"https:\/\/positiveprints.com\/es\/","name":"Positive Prints","description":"Custom Gifts for Special Occasions","publisher":{"@id":"https:\/\/positiveprints.com\/es\/#organization"},"potentialAction":[{"@type":"SearchAction","target":{"@type":"EntryPoint","urlTemplate":"https:\/\/positiveprints.com\/es\/?s={search_term_string}"},"query-input":{"@type":"PropertyValueSpecification","valueRequired":true,"valueName":"search_term_string"}}],"inLanguage":"es"},{"@type":"Organization","@id":"https:\/\/positiveprints.com\/es\/#organization","name":"Positive Prints","alternateName":"Positive Prints","url":"https:\/\/positiveprints.com\/es\/","logo":{"@type":"ImageObject","inLanguage":"es","@id":"https:\/\/positiveprints.com\/es\/#\/schema\/logo\/image\/","url":"https:\/\/positiveprints.com\/wp-content\/uploads\/2026\/03\/245815646_1337939713319158_5671353136411139666_n.png","contentUrl":"https:\/\/positiveprints.com\/wp-content\/uploads\/2026\/03\/245815646_1337939713319158_5671353136411139666_n.png","width":800,"height":800,"caption":"Positive Prints"},"image":{"@id":"https:\/\/positiveprints.com\/es\/#\/schema\/logo\/image\/"},"sameAs":["https:\/\/www.facebook.com\/positiveprintscom","https:\/\/www.instagram.com\/positiveprintscom\/","https:\/\/www.tiktok.com\/@positiveprintscom","https:\/\/www.pinterest.com\/positiveprintscom\/"]}]}},"jetpack_sharing_enabled":true,"_links":{"self":[{"href":"https:\/\/positiveprints.com\/es\/wp-json\/wp\/v2\/product\/20997","targetHints":{"allow":["GET"]}}],"collection":[{"href":"https:\/\/positiveprints.com\/es\/wp-json\/wp\/v2\/product"}],"about":[{"href":"https:\/\/positiveprints.com\/es\/wp-json\/wp\/v2\/types\/product"}],"wp:featuredmedia":[{"embeddable":true,"href":"https:\/\/positiveprints.com\/es\/wp-json\/wp\/v2\/media\/1604432"}],"wp:attachment":[{"href":"https:\/\/positiveprints.com\/es\/wp-json\/wp\/v2\/media?parent=20997"}],"wp:term":[{"taxonomy":"product_brand","embeddable":true,"href":"https:\/\/positiveprints.com\/es\/wp-json\/wp\/v2\/product_brand?post=20997"},{"taxonomy":"product_cat","embeddable":true,"href":"https:\/\/positiveprints.com\/es\/wp-json\/wp\/v2\/product_cat?post=20997"},{"taxonomy":"product_tag","embeddable":true,"href":"https:\/\/positiveprints.com\/es\/wp-json\/wp\/v2\/product_tag?post=20997"}],"curies":[{"name":"wp","href":"https:\/\/api.w.org\/{rel}","templated":true}]}}