{"id":20599,"date":"2020-05-30T11:31:35","date_gmt":"2020-05-30T10:31:35","guid":{"rendered":"https:\/\/positiveprints.com\/product\/el-cartel-bebe-individual\/"},"modified":"2026-04-13T01:21:38","modified_gmt":"2026-04-13T00:21:38","slug":"lamina-nacimiento-bebe","status":"publish","type":"product","link":"https:\/\/positiveprints.com\/es\/producto\/lamina-nacimiento-bebe\/","title":{"rendered":"L\u00e1mina Nacimiento Beb\u00e9"},"content":{"rendered":"<h2><span style=\"font-weight: 400\">L\u00e1mina nacimiento beb\u00e9 para conmemorar a los reci\u00e9n nacidos<\/span><\/h2>\r\n<span style=\"font-weight: 400\">Cada p\u00f3ster tiene un dise\u00f1o limpio y minimalista que coincidir\u00e1 con la decoraci\u00f3n de cualquier sitio. Cada cartel contiene el nombre de su hijo, la fecha de su nacimiento, su altura y su peso de cuando naci\u00f3 impresos en una fuente elegante y escrita en la parte inferior. <\/span><span style=\"font-weight: 400\">El p\u00f3ster de nacimiento es un regalo perfecto para unos padres primerizos. Ser\u00e1 un regalo perfecto para conmemorar el nacimiento de su hijo, tanto para usted como para quien usted quiera, con el que dar la bienvenida a la nueva adici\u00f3n a su familia.\r\n<\/span>\r\n\r\n<span style=\"font-weight: 400\">\u00bfHa tenido gemelos o trillizos? Si es as\u00ed, tiene la posibilidad de realizar un cartel de nacimiento conjunto de todos los hermanos a la vez con una de nuestras impresiones <a href=\"https:\/\/positiveprints.com\/es\/producto\/cartel-bebe-hermanos-mellizos-gemelos\/\">DUO<\/a> o <a href=\"https:\/\/positiveprints.com\/es\/producto\/el-diseno-de-trillizos\/\">TRIO<\/a> prints.\r\n<\/span>\r\n<span style=\"font-weight: 400\">Cada p\u00f3ster de nacimiento se hace por encargo y se personaliza con el nombre del beb\u00e9 y la informaci\u00f3n de nacimiento, que incluye:<\/span>\r\n<ul>\r\n \t<li style=\"font-weight: 400\"><span style=\"font-weight: 400\">Fecha \/ hora de nacimiento<\/span><\/li>\r\n \t<li style=\"font-weight: 400\"><span style=\"font-weight: 400\">Peso al nacer (en libras \/ onzas o kilogramos)<\/span><\/li>\r\n \t<li style=\"font-weight: 400\"><span style=\"font-weight: 400\">Altura de nacimiento (en pulgadas \/ cent\u00edmetros)<\/span><\/li>\r\n<\/ul>\r\n<span style=\"font-weight: 400\">No hay nada m\u00e1s milagroso que el nacimiento de un beb\u00e9, especialmente del suyo. Nos gustar\u00eda ayudarle a conmemorar este evento con un cartel de nacimiento de escala 1:1, en el que se refleje el momento exacto en que lleg\u00f3 esa personita a este mundo.\r\n<\/span>\r\n\r\n<span style=\"font-weight: 400\">\u00a1Le sorprender\u00e1 lo r\u00e1pido que crecen sus hijos! Antes de que se d\u00e9 cuenta, estar\u00e1n corriendo y abrazando todo el mundo que los rodea. Con un cartel de nacimiento, tendr\u00e1 un recuerdo visual de lo peque\u00f1o que era su beb\u00e9 cuando naci\u00f3. Cada p\u00f3ster se crea en una escala perfecta y es el recuerdo ideal de d\u00f3nde comenz\u00f3 su viaje por este mundo.\r\n<\/span>\r\n\r\n<span style=\"font-weight: 400\">La imagen est\u00e1 impresa en el p\u00f3ster en una escala perfecta de 1:1 para que el tama\u00f1o de su hijo se muestre con precisi\u00f3n.\u00a0<\/span>\r\n\r\n<b><strong>Para la versi\u00f3n impresa: <\/strong><span style=\"font-weight: 400\">Imprimimos nuestros carteles de nacimiento en papel mate de alta calidad (190 g), por lo que se mantiene en buen estado durante muchos a\u00f1os, sin importar d\u00f3nde o c\u00f3mo lo cuelgue. <\/span><span style=\"font-weight: 400\">A medida que crea su p\u00f3ster en l\u00ednea, est\u00e1 disponible una vista previa inmediata del resultado final para que pueda asegurarse de que toda la informaci\u00f3n y el tama\u00f1o sean correctos antes de imprimir y enviar el p\u00f3ster. Una vez realizado su pedido en l\u00ednea, su p\u00f3ster de nacimiento se imprimir\u00e1 y se enviar\u00e1 gratuitamente durante los dos d\u00edas posteriores.<\/span><\/b>\r\n\r\n<b><span style=\"font-weight: 400\"><strong>Para la versi\u00f3n digital:<\/strong> \u00a0<\/span><span style=\"font-weight: 400\">\u00bfNecesita un regalo de \u00faltima hora? Los archivos digitales est\u00e1n disponibles inmediatamente para su descarga en el momento de la compra. Est\u00e1n preparados para un impreso en el tama\u00f1o 70&#215;100 cm (27.5&#215;39.4 in) para reflejar la longitud del beb\u00e9 con precisi\u00f3n.<\/span><\/b>\r\n<h2><\/h2>","protected":false},"excerpt":{"rendered":"<ul class=\"check-list\">\n<li>Preserva esos momentos especiales con un &#8220;boceto art\u00edstico de beb\u00e9&#8221;: un detalle que cualquier padre atesorar\u00e1 con cari\u00f1o<\/li>\n<li>Conmemora los detalles del nacimiento, como nombre, fecha, altura y peso<\/li>\n<li>Elige siete ilustraciones y col\u00f3calas a escala 1:1, similar a la altura del beb\u00e9<\/li>\n<li>Ve el resultado de inmediato: la vista previa interactiva te permite perfeccionar cada detalle<\/li>\n<\/ul>\n","protected":false},"featured_media":1528466,"template":"","meta":[],"product_brand":[],"product_cat":[265,1416],"product_tag":[14920],"class_list":{"0":"post-20599","1":"product","2":"type-product","3":"status-publish","4":"has-post-thumbnail","6":"product_cat-creators-es-2","7":"product_cat-infant-es","8":"product_tag-creators-es-2","10":"first","11":"instock","12":"sale","13":"taxable","14":"shipping-taxable","15":"purchasable","16":"product-type-variable"},"yoast_head":"<!-- This site is optimized with the Yoast SEO Premium plugin v27.2 (Yoast SEO v27.2) - https:\/\/yoast.com\/product\/yoast-seo-premium-wordpress\/ -->\n<title>L\u00e1mina nacimiento beb\u00e9 [Env\u00edo gratis] - Positive Prints<\/title>\n<meta name=\"description\" content=\"L\u00e1mina nacimiento beb\u00e9 en escala 1:1. Perfecto como regalo y como elemento de decoraci\u00f3n. Archivo impreso o digital.\" \/>\n<meta name=\"robots\" content=\"index, follow, max-snippet:-1, max-image-preview:large, max-video-preview:-1\" \/>\n<link rel=\"canonical\" href=\"https:\/\/positiveprints.com\/es\/producto\/lamina-nacimiento-bebe\/\" \/>\n<meta property=\"og:locale\" content=\"es_ES\" \/>\n<meta property=\"og:type\" content=\"article\" \/>\n<meta property=\"og:title\" content=\"L\u00e1mina Nacimiento Beb\u00e9\" \/>\n<meta property=\"og:description\" content=\"Preserva esos momentos especiales con un &quot;boceto art\u00edstico de beb\u00e9&quot;: un detalle que cualquier padre atesorar\u00e1 con cari\u00f1o  Conmemora los detalles del nacimiento, como nombre, fecha, altura y peso  Elige siete ilustraciones y col\u00f3calas a escala 1:1, similar a la altura del beb\u00e9  Ve el resultado de inmediato: la vista previa interactiva te permite perfeccionar cada detalle\" \/>\n<meta property=\"og:url\" content=\"https:\/\/positiveprints.com\/es\/producto\/lamina-nacimiento-bebe\/\" \/>\n<meta property=\"og:site_name\" content=\"Positive Prints\" \/>\n<meta property=\"article:publisher\" content=\"https:\/\/www.facebook.com\/positiveprintscom\" \/>\n<meta property=\"article:modified_time\" content=\"2026-04-13T00:21:38+00:00\" \/>\n<meta property=\"og:image\" content=\"https:\/\/positiveprints.com\/wp-content\/uploads\/2022\/05\/laminas-nacimiento-personalizadas.jpg\" \/>\n\t<meta property=\"og:image:width\" content=\"1080\" \/>\n\t<meta property=\"og:image:height\" content=\"1080\" \/>\n\t<meta property=\"og:image:type\" content=\"image\/jpeg\" \/>\n<meta name=\"twitter:card\" content=\"summary_large_image\" \/>\n<meta name=\"twitter:label1\" content=\"Tiempo de lectura\" \/>\n\t<meta name=\"twitter:data1\" content=\"3 minutos\" \/>\n<!-- \/ Yoast SEO Premium plugin. -->","yoast_head_json":{"title":"L\u00e1mina nacimiento beb\u00e9 [Env\u00edo gratis] - Positive Prints","description":"L\u00e1mina nacimiento beb\u00e9 en escala 1:1. Perfecto como regalo y como elemento de decoraci\u00f3n. Archivo impreso o digital.","robots":{"index":"index","follow":"follow","max-snippet":"max-snippet:-1","max-image-preview":"max-image-preview:large","max-video-preview":"max-video-preview:-1"},"canonical":"https:\/\/positiveprints.com\/es\/producto\/lamina-nacimiento-bebe\/","og_locale":"es_ES","og_type":"article","og_title":"L\u00e1mina Nacimiento Beb\u00e9","og_description":"Preserva esos momentos especiales con un \"boceto art\u00edstico de beb\u00e9\": un detalle que cualquier padre atesorar\u00e1 con cari\u00f1o  Conmemora los detalles del nacimiento, como nombre, fecha, altura y peso  Elige siete ilustraciones y col\u00f3calas a escala 1:1, similar a la altura del beb\u00e9  Ve el resultado de inmediato: la vista previa interactiva te permite perfeccionar cada detalle","og_url":"https:\/\/positiveprints.com\/es\/producto\/lamina-nacimiento-bebe\/","og_site_name":"Positive Prints","article_publisher":"https:\/\/www.facebook.com\/positiveprintscom","article_modified_time":"2026-04-13T00:21:38+00:00","og_image":[{"width":1080,"height":1080,"url":"https:\/\/positiveprints.com\/wp-content\/uploads\/2022\/05\/laminas-nacimiento-personalizadas.jpg","type":"image\/jpeg"}],"twitter_card":"summary_large_image","twitter_misc":{"Tiempo de lectura":"3 minutos"},"schema":{"@context":"https:\/\/schema.org","@graph":[{"@type":["WebPage","ItemPage"],"@id":"https:\/\/positiveprints.com\/es\/producto\/lamina-nacimiento-bebe\/","url":"https:\/\/positiveprints.com\/es\/producto\/lamina-nacimiento-bebe\/","name":"L\u00e1mina nacimiento beb\u00e9 [Env\u00edo gratis] - Positive Prints","isPartOf":{"@id":"https:\/\/positiveprints.com\/es\/#website"},"primaryImageOfPage":{"@id":"https:\/\/positiveprints.com\/es\/producto\/lamina-nacimiento-bebe\/#primaryimage"},"image":{"@id":"https:\/\/positiveprints.com\/es\/producto\/lamina-nacimiento-bebe\/#primaryimage"},"thumbnailUrl":"https:\/\/positiveprints.com\/wp-content\/uploads\/2025\/09\/Packshot_ES_La\u0301mina-Nacimiento-Bebe\u0301.webp","datePublished":"2020-05-30T10:31:35+00:00","dateModified":"2026-04-13T00:21:38+00:00","description":"L\u00e1mina nacimiento beb\u00e9 en escala 1:1. Perfecto como regalo y como elemento de decoraci\u00f3n. Archivo impreso o digital.","breadcrumb":{"@id":"https:\/\/positiveprints.com\/es\/producto\/lamina-nacimiento-bebe\/#breadcrumb"},"inLanguage":"es","potentialAction":[{"@type":"ReadAction","target":["https:\/\/positiveprints.com\/es\/producto\/lamina-nacimiento-bebe\/"]}]},{"@type":"ImageObject","inLanguage":"es","@id":"https:\/\/positiveprints.com\/es\/producto\/lamina-nacimiento-bebe\/#primaryimage","url":"https:\/\/positiveprints.com\/wp-content\/uploads\/2025\/09\/Packshot_ES_La\u0301mina-Nacimiento-Bebe\u0301.webp","contentUrl":"https:\/\/positiveprints.com\/wp-content\/uploads\/2025\/09\/Packshot_ES_La\u0301mina-Nacimiento-Bebe\u0301.webp","width":1450,"height":1450},{"@type":"BreadcrumbList","@id":"https:\/\/positiveprints.com\/es\/producto\/lamina-nacimiento-bebe\/#breadcrumb","itemListElement":[{"@type":"ListItem","position":1,"name":"CASA","item":"https:\/\/positiveprints.com\/es\/"},{"@type":"ListItem","position":2,"name":"Productos","item":"https:\/\/positiveprints.com\/es\/shop\/"},{"@type":"ListItem","position":3,"name":"L\u00e1mina Nacimiento Beb\u00e9"}]},{"@type":"WebSite","@id":"https:\/\/positiveprints.com\/es\/#website","url":"https:\/\/positiveprints.com\/es\/","name":"Positive Prints","description":"Custom Gifts for Special Occasions","publisher":{"@id":"https:\/\/positiveprints.com\/es\/#organization"},"potentialAction":[{"@type":"SearchAction","target":{"@type":"EntryPoint","urlTemplate":"https:\/\/positiveprints.com\/es\/?s={search_term_string}"},"query-input":{"@type":"PropertyValueSpecification","valueRequired":true,"valueName":"search_term_string"}}],"inLanguage":"es"},{"@type":"Organization","@id":"https:\/\/positiveprints.com\/es\/#organization","name":"Positive Prints","alternateName":"Positive Prints","url":"https:\/\/positiveprints.com\/es\/","logo":{"@type":"ImageObject","inLanguage":"es","@id":"https:\/\/positiveprints.com\/es\/#\/schema\/logo\/image\/","url":"https:\/\/positiveprints.com\/wp-content\/uploads\/2026\/03\/245815646_1337939713319158_5671353136411139666_n.png","contentUrl":"https:\/\/positiveprints.com\/wp-content\/uploads\/2026\/03\/245815646_1337939713319158_5671353136411139666_n.png","width":800,"height":800,"caption":"Positive Prints"},"image":{"@id":"https:\/\/positiveprints.com\/es\/#\/schema\/logo\/image\/"},"sameAs":["https:\/\/www.facebook.com\/positiveprintscom","https:\/\/www.instagram.com\/positiveprintscom\/","https:\/\/www.tiktok.com\/@positiveprintscom","https:\/\/www.pinterest.com\/positiveprintscom\/"]}]}},"jetpack_sharing_enabled":true,"_links":{"self":[{"href":"https:\/\/positiveprints.com\/es\/wp-json\/wp\/v2\/product\/20599","targetHints":{"allow":["GET"]}}],"collection":[{"href":"https:\/\/positiveprints.com\/es\/wp-json\/wp\/v2\/product"}],"about":[{"href":"https:\/\/positiveprints.com\/es\/wp-json\/wp\/v2\/types\/product"}],"wp:featuredmedia":[{"embeddable":true,"href":"https:\/\/positiveprints.com\/es\/wp-json\/wp\/v2\/media\/1528466"}],"wp:attachment":[{"href":"https:\/\/positiveprints.com\/es\/wp-json\/wp\/v2\/media?parent=20599"}],"wp:term":[{"taxonomy":"product_brand","embeddable":true,"href":"https:\/\/positiveprints.com\/es\/wp-json\/wp\/v2\/product_brand?post=20599"},{"taxonomy":"product_cat","embeddable":true,"href":"https:\/\/positiveprints.com\/es\/wp-json\/wp\/v2\/product_cat?post=20599"},{"taxonomy":"product_tag","embeddable":true,"href":"https:\/\/positiveprints.com\/es\/wp-json\/wp\/v2\/product_tag?post=20599"}],"curies":[{"name":"wp","href":"https:\/\/api.w.org\/{rel}","templated":true}]}}