{"id":188415,"date":"2021-03-23T08:58:13","date_gmt":"2021-03-23T07:58:13","guid":{"rendered":"https:\/\/positiveprints.com\/product\/mapa-estelar-del-dia-en-que-naciste\/"},"modified":"2026-04-18T09:13:02","modified_gmt":"2026-04-18T08:13:02","slug":"mapa-estelar-del-dia-en-que-naciste","status":"publish","type":"product","link":"https:\/\/positiveprints.com\/es\/producto\/mapa-estelar-del-dia-en-que-naciste\/","title":{"rendered":"Mapa Estelar Del D\u00eda en Que Naciste"},"content":{"rendered":"<p>\u00bfEst\u00e1s buscando el regalo perfecto para un reci\u00e9n nacido? \u00a1El mapa estelar del d\u00eda en que naciste es perfecto para esta ocasi\u00f3n! Recrea el cielo estrellado de uno de los momentos m\u00e1s especiales y ates\u00f3ralo de por vida.<\/p>\r\n\r\n\r\n<h2 class=\"grenB f24 cblue\" style=\"margin-top: 3rem\">\u00bfQu\u00e9 es un \u2018mapa estelar del d\u00eda en que naciste\u2019?<\/h2>\r\n<p style=\"margin-top: 1rem\">Un mapa estelar es una representaci\u00f3n muy detallada de la apariencia del cielo nocturno en la fecha de tu elecci\u00f3n. Es como si estuvieras admirando cada uno de los detalles del cielo nocturno en esa fecha especial, lo que te permite revivir ese momento en el tiempo, presente y futuro.<\/p>\r\n<p style=\"margin-top: 1rem\">Algunas personas creen que la posici\u00f3n de las estrellas y otros cuerpos celestes es capaz de influir la vida aqu\u00ed en la Tierra. En ocasiones trascendentales, como el nacimiento de un beb\u00e9, se cree que las estrellas, los planetas y el cielo est\u00e1n en perfecta armon\u00eda. Es un momento que vale la pena capturar para la eternidad, ya que son estos eventos especiales los que ayudan a definir el curso de nuestras vidas.<\/p>\r\n<p style=\"margin-top: 1rem\">Independientemente de lo que pienses sobre el impacto del cielo en la vida terrenal, los <a href=\"https:\/\/positiveprints.com\/es\/producto\/mapa-estelar-personalizado\/\">mapas estelares personalizados<\/a> en forma de p\u00f3ster est\u00e1n dise\u00f1ados para atesorar los momentos m\u00e1s especiales de tu vida. Son hermosos y art\u00edsticos, y est\u00e1n hechos para ser exhibidos en el hogar. Adem\u00e1s, son excelentes regalos que podr\u00e1s compartir con tus familiares, tu c\u00f3nyuge, tus hijos u otros seres queridos cuyas vidas deseas celebrar.<\/p>\r\n<h2 class=\"grenB f24 cblue\" style=\"margin-top: 3rem\">\u00bfQu\u00e9 tan preciso es el \u2018mapa estelar del d\u00eda en que naciste\u2019?<\/h2>\r\n<p style=\"margin-top: 1rem\">Nuestro editor interactivo de mapas estelares es m\u00e1s que solo un editor. Funciona a trav\u00e9s de una sofisticada tecnolog\u00eda que utiliza datos del Hipparcos para crear la representaci\u00f3n m\u00e1s precisa del cielo nocturno. <a href=\"https:\/\/es.wikipedia.org\/wiki\/Hipparcos\">Hipparcos<\/a> fue el primer proyecto espacial satelital que se centr\u00f3 en la astrometr\u00eda: la medici\u00f3n de c\u00f3mo los cuerpos celestes est\u00e1n posicionados en el cielo. Ha recopilado datos de m\u00e1s de 118,000 estrellas del cielo estrellado, lo que nos permite hacer mapas estelares muy detallados para nuestros clientes.<\/p>\r\n<p style=\"margin-top: 1rem\">Cuando pides un mapa estelar de Positive Prints, te dar\u00e1s cuenta que viajar en el tiempo para contemplar el cielo nocturno es totalmente posible. \u00a1Celebra el nacimiento de una nueva estrella terrenal con Positive Prints!<\/p>\r\n<h2 class=\"grenB f24 cblue\" style=\"margin-top: 3rem\">\u00bfC\u00f3mo puedo personalizar un \u2018mapa estelar del d\u00eda en que naciste\u2019?<\/h2>\r\n<p style=\"margin-top: 1rem\">No tienes que saber astronom\u00eda ni astrolog\u00eda para crear un mapa estelar del d\u00eda en que naciste. Es m\u00e1s, ni siquiera tienes que investigar c\u00f3mo se ve\u00eda el cielo nocturno de aquel d\u00eda. En Positive Prints, hemos eliminado todas las conjeturas para que la belleza art\u00edstica pueda prosperar en cualquier lugar de tu hogar.<\/p>\r\n<p style=\"margin-top: 1rem\">Nuestro intuitivo editor es muy f\u00e1cil de usar, ya que te gu\u00eda a trav\u00e9s de tres sencillos pasos para crear un mapa estelar. Al usar nuestra herramienta, entras directamente en el papel del dise\u00f1ador. Selecciona la forma y la combinaci\u00f3n de colores, el nivel de detalle y el texto personalizado. Cada vez que hagas una selecci\u00f3n o un cambio, podr\u00e1s ver en tiempo real c\u00f3mo tu mapa va cobrando vida.<\/p>\r\n<p style=\"margin-top: 1rem\">Si lo deseas, puedes incluir constelaciones, nombres de constelaciones, la V\u00eda L\u00e1ctea, planetas y\/o nombres de planetas. Adem\u00e1s, puedes controlar el nivel de detalle para obtener el mapa m\u00e1s adecuado a tus necesidades.<\/p>\r\n<p style=\"margin-top: 1rem\">Selecciona la ubicaci\u00f3n del momento que deseas capturar, junto con la fecha y la hora para crear una representaci\u00f3n m\u00e1s precisa de ese d\u00eda especial. Agrega un texto personalizado para dejarle un <a href=\"https:\/\/positiveprints.com\/es\/frases-para-mapas-estelares\/\">mensaje emotivo a un beb\u00e9<\/a> o enmarcar tu momento en el tiempo.<\/p>\r\n<p style=\"margin-top: 1rem\">Una vez que hayas terminado de personalizar el mapa estelar \u2018de la noche en que naciste&#8217;, puedes seleccionar c\u00f3mo recibirlo. Aunque Positive Prints ofrece la opci\u00f3n de imprimir y enviarte tu p\u00f3ster, tambi\u00e9n puedes elegir descargar un archivo digital e imprimirlo en una imprenta local de tu elecci\u00f3n (esta opci\u00f3n es ideal para regalos de \u00faltima hora). Tambi\u00e9n ofrecemos marcos y lienzos de alta calidad. Con estas opciones, \u00a1podr\u00e1s regalar tu obra de arte en cuanto llegue!<\/p>\r\n<h2 class=\"grenB f24 cblue\" style=\"margin-top: 3rem\">\u00a1El d\u00eda en que naciste es uno de los regalos m\u00e1s preciados!<\/h2>\r\n<p style=\"margin-top: 1rem\">A nuestros clientes les encantan los mapas estelares de Positive Prints por muchas razones, pero, por lo general, adoran regalarlos. Un mapa estelar personalizado es un regalo muy emotivo, especialmente para el nacimiento de un beb\u00e9.<\/p>\r\n<p style=\"margin-top: 1rem\">Es un regalo personal que demuestra el esfuerzo adicional que hiciste para crear un impacto positivo en las personas m\u00e1s importantes de tu vida.  <\/p>\r\n<p style=\"margin-top: 1rem\">\u00a1Empieza hoy mismo! Prueba nuestro intuitivo editor y crea el mapa estelar del d\u00eda en que naciste. \u00a1Podr\u00e1s hacerlo en cuesti\u00f3n de minutos!<\/p>","protected":false},"excerpt":{"rendered":"<ul class=\"check-list\">\n<li>Agrega planetas, constelaciones y la V\u00eda L\u00e1ctea<\/li>\n<li>Usa nuestro editor para personalizar tu dise\u00f1o en apenas tres pasos<\/li>\n<li>A\u00f1ade un mensaje personalizado para que\u00a0tu dise\u00f1o sea \u00fanico y especial<\/li>\n<li>Visualiza tu dise\u00f1o de forma r\u00e1pida usando la vista previa interactiva<\/li>\n<\/ul>\n","protected":false},"featured_media":1225827,"template":"","meta":[],"product_brand":[],"product_cat":[9280,3128,5254,5270,8215,8012,11458,7773,7661,7693,7821,11220,11219,15850,3117],"product_tag":[17456,17608,17590,17578,17562,17546,17531,17516,17501,17644,13347,17471,8457,13439,13349],"class_list":{"0":"post-188415","1":"product","2":"type-product","3":"status-publish","4":"has-post-thumbnail","6":"product_cat-bestsellers-label-es","7":"product_cat-regalos-de-cumpleanos","8":"product_cat-regalos-de-nacimiento-de-bebe","9":"product_cat-regalos-de-navidad","10":"product_cat-para-el","11":"product_cat-regalos-para-hombres","12":"product_cat-regalos-de-navidad-para-los-ninos","13":"product_cat-regalos-para-mi-hija","14":"product_cat-regalos-para-mi-hijo","15":"product_cat-regalos-para-mujeres","16":"product_cat-regalos-para-padres-primerizos","17":"product_cat-regalos-de-cumpleanos-para-hombres","18":"product_cat-regalos-de-cumpleanos-para-mujeres","19":"product_cat-shop-bestsellers-es","20":"product_cat-star-es-2","21":"product_tag-100-anos","22":"product_tag-16-anos","23":"product_tag-18-anos","24":"product_tag-20-anos","25":"product_tag-30-anos","26":"product_tag-40-anos","27":"product_tag-50-anos","28":"product_tag-60-anos","29":"product_tag-70-anos","30":"product_tag-80-anos","31":"product_tag-80-cumpleanos","32":"product_tag-90-anos","33":"product_tag-new-parents-es","34":"product_tag-regalo-de-navidad-para-hijo","35":"product_tag-regalo-de-navidad-para-una-hija","37":"first","38":"instock","39":"sale","40":"taxable","41":"shipping-taxable","42":"purchasable","43":"product-type-variable"},"yoast_head":"<!-- This site is optimized with the Yoast SEO Premium plugin v27.2 (Yoast SEO v27.2) - https:\/\/yoast.com\/product\/yoast-seo-premium-wordpress\/ -->\n<title>Mapa estelar del d\u00eda en que naciste - Positive Prints<\/title>\n<meta name=\"description\" content=\"\u00a1El mapa estelar del d\u00eda en que naciste es perfecto para esta ocasi\u00f3n! Recrea el cielo estrellado de uno de los momentos m\u00e1s especiales de su vida.\" \/>\n<meta name=\"robots\" content=\"index, follow, max-snippet:-1, max-image-preview:large, max-video-preview:-1\" \/>\n<link rel=\"canonical\" href=\"https:\/\/positiveprints.com\/es\/producto\/mapa-estelar-del-dia-en-que-naciste\/\" \/>\n<meta property=\"og:locale\" content=\"es_ES\" \/>\n<meta property=\"og:type\" content=\"article\" \/>\n<meta property=\"og:title\" content=\"Mapa Estelar Del D\u00eda en Que Naciste\" \/>\n<meta property=\"og:description\" content=\"Agrega planetas, constelaciones y la V\u00eda L\u00e1ctea Usa nuestro editor para personalizar tu dise\u00f1o en apenas tres pasos A\u00f1ade un mensaje personalizado para que\u00a0tu dise\u00f1o sea \u00fanico y especial Visualiza tu dise\u00f1o de forma r\u00e1pida usando la vista previa interactiva\" \/>\n<meta property=\"og:url\" content=\"https:\/\/positiveprints.com\/es\/producto\/mapa-estelar-del-dia-en-que-naciste\/\" \/>\n<meta property=\"og:site_name\" content=\"Positive Prints\" \/>\n<meta property=\"article:publisher\" content=\"https:\/\/www.facebook.com\/positiveprintscom\" \/>\n<meta property=\"article:modified_time\" content=\"2026-04-18T08:13:02+00:00\" \/>\n<meta property=\"og:image\" content=\"https:\/\/positiveprints.com\/wp-content\/uploads\/2024\/10\/Packshot_ES_The-Day-You-Were-Born-product-image.webp\" \/>\n\t<meta property=\"og:image:width\" content=\"1450\" \/>\n\t<meta property=\"og:image:height\" content=\"1450\" \/>\n\t<meta property=\"og:image:type\" content=\"image\/webp\" \/>\n<meta name=\"twitter:card\" content=\"summary_large_image\" \/>\n<meta name=\"twitter:label1\" content=\"Tiempo de lectura\" \/>\n\t<meta name=\"twitter:data1\" content=\"4 minutos\" \/>\n<!-- \/ Yoast SEO Premium plugin. -->","yoast_head_json":{"title":"Mapa estelar del d\u00eda en que naciste - Positive Prints","description":"\u00a1El mapa estelar del d\u00eda en que naciste es perfecto para esta ocasi\u00f3n! Recrea el cielo estrellado de uno de los momentos m\u00e1s especiales de su vida.","robots":{"index":"index","follow":"follow","max-snippet":"max-snippet:-1","max-image-preview":"max-image-preview:large","max-video-preview":"max-video-preview:-1"},"canonical":"https:\/\/positiveprints.com\/es\/producto\/mapa-estelar-del-dia-en-que-naciste\/","og_locale":"es_ES","og_type":"article","og_title":"Mapa Estelar Del D\u00eda en Que Naciste","og_description":"Agrega planetas, constelaciones y la V\u00eda L\u00e1ctea Usa nuestro editor para personalizar tu dise\u00f1o en apenas tres pasos A\u00f1ade un mensaje personalizado para que\u00a0tu dise\u00f1o sea \u00fanico y especial Visualiza tu dise\u00f1o de forma r\u00e1pida usando la vista previa interactiva","og_url":"https:\/\/positiveprints.com\/es\/producto\/mapa-estelar-del-dia-en-que-naciste\/","og_site_name":"Positive Prints","article_publisher":"https:\/\/www.facebook.com\/positiveprintscom","article_modified_time":"2026-04-18T08:13:02+00:00","og_image":[{"width":1450,"height":1450,"url":"https:\/\/positiveprints.com\/wp-content\/uploads\/2024\/10\/Packshot_ES_The-Day-You-Were-Born-product-image.webp","type":"image\/webp"}],"twitter_card":"summary_large_image","twitter_misc":{"Tiempo de lectura":"4 minutos"},"schema":{"@context":"https:\/\/schema.org","@graph":[{"@type":["WebPage","ItemPage"],"@id":"https:\/\/positiveprints.com\/es\/producto\/mapa-estelar-del-dia-en-que-naciste\/","url":"https:\/\/positiveprints.com\/es\/producto\/mapa-estelar-del-dia-en-que-naciste\/","name":"Mapa estelar del d\u00eda en que naciste - Positive Prints","isPartOf":{"@id":"https:\/\/positiveprints.com\/es\/#website"},"primaryImageOfPage":{"@id":"https:\/\/positiveprints.com\/es\/producto\/mapa-estelar-del-dia-en-que-naciste\/#primaryimage"},"image":{"@id":"https:\/\/positiveprints.com\/es\/producto\/mapa-estelar-del-dia-en-que-naciste\/#primaryimage"},"thumbnailUrl":"https:\/\/positiveprints.com\/wp-content\/uploads\/2024\/10\/Packshot_ES_The-Day-You-Were-Born-product-image.webp","datePublished":"2021-03-23T07:58:13+00:00","dateModified":"2026-04-18T08:13:02+00:00","description":"\u00a1El mapa estelar del d\u00eda en que naciste es perfecto para esta ocasi\u00f3n! Recrea el cielo estrellado de uno de los momentos m\u00e1s especiales de su vida.","breadcrumb":{"@id":"https:\/\/positiveprints.com\/es\/producto\/mapa-estelar-del-dia-en-que-naciste\/#breadcrumb"},"inLanguage":"es","potentialAction":[{"@type":"ReadAction","target":["https:\/\/positiveprints.com\/es\/producto\/mapa-estelar-del-dia-en-que-naciste\/"]}]},{"@type":"ImageObject","inLanguage":"es","@id":"https:\/\/positiveprints.com\/es\/producto\/mapa-estelar-del-dia-en-que-naciste\/#primaryimage","url":"https:\/\/positiveprints.com\/wp-content\/uploads\/2024\/10\/Packshot_ES_The-Day-You-Were-Born-product-image.webp","contentUrl":"https:\/\/positiveprints.com\/wp-content\/uploads\/2024\/10\/Packshot_ES_The-Day-You-Were-Born-product-image.webp","width":1450,"height":1450,"caption":"Packshot_ES_The Day You Were Born product image"},{"@type":"BreadcrumbList","@id":"https:\/\/positiveprints.com\/es\/producto\/mapa-estelar-del-dia-en-que-naciste\/#breadcrumb","itemListElement":[{"@type":"ListItem","position":1,"name":"CASA","item":"https:\/\/positiveprints.com\/es\/"},{"@type":"ListItem","position":2,"name":"Productos","item":"https:\/\/positiveprints.com\/es\/shop\/"},{"@type":"ListItem","position":3,"name":"Mapa Estelar Del D\u00eda en Que Naciste"}]},{"@type":"WebSite","@id":"https:\/\/positiveprints.com\/es\/#website","url":"https:\/\/positiveprints.com\/es\/","name":"Positive Prints","description":"Custom Gifts for Special Occasions","publisher":{"@id":"https:\/\/positiveprints.com\/es\/#organization"},"potentialAction":[{"@type":"SearchAction","target":{"@type":"EntryPoint","urlTemplate":"https:\/\/positiveprints.com\/es\/?s={search_term_string}"},"query-input":{"@type":"PropertyValueSpecification","valueRequired":true,"valueName":"search_term_string"}}],"inLanguage":"es"},{"@type":"Organization","@id":"https:\/\/positiveprints.com\/es\/#organization","name":"Positive Prints","alternateName":"Positive Prints","url":"https:\/\/positiveprints.com\/es\/","logo":{"@type":"ImageObject","inLanguage":"es","@id":"https:\/\/positiveprints.com\/es\/#\/schema\/logo\/image\/","url":"https:\/\/positiveprints.com\/wp-content\/uploads\/2026\/03\/245815646_1337939713319158_5671353136411139666_n.png","contentUrl":"https:\/\/positiveprints.com\/wp-content\/uploads\/2026\/03\/245815646_1337939713319158_5671353136411139666_n.png","width":800,"height":800,"caption":"Positive Prints"},"image":{"@id":"https:\/\/positiveprints.com\/es\/#\/schema\/logo\/image\/"},"sameAs":["https:\/\/www.facebook.com\/positiveprintscom","https:\/\/www.instagram.com\/positiveprintscom\/","https:\/\/www.tiktok.com\/@positiveprintscom","https:\/\/www.pinterest.com\/positiveprintscom\/"]}]}},"jetpack_sharing_enabled":true,"_links":{"self":[{"href":"https:\/\/positiveprints.com\/es\/wp-json\/wp\/v2\/product\/188415","targetHints":{"allow":["GET"]}}],"collection":[{"href":"https:\/\/positiveprints.com\/es\/wp-json\/wp\/v2\/product"}],"about":[{"href":"https:\/\/positiveprints.com\/es\/wp-json\/wp\/v2\/types\/product"}],"wp:featuredmedia":[{"embeddable":true,"href":"https:\/\/positiveprints.com\/es\/wp-json\/wp\/v2\/media\/1225827"}],"wp:attachment":[{"href":"https:\/\/positiveprints.com\/es\/wp-json\/wp\/v2\/media?parent=188415"}],"wp:term":[{"taxonomy":"product_brand","embeddable":true,"href":"https:\/\/positiveprints.com\/es\/wp-json\/wp\/v2\/product_brand?post=188415"},{"taxonomy":"product_cat","embeddable":true,"href":"https:\/\/positiveprints.com\/es\/wp-json\/wp\/v2\/product_cat?post=188415"},{"taxonomy":"product_tag","embeddable":true,"href":"https:\/\/positiveprints.com\/es\/wp-json\/wp\/v2\/product_tag?post=188415"}],"curies":[{"name":"wp","href":"https:\/\/api.w.org\/{rel}","templated":true}]}}