{"id":1666811,"date":"2026-03-09T09:49:59","date_gmt":"2026-03-09T08:49:59","guid":{"rendered":"https:\/\/positiveprints.com\/?post_type=product&#038;p=1666811"},"modified":"2026-04-28T13:05:08","modified_gmt":"2026-04-28T12:05:08","slug":"collage-artistico-mas-despacio","status":"publish","type":"product","link":"https:\/\/positiveprints.com\/es\/producto\/collage-artistico-mas-despacio\/","title":{"rendered":"Collage Art\u00edstico M\u00e1s Despacio"},"content":{"rendered":"","protected":false},"excerpt":{"rendered":"<ul class=\"check-list\">\n<li>Sube tus fotos favoritas para personalizar cada letra<\/li>\n<li>Incluye un texto personalizado significativo<\/li>\n<li>Personal\u00edzalo en 3 sencillos pasos<\/li>\n<li>Previsualiza tu dise\u00f1o gracias a la vista previa interactiva<\/li>\n<\/ul>\n","protected":false},"featured_media":1680106,"template":"","meta":[],"product_brand":[],"product_cat":[9124,106,7837],"product_tag":[13813],"class_list":{"0":"post-1666811","1":"product","2":"type-product","3":"status-publish","4":"has-post-thumbnail","6":"product_cat-photo-letter-es","7":"product_cat-todos-los-productos","8":"product_cat-regalos-para-amigos","9":"product_tag-poster-de-foto-personalizado","11":"first","12":"instock","13":"sale","14":"taxable","15":"shipping-taxable","16":"purchasable","17":"product-type-variable"},"yoast_head":"<!-- This site is optimized with the Yoast SEO Premium plugin v27.2 (Yoast SEO v27.2) - https:\/\/yoast.com\/product\/yoast-seo-premium-wordpress\/ -->\n<title>Collage Art\u00edstico M\u00e1s Despacio - Positive Prints<\/title>\n<meta name=\"description\" content=\"Crea un collage personalizado con fotos relajantes que invite a ir m\u00e1s despacio y disfrutar de la vida d\u00eda a d\u00eda, convirti\u00e9ndolo en un regalo especial que inspira todos los d\u00edas.\" \/>\n<meta name=\"robots\" content=\"index, follow, max-snippet:-1, max-image-preview:large, max-video-preview:-1\" \/>\n<link rel=\"canonical\" href=\"https:\/\/positiveprints.com\/es\/producto\/collage-artistico-mas-despacio\/\" \/>\n<meta property=\"og:locale\" content=\"es_ES\" \/>\n<meta property=\"og:type\" content=\"article\" \/>\n<meta property=\"og:title\" content=\"Collage Art\u00edstico M\u00e1s Despacio\" \/>\n<meta property=\"og:description\" content=\"Sube tus fotos favoritas para personalizar cada letra Incluye un texto personalizado significativo Personal\u00edzalo en 3 sencillos pasos Previsualiza tu dise\u00f1o gracias a la vista previa interactiva\" \/>\n<meta property=\"og:url\" content=\"https:\/\/positiveprints.com\/es\/producto\/collage-artistico-mas-despacio\/\" \/>\n<meta property=\"og:site_name\" content=\"Positive Prints\" \/>\n<meta property=\"article:publisher\" content=\"https:\/\/www.facebook.com\/positiveprintscom\" \/>\n<meta property=\"article:modified_time\" content=\"2026-04-28T12:05:08+00:00\" \/>\n<meta property=\"og:image\" content=\"https:\/\/positiveprints.com\/wp-content\/uploads\/2026\/03\/Packshot_ES_Collage-Artistico-Mas-Despacio.webp\" \/>\n\t<meta property=\"og:image:width\" content=\"1450\" \/>\n\t<meta property=\"og:image:height\" content=\"1450\" \/>\n\t<meta property=\"og:image:type\" content=\"image\/webp\" \/>\n<meta name=\"twitter:card\" content=\"summary_large_image\" \/>\n<!-- \/ Yoast SEO Premium plugin. -->","yoast_head_json":{"title":"Collage Art\u00edstico M\u00e1s Despacio - Positive Prints","description":"Crea un collage personalizado con fotos relajantes que invite a ir m\u00e1s despacio y disfrutar de la vida d\u00eda a d\u00eda, convirti\u00e9ndolo en un regalo especial que inspira todos los d\u00edas.","robots":{"index":"index","follow":"follow","max-snippet":"max-snippet:-1","max-image-preview":"max-image-preview:large","max-video-preview":"max-video-preview:-1"},"canonical":"https:\/\/positiveprints.com\/es\/producto\/collage-artistico-mas-despacio\/","og_locale":"es_ES","og_type":"article","og_title":"Collage Art\u00edstico M\u00e1s Despacio","og_description":"Sube tus fotos favoritas para personalizar cada letra Incluye un texto personalizado significativo Personal\u00edzalo en 3 sencillos pasos Previsualiza tu dise\u00f1o gracias a la vista previa interactiva","og_url":"https:\/\/positiveprints.com\/es\/producto\/collage-artistico-mas-despacio\/","og_site_name":"Positive Prints","article_publisher":"https:\/\/www.facebook.com\/positiveprintscom","article_modified_time":"2026-04-28T12:05:08+00:00","og_image":[{"width":1450,"height":1450,"url":"https:\/\/positiveprints.com\/wp-content\/uploads\/2026\/03\/Packshot_ES_Collage-Artistico-Mas-Despacio.webp","type":"image\/webp"}],"twitter_card":"summary_large_image","schema":{"@context":"https:\/\/schema.org","@graph":[{"@type":["WebPage","ItemPage"],"@id":"https:\/\/positiveprints.com\/es\/producto\/collage-artistico-mas-despacio\/","url":"https:\/\/positiveprints.com\/es\/producto\/collage-artistico-mas-despacio\/","name":"Collage Art\u00edstico M\u00e1s Despacio - Positive Prints","isPartOf":{"@id":"https:\/\/positiveprints.com\/es\/#website"},"primaryImageOfPage":{"@id":"https:\/\/positiveprints.com\/es\/producto\/collage-artistico-mas-despacio\/#primaryimage"},"image":{"@id":"https:\/\/positiveprints.com\/es\/producto\/collage-artistico-mas-despacio\/#primaryimage"},"thumbnailUrl":"https:\/\/positiveprints.com\/wp-content\/uploads\/2026\/03\/Packshot_ES_Collage-Artistico-Mas-Despacio.webp","datePublished":"2026-03-09T08:49:59+00:00","dateModified":"2026-04-28T12:05:08+00:00","description":"Crea un collage personalizado con fotos relajantes que invite a ir m\u00e1s despacio y disfrutar de la vida d\u00eda a d\u00eda, convirti\u00e9ndolo en un regalo especial que inspira todos los d\u00edas.","breadcrumb":{"@id":"https:\/\/positiveprints.com\/es\/producto\/collage-artistico-mas-despacio\/#breadcrumb"},"inLanguage":"es","potentialAction":[{"@type":"ReadAction","target":["https:\/\/positiveprints.com\/es\/producto\/collage-artistico-mas-despacio\/"]}]},{"@type":"ImageObject","inLanguage":"es","@id":"https:\/\/positiveprints.com\/es\/producto\/collage-artistico-mas-despacio\/#primaryimage","url":"https:\/\/positiveprints.com\/wp-content\/uploads\/2026\/03\/Packshot_ES_Collage-Artistico-Mas-Despacio.webp","contentUrl":"https:\/\/positiveprints.com\/wp-content\/uploads\/2026\/03\/Packshot_ES_Collage-Artistico-Mas-Despacio.webp","width":1450,"height":1450},{"@type":"BreadcrumbList","@id":"https:\/\/positiveprints.com\/es\/producto\/collage-artistico-mas-despacio\/#breadcrumb","itemListElement":[{"@type":"ListItem","position":1,"name":"CASA","item":"https:\/\/positiveprints.com\/es\/"},{"@type":"ListItem","position":2,"name":"Productos","item":"https:\/\/positiveprints.com\/es\/shop\/"},{"@type":"ListItem","position":3,"name":"Collage Art\u00edstico M\u00e1s Despacio"}]},{"@type":"WebSite","@id":"https:\/\/positiveprints.com\/es\/#website","url":"https:\/\/positiveprints.com\/es\/","name":"Positive Prints","description":"Custom Gifts for Special Occasions","publisher":{"@id":"https:\/\/positiveprints.com\/es\/#organization"},"potentialAction":[{"@type":"SearchAction","target":{"@type":"EntryPoint","urlTemplate":"https:\/\/positiveprints.com\/es\/?s={search_term_string}"},"query-input":{"@type":"PropertyValueSpecification","valueRequired":true,"valueName":"search_term_string"}}],"inLanguage":"es"},{"@type":"Organization","@id":"https:\/\/positiveprints.com\/es\/#organization","name":"Positive Prints","alternateName":"Positive Prints ","url":"https:\/\/positiveprints.com\/es\/","logo":{"@type":"ImageObject","inLanguage":"es","@id":"https:\/\/positiveprints.com\/es\/#\/schema\/logo\/image\/","url":"https:\/\/positiveprints.com\/wp-content\/uploads\/2026\/03\/245815646_1337939713319158_5671353136411139666_n.png","contentUrl":"https:\/\/positiveprints.com\/wp-content\/uploads\/2026\/03\/245815646_1337939713319158_5671353136411139666_n.png","width":800,"height":800,"caption":"Positive Prints"},"image":{"@id":"https:\/\/positiveprints.com\/es\/#\/schema\/logo\/image\/"},"sameAs":["https:\/\/www.facebook.com\/positiveprintscom","https:\/\/www.instagram.com\/positiveprintscom\/","https:\/\/www.tiktok.com\/@positiveprintscom","https:\/\/www.pinterest.com\/positiveprintscom\/"]}]}},"jetpack_sharing_enabled":true,"_links":{"self":[{"href":"https:\/\/positiveprints.com\/es\/wp-json\/wp\/v2\/product\/1666811","targetHints":{"allow":["GET"]}}],"collection":[{"href":"https:\/\/positiveprints.com\/es\/wp-json\/wp\/v2\/product"}],"about":[{"href":"https:\/\/positiveprints.com\/es\/wp-json\/wp\/v2\/types\/product"}],"wp:featuredmedia":[{"embeddable":true,"href":"https:\/\/positiveprints.com\/es\/wp-json\/wp\/v2\/media\/1680106"}],"wp:attachment":[{"href":"https:\/\/positiveprints.com\/es\/wp-json\/wp\/v2\/media?parent=1666811"}],"wp:term":[{"taxonomy":"product_brand","embeddable":true,"href":"https:\/\/positiveprints.com\/es\/wp-json\/wp\/v2\/product_brand?post=1666811"},{"taxonomy":"product_cat","embeddable":true,"href":"https:\/\/positiveprints.com\/es\/wp-json\/wp\/v2\/product_cat?post=1666811"},{"taxonomy":"product_tag","embeddable":true,"href":"https:\/\/positiveprints.com\/es\/wp-json\/wp\/v2\/product_tag?post=1666811"}],"curies":[{"name":"wp","href":"https:\/\/api.w.org\/{rel}","templated":true}]}}