{"id":1665659,"date":"2026-03-06T11:08:14","date_gmt":"2026-03-06T10:08:14","guid":{"rendered":"https:\/\/positiveprints.com\/?post_type=product&#038;p=1665659"},"modified":"2026-04-28T13:05:50","modified_gmt":"2026-04-28T12:05:50","slug":"collage-artistico-para-siempre","status":"publish","type":"product","link":"https:\/\/positiveprints.com\/es\/producto\/collage-artistico-para-siempre\/","title":{"rendered":"Collage Art\u00edstico Para Siempre"},"content":{"rendered":"","protected":false},"excerpt":{"rendered":"<ul class=\"check-list\">\n<li>Sube tus fotos favoritas para personalizar cada letra<\/li>\n<li>Incluye un texto personalizado significativo<\/li>\n<li>Personal\u00edzalo en 3 sencillos pasos<\/li>\n<li>Previsualiza tu dise\u00f1o gracias a la vista previa interactiva<\/li>\n<\/ul>\n","protected":false},"featured_media":1682270,"template":"","meta":[],"product_brand":[],"product_cat":[5334,3124,5277,3119,11457,11456,11462,7757,7646,11455,9124,11189,11188,11187,11250,11249,106],"product_tag":[14923,14933,14945,14931,14937,14939,14922,14929,14940,14187,14947,14943,14925,14927,14944,14946,14948,14942,14924],"class_list":{"0":"post-1665659","1":"product","2":"type-product","3":"status-publish","4":"has-post-thumbnail","6":"product_cat-regalos-de-aniversario","7":"product_cat-regalos-de-boda","8":"product_cat-regalos-de-compromiso","9":"product_cat-regalos-de-san-valentin","10":"product_cat-regalos-de-navidad-para-el-marido","11":"product_cat-regalos-de-navidad-para-hombre","12":"product_cat-regalos-de-navidad-para-la-esposa","13":"product_cat-regalos-para-mi-esposa","14":"product_cat-regalos-para-mi-esposo","15":"product_cat-regalos-de-navidad-para-mujer","16":"product_cat-photo-letter-es","17":"product_cat-regalos-de-aniversario-para-el","18":"product_cat-regalos-de-aniversario-para-ella","19":"product_cat-regalos-de-aniversario-para-pareja","20":"product_cat-regalos-de-san-valentin-hombres","21":"product_cat-regalos-de-san-valentin-mujeres","22":"product_cat-todos-los-productos","23":"product_tag-anniversary-es","24":"product_tag-anniversary-gift-es","25":"product_tag-anniversary-gifts-es","26":"product_tag-anniversary-present-es","27":"product_tag-couple-gift-es-2","28":"product_tag-gift-for-couple-es","29":"product_tag-love-es","30":"product_tag-love-gift-es","31":"product_tag-personalized-gift-es","32":"product_tag-regalo-romantico-es","33":"product_tag-romantic-gifts-es","34":"product_tag-sentimental-gift-es","35":"product_tag-special-occasion-es-2","36":"product_tag-thoughtful-gift-es","37":"product_tag-unique-gift-es","38":"product_tag-valentines-day-gifts-es","39":"product_tag-valentines-day-es","40":"product_tag-valentines-day-gift-es","41":"product_tag-wedding-anniversary-es","43":"first","44":"instock","45":"sale","46":"taxable","47":"shipping-taxable","48":"purchasable","49":"product-type-variable"},"yoast_head":"<!-- This site is optimized with the Yoast SEO Premium plugin v27.2 (Yoast SEO v27.2) - https:\/\/yoast.com\/product\/yoast-seo-premium-wordpress\/ -->\n<title>Collage Art\u00edstico Para Siempre - Positive Prints<\/title>\n<meta name=\"description\" content=\"Crea un collage personalizado con vuestras fotos m\u00e1s especiales juntos que celebre el amor duradero. Un recuerdo rom\u00e1ntico para cuidar por siempre.\" \/>\n<meta name=\"robots\" content=\"index, follow, max-snippet:-1, max-image-preview:large, max-video-preview:-1\" \/>\n<link rel=\"canonical\" href=\"https:\/\/positiveprints.com\/es\/producto\/collage-artistico-para-siempre\/\" \/>\n<meta property=\"og:locale\" content=\"es_ES\" \/>\n<meta property=\"og:type\" content=\"article\" \/>\n<meta property=\"og:title\" content=\"Collage Art\u00edstico Para Siempre\" \/>\n<meta property=\"og:description\" content=\"Sube tus fotos favoritas para personalizar cada letra Incluye un texto personalizado significativo Personal\u00edzalo en 3 sencillos pasos Previsualiza tu dise\u00f1o gracias a la vista previa interactiva\" \/>\n<meta property=\"og:url\" content=\"https:\/\/positiveprints.com\/es\/producto\/collage-artistico-para-siempre\/\" \/>\n<meta property=\"og:site_name\" content=\"Positive Prints\" \/>\n<meta property=\"article:publisher\" content=\"https:\/\/www.facebook.com\/positiveprintscom\" \/>\n<meta property=\"article:modified_time\" content=\"2026-04-28T12:05:50+00:00\" \/>\n<meta property=\"og:image\" content=\"https:\/\/positiveprints.com\/wp-content\/uploads\/2026\/03\/Packshot_ES_XX-Collage-Artistico-Para-Siempre.webp\" \/>\n\t<meta property=\"og:image:width\" content=\"1450\" \/>\n\t<meta property=\"og:image:height\" content=\"1450\" \/>\n\t<meta property=\"og:image:type\" content=\"image\/webp\" \/>\n<meta name=\"twitter:card\" content=\"summary_large_image\" \/>\n<!-- \/ Yoast SEO Premium plugin. -->","yoast_head_json":{"title":"Collage Art\u00edstico Para Siempre - Positive Prints","description":"Crea un collage personalizado con vuestras fotos m\u00e1s especiales juntos que celebre el amor duradero. Un recuerdo rom\u00e1ntico para cuidar por siempre.","robots":{"index":"index","follow":"follow","max-snippet":"max-snippet:-1","max-image-preview":"max-image-preview:large","max-video-preview":"max-video-preview:-1"},"canonical":"https:\/\/positiveprints.com\/es\/producto\/collage-artistico-para-siempre\/","og_locale":"es_ES","og_type":"article","og_title":"Collage Art\u00edstico Para Siempre","og_description":"Sube tus fotos favoritas para personalizar cada letra Incluye un texto personalizado significativo Personal\u00edzalo en 3 sencillos pasos Previsualiza tu dise\u00f1o gracias a la vista previa interactiva","og_url":"https:\/\/positiveprints.com\/es\/producto\/collage-artistico-para-siempre\/","og_site_name":"Positive Prints","article_publisher":"https:\/\/www.facebook.com\/positiveprintscom","article_modified_time":"2026-04-28T12:05:50+00:00","og_image":[{"width":1450,"height":1450,"url":"https:\/\/positiveprints.com\/wp-content\/uploads\/2026\/03\/Packshot_ES_XX-Collage-Artistico-Para-Siempre.webp","type":"image\/webp"}],"twitter_card":"summary_large_image","schema":{"@context":"https:\/\/schema.org","@graph":[{"@type":["WebPage","ItemPage"],"@id":"https:\/\/positiveprints.com\/es\/producto\/collage-artistico-para-siempre\/","url":"https:\/\/positiveprints.com\/es\/producto\/collage-artistico-para-siempre\/","name":"Collage Art\u00edstico Para Siempre - Positive Prints","isPartOf":{"@id":"https:\/\/positiveprints.com\/es\/#website"},"primaryImageOfPage":{"@id":"https:\/\/positiveprints.com\/es\/producto\/collage-artistico-para-siempre\/#primaryimage"},"image":{"@id":"https:\/\/positiveprints.com\/es\/producto\/collage-artistico-para-siempre\/#primaryimage"},"thumbnailUrl":"https:\/\/positiveprints.com\/wp-content\/uploads\/2026\/03\/Packshot_ES_XX-Collage-Artistico-Para-Siempre.webp","datePublished":"2026-03-06T10:08:14+00:00","dateModified":"2026-04-28T12:05:50+00:00","description":"Crea un collage personalizado con vuestras fotos m\u00e1s especiales juntos que celebre el amor duradero. Un recuerdo rom\u00e1ntico para cuidar por siempre.","breadcrumb":{"@id":"https:\/\/positiveprints.com\/es\/producto\/collage-artistico-para-siempre\/#breadcrumb"},"inLanguage":"es","potentialAction":[{"@type":"ReadAction","target":["https:\/\/positiveprints.com\/es\/producto\/collage-artistico-para-siempre\/"]}]},{"@type":"ImageObject","inLanguage":"es","@id":"https:\/\/positiveprints.com\/es\/producto\/collage-artistico-para-siempre\/#primaryimage","url":"https:\/\/positiveprints.com\/wp-content\/uploads\/2026\/03\/Packshot_ES_XX-Collage-Artistico-Para-Siempre.webp","contentUrl":"https:\/\/positiveprints.com\/wp-content\/uploads\/2026\/03\/Packshot_ES_XX-Collage-Artistico-Para-Siempre.webp","width":1450,"height":1450},{"@type":"BreadcrumbList","@id":"https:\/\/positiveprints.com\/es\/producto\/collage-artistico-para-siempre\/#breadcrumb","itemListElement":[{"@type":"ListItem","position":1,"name":"CASA","item":"https:\/\/positiveprints.com\/es\/"},{"@type":"ListItem","position":2,"name":"Productos","item":"https:\/\/positiveprints.com\/es\/shop\/"},{"@type":"ListItem","position":3,"name":"Collage Art\u00edstico Para Siempre"}]},{"@type":"WebSite","@id":"https:\/\/positiveprints.com\/es\/#website","url":"https:\/\/positiveprints.com\/es\/","name":"Positive Prints","description":"Custom Gifts for Special Occasions","publisher":{"@id":"https:\/\/positiveprints.com\/es\/#organization"},"potentialAction":[{"@type":"SearchAction","target":{"@type":"EntryPoint","urlTemplate":"https:\/\/positiveprints.com\/es\/?s={search_term_string}"},"query-input":{"@type":"PropertyValueSpecification","valueRequired":true,"valueName":"search_term_string"}}],"inLanguage":"es"},{"@type":"Organization","@id":"https:\/\/positiveprints.com\/es\/#organization","name":"Positive Prints","alternateName":"Positive Prints ","url":"https:\/\/positiveprints.com\/es\/","logo":{"@type":"ImageObject","inLanguage":"es","@id":"https:\/\/positiveprints.com\/es\/#\/schema\/logo\/image\/","url":"https:\/\/positiveprints.com\/wp-content\/uploads\/2026\/03\/245815646_1337939713319158_5671353136411139666_n.png","contentUrl":"https:\/\/positiveprints.com\/wp-content\/uploads\/2026\/03\/245815646_1337939713319158_5671353136411139666_n.png","width":800,"height":800,"caption":"Positive Prints"},"image":{"@id":"https:\/\/positiveprints.com\/es\/#\/schema\/logo\/image\/"},"sameAs":["https:\/\/www.facebook.com\/positiveprintscom","https:\/\/www.instagram.com\/positiveprintscom\/","https:\/\/www.tiktok.com\/@positiveprintscom","https:\/\/www.pinterest.com\/positiveprintscom\/"]}]}},"jetpack_sharing_enabled":true,"_links":{"self":[{"href":"https:\/\/positiveprints.com\/es\/wp-json\/wp\/v2\/product\/1665659","targetHints":{"allow":["GET"]}}],"collection":[{"href":"https:\/\/positiveprints.com\/es\/wp-json\/wp\/v2\/product"}],"about":[{"href":"https:\/\/positiveprints.com\/es\/wp-json\/wp\/v2\/types\/product"}],"wp:featuredmedia":[{"embeddable":true,"href":"https:\/\/positiveprints.com\/es\/wp-json\/wp\/v2\/media\/1682270"}],"wp:attachment":[{"href":"https:\/\/positiveprints.com\/es\/wp-json\/wp\/v2\/media?parent=1665659"}],"wp:term":[{"taxonomy":"product_brand","embeddable":true,"href":"https:\/\/positiveprints.com\/es\/wp-json\/wp\/v2\/product_brand?post=1665659"},{"taxonomy":"product_cat","embeddable":true,"href":"https:\/\/positiveprints.com\/es\/wp-json\/wp\/v2\/product_cat?post=1665659"},{"taxonomy":"product_tag","embeddable":true,"href":"https:\/\/positiveprints.com\/es\/wp-json\/wp\/v2\/product_tag?post=1665659"}],"curies":[{"name":"wp","href":"https:\/\/api.w.org\/{rel}","templated":true}]}}