{"id":165908,"date":"2021-09-06T12:51:19","date_gmt":"2021-09-06T11:51:19","guid":{"rendered":"https:\/\/positiveprints.com\/product\/nos-conocimos-nos-besamos-nos-comprometimos\/"},"modified":"2026-04-18T08:06:14","modified_gmt":"2026-04-18T07:06:14","slug":"nos-conocimos-nos-besamos-nos-comprometimos","status":"publish","type":"product","link":"https:\/\/positiveprints.com\/es\/producto\/nos-conocimos-nos-besamos-nos-comprometimos\/","title":{"rendered":"Nos Conocimos, Nos Besamos, Nos Comprometimos"},"content":{"rendered":"<p>Conociste a tu amor verdadero, se dieron su primer beso y decidieron pasar la eternidad juntos. Cada historia de amor vale la pena celebrarla, y puedes volver a contar la tuya una y otra vez con \u2018Nos conocimos, nos besamos, nos comprometimos\u2019.<\/p>\r\n\r\n\r\n\r\n<h2 class=\"grenB f24 cblue\" style=\"margin-top: 3rem\">\u00bfQu\u00e9 es \u2018Nos conocimos, nos besamos, nos comprometimos\u2019?<\/h2>\r\n\r\n\r\n\r\n<p style=\"margin-top: 1rem\">En realidad, este mapa es una serie de tres mapas m\u00e1s peque\u00f1os que se muestran en un solo p\u00f3ster. Cada mapa destaca la ubicaci\u00f3n de un suceso importante en tu historia de amor: el lugar donde se conocieron, se dieron su primer beso y decidieron pasar la eternidad juntos.<\/p>\r\n\r\n\r\n\r\n<p style=\"margin-top: 1rem\">Cada uno de los mapas m\u00e1s peque\u00f1os incluye un texto personalizado. Podr\u00edas agregar detalles sobre la ubicaci\u00f3n, la fecha del evento o cualquier otro detalle que sea importante para ti. Tambi\u00e9n puedes agregar un marcador en forma de coraz\u00f3n para indicar el lugar exacto en el que estabas cuando sucedi\u00f3 ese momento especial.<\/p>\r\n\r\n\r\n\r\n<h2 class=\"grenB f24 cblue\" style=\"margin-top: 3rem\">\u00bfPor qu\u00e9 elegir un regalo de compromiso personalizado?<\/h2>\r\n\r\n\r\n\r\n<p style=\"margin-top: 1rem\">Los regalos de compromiso deben venir del coraz\u00f3n. Se trata de ustedes dos, como pareja, y qu\u00e9 mejor regalo que uno que muestra c\u00f3mo su amor ha florecido desde que se conocieron.<\/p>\r\n\r\n\r\n\r\n<p style=\"margin-top: 1rem\">Es por eso que los regalos personalizados son tan populares en las fiestas de compromiso. Ya sea que est\u00e9s celebrando como padre de los futuros esposos, un amigo, un familiar o incluso la futura novia o el novio, los regalos personalizados te dan la oportunidad de demostrarle lo mucho que significan para ti.<\/p>\r\n\r\n\r\n\r\n<h2 class=\"grenB f24 cblue\" style=\"margin-top: 3rem\">C\u00f3mo crear tu mapa personalizado<\/h2>\r\n\r\n\r\n\r\n<p style=\"margin-top: 1rem\">Positive Prints te pone en los zapatos del dise\u00f1ador y te permite hacer tu mapa personalizado. Nuestro proceso de tres pasos elimina cualquier conjetura al momento de crear un mapa tan \u00fanico como este. Incluso pasar\u00edas menos tiempo dise\u00f1\u00e1ndolo que tratando de encontrar el regalo perfecto en una tienda. As\u00ed es como funciona:<\/p>\r\n\r\n\r\n\r\n<p style=\"margin-top: 1rem\"><b>Paso 1: Selecciona tu dise\u00f1o<\/b><\/p>\r\n\r\n\r\n\r\n<p style=\"margin-top: 1rem\">Nos hemos encargado de crear una serie de hermosos dise\u00f1os, figuras y esquemas de color para tus mapas. Puedes aprovechar las paletas de colores que hemos predise\u00f1ado o crear tu propio esquema de color personalizado.<\/p>\r\n\r\n\r\n\r\n<p style=\"margin-top: 1rem\"><b>Paso 2: Completa los detalles<\/b><\/p>\r\n\r\n\r\n\r\n<p style=\"margin-top: 1rem\">Despu\u00e9s de elegir tu dise\u00f1o, podr\u00e1s personalizar tu mapa con todos los detalles que conforman tu historia de amor. Esto incluye elegir la ubicaci\u00f3n de cada uno de tus mapas, agregar texto personalizado e incluso elegir un marcador especial para cada ubicaci\u00f3n.<\/p>\r\n\r\n\r\n\r\n<p style=\"margin-top: 1rem\">Aunque nos encanta el concepto de este mapa, puedes incluir cualquier momento especial que sea importante para ti. Por ejemplo, si prefieres agregar el lugar donde compraron su primera casa juntos, \u00a1hazlo! Es tu mapa, \u00a1t\u00fa mandas!<\/p>\r\n\r\n\r\n\r\n<p style=\"margin-top: 1rem\"><b>Paso 3: Elige tu m\u00e9todo de entrega<\/b><\/p>\r\n\r\n\r\n\r\n<p style=\"margin-top: 1rem\">Positive Prints ofrece env\u00edo internacional en impresiones de pasta dura, impresiones sobre lienzo y p\u00f3steres enmarcados. Si lo necesitas r\u00e1pidamente, selecciona la opci\u00f3n de descarga digital para imprimirlo en alguna imprenta de tu localidad.<\/p>\r\n\r\n\r\n\r\n<h2 class=\"grenB f24 cblue\" style=\"margin-top: 3rem\">\u00a1Comenzar a dise\u00f1ar un mapa personalizado es s\u00faper f\u00e1cil!<\/h2>\r\n\r\n\r\n\r\n<p style=\"margin-top: 1rem\">Tu historia de amor es \u00fanica, y tu regalo de compromiso tambi\u00e9n deber\u00eda serlo. \u00a1Comienza a dise\u00f1ar tu propio mapa \u2018Nos conocimos, nos besamos, nos comprometimos\u2019 con Positive Prints!<\/p>","protected":false},"excerpt":{"rendered":"<ul class=\"check-list\">\n<li>Celebra los tres momentos m\u00e1s importantes de tu relaci\u00f3n con un mapa personalizado: un regalo verdaderamente \u00fanico<\/li>\n<li>Marca direcciones exactas con el s\u00edmbolo de tu elecci\u00f3n<\/li>\n<li>Usa nuestro editor para personalizar tu dise\u00f1o en apenas tres pasos<\/li>\n<li>Incluye un texto  para que\u00a0tu dise\u00f1o sea \u00fanico y especia<\/li>\n<li>Visualiza tu dise\u00f1o de forma r\u00e1pida usando la vista previa interactiva<\/li>\n<\/ul>\n","protected":false},"featured_media":1554194,"template":"","meta":[],"product_brand":[],"product_cat":[5277,8012,7693,106,7231],"product_tag":[8440],"class_list":{"0":"post-165908","1":"product","2":"type-product","3":"status-publish","4":"has-post-thumbnail","6":"product_cat-regalos-de-compromiso","7":"product_cat-regalos-para-hombres","8":"product_cat-regalos-para-mujeres","9":"product_cat-todos-los-productos","10":"product_cat-triple-maps-es","11":"product_tag-compromiso","13":"first","14":"instock","15":"sale","16":"taxable","17":"shipping-taxable","18":"purchasable","19":"product-type-variable"},"yoast_head":"<!-- This site is optimized with the Yoast SEO Premium plugin v27.2 (Yoast SEO v27.2) - https:\/\/yoast.com\/product\/yoast-seo-premium-wordpress\/ -->\n<title>Nos Conocimos, Nos Besamos, Nos Comprometimos - Positive Prints<\/title>\n<meta name=\"description\" content=\"El mejor regalo de compromiso es aquel que viene del coraz\u00f3n. Abre este nuevo cap\u00edtulo de vuestras vidas con el p\u00f3ster Nos conocimos, Nos besamos, Nos comprometimos.\" \/>\n<meta name=\"robots\" content=\"index, follow, max-snippet:-1, max-image-preview:large, max-video-preview:-1\" \/>\n<link rel=\"canonical\" href=\"https:\/\/positiveprints.com\/es\/producto\/nos-conocimos-nos-besamos-nos-comprometimos\/\" \/>\n<meta property=\"og:locale\" content=\"es_ES\" \/>\n<meta property=\"og:type\" content=\"article\" \/>\n<meta property=\"og:title\" content=\"Nos Conocimos, Nos Besamos, Nos Comprometimos\" \/>\n<meta property=\"og:description\" content=\"Celebra los tres momentos m\u00e1s importantes de tu relaci\u00f3n con un mapa personalizado: un regalo verdaderamente \u00fanico  Marca direcciones exactas con el s\u00edmbolo de tu elecci\u00f3n  Usa nuestro editor para personalizar tu dise\u00f1o en apenas tres pasos  Incluye un texto para que\u00a0tu dise\u00f1o sea \u00fanico y especia  Visualiza tu dise\u00f1o de forma r\u00e1pida usando la vista previa interactiva\" \/>\n<meta property=\"og:url\" content=\"https:\/\/positiveprints.com\/es\/producto\/nos-conocimos-nos-besamos-nos-comprometimos\/\" \/>\n<meta property=\"og:site_name\" content=\"Positive Prints\" \/>\n<meta property=\"article:publisher\" content=\"https:\/\/www.facebook.com\/positiveprintscom\" \/>\n<meta property=\"article:modified_time\" content=\"2026-04-18T07:06:14+00:00\" \/>\n<meta property=\"og:image\" content=\"https:\/\/positiveprints.com\/wp-content\/uploads\/2025\/10\/Nos-Conocimos-Nos-Besamos-Nos-Comprometimos-4.webp\" \/>\n\t<meta property=\"og:image:width\" content=\"1450\" \/>\n\t<meta property=\"og:image:height\" content=\"1450\" \/>\n\t<meta property=\"og:image:type\" content=\"image\/webp\" \/>\n<meta name=\"twitter:card\" content=\"summary_large_image\" \/>\n<meta name=\"twitter:label1\" content=\"Tiempo de lectura\" \/>\n\t<meta name=\"twitter:data1\" content=\"3 minutos\" \/>\n<!-- \/ Yoast SEO Premium plugin. -->","yoast_head_json":{"title":"Nos Conocimos, Nos Besamos, Nos Comprometimos - Positive Prints","description":"El mejor regalo de compromiso es aquel que viene del coraz\u00f3n. Abre este nuevo cap\u00edtulo de vuestras vidas con el p\u00f3ster Nos conocimos, Nos besamos, Nos comprometimos.","robots":{"index":"index","follow":"follow","max-snippet":"max-snippet:-1","max-image-preview":"max-image-preview:large","max-video-preview":"max-video-preview:-1"},"canonical":"https:\/\/positiveprints.com\/es\/producto\/nos-conocimos-nos-besamos-nos-comprometimos\/","og_locale":"es_ES","og_type":"article","og_title":"Nos Conocimos, Nos Besamos, Nos Comprometimos","og_description":"Celebra los tres momentos m\u00e1s importantes de tu relaci\u00f3n con un mapa personalizado: un regalo verdaderamente \u00fanico  Marca direcciones exactas con el s\u00edmbolo de tu elecci\u00f3n  Usa nuestro editor para personalizar tu dise\u00f1o en apenas tres pasos  Incluye un texto para que\u00a0tu dise\u00f1o sea \u00fanico y especia  Visualiza tu dise\u00f1o de forma r\u00e1pida usando la vista previa interactiva","og_url":"https:\/\/positiveprints.com\/es\/producto\/nos-conocimos-nos-besamos-nos-comprometimos\/","og_site_name":"Positive Prints","article_publisher":"https:\/\/www.facebook.com\/positiveprintscom","article_modified_time":"2026-04-18T07:06:14+00:00","og_image":[{"width":1450,"height":1450,"url":"https:\/\/positiveprints.com\/wp-content\/uploads\/2025\/10\/Nos-Conocimos-Nos-Besamos-Nos-Comprometimos-4.webp","type":"image\/webp"}],"twitter_card":"summary_large_image","twitter_misc":{"Tiempo de lectura":"3 minutos"},"schema":{"@context":"https:\/\/schema.org","@graph":[{"@type":["WebPage","ItemPage"],"@id":"https:\/\/positiveprints.com\/es\/producto\/nos-conocimos-nos-besamos-nos-comprometimos\/","url":"https:\/\/positiveprints.com\/es\/producto\/nos-conocimos-nos-besamos-nos-comprometimos\/","name":"Nos Conocimos, Nos Besamos, Nos Comprometimos - Positive Prints","isPartOf":{"@id":"https:\/\/positiveprints.com\/es\/#website"},"primaryImageOfPage":{"@id":"https:\/\/positiveprints.com\/es\/producto\/nos-conocimos-nos-besamos-nos-comprometimos\/#primaryimage"},"image":{"@id":"https:\/\/positiveprints.com\/es\/producto\/nos-conocimos-nos-besamos-nos-comprometimos\/#primaryimage"},"thumbnailUrl":"https:\/\/positiveprints.com\/wp-content\/uploads\/2025\/10\/Nos-Conocimos-Nos-Besamos-Nos-Comprometimos-4.webp","datePublished":"2021-09-06T11:51:19+00:00","dateModified":"2026-04-18T07:06:14+00:00","description":"El mejor regalo de compromiso es aquel que viene del coraz\u00f3n. Abre este nuevo cap\u00edtulo de vuestras vidas con el p\u00f3ster Nos conocimos, Nos besamos, Nos comprometimos.","breadcrumb":{"@id":"https:\/\/positiveprints.com\/es\/producto\/nos-conocimos-nos-besamos-nos-comprometimos\/#breadcrumb"},"inLanguage":"es","potentialAction":[{"@type":"ReadAction","target":["https:\/\/positiveprints.com\/es\/producto\/nos-conocimos-nos-besamos-nos-comprometimos\/"]}]},{"@type":"ImageObject","inLanguage":"es","@id":"https:\/\/positiveprints.com\/es\/producto\/nos-conocimos-nos-besamos-nos-comprometimos\/#primaryimage","url":"https:\/\/positiveprints.com\/wp-content\/uploads\/2025\/10\/Nos-Conocimos-Nos-Besamos-Nos-Comprometimos-4.webp","contentUrl":"https:\/\/positiveprints.com\/wp-content\/uploads\/2025\/10\/Nos-Conocimos-Nos-Besamos-Nos-Comprometimos-4.webp","width":1450,"height":1450},{"@type":"BreadcrumbList","@id":"https:\/\/positiveprints.com\/es\/producto\/nos-conocimos-nos-besamos-nos-comprometimos\/#breadcrumb","itemListElement":[{"@type":"ListItem","position":1,"name":"CASA","item":"https:\/\/positiveprints.com\/es\/"},{"@type":"ListItem","position":2,"name":"Productos","item":"https:\/\/positiveprints.com\/es\/shop\/"},{"@type":"ListItem","position":3,"name":"Nos Conocimos, Nos Besamos, Nos Comprometimos"}]},{"@type":"WebSite","@id":"https:\/\/positiveprints.com\/es\/#website","url":"https:\/\/positiveprints.com\/es\/","name":"Positive Prints","description":"Custom Gifts for Special Occasions","publisher":{"@id":"https:\/\/positiveprints.com\/es\/#organization"},"potentialAction":[{"@type":"SearchAction","target":{"@type":"EntryPoint","urlTemplate":"https:\/\/positiveprints.com\/es\/?s={search_term_string}"},"query-input":{"@type":"PropertyValueSpecification","valueRequired":true,"valueName":"search_term_string"}}],"inLanguage":"es"},{"@type":"Organization","@id":"https:\/\/positiveprints.com\/es\/#organization","name":"Positive Prints","alternateName":"Positive Prints","url":"https:\/\/positiveprints.com\/es\/","logo":{"@type":"ImageObject","inLanguage":"es","@id":"https:\/\/positiveprints.com\/es\/#\/schema\/logo\/image\/","url":"https:\/\/positiveprints.com\/wp-content\/uploads\/2026\/03\/245815646_1337939713319158_5671353136411139666_n.png","contentUrl":"https:\/\/positiveprints.com\/wp-content\/uploads\/2026\/03\/245815646_1337939713319158_5671353136411139666_n.png","width":800,"height":800,"caption":"Positive Prints"},"image":{"@id":"https:\/\/positiveprints.com\/es\/#\/schema\/logo\/image\/"},"sameAs":["https:\/\/www.facebook.com\/positiveprintscom","https:\/\/www.instagram.com\/positiveprintscom\/","https:\/\/www.tiktok.com\/@positiveprintscom","https:\/\/www.pinterest.com\/positiveprintscom\/"]}]}},"jetpack_sharing_enabled":true,"_links":{"self":[{"href":"https:\/\/positiveprints.com\/es\/wp-json\/wp\/v2\/product\/165908","targetHints":{"allow":["GET"]}}],"collection":[{"href":"https:\/\/positiveprints.com\/es\/wp-json\/wp\/v2\/product"}],"about":[{"href":"https:\/\/positiveprints.com\/es\/wp-json\/wp\/v2\/types\/product"}],"wp:featuredmedia":[{"embeddable":true,"href":"https:\/\/positiveprints.com\/es\/wp-json\/wp\/v2\/media\/1554194"}],"wp:attachment":[{"href":"https:\/\/positiveprints.com\/es\/wp-json\/wp\/v2\/media?parent=165908"}],"wp:term":[{"taxonomy":"product_brand","embeddable":true,"href":"https:\/\/positiveprints.com\/es\/wp-json\/wp\/v2\/product_brand?post=165908"},{"taxonomy":"product_cat","embeddable":true,"href":"https:\/\/positiveprints.com\/es\/wp-json\/wp\/v2\/product_cat?post=165908"},{"taxonomy":"product_tag","embeddable":true,"href":"https:\/\/positiveprints.com\/es\/wp-json\/wp\/v2\/product_tag?post=165908"}],"curies":[{"name":"wp","href":"https:\/\/api.w.org\/{rel}","templated":true}]}}