{"id":165861,"date":"2021-03-23T11:22:30","date_gmt":"2021-03-23T10:22:30","guid":{"rendered":"https:\/\/positiveprints.com\/product\/mapa-estelar-de-aniversario\/"},"modified":"2026-04-28T15:14:51","modified_gmt":"2026-04-28T14:14:51","slug":"mapa-estelar-de-aniversario","status":"publish","type":"product","link":"https:\/\/positiveprints.com\/es\/producto\/mapa-estelar-de-aniversario\/","title":{"rendered":"Mapa Estelar De Aniversario"},"content":{"rendered":"<p>Sin importar tu edad o cu\u00e1nto tiempo has estado enamorado, un aniversario es algo que siempre vale la pena celebrar. \u00a1Sorprende a tu ser amado con un mapa estelar de aniversario!<\/p>\r\n\r\n\r\n\r\n<h2 class=\"grenB f24 cblue\" style=\"margin-top: 3rem\">\u00bfTu aniversario se acerca?<\/h2>\r\n\r\n\r\n\r\n<p style=\"margin-top: 1rem\">Cuando tu aniversario es en poco tiempo, \u00bfqu\u00e9 sueles hacer para celebrar un amor tan \u00fanico como el de ustedes? Quiz\u00e1s, en el pasado, le llegaste a regalar flores, dulces y fotograf\u00edas. O tal vez hicieron un viaje a alg\u00fan lugar ex\u00f3tico o planearon una linda cena a la luz de las velas. Sin embargo, un regalo que durar\u00e1 mucho despu\u00e9s de que tu d\u00eda especial haya terminado es un mapa estelar de aniversario.<\/p>\r\n\r\n\r\n\r\n<p style=\"margin-top: 1rem\">Todo amor tiene una historia que contar. La fecha de tu aniversario es uno de los d\u00edas m\u00e1s importantes a recordar. As\u00ed que piensa en un mapa estelar de aniversario como una ilustraci\u00f3n que le da vida a tu historia. Es una recreaci\u00f3n de c\u00f3mo era el cielo en la fecha en que dijiste \u2018s\u00ed, acepto\u2019. Mientras estabas ocupado bailando toda la noche con tu ser amado, y celebrando entre familiares y amigos, las estrellas, los planetas y otros cuerpos celestes te miraban desde el hermoso cielo estrellado. Fueron parte de tu alegr\u00eda y saborearon cada detalle, como lo hacen todas las noches que pasas tiempo con tu amor, desde cualquier parte del mundo.<\/p>\r\n\r\n\r\n\r\n<p style=\"margin-top: 1rem\">Ahora, esta es tu oportunidad de llevar ese mismo cielo nocturno a tu hogar, y capturar ese momento para siempre.<\/p>\r\n\r\n\r\n\r\n<h2 class=\"grenB f24 cblue\" style=\"margin-top: 3rem\">\u00bfPor qu\u00e9 un mapa estelar de aniversario es un regalo especial?<\/h2>\r\n\r\n\r\n\r\n<p style=\"margin-top: 1rem\">Los mapas personalizados de estrellas de aniversario son \u00fanicos. A pesar de usar el mismo dise\u00f1o y la misma paleta de colores, no existen dos iguales, y eso se debe a que el momento exacto de tu boda nunca podr\u00e1 replicarse. Tu mapa estelar personalizado se encargar\u00e1 de contar tu historia, con la fecha, la hora y la ubicaci\u00f3n que t\u00fa desees poner.<\/p>\r\n\r\n\r\n\r\n<p style=\"margin-top: 1rem\">Cuando dise\u00f1as un mapa estelar de aniversario, tienes el control de c\u00f3mo se ve y qu\u00e9 dice. Positive Prints ha seleccionado varios hermosos esquemas de color y opciones de dise\u00f1o para ayudarte a crear esa est\u00e9tica perfecta. Puedes agregar textos personalizados para agregar un toque m\u00e1s \u00edntimo a tu obra de arte, as\u00ed como elegir el tama\u00f1o, orientaci\u00f3n y c\u00f3mo se imprime (por ejemplo, un p\u00f3ster o lienzo, o incluso una impresi\u00f3n enmarcada).<\/p>\r\n\r\n\r\n\r\n<p style=\"margin-top: 1rem\">Sin embargo, la caracter\u00edstica m\u00e1s especial de todas es c\u00f3mo hace sentir a la persona que lo recibe. Este no es un regalo que cualquiera puede comprar en alguna tienda local. Es un regalo personalizado que est\u00e1 hecho para el amor de tu vida, y le demuestra que pones tiempo y esfuerzo para conseguir el regalo perfecto. Aunque es un regalo inesperado, estar\u00e1n encantados de recibirlo.<\/p>\r\n\r\n\r\n\r\n<h2 class=\"grenB f24 cblue\" style=\"margin-top: 3rem\">\u00bfC\u00f3mo hacer un mapa estelar de aniversario?<\/h2>\r\n\r\n\r\n\r\n<p style=\"margin-top: 1rem\">Si bien las palabras \u201cmapa estelar personalizado\u201d pueden parecer costosas y complicadas, el proceso es bastante simple. Lo mejor de todo es que no necesitas ser un artista o dise\u00f1ador para crear tu propio regalo de aniversario.<\/p>\r\n\r\n\r\n\r\n<p style=\"margin-top: 1rem\">Nuestro proceso de tres pasos te permitir\u00e1 dise\u00f1ar un mapa en unos minutos. Comienza seleccionando la forma y la paleta de colores de tu mapa. Luego, elige c\u00f3mo deseas que aparezcan los detalles de tu mapa estelar en la impresi\u00f3n. Puedes elegir incluir solo estrellas, o agregar planetas y sus nombres, constelaciones e incluso la V\u00eda L\u00e1ctea. Te animamos a experimentar con diferentes combinaciones para llegar a crear tu dise\u00f1o ideal. Cada movimiento que hagas se actualizar\u00e1 en tiempo real para que puedas ver exactamente c\u00f3mo se ver\u00e1 tu mapa antes de pedirlo.<\/p>\r\n\r\n\r\n\r\n<p style=\"margin-top: 1rem\">Tambi\u00e9n puedes incluir varias l\u00edneas de texto en cada mapa estelar. Puedes dejarle un mensaje o una frase especial a tu ser amado en tu p\u00f3ster personalizado. O bien, puedes elegir el t\u00edtulo del p\u00f3ster con la fecha, la hora y el lugar de tu boda. \u00a1Todo depende de ti!<\/p>\r\n\r\n\r\n\r\n<p style=\"margin-top: 1rem\">Por \u00faltimo, pero no menos importante, tienes muchas opciones a la hora de recibir el producto terminado. Si tu regalo es de \u00faltima hora, te recomendamos descargar el archivo digital, que recibir\u00e1s de inmediato. Puedes llevar este archivo a tu imprenta local m\u00e1s cercana y tenerlo listo para regalar. O bien, puedes elegir que enviemos tu mapa hasta la puerta de tu casa. Incluso tenemos la opci\u00f3n de imprimir tu mapa estelar personalizado en lienzo, lo que lo convierte en una atractiva opci\u00f3n de regalo. Sin embargo, si buscas un detalle sencillo, podemos imprimirlo como p\u00f3ster profesional y enmarcarlo en tu nombre.<\/p>\r\n\r\n\r\n\r\n<h2 class=\"grenB f24 cblue\" style=\"margin-top: 3rem\">\u00a1Sorprende a tu ser amado con un mapa estelar de aniversario!<\/h2>\r\n\r\n\r\n\r\n<p style=\"margin-top: 1rem\">Sin importar tu edad o cu\u00e1nto tiempo has estado enamorado, un aniversario es algo que siempre vale la pena celebrar. Este es el momento en el que t\u00fa y tu amor decidieron compartir sus vidas para siempre, y todas las estrellas y planetas en el cielo pudieron presenciar este maravilloso evento. Ahora, es tu turno de llevar el cielo nocturno a tu hogar, para que puedas revivir ese momento m\u00e1gico una y otra vez, para siempre.<\/p>\r\n\r\n\r\n\r\n<p style=\"margin-top: 1rem\">\u00bfEst\u00e1s listo para crear un regalo impresionante que relate los detalles de tu historia de amor? \u00a1Empieza a crear tu mapa estelar de aniversario hoy mismo!<\/p>","protected":false},"excerpt":{"rendered":"<ul class=\"check-list\">\n<li>Agrega planetas, constelaciones y la V\u00eda L\u00e1ctea<\/li>\n<li>Personal\u00edzalo en tres sencillos pasos<\/li>\n<li>Incluye un texto personalizado<\/li>\n<li>Ve el resultado de inmediato: la vista previa interactiva te permite perfeccionar cada detalle<\/li>\n<\/ul>\n","protected":false},"featured_media":1218885,"template":"","meta":[],"product_brand":[],"product_cat":[9280,11187,11188,11189,3117],"product_tag":[13115,12105,14933,14945,14931,14937,14183,14939,14922,14929,14190,14940,14191,14185,14181,13564,14182,14184,14186,14187,12681,14189,14192,14180,13534,14188,14947,12667,14943,14925,14927,14944,14946,14948,14942,14924],"class_list":{"0":"post-165861","1":"product","2":"type-product","3":"status-publish","4":"has-post-thumbnail","6":"product_cat-bestsellers-label-es","7":"product_cat-regalos-de-aniversario-para-pareja","8":"product_cat-regalos-de-aniversario-para-ella","9":"product_cat-regalos-de-aniversario-para-el","10":"product_cat-star-es-2","11":"product_tag-amor","12":"product_tag-aniversario-de-boda","13":"product_tag-anniversary-gift-es","14":"product_tag-anniversary-gifts-es","15":"product_tag-anniversary-present-es","16":"product_tag-couple-gift-es-2","17":"product_tag-couple-gift-anniversary-es","18":"product_tag-gift-for-couple-es","19":"product_tag-love-es","20":"product_tag-love-gift-es","21":"product_tag-special-occasion-es","22":"product_tag-personalized-gift-es","23":"product_tag-regalo-considerado","24":"product_tag-regalo-de-amor","25":"product_tag-regalo-de-aniversario-es","26":"product_tag-regalo-de-aniversario","27":"product_tag-couple-gift-es","28":"product_tag-regalo-para-pareja","29":"product_tag-regalo-personalizado","30":"product_tag-regalo-romantico-es","31":"product_tag-regalo-san-valentin","32":"product_tag-regalo-sentimental","33":"product_tag-regalo-unico-es","34":"product_tag-regalos-de-aniversario","35":"product_tag-regalos-de-san-valentin","36":"product_tag-regalos-romanticos","37":"product_tag-romantic-gifts-es","38":"product_tag-san-valentin","39":"product_tag-sentimental-gift-es","40":"product_tag-special-occasion-es-2","41":"product_tag-thoughtful-gift-es","42":"product_tag-unique-gift-es","43":"product_tag-valentines-day-gifts-es","44":"product_tag-valentines-day-es","45":"product_tag-valentines-day-gift-es","46":"product_tag-wedding-anniversary-es","48":"first","49":"instock","50":"sale","51":"taxable","52":"shipping-taxable","53":"purchasable","54":"product-type-variable","55":"has-default-attributes"},"yoast_head":"<!-- This site is optimized with the Yoast SEO Premium plugin v27.2 (Yoast SEO v27.2) - https:\/\/yoast.com\/product\/yoast-seo-premium-wordpress\/ -->\n<title>Mapa Estelar De Aniversario - Positive Prints<\/title>\n<meta name=\"description\" content=\"Crea un mapa estelar de aniversario con nuestro editor interactivo. Pide el mapa estelar de cualquier fecha para sorprender esa persona especial.\" \/>\n<meta name=\"robots\" content=\"index, follow, max-snippet:-1, max-image-preview:large, max-video-preview:-1\" \/>\n<link rel=\"canonical\" href=\"https:\/\/positiveprints.com\/es\/producto\/mapa-estelar-de-aniversario\/\" \/>\n<meta property=\"og:locale\" content=\"es_ES\" \/>\n<meta property=\"og:type\" content=\"article\" \/>\n<meta property=\"og:title\" content=\"Mapa Estelar De Aniversario\" \/>\n<meta property=\"og:description\" content=\"Agrega planetas, constelaciones y la V\u00eda L\u00e1ctea Personal\u00edzalo en tres sencillos pasos Incluye un texto personalizado Ve el resultado de inmediato: la vista previa interactiva te permite perfeccionar cada detalle\" \/>\n<meta property=\"og:url\" content=\"https:\/\/positiveprints.com\/es\/producto\/mapa-estelar-de-aniversario\/\" \/>\n<meta property=\"og:site_name\" content=\"Positive Prints\" \/>\n<meta property=\"article:publisher\" content=\"https:\/\/www.facebook.com\/positiveprintscom\" \/>\n<meta property=\"article:modified_time\" content=\"2026-04-28T14:14:51+00:00\" \/>\n<meta property=\"og:image\" content=\"https:\/\/positiveprints.com\/wp-content\/uploads\/2024\/10\/Packshot_ES_anniversary-star-map-product-image.webp\" \/>\n\t<meta property=\"og:image:width\" content=\"1450\" \/>\n\t<meta property=\"og:image:height\" content=\"1450\" \/>\n\t<meta property=\"og:image:type\" content=\"image\/webp\" \/>\n<meta name=\"twitter:card\" content=\"summary_large_image\" \/>\n<!-- \/ Yoast SEO Premium plugin. -->","yoast_head_json":{"title":"Mapa Estelar De Aniversario - Positive Prints","description":"Crea un mapa estelar de aniversario con nuestro editor interactivo. Pide el mapa estelar de cualquier fecha para sorprender esa persona especial.","robots":{"index":"index","follow":"follow","max-snippet":"max-snippet:-1","max-image-preview":"max-image-preview:large","max-video-preview":"max-video-preview:-1"},"canonical":"https:\/\/positiveprints.com\/es\/producto\/mapa-estelar-de-aniversario\/","og_locale":"es_ES","og_type":"article","og_title":"Mapa Estelar De Aniversario","og_description":"Agrega planetas, constelaciones y la V\u00eda L\u00e1ctea Personal\u00edzalo en tres sencillos pasos Incluye un texto personalizado Ve el resultado de inmediato: la vista previa interactiva te permite perfeccionar cada detalle","og_url":"https:\/\/positiveprints.com\/es\/producto\/mapa-estelar-de-aniversario\/","og_site_name":"Positive Prints","article_publisher":"https:\/\/www.facebook.com\/positiveprintscom","article_modified_time":"2026-04-28T14:14:51+00:00","og_image":[{"width":1450,"height":1450,"url":"https:\/\/positiveprints.com\/wp-content\/uploads\/2024\/10\/Packshot_ES_anniversary-star-map-product-image.webp","type":"image\/webp"}],"twitter_card":"summary_large_image","schema":{"@context":"https:\/\/schema.org","@graph":[{"@type":["WebPage","ItemPage"],"@id":"https:\/\/positiveprints.com\/es\/producto\/mapa-estelar-de-aniversario\/","url":"https:\/\/positiveprints.com\/es\/producto\/mapa-estelar-de-aniversario\/","name":"Mapa Estelar De Aniversario - Positive Prints","isPartOf":{"@id":"https:\/\/positiveprints.com\/es\/#website"},"primaryImageOfPage":{"@id":"https:\/\/positiveprints.com\/es\/producto\/mapa-estelar-de-aniversario\/#primaryimage"},"image":{"@id":"https:\/\/positiveprints.com\/es\/producto\/mapa-estelar-de-aniversario\/#primaryimage"},"thumbnailUrl":"https:\/\/positiveprints.com\/wp-content\/uploads\/2024\/10\/Packshot_ES_anniversary-star-map-product-image.webp","datePublished":"2021-03-23T10:22:30+00:00","dateModified":"2026-04-28T14:14:51+00:00","description":"Crea un mapa estelar de aniversario con nuestro editor interactivo. Pide el mapa estelar de cualquier fecha para sorprender esa persona especial.","breadcrumb":{"@id":"https:\/\/positiveprints.com\/es\/producto\/mapa-estelar-de-aniversario\/#breadcrumb"},"inLanguage":"es","potentialAction":[{"@type":"ReadAction","target":["https:\/\/positiveprints.com\/es\/producto\/mapa-estelar-de-aniversario\/"]}]},{"@type":"ImageObject","inLanguage":"es","@id":"https:\/\/positiveprints.com\/es\/producto\/mapa-estelar-de-aniversario\/#primaryimage","url":"https:\/\/positiveprints.com\/wp-content\/uploads\/2024\/10\/Packshot_ES_anniversary-star-map-product-image.webp","contentUrl":"https:\/\/positiveprints.com\/wp-content\/uploads\/2024\/10\/Packshot_ES_anniversary-star-map-product-image.webp","width":1450,"height":1450},{"@type":"BreadcrumbList","@id":"https:\/\/positiveprints.com\/es\/producto\/mapa-estelar-de-aniversario\/#breadcrumb","itemListElement":[{"@type":"ListItem","position":1,"name":"CASA","item":"https:\/\/positiveprints.com\/es\/"},{"@type":"ListItem","position":2,"name":"Productos","item":"https:\/\/positiveprints.com\/es\/shop\/"},{"@type":"ListItem","position":3,"name":"Mapa Estelar De Aniversario"}]},{"@type":"WebSite","@id":"https:\/\/positiveprints.com\/es\/#website","url":"https:\/\/positiveprints.com\/es\/","name":"Positive Prints","description":"Custom Gifts for Special Occasions","publisher":{"@id":"https:\/\/positiveprints.com\/es\/#organization"},"potentialAction":[{"@type":"SearchAction","target":{"@type":"EntryPoint","urlTemplate":"https:\/\/positiveprints.com\/es\/?s={search_term_string}"},"query-input":{"@type":"PropertyValueSpecification","valueRequired":true,"valueName":"search_term_string"}}],"inLanguage":"es"},{"@type":"Organization","@id":"https:\/\/positiveprints.com\/es\/#organization","name":"Positive Prints","alternateName":"Positive Prints ","url":"https:\/\/positiveprints.com\/es\/","logo":{"@type":"ImageObject","inLanguage":"es","@id":"https:\/\/positiveprints.com\/es\/#\/schema\/logo\/image\/","url":"https:\/\/positiveprints.com\/wp-content\/uploads\/2026\/03\/245815646_1337939713319158_5671353136411139666_n.png","contentUrl":"https:\/\/positiveprints.com\/wp-content\/uploads\/2026\/03\/245815646_1337939713319158_5671353136411139666_n.png","width":800,"height":800,"caption":"Positive Prints"},"image":{"@id":"https:\/\/positiveprints.com\/es\/#\/schema\/logo\/image\/"},"sameAs":["https:\/\/www.facebook.com\/positiveprintscom","https:\/\/www.instagram.com\/positiveprintscom\/","https:\/\/www.tiktok.com\/@positiveprintscom","https:\/\/www.pinterest.com\/positiveprintscom\/"]}]}},"jetpack_sharing_enabled":true,"_links":{"self":[{"href":"https:\/\/positiveprints.com\/es\/wp-json\/wp\/v2\/product\/165861","targetHints":{"allow":["GET"]}}],"collection":[{"href":"https:\/\/positiveprints.com\/es\/wp-json\/wp\/v2\/product"}],"about":[{"href":"https:\/\/positiveprints.com\/es\/wp-json\/wp\/v2\/types\/product"}],"wp:featuredmedia":[{"embeddable":true,"href":"https:\/\/positiveprints.com\/es\/wp-json\/wp\/v2\/media\/1218885"}],"wp:attachment":[{"href":"https:\/\/positiveprints.com\/es\/wp-json\/wp\/v2\/media?parent=165861"}],"wp:term":[{"taxonomy":"product_brand","embeddable":true,"href":"https:\/\/positiveprints.com\/es\/wp-json\/wp\/v2\/product_brand?post=165861"},{"taxonomy":"product_cat","embeddable":true,"href":"https:\/\/positiveprints.com\/es\/wp-json\/wp\/v2\/product_cat?post=165861"},{"taxonomy":"product_tag","embeddable":true,"href":"https:\/\/positiveprints.com\/es\/wp-json\/wp\/v2\/product_tag?post=165861"}],"curies":[{"name":"wp","href":"https:\/\/api.w.org\/{rel}","templated":true}]}}